{"id":43,"date":"2021-02-23T14:49:40","date_gmt":"2021-02-23T14:49:40","guid":{"rendered":"https:\/\/blogsaverroes.juntadeandalucia.es\/fpmalaga\/?page_id=43"},"modified":"2021-06-14T18:53:40","modified_gmt":"2021-06-14T18:53:40","slug":"orientacion","status":"publish","type":"page","link":"https:\/\/blogsaverroes.juntadeandalucia.es\/fpmalaga\/orientacion\/","title":{"rendered":"+ORIENTACI\u00d3N"},"content":{"rendered":"<p><strong><span style=\"color: #000000\">Algunas herramientas y recursos para ayudarte a elegir:&nbsp;<span style=\"color: #800000\"> #ELIGEFPPARACONSTRUIRTUFUTURO<\/span><\/span><\/strong><\/p>\n<p><img loading=\"lazy\" decoding=\"async\" class=\" wp-image-264 alignright\" src=\"https:\/\/blogsaverroes.juntadeandalucia.es\/fpmalaga\/files\/2021\/03\/FP-300x145.jpg\" alt=\"\" width=\"374\" height=\"181\" srcset=\"https:\/\/blogsaverroes.juntadeandalucia.es\/fpmalaga\/files\/2021\/03\/FP-300x145.jpg 300w, https:\/\/blogsaverroes.juntadeandalucia.es\/fpmalaga\/files\/2021\/03\/FP-768x372.jpg 768w, https:\/\/blogsaverroes.juntadeandalucia.es\/fpmalaga\/files\/2021\/03\/FP.jpg 825w\" sizes=\"(max-width: 374px) 100vw, 374px\" \/><\/p>\n<ul>\n<li><a href=\"https:\/\/blogsaverroes.juntadeandalucia.es\/orientadelegacionmalaga\/files\/2021\/03\/Orientacion-academ-y-profesional-ES-2021.pdf\" target=\"_blank\" rel=\"noopener noreferrer\"><em><strong>UN <span style=\"font-size: 18pt\">RESUMEN<\/span> DE LAS OPCIONES PARA ENTENDER EL SISTEMA EDUCATIVO<\/strong><\/em><\/a><\/li>\n<\/ul>\n<p><em><span style=\"color: #800000;font-size: 18pt\"><strong>DISE\u00d1A TU PROYECTO DE VIDA VITAL Y PROFESIONAL&#8230;.<\/strong><\/span><\/em><\/p>\n<ol>\n<li><strong><span style=\"color: #000000\">\u00bfCONOCES TUS INTERESES, HABILIDADES, PUNTOS FUERTES&#8230;? Cuestionarios de autoconocimiento:&nbsp;<\/span><\/strong>\n<ul>\n<li><span style=\"color: #000080\"><strong><a style=\"color: #000080\" href=\"https:\/\/euroguidance-spain.educacionyfp.gob.es\/recursos\/autoconocimiento-toma-decisiones.html\" target=\"_blank\" rel=\"noopener noreferrer\">Cuestionarios.<\/a><\/strong><\/span><\/li>\n<li><strong><span style=\"color: #000000\">Cuestionario intereses profesionales &#8220;<a style=\"color: #000000\" href=\"http:\/\/fpbide.com\/es\/\" target=\"_blank\" rel=\"noopener noreferrer\">FPBIDE<\/a>&#8220;<\/span><\/strong><\/li>\n<li><strong><span style=\"color: #000000\"><a style=\"color: #000000\" href=\"https:\/\/www.mywaypass.com\/auth\/register\" target=\"_blank\" rel=\"noopener noreferrer\"><span style=\"color: #000080\">Mywaypass&nbsp;<\/span><\/a><\/span><\/strong><\/li>\n<\/ul>\n<\/li>\n<li><strong><span style=\"color: #000000\">OFERTA DE FP:<\/span><\/strong>\n<ul>\n<li><a href=\"https:\/\/blogsaverroes.juntadeandalucia.es\/fpmalaga\/que-estudiar\/\" target=\"_blank\" rel=\"noopener noreferrer\"><strong>Todos los ciclos &#8230;&#8221;\u00bfQU\u00c9 ESTUDIAR?&#8221;<\/strong><\/a><\/li>\n<li><span style=\"color: #000080\"><strong><a style=\"color: #000080\" href=\"https:\/\/www.juntadeandalucia.es\/educacion\/portals\/web\/formacion-profesional-andaluza\/oferta-educativa\" target=\"_blank\" rel=\"noopener noreferrer\">\u00bfD\u00f3nde estudiar?<\/a><\/strong><\/span><\/li>\n<li><strong><span style=\"color: #000000\">&#8220;M\u00e1ster&#8221; de Formaci\u00f3n profesional:<span style=\"color: #000080\"> <a style=\"color: #000080\" href=\"https:\/\/blogsaverroes.juntadeandalucia.es\/fpmalaga\/c-especializacion\/\" target=\"_blank\" rel=\"noopener noreferrer\">Cursos de especializaci\u00f3n<\/a>.&nbsp;<\/span><\/span><\/strong><\/li>\n<li><strong><span style=\"color: #000000\">SOLICITAR UN CICLO FORMATIVO. <span style=\"color: #000080\"><a style=\"color: #000080\" href=\"https:\/\/www.youtube.com\/channel\/UCK4bpOjSpS8L5nz2VKoTtYg\" target=\"_blank\" rel=\"noopener noreferrer\">Tutoriales (Canal Servicio Planificaci\u00f3n)<\/a><\/span><\/span><\/strong><\/li>\n<li><a href=\"https:\/\/view.genial.ly\/60c074dcfe0ac00d5fd14bc2\/interactive-content-escolarizacion-en-fp\" target=\"_blank\" rel=\"noopener noreferrer\">Proceso de escolarizaci\u00f3n FP: v\u00eddeos<\/a><br \/>\n<img loading=\"lazy\" decoding=\"async\" class=\"wp-image-11 alignright\" src=\"https:\/\/blogsaverroes.juntadeandalucia.es\/fpmalaga\/files\/2021\/02\/logos-para-blog-SOE9-300x300.png\" alt=\"\" width=\"140\" height=\"140\" srcset=\"https:\/\/blogsaverroes.juntadeandalucia.es\/fpmalaga\/files\/2021\/02\/logos-para-blog-SOE9-300x300.png 300w, https:\/\/blogsaverroes.juntadeandalucia.es\/fpmalaga\/files\/2021\/02\/logos-para-blog-SOE9-150x150.png 150w, https:\/\/blogsaverroes.juntadeandalucia.es\/fpmalaga\/files\/2021\/02\/logos-para-blog-SOE9-80x80.png 80w, https:\/\/blogsaverroes.juntadeandalucia.es\/fpmalaga\/files\/2021\/02\/logos-para-blog-SOE9-320x320.png 320w, https:\/\/blogsaverroes.juntadeandalucia.es\/fpmalaga\/files\/2021\/02\/logos-para-blog-SOE9.png 500w\" sizes=\"(max-width: 140px) 100vw, 140px\" \/><\/li>\n<\/ul>\n<\/li>\n<li><strong><span style=\"color: #000000\">ESTUDIAR EN LA UNIVERSIDAD.&nbsp;<\/span><\/strong>\n<ol>\n<li><strong><span style=\"color: #000000\"><span style=\"color: #000080\"><a style=\"color: #000080\" href=\"https:\/\/www.juntadeandalucia.es\/economiaconocimientoempresasyuniversidad\/sguit\/?q=grados\" target=\"_blank\" rel=\"noopener noreferrer\">\u00bfC\u00d3MO ACCEDE A LA UNIVERSIDAD DESDE FORMACI\u00d3N PROFESIONAL?<\/a> <\/span>En la web Distrito \u00fanico andaluz: Ruta: GRADOS\/ACCESODESDEFP<\/span><\/strong><\/li>\n<li><span style=\"color: #000080\"><strong><a style=\"color: #000080\" href=\"https:\/\/www.juntadeandalucia.es\/economiaconocimientoempresasyuniversidad\/sguit\/?q=grados&amp;d=g_catalogo_top.php\" target=\"_blank\" rel=\"noopener noreferrer\">\u00bfQU\u00c9 GRADOS UNIVERSITARIOS HAY?<\/a> <img loading=\"lazy\" decoding=\"async\" class=\"size-medium wp-image-385 alignright\" src=\"https:\/\/blogsaverroes.juntadeandalucia.es\/fpmalaga\/files\/2021\/03\/DistritoUnico-300x122.jpg\" alt=\"\" width=\"300\" height=\"122\" srcset=\"https:\/\/blogsaverroes.juntadeandalucia.es\/fpmalaga\/files\/2021\/03\/DistritoUnico-300x122.jpg 300w, https:\/\/blogsaverroes.juntadeandalucia.es\/fpmalaga\/files\/2021\/03\/DistritoUnico.jpg 353w\" sizes=\"(max-width: 300px) 100vw, 300px\" \/><\/strong><\/span><\/li>\n<\/ol>\n<\/li>\n<li><span style=\"color: #000080\"><strong><a style=\"color: #000080\" href=\"https:\/\/www.symbaloo.com\/shared\/AAAAA2spvu4AA41_WUaZOw==\" target=\"_blank\" rel=\"noopener noreferrer\">AUTOORIENTACI\u00d3N-SYMBALOO: de un vistazo, todas las opciones educativas y profesionales&#8230;.<\/a><\/strong><\/span><\/li>\n<li><span style=\"color: #000080\"><strong><a style=\"color: #000080\" href=\"https:\/\/blogsaverroes.juntadeandalucia.es\/orientadelegacionmalaga\/tutoriales-orientacion\/\" target=\"_blank\" rel=\"noopener noreferrer\">M\u00e1s tutoriales Orientaci\u00f3n<\/a>.&nbsp;<\/strong><\/span><\/li>\n<li><strong><span style=\"color: #000000\">Orientaci\u00f3n laboral. Inscr\u00edbete en la Oficina de empleo como demandante y pide asesoramiento con un\/a orientador\/a laboral.<\/span><\/strong>\n<ol>\n<li><span style=\"color: #000080\"><strong><a style=\"color: #000080\" href=\"https:\/\/www.juntadeandalucia.es\/organismos\/empleoformacionytrabajoautonomo\/sae\/areas\/mejora-empleabilidad\/andalucia-orienta.html\" target=\"_blank\" rel=\"noopener noreferrer\">ANDALUC\u00cdA ORIENTA<\/a><\/strong><\/span><\/li>\n<li><strong><span style=\"color: #000000\"><span style=\"color: #000080\"><a style=\"color: #000080\" href=\"https:\/\/www.sepe.es\/HomeSepe\/Personas\/encontrar-trabajo\/Garantia-Juvenil\/ofertas-garantia-juvenil\" target=\"_blank\" rel=\"noopener noreferrer\">Programas de Garant\u00eda Juvenil<\/a> <\/span>(SEPE)<\/span><\/strong><\/li>\n<\/ol>\n<\/li>\n<li><strong><span style=\"color: #000000\">Emprendimiento. Si tienes una idea de empresa y quieres recibir asesoramiento, acude al CADE m\u00e1s cercano: <span style=\"color: #000080\"><a style=\"color: #000080\" href=\"https:\/\/www.andaluciaemprende.es\/\" target=\"_blank\" rel=\"noopener noreferrer\">ANDALUC\u00cdA EMPRENDE<\/a>.<\/span><\/span><\/strong><\/li>\n<li><strong><span style=\"color: #000000\">Trabajar en Europa:&nbsp; <span style=\"color: #000080\"><a style=\"color: #000080\" href=\"https:\/\/ec.europa.eu\/eures\/public\/es\/homepage\" target=\"_blank\" rel=\"noopener noreferrer\">RED EURES<\/a><\/span><\/span><\/strong><\/li>\n<li><strong><strong><span style=\"color: #000000\">M\u00e1s dudas de Orientaci\u00f3n (estudios en el extranjero, adultos, Universidad, otras ense\u00f1anzas): <\/span><span style=\"color: #000080\"><a style=\"color: #000080\" href=\"https:\/\/blogsaverroes.juntadeandalucia.es\/orientadelegacionmalaga\/guia-orient-oferta-educativa-2021-22\/\" target=\"_blank\" rel=\"noopener noreferrer\">GU\u00cdA DE ORIENTACI\u00d3N ACAD\u00c9MICA Y PROFESIONAL&nbsp;<\/a><\/span><\/strong><\/strong><img loading=\"lazy\" decoding=\"async\" class=\"size-medium wp-image-262\" src=\"https:\/\/blogsaverroes.juntadeandalucia.es\/fpmalaga\/files\/2021\/03\/ORIENTACION-300x175.jpg\" alt=\"ORIENTACION\" width=\"300\" height=\"175\" srcset=\"https:\/\/blogsaverroes.juntadeandalucia.es\/fpmalaga\/files\/2021\/03\/ORIENTACION-300x175.jpg 300w, https:\/\/blogsaverroes.juntadeandalucia.es\/fpmalaga\/files\/2021\/03\/ORIENTACION-1024x597.jpg 1024w, https:\/\/blogsaverroes.juntadeandalucia.es\/fpmalaga\/files\/2021\/03\/ORIENTACION-768x448.jpg 768w, https:\/\/blogsaverroes.juntadeandalucia.es\/fpmalaga\/files\/2021\/03\/ORIENTACION.jpg 1200w\" sizes=\"(max-width: 300px) 100vw, 300px\" \/><\/li>\n<\/ol>\n","protected":false},"excerpt":{"rendered":"<p>Algunas herramientas y recursos para ayudarte a elegir:&nbsp; #ELIGEFPPARACONSTRUIRTUFUTURO UN RESUMEN DE LAS OPCIONES PARA ENTENDER EL SISTEMA EDUCATIVO DISE\u00d1A TU PROYECTO DE VIDA VITAL Y PROFESIONAL&#8230;. \u00bfCONOCES TUS INTERESES, HABILIDADES, PUNTOS FUERTES&#8230;? Cuestionarios&#46;&#46;&#46;<\/p>\n","protected":false},"author":12235,"featured_media":0,"parent":0,"menu_order":0,"comment_status":"closed","ping_status":"closed","template":"","meta":{"ngg_post_thumbnail":0,"footnotes":""},"aioseo_notices":[],"_links":{"self":[{"href":"https:\/\/blogsaverroes.juntadeandalucia.es\/fpmalaga\/wp-json\/wp\/v2\/pages\/43"}],"collection":[{"href":"https:\/\/blogsaverroes.juntadeandalucia.es\/fpmalaga\/wp-json\/wp\/v2\/pages"}],"about":[{"href":"https:\/\/blogsaverroes.juntadeandalucia.es\/fpmalaga\/wp-json\/wp\/v2\/types\/page"}],"author":[{"embeddable":true,"href":"https:\/\/blogsaverroes.juntadeandalucia.es\/fpmalaga\/wp-json\/wp\/v2\/users\/12235"}],"replies":[{"embeddable":true,"href":"https:\/\/blogsaverroes.juntadeandalucia.es\/fpmalaga\/wp-json\/wp\/v2\/comments?post=43"}],"version-history":[{"count":19,"href":"https:\/\/blogsaverroes.juntadeandalucia.es\/fpmalaga\/wp-json\/wp\/v2\/pages\/43\/revisions"}],"predecessor-version":[{"id":459,"href":"https:\/\/blogsaverroes.juntadeandalucia.es\/fpmalaga\/wp-json\/wp\/v2\/pages\/43\/revisions\/459"}],"wp:attachment":[{"href":"https:\/\/blogsaverroes.juntadeandalucia.es\/fpmalaga\/wp-json\/wp\/v2\/media?parent=43"}],"curies":[{"name":"wp","href":"https:\/\/api.w.org\/{rel}","templated":true}]}}