{"id":54,"date":"2021-02-23T14:54:30","date_gmt":"2021-02-23T14:54:30","guid":{"rendered":"https:\/\/blogsaverroes.juntadeandalucia.es\/fpmalaga\/?page_id=54"},"modified":"2023-10-04T06:51:44","modified_gmt":"2023-10-04T06:51:44","slug":"requisitos-acceso","status":"publish","type":"page","link":"https:\/\/blogsaverroes.juntadeandalucia.es\/fpmalaga\/requisitos-acceso\/","title":{"rendered":"SOLICITUDES"},"content":{"rendered":"<p>Se presenta una \u00fanica solicitud (en caso de presentar varias solicitudes, la \u00faltima presentada ser\u00e1 v\u00e1lida), en la que se pueden solicitar varios CFGB y centros por orden de preferencia. Puede hacerse de forma virtual (IANDE\/Certificado Digital\/Cl@ve) o on line (en este caso es OBLIGATORIO imprimir y presentar la solicitud en el primer centro)<\/p>\n<p>Hay dos adjudicaciones en julio:<\/p>\n<ul>\n<li>\n<p align=\"justify\"><span style=\"color: #000000\"><span style=\"font-size: medium\"><b>1\u00aa adjudicaci\u00f3n julio:<\/b><\/span><\/span><span style=\"color: #000000\"><span style=\"font-size: medium\"> el alumno debe matricularse si le han asignado su 1\u00aa petici\u00f3n. Si le han dado una plaza que no es su primera petici\u00f3n puede reservar o matricularse.&nbsp;En caso de no ser admitido en ninguna petici\u00f3n, esperar\u00eda a la 2\u00aa adjudicaci\u00f3n.<\/span><\/span><\/p>\n<\/li>\n<li>\n<p align=\"justify\"><span style=\"color: #000000\"><span style=\"font-size: medium\"><b>2\u00aa adjudicaci\u00f3n:<\/b><\/span><\/span><span style=\"color: #000000\"><span style=\"font-size: medium\"> est\u00e1 obligado a matricularse si se le ha dado una plaza. Si la plaza asignada no es la solicitada en primer lugar, quedar\u00e1 en lista de espera de las peticiones prioritarias hasta el 30 de septiembre por si quedan va<\/span><\/span>cantes<span style=\"color: #000000\"><span style=\"font-size: medium\">. Si <\/span><\/span>no es admitido en ninguna petici\u00f3n, queda en lista de espera hasta el 30 de septiembre.<\/p>\n<\/li>\n<\/ul>\n<p>No realizar matr\u00edcula, reserva o realizar estas acciones fuera del plazo establecido, implica renunciar al procedimiento y perderlo todo.<\/p>\n<p>V\u00e9ase calendario en el <a href=\"https:\/\/www.juntadeandalucia.es\/educacion\/portales\/web\/escolarizacion\/fp\"><span style=\"color: #1155cc\"><u>Portal de Escolarizaci\u00f3n de FP en Andaluc\u00eda<\/u><\/span><\/a>.<\/p>\n<p><a href=\"https:\/\/www.juntadeandalucia.es\/educacion\/secretariavirtual\/consulta\/oferta-educativa-formacion-profesional\/\" target=\"_blank\" rel=\"noopener noreferrer\"><span style=\"color: #000000\"><strong>SOLICITUDES:<\/strong><\/span><\/a><\/p>\n<p>&nbsp;<\/p>\n<p><strong><span style=\"font-size: 14pt\">CRITERIOS DE PRIORIDAD PARA LA ADMISI\u00d3N DEL ALUMNADO <\/span><\/strong><\/p>\n<p>Una vez finalizado el plazo de presentaci\u00f3n de solicitudes, ser\u00e1n admitidos todos&nbsp;<\/p>\n<p>los alumnos y alumnas en aquellos centros docentes en los que hubiera plazas los alumnos y alumnas en aquellos centros docentes en los que hubiera plazas<br \/>\nescolares disponibles suficientes para atender todas las solicitudes.&nbsp; &nbsp;Cuando no existan plazas escolares suficientes para atender todas las solicitudes,<br \/>\nla admisi\u00f3n del alumnado se regir\u00e1 por los criterios de edad y curso en el que&nbsp;&nbsp;encuentre matriculado el alumno o alumna en el a\u00f1o natural en el que se realiza la<br \/>\nsolicitud, conforme a los requisitos de acceso se\u00f1alados y a los siguientes criterios de prioridad:&nbsp;<\/p>\n<p>1\u00ba Solicitantes que cumplan 16 a\u00f1os de edad en el a\u00f1o 2023 y procedan de 3\u00ba de ESO.<br \/>\n2\u00ba Solicitantes que cumplan 16 a\u00f1os de edad en el a\u00f1o 2023 y procedan de 2\u00ba de ESO.<br \/>\n3\u00ba Solicitantes que cumplan 16 a\u00f1os de edad en el a\u00f1o 2023 y procedan de 4\u00ba de ESO.<br \/>\n4\u00ba Solicitantes que cumplan 15 a\u00f1os de edad en el a\u00f1o 2023 y procedan de 3\u00ba de ESO.<br \/>\n5\u00ba Solicitantes que cumplan 15 a\u00f1os de edad en el a\u00f1o 2023 y procedan de 2\u00ba de ESO.<br \/>\n6\u00ba Estar matriculado en el curso anterior y no encontrarse en ninguna delas situaciones anteriores(solicitantes que cumplan 17 a\u00f1os en el a\u00f1o 2023 y han estado escolarizados en el curso 2022-2023).&nbsp;<\/p>\n<p>Si tras la aplicaci\u00f3n de los criterios de prioridad en la admisi\u00f3n existiera empate&nbsp;&nbsp;entre dos o m\u00e1s personas solicitantes por una plaza escolar, este se dirimir\u00e1 aplicando&nbsp;&nbsp;los siguientes criterios de modo excluyente por el orden en que se citan:<\/p>\n<p><strong><span style=\"font-size: 14pt\">DESEMPATE<\/span><\/strong><\/p>\n<p>En caso de que tras la aplicaci\u00f3n de los criterios de admisi\u00f3n existiera empate entre dos o m\u00e1s personas solicitantes por una plaza escolar, \u00e9ste se dirimir\u00e1 aplicando los siguientes criterios de modo excluyente por el orden en que se citan:<\/p>\n<p>1. El g\u00e9nero (el sexo) menos representativo del ciclo formativo.<\/p>\n<p>2. La mayor nota media del curso acad\u00e9mico del que procede.<\/p>\n<p>3. El resultado del sorteo establecido en el art\u00edculo 14.2.c) de la Orden de 1 de junio de 2016<\/p>\n<p>&nbsp;<\/p>\n","protected":false},"excerpt":{"rendered":"<p>Se presenta una \u00fanica solicitud (en caso de presentar varias solicitudes, la \u00faltima presentada ser\u00e1 v\u00e1lida), en la que se pueden solicitar varios CFGB y centros por orden de preferencia. Puede hacerse de forma&#46;&#46;&#46;<\/p>\n","protected":false},"author":12235,"featured_media":0,"parent":0,"menu_order":0,"comment_status":"closed","ping_status":"closed","template":"","meta":{"ngg_post_thumbnail":0,"footnotes":""},"aioseo_notices":[],"_links":{"self":[{"href":"https:\/\/blogsaverroes.juntadeandalucia.es\/fpmalaga\/wp-json\/wp\/v2\/pages\/54"}],"collection":[{"href":"https:\/\/blogsaverroes.juntadeandalucia.es\/fpmalaga\/wp-json\/wp\/v2\/pages"}],"about":[{"href":"https:\/\/blogsaverroes.juntadeandalucia.es\/fpmalaga\/wp-json\/wp\/v2\/types\/page"}],"author":[{"embeddable":true,"href":"https:\/\/blogsaverroes.juntadeandalucia.es\/fpmalaga\/wp-json\/wp\/v2\/users\/12235"}],"replies":[{"embeddable":true,"href":"https:\/\/blogsaverroes.juntadeandalucia.es\/fpmalaga\/wp-json\/wp\/v2\/comments?post=54"}],"version-history":[{"count":14,"href":"https:\/\/blogsaverroes.juntadeandalucia.es\/fpmalaga\/wp-json\/wp\/v2\/pages\/54\/revisions"}],"predecessor-version":[{"id":630,"href":"https:\/\/blogsaverroes.juntadeandalucia.es\/fpmalaga\/wp-json\/wp\/v2\/pages\/54\/revisions\/630"}],"wp:attachment":[{"href":"https:\/\/blogsaverroes.juntadeandalucia.es\/fpmalaga\/wp-json\/wp\/v2\/media?parent=54"}],"curies":[{"name":"wp","href":"https:\/\/api.w.org\/{rel}","templated":true}]}}