{"id":24,"date":"2025-04-03T23:50:00","date_gmt":"2025-04-03T21:50:00","guid":{"rendered":"https:\/\/blogsaverroes.juntadeandalucia.es\/fpvideojuegoshuelva\/?page_id=24"},"modified":"2025-04-04T01:03:14","modified_gmt":"2025-04-03T23:03:14","slug":"informacion","status":"publish","type":"page","link":"https:\/\/blogsaverroes.juntadeandalucia.es\/fpvideojuegoshuelva\/informacion\/","title":{"rendered":"Informaci\u00f3n"},"content":{"rendered":"<h3><strong>MATRICULACI\u00d3N (JUNIO 2025)<\/strong><\/h3>\n<blockquote class=\"wp-embedded-content\" data-secret=\"95IM7udjti\"><p><a href=\"https:\/\/www.iessansebastian.com\/web\/formacion-profesional\/\">FORMACI\u00d3N PROFESIONAL<\/a><\/p><\/blockquote>\n<p><iframe class=\"wp-embedded-content\" sandbox=\"allow-scripts\" security=\"restricted\" style=\"position: absolute; clip: rect(1px, 1px, 1px, 1px);\" title=\"\u00abFORMACI\u00d3N PROFESIONAL\u00bb \u2014 IES San Sebasti\u00e1n\" src=\"https:\/\/www.iessansebastian.com\/web\/formacion-profesional\/embed\/#?secret=zO0gYLdCfd#?secret=95IM7udjti\" data-secret=\"95IM7udjti\" width=\"500\" height=\"282\" frameborder=\"0\" marginwidth=\"0\" marginheight=\"0\" scrolling=\"no\"><\/iframe><\/p>\n<h3><b>HORARIO<\/b><\/h3>\n<p>El horario del centro para el curso de Especializaci\u00f3n de Desarrollo de Videojuegos y Realidad Virtual es de <strong>16:10 \u201320:30, de lunes a viernes<\/strong>, el recreo se realiza de 18:10 a 18:30.<\/p>\n<p>&nbsp;<\/p>\n<h3><strong>REQUISITOS DE ACCESO:<\/strong><\/h3>\n<ul>\n<li>T\u00e9cnico Superior en Desarrollo de Aplicaciones Multiplataforma. (<strong>DAM<\/strong>)<\/li>\n<li>T\u00e9cnico Superior en Desarrollo de Aplicaciones Web. (<strong>DAW<\/strong>)<\/li>\n<li>T\u00e9cnico Superior en Administraci\u00f3n de Sistemas Inform\u00e1ticos en Red. (<strong>ASIR<\/strong>)<\/li>\n<li>T\u00e9cnico Superior en<strong> Animaciones 3D, Juegos y Entornos Interactivos<\/strong>.<\/li>\n<li>Siempre que haya vacantes:\n<ul>\n<li>Titulados de FP de ciclos formativos de grado superior distinto a los anteriores con experiencia previa o realizaci\u00f3n de prueba de acceso.<\/li>\n<li>Mayor de 18 a\u00f1os y realizar una prueba de acceso<\/li>\n<\/ul>\n<\/li>\n<\/ul>\n<p>&nbsp;<\/p>\n<h3><strong>\u00bfQU\u00c9 VOY A APRENDER?<\/strong><\/h3>\n<ul>\n<li>Generar la documentaci\u00f3n de dise\u00f1o de un videojuego (Game Design Document).<\/li>\n<li>Establecer las etapas del proceso de creaci\u00f3n de un videojuego, desde su definici\u00f3n hasta su publicaci\u00f3n y difusi\u00f3n.<\/li>\n<li>Determinar las funcionalidades de los motores de videojuegos.<\/li>\n<li>Desarrollar los fundamentos de programaci\u00f3n avanzada orientada a videojuegos.<\/li>\n<li>Identificar los elementos fundamentales del sistema de f\u00edsica necesarios para la acci\u00f3n de un videojuego.<\/li>\n<li>Definir la interfaz del usuario de videojuegos.<\/li>\n<li>Determinar los aspectos art\u00edsticos del videojuego mediante el desarrollo de ilustraciones de arte conceptual.<\/li>\n<li>Determinar las funcionalidades de las herramientas de dise\u00f1o gr\u00e1fico.<\/li>\n<li>Configurar el dise\u00f1o gr\u00e1fico y los aspectos art\u00edsticos de los videojuegos en 2D.<\/li>\n<li>Configurar el dise\u00f1o gr\u00e1fico y los aspectos art\u00edsticos de los videojuegos en 3D.<\/li>\n<li>Detectar mejoras en la optimizaci\u00f3n de la carga y en la jugabilidad de los niveles.<\/li>\n<li>Desarrollar videojuegos multijugador en red.<\/li>\n<li>Aplicar conceptos de inteligencia artificial a los videojuegos.<\/li>\n<li>Desarrollar aplicaciones de realidad virtual y aumentada.<\/li>\n<li>Desarrollar videojuegos para el aprendizaje (serious games) con realidad virtual.<\/li>\n<li>Publicar los videojuegos en las plataformas disponibles para los diferentes dispositivos<\/li>\n<\/ul>\n<p>&nbsp;<\/p>\n<h3><strong>PLAN DE FORMACI\u00d3N<\/strong><\/h3>\n<p>Es un curso de un a\u00f1o de 20 horas semanales. Se divide en los siguientes m\u00f3dulos profesionales:<\/p>\n<ul>\n<li><strong>Programaci\u00f3n y motores de videojuegos<\/strong> (5 horas \/ semana).<\/li>\n<li><strong>Dise\u00f1o gr\u00e1fico 2D y 3D<\/strong> (4 horas \/ semana).<\/li>\n<li><strong>Programaci\u00f3n en red e inteligencia artificial<\/strong> (3 horas \/ semana).<\/li>\n<li><strong>Realidad virtual y realidad aumentada<\/strong> (3 horas \/ semana).<\/li>\n<li><strong>Dise\u00f1o, Gesti\u00f3n, publicaci\u00f3n y producci\u00f3n<\/strong> (5 horas \/ semana).<\/li>\n<\/ul>\n<h4 style=\"padding-left: 40px;text-align: left\"><strong>Proyecto Final<\/strong><\/h4>\n<p style=\"padding-left: 40px\">Desarrollo en grupo de un videojuego: desde la concepci\u00f3n de la idea original hasta la publicaci\u00f3n en una tienda de distribuci\u00f3n de juegos<\/p>\n<p>&nbsp;<\/p>\n<h3><strong>AL FINALIZAR MIS ESTUDIOS, \u00bfQU\u00c9 PUEDO HACER?<\/strong><\/h3>\n<p>Las personas que hayan obtenido el certificado que acredita la superaci\u00f3n de este curso de especializaci\u00f3n podr\u00e1n ejercer su actividad en empresas, p\u00fablicas y privadas del sector de los videojuegos, as\u00ed como crear su propio estudio de desarrollo de videojuegos.<\/p>\n<p>Las ocupaciones y puestos de trabajo m\u00e1s relevantes son las siguientes:<\/p>\n<ul>\n<li>Programador de videojuegos (Game Developer).<\/li>\n<li>Responsable de pruebas de videojuegos (Game Tester).<\/li>\n<li>Responsable del proceso de creaci\u00f3n del videojuego (Game Designer).<\/li>\n<li>Dise\u00f1ador gr\u00e1fico 2D y 3D de videojuegos (Game Artist).<\/li>\n<li>Desarrollador independiente de videojuegos (Indie Game Developer).<\/li>\n<li>Desarrollador de aplicaciones de realidad virtual, aumentada y mixta.<\/li>\n<li>Experto en inteligencia artificial para videojuegos.<\/li>\n<\/ul>\n<p>&nbsp;<\/p>\n<h3><strong>\u00bfCU\u00c1LES SON LAS SALIDAS PROFESIONALES?<\/strong><\/h3>\n<p>Este profesional ejerce su actividad en en desarrollar videojuegos para diferentes dispositivos, utilizando herramientas de \u00faltima generaci\u00f3n que permitan actuar en todas las fases de su desarrollo, as\u00ed como aplicaciones interactivas de realidad virtual y aumentada.<\/p>\n","protected":false},"excerpt":{"rendered":"<p>MATRICULACI\u00d3N (JUNIO 2025) FORMACI\u00d3N PROFESIONAL HORARIO El horario del centro para el curso de Especializaci\u00f3n de Desarrollo de Videojuegos y Realidad Virtual es de 16:10 \u201320:30, de lunes a viernes, el recreo se realiza&#46;&#46;&#46;<\/p>\n","protected":false},"author":20902,"featured_media":0,"parent":0,"menu_order":0,"comment_status":"closed","ping_status":"closed","template":"","meta":{"footnotes":""},"aioseo_notices":[],"_links":{"self":[{"href":"https:\/\/blogsaverroes.juntadeandalucia.es\/fpvideojuegoshuelva\/wp-json\/wp\/v2\/pages\/24"}],"collection":[{"href":"https:\/\/blogsaverroes.juntadeandalucia.es\/fpvideojuegoshuelva\/wp-json\/wp\/v2\/pages"}],"about":[{"href":"https:\/\/blogsaverroes.juntadeandalucia.es\/fpvideojuegoshuelva\/wp-json\/wp\/v2\/types\/page"}],"author":[{"embeddable":true,"href":"https:\/\/blogsaverroes.juntadeandalucia.es\/fpvideojuegoshuelva\/wp-json\/wp\/v2\/users\/20902"}],"replies":[{"embeddable":true,"href":"https:\/\/blogsaverroes.juntadeandalucia.es\/fpvideojuegoshuelva\/wp-json\/wp\/v2\/comments?post=24"}],"version-history":[{"count":8,"href":"https:\/\/blogsaverroes.juntadeandalucia.es\/fpvideojuegoshuelva\/wp-json\/wp\/v2\/pages\/24\/revisions"}],"predecessor-version":[{"id":79,"href":"https:\/\/blogsaverroes.juntadeandalucia.es\/fpvideojuegoshuelva\/wp-json\/wp\/v2\/pages\/24\/revisions\/79"}],"wp:attachment":[{"href":"https:\/\/blogsaverroes.juntadeandalucia.es\/fpvideojuegoshuelva\/wp-json\/wp\/v2\/media?parent=24"}],"curies":[{"name":"wp","href":"https:\/\/api.w.org\/{rel}","templated":true}]}}