{"id":45,"date":"2025-04-04T00:14:11","date_gmt":"2025-04-03T22:14:11","guid":{"rendered":"https:\/\/blogsaverroes.juntadeandalucia.es\/fpvideojuegoshuelva\/?page_id=45"},"modified":"2025-05-27T16:06:27","modified_gmt":"2025-05-27T14:06:27","slug":"juegos-2","status":"publish","type":"page","link":"https:\/\/blogsaverroes.juntadeandalucia.es\/fpvideojuegoshuelva\/juegos-2\/","title":{"rendered":"Juegos"},"content":{"rendered":"<p>El <strong>proyecto<\/strong> es un elemento central en el Curso de Especializaci\u00f3n. Los proyectos se desarrollan en grupos usando t\u00e9cnicas propias del entorno profesional: <strong>desde la idea inicial hasta el desarrollo y publicaci\u00f3n del juego.<\/strong><\/p>\n<p>Aqu\u00ed puedes encontrar, curso a curso, todos los juegos que ha desarrollado el alumnado.<\/p>\n<h3><\/h3>\n<p style=\"text-align: center\"><em>2024-2025<\/em><\/p>\n<table style=\"height: 48px;width: 100.268%;border-collapse: collapse\">\n<tbody>\n<tr style=\"height: 24px\">\n<td style=\"width: 18.0107%;height: 24px\"><img decoding=\"async\" src=\"https:\/\/img.itch.zone\/aW1nLzIxMzc4MDI3LnBuZw==\/original\/dqL37A.png\" alt=\"Glazed Plague\" \/><\/td>\n<td style=\"width: 65.3458%\">\n<p style=\"text-align: center\"><span style=\"font-size: 14pt\"><strong>GLAZED PLAGUE<\/strong><\/span><\/p>\n<p style=\"padding-left: 40px\">juegas como un superviviente en medio de un <strong>apocalipsis zombi<\/strong>&#8230; causado por <strong>donuts<\/strong>.<\/p>\n<p style=\"padding-left: 40px\">Los infectados comieron demasiados donuts de tu eterno rival en el negocio de los donuts: ProleDough. Trabajas en Glazed &amp; Loaded, donde los cient\u00edficos se apresuran a encontrar una cura.<\/p>\n<p style=\"padding-left: 40px\">Explora edificios abandonados, <strong>recoge glaseado<\/strong> de los donuts-zombis ca\u00eddos, <strong>re\u00fane mejoras<\/strong> y descubre la verdad que se esconde tras este rid\u00edculo brote.<\/p>\n<\/td>\n<td style=\"width: 21.0926%;height: 24px\"><a href=\"https:\/\/sirlencio.itch.io\/glazed-plague\"><img loading=\"lazy\" decoding=\"async\" class=\"aligncenter wp-image-38\" src=\"https:\/\/blogsaverroes.juntadeandalucia.es\/fpvideojuegoshuelva\/files\/2025\/04\/badge.png\" alt=\"Itch io\" width=\"133\" height=\"41\" srcset=\"https:\/\/blogsaverroes.juntadeandalucia.es\/fpvideojuegoshuelva\/files\/2025\/04\/badge.png 740w, https:\/\/blogsaverroes.juntadeandalucia.es\/fpvideojuegoshuelva\/files\/2025\/04\/badge-300x92.png 300w, https:\/\/blogsaverroes.juntadeandalucia.es\/fpvideojuegoshuelva\/files\/2025\/04\/badge-720x228.png 720w\" sizes=\"(max-width: 133px) 100vw, 133px\" \/><\/a><\/td>\n<\/tr>\n<tr style=\"height: 24px\">\n<td style=\"width: 18.0107%;height: 24px\"><img decoding=\"async\" src=\"https:\/\/img.itch.zone\/aW1nLzIxMjY4NDk1LnBuZw==\/original\/28Cudp.png\" alt=\"Sahar\" \/><\/td>\n<td style=\"width: 65.3458%;padding-left: 40px\">\n<p style=\"text-align: center\"><span style=\"font-size: 14pt\"><strong>SAHAR<\/strong><\/span><\/p>\n<p>Ayuda a Yin a <strong>explorar las mazmorras y recuperar todas las reliquias<\/strong> para desbloquear su verdadero poder.<\/p>\n<p>Pero cuidado, esa tarea no ser\u00e1 f\u00e1cil. Tendr\u00e1s que derrotar a los malvados esbirros que intentar\u00e1n impedir que consigas tu objetivo.<\/p>\n<p>Acuchilla a los enemigos usando tu magia. \u00a1Cuidado con la distancia! \u00a1No eres un combatiente cuerpo a cuerpo!<br \/>\nIntenta encontrar el camino hacia la reliquia en una <strong>mazmorra que cambia constantemente<\/strong>.<\/p>\n<p>Explora la mazmorra una y otra vez. Gracias a su <strong>generaci\u00f3n aleatoria<\/strong>, \u00a1nunca ser\u00e1 la misma experiencia!<\/p>\n<p>Divi\u00e9rtete y disfruta de la experiencia, pero ten cuidado; la magia oscura otorga poder, pero siempre exige un precio.<\/td>\n<td style=\"width: 21.0926%;height: 24px\"><a href=\"https:\/\/gamvitart.itch.io\/sahar\"><img loading=\"lazy\" decoding=\"async\" class=\"aligncenter wp-image-38\" src=\"https:\/\/blogsaverroes.juntadeandalucia.es\/fpvideojuegoshuelva\/files\/2025\/04\/badge.png\" alt=\"Itch io\" width=\"133\" height=\"41\" srcset=\"https:\/\/blogsaverroes.juntadeandalucia.es\/fpvideojuegoshuelva\/files\/2025\/04\/badge.png 740w, https:\/\/blogsaverroes.juntadeandalucia.es\/fpvideojuegoshuelva\/files\/2025\/04\/badge-300x92.png 300w, https:\/\/blogsaverroes.juntadeandalucia.es\/fpvideojuegoshuelva\/files\/2025\/04\/badge-720x228.png 720w\" sizes=\"(max-width: 133px) 100vw, 133px\" \/><\/a><\/td>\n<\/tr>\n<\/tbody>\n<\/table>\n<p style=\"text-align: center\"><em>2023-2024<\/em><\/p>\n<table style=\"height: 48px;width: 100.268%;border-collapse: collapse\">\n<tbody>\n<tr style=\"height: 24px\">\n<td style=\"width: 22.1601%;height: 24px\"><img decoding=\"async\" src=\"https:\/\/img.itch.zone\/aW1hZ2UvMjY5OTU3My8xNjA5MjcyNi5wbmc=\/original\/%2BFa2wJ.png\" \/><\/td>\n<td style=\"width: 61.3346%;height: 24px\">\n<p style=\"text-align: center\"><strong><span style=\"font-size: 14pt\">DON&#8217;T STEAL OUR KING<\/span><\/strong><\/p>\n<p style=\"padding-left: 40px\">Eres un guerrero encargado de proteger al rey y mantenerlo a salvo de los monstruos que pretenden secuestrarlo.<\/p>\n<p style=\"padding-left: 40px\">Utiliza varias trampas o enfr\u00e9ntate a tus enemigos; decidas lo que decidas, no dejes que esos molestos monstruos le pongan un dedo encima a tu se\u00f1or.<\/p>\n<p style=\"padding-left: 40px\">Disfruta de un juego de capturar la bandera en el que la corona est\u00e1 en juego.<\/p>\n<p style=\"padding-left: 40px\">Mejora tus defensas, instala trampas y torres para mantener a los monstruos alejados de tu rey.<\/p>\n<p style=\"padding-left: 40px\">Y sobre todo, \u00a1no dejes que nos roben al rey!<\/p>\n<\/td>\n<td style=\"width: 20.9544%;height: 24px\"><span style=\"color: #333333\"><a href=\"https:\/\/dsok-team.itch.io\/dont-steal-our-king\"><img loading=\"lazy\" decoding=\"async\" class=\"aligncenter wp-image-38\" src=\"https:\/\/blogsaverroes.juntadeandalucia.es\/fpvideojuegoshuelva\/files\/2025\/04\/badge.png\" alt=\"Itch io\" width=\"133\" height=\"41\" srcset=\"https:\/\/blogsaverroes.juntadeandalucia.es\/fpvideojuegoshuelva\/files\/2025\/04\/badge.png 740w, https:\/\/blogsaverroes.juntadeandalucia.es\/fpvideojuegoshuelva\/files\/2025\/04\/badge-300x92.png 300w, https:\/\/blogsaverroes.juntadeandalucia.es\/fpvideojuegoshuelva\/files\/2025\/04\/badge-720x228.png 720w\" sizes=\"(max-width: 133px) 100vw, 133px\" \/><\/a><\/span><\/td>\n<\/tr>\n<\/tbody>\n<\/table>\n","protected":false},"excerpt":{"rendered":"<p>El proyecto es un elemento central en el Curso de Especializaci\u00f3n. Los proyectos se desarrollan en grupos usando t\u00e9cnicas propias del entorno profesional: desde la idea inicial hasta el desarrollo y publicaci\u00f3n del juego.&#46;&#46;&#46;<\/p>\n","protected":false},"author":20902,"featured_media":0,"parent":0,"menu_order":0,"comment_status":"closed","ping_status":"closed","template":"","meta":{"footnotes":""},"aioseo_notices":[],"_links":{"self":[{"href":"https:\/\/blogsaverroes.juntadeandalucia.es\/fpvideojuegoshuelva\/wp-json\/wp\/v2\/pages\/45"}],"collection":[{"href":"https:\/\/blogsaverroes.juntadeandalucia.es\/fpvideojuegoshuelva\/wp-json\/wp\/v2\/pages"}],"about":[{"href":"https:\/\/blogsaverroes.juntadeandalucia.es\/fpvideojuegoshuelva\/wp-json\/wp\/v2\/types\/page"}],"author":[{"embeddable":true,"href":"https:\/\/blogsaverroes.juntadeandalucia.es\/fpvideojuegoshuelva\/wp-json\/wp\/v2\/users\/20902"}],"replies":[{"embeddable":true,"href":"https:\/\/blogsaverroes.juntadeandalucia.es\/fpvideojuegoshuelva\/wp-json\/wp\/v2\/comments?post=45"}],"version-history":[{"count":6,"href":"https:\/\/blogsaverroes.juntadeandalucia.es\/fpvideojuegoshuelva\/wp-json\/wp\/v2\/pages\/45\/revisions"}],"predecessor-version":[{"id":134,"href":"https:\/\/blogsaverroes.juntadeandalucia.es\/fpvideojuegoshuelva\/wp-json\/wp\/v2\/pages\/45\/revisions\/134"}],"wp:attachment":[{"href":"https:\/\/blogsaverroes.juntadeandalucia.es\/fpvideojuegoshuelva\/wp-json\/wp\/v2\/media?parent=45"}],"curies":[{"name":"wp","href":"https:\/\/api.w.org\/{rel}","templated":true}]}}