{"id":51,"date":"2025-04-04T00:16:10","date_gmt":"2025-04-03T22:16:10","guid":{"rendered":"https:\/\/blogsaverroes.juntadeandalucia.es\/fpvideojuegoshuelva\/?page_id=51"},"modified":"2025-04-04T01:56:59","modified_gmt":"2025-04-03T23:56:59","slug":"malaga-game-jam","status":"publish","type":"page","link":"https:\/\/blogsaverroes.juntadeandalucia.es\/fpvideojuegoshuelva\/malaga-game-jam\/","title":{"rendered":"M\u00e1laga Game Jam"},"content":{"rendered":"<p><img loading=\"lazy\" decoding=\"async\" class=\"aligncenter size-full wp-image-93\" src=\"https:\/\/blogsaverroes.juntadeandalucia.es\/fpvideojuegoshuelva\/files\/2025\/04\/malagajam.png\" alt=\"\" width=\"500\" height=\"112\" srcset=\"https:\/\/blogsaverroes.juntadeandalucia.es\/fpvideojuegoshuelva\/files\/2025\/04\/malagajam.png 500w, https:\/\/blogsaverroes.juntadeandalucia.es\/fpvideojuegoshuelva\/files\/2025\/04\/malagajam-300x67.png 300w\" sizes=\"(max-width: 500px) 100vw, 500px\" \/><\/p>\n<p>Participaci\u00f3n del alumnado en la <a href=\"https:\/\/malagajam.com\/\">M\u00e1laga Game Jam<\/a>.<\/p>\n<h2>Ediciones<\/h2>\n<ul>\n<li><a title=\"M\u00e1laga Game Jam 2024\" href=\"https:\/\/blogsaverroes.juntadeandalucia.es\/fpvideojuegoshuelva\/2025\/04\/04\/81\/\">M\u00e1laga Game Jam 2024<\/a><\/li>\n<li><a title=\"M\u00e1laga Game Jam 2025\" href=\"https:\/\/blogsaverroes.juntadeandalucia.es\/fpvideojuegoshuelva\/2025\/04\/04\/malaga-jam-2025\/\">M\u00e1laga Game Jam 2025<\/a><\/li>\n<\/ul>\n<p>&nbsp;<\/p>\n","protected":false},"excerpt":{"rendered":"<p>Participaci\u00f3n del alumnado en la M\u00e1laga Game Jam. Ediciones M\u00e1laga Game Jam 2024 M\u00e1laga Game Jam 2025 &nbsp;<\/p>\n","protected":false},"author":20902,"featured_media":0,"parent":0,"menu_order":0,"comment_status":"closed","ping_status":"closed","template":"","meta":{"footnotes":""},"aioseo_notices":[],"_links":{"self":[{"href":"https:\/\/blogsaverroes.juntadeandalucia.es\/fpvideojuegoshuelva\/wp-json\/wp\/v2\/pages\/51"}],"collection":[{"href":"https:\/\/blogsaverroes.juntadeandalucia.es\/fpvideojuegoshuelva\/wp-json\/wp\/v2\/pages"}],"about":[{"href":"https:\/\/blogsaverroes.juntadeandalucia.es\/fpvideojuegoshuelva\/wp-json\/wp\/v2\/types\/page"}],"author":[{"embeddable":true,"href":"https:\/\/blogsaverroes.juntadeandalucia.es\/fpvideojuegoshuelva\/wp-json\/wp\/v2\/users\/20902"}],"replies":[{"embeddable":true,"href":"https:\/\/blogsaverroes.juntadeandalucia.es\/fpvideojuegoshuelva\/wp-json\/wp\/v2\/comments?post=51"}],"version-history":[{"count":5,"href":"https:\/\/blogsaverroes.juntadeandalucia.es\/fpvideojuegoshuelva\/wp-json\/wp\/v2\/pages\/51\/revisions"}],"predecessor-version":[{"id":92,"href":"https:\/\/blogsaverroes.juntadeandalucia.es\/fpvideojuegoshuelva\/wp-json\/wp\/v2\/pages\/51\/revisions\/92"}],"wp:attachment":[{"href":"https:\/\/blogsaverroes.juntadeandalucia.es\/fpvideojuegoshuelva\/wp-json\/wp\/v2\/media?parent=51"}],"curies":[{"name":"wp","href":"https:\/\/api.w.org\/{rel}","templated":true}]}}