{"id":54,"date":"2025-04-04T00:16:38","date_gmt":"2025-04-03T22:16:38","guid":{"rendered":"https:\/\/blogsaverroes.juntadeandalucia.es\/fpvideojuegoshuelva\/?page_id=54"},"modified":"2025-05-27T15:48:27","modified_gmt":"2025-05-27T13:48:27","slug":"ies-san-sebastian-game-jam","status":"publish","type":"page","link":"https:\/\/blogsaverroes.juntadeandalucia.es\/fpvideojuegoshuelva\/ies-san-sebastian-game-jam\/","title":{"rendered":"IES San Sebasti\u00e1n Game Jam"},"content":{"rendered":"<p>Juegos para la Game Jam del IES San Sebasti\u00e1n<\/p>\n<h3>Juegos Desarrollados<\/h3>\n<p style=\"text-align: center\"><em>2024-2025<\/em><\/p>\n<table style=\"height: 48px;width: 100.268%;border-collapse: collapse\">\n<tbody>\n<tr style=\"height: 24px\">\n<td style=\"width: 18.0107%;height: 24px\"><img decoding=\"async\" src=\"https:\/\/img.itch.zone\/aW1nLzE5MzUxNDcxLnBuZw==\/original\/1xVVAb.png\" \/><\/td>\n<td style=\"width: 59.1217%\">\n<p style=\"padding-left: 40px\">S\u00edrvele hamburguesas a todo tipo de personalidades de la provincia de Huelva.<\/p>\n<\/td>\n<td style=\"width: 27.3167%;height: 24px\"><a href=\"https:\/\/manchabetis.itch.io\/super-rodriguez-bros\"><img loading=\"lazy\" decoding=\"async\" class=\"aligncenter wp-image-38\" src=\"https:\/\/blogsaverroes.juntadeandalucia.es\/fpvideojuegoshuelva\/files\/2025\/04\/badge.png\" alt=\"Itch io\" width=\"133\" height=\"41\" srcset=\"https:\/\/blogsaverroes.juntadeandalucia.es\/fpvideojuegoshuelva\/files\/2025\/04\/badge.png 740w, https:\/\/blogsaverroes.juntadeandalucia.es\/fpvideojuegoshuelva\/files\/2025\/04\/badge-300x92.png 300w, https:\/\/blogsaverroes.juntadeandalucia.es\/fpvideojuegoshuelva\/files\/2025\/04\/badge-720x228.png 720w\" sizes=\"(max-width: 133px) 100vw, 133px\" \/><\/a><\/td>\n<\/tr>\n<tr style=\"height: 24px\">\n<td style=\"width: 18.0107%;height: 24px\"><img decoding=\"async\" src=\"https:\/\/img.itch.zone\/aW1nLzE5MzQ5ODQwLnBuZw==\/original\/Okb23I.png\" alt=\"Estuary Pipes\" \/><\/td>\n<td style=\"width: 59.1217%;padding-left: 40px\">\n<p class=\"text-justify\"><strong>\u00a1Ayuda a Gambita a conectar las tuber\u00edas para evitar derrames de petr\u00f3leo y pasa al siguiente nivel!<\/strong><\/p>\n<p class=\"text-justify\">Tuber\u00edas de la R\u00eda es un simple\u00a0<strong>juego de puzzles<\/strong>\u00a0basado en el Polo Qu\u00edmico de Huelva, Espa\u00f1a.<\/p>\n<p class=\"text-justify\"><strong>Resuelve los acertijos<\/strong>\u00a0y aprende cosas interesantes sobre la incre\u00edble ciudad de Huelva.<\/p>\n<\/td>\n<td style=\"width: 27.3167%;height: 24px\"><a href=\"https:\/\/gamvitart.itch.io\/estuary-pipes\"><img loading=\"lazy\" decoding=\"async\" class=\"aligncenter wp-image-38\" src=\"https:\/\/blogsaverroes.juntadeandalucia.es\/fpvideojuegoshuelva\/files\/2025\/04\/badge.png\" alt=\"Itch io\" width=\"133\" height=\"41\" srcset=\"https:\/\/blogsaverroes.juntadeandalucia.es\/fpvideojuegoshuelva\/files\/2025\/04\/badge.png 740w, https:\/\/blogsaverroes.juntadeandalucia.es\/fpvideojuegoshuelva\/files\/2025\/04\/badge-300x92.png 300w, https:\/\/blogsaverroes.juntadeandalucia.es\/fpvideojuegoshuelva\/files\/2025\/04\/badge-720x228.png 720w\" sizes=\"(max-width: 133px) 100vw, 133px\" \/><\/a><\/td>\n<\/tr>\n<\/tbody>\n<\/table>\n<p style=\"text-align: center\"><em>2023-2024<\/em><\/p>\n<table style=\"height: 48px;width: 100.268%;border-collapse: collapse\">\n<tbody>\n<tr style=\"height: 24px\">\n<td style=\"width: 18.0107%;height: 24px\"><img decoding=\"async\" src=\"https:\/\/img.itch.zone\/aW1nLzE0NTQxMDYzLnBuZw==\/original\/4N7PYz.png\" alt=\"Marisco Al Tinto\" \/><\/td>\n<td style=\"width: 59.1217%;height: 24px\">\n<p style=\"padding-left: 40px\">El juego gira entorno a una\u00a0<strong>gamba<\/strong>\u00a0de Huelva, que\u00a0<strong>se aventura<\/strong>\u00a0en las\u00a0<strong>minas de r\u00edo T<\/strong><strong>into<\/strong>\u00a0y recoge minerales de la misma.<\/p>\n<p style=\"padding-left: 40px\"><strong>Cuidado!<\/strong>\u00a0Te puedes ahogar si pasas mucho tiempo fuera del agua, y los minerales tendr\u00e1n que ser depositados en su cofre. Es importante saber que si eres muy avaricioso e intentas llevar mucho encima, ir\u00e1s m\u00e1s despacio.<\/p>\n<\/td>\n<td style=\"width: 27.3167%;height: 24px\"><a href=\"https:\/\/ariadna5d.itch.io\/mariscoaltinto\"><img loading=\"lazy\" decoding=\"async\" class=\"aligncenter wp-image-38\" src=\"https:\/\/blogsaverroes.juntadeandalucia.es\/fpvideojuegoshuelva\/files\/2025\/04\/badge.png\" alt=\"Itch io\" width=\"133\" height=\"41\" srcset=\"https:\/\/blogsaverroes.juntadeandalucia.es\/fpvideojuegoshuelva\/files\/2025\/04\/badge.png 740w, https:\/\/blogsaverroes.juntadeandalucia.es\/fpvideojuegoshuelva\/files\/2025\/04\/badge-300x92.png 300w, https:\/\/blogsaverroes.juntadeandalucia.es\/fpvideojuegoshuelva\/files\/2025\/04\/badge-720x228.png 720w\" sizes=\"(max-width: 133px) 100vw, 133px\" \/><\/a><\/td>\n<\/tr>\n<\/tbody>\n<\/table>\n","protected":false},"excerpt":{"rendered":"<p>Juegos para la Game Jam del IES San Sebasti\u00e1n Juegos Desarrollados 2024-2025 S\u00edrvele hamburguesas a todo tipo de personalidades de la provincia de Huelva. \u00a1Ayuda a Gambita a conectar las tuber\u00edas para evitar derrames&#46;&#46;&#46;<\/p>\n","protected":false},"author":20902,"featured_media":0,"parent":0,"menu_order":0,"comment_status":"closed","ping_status":"closed","template":"","meta":{"footnotes":""},"aioseo_notices":[],"_links":{"self":[{"href":"https:\/\/blogsaverroes.juntadeandalucia.es\/fpvideojuegoshuelva\/wp-json\/wp\/v2\/pages\/54"}],"collection":[{"href":"https:\/\/blogsaverroes.juntadeandalucia.es\/fpvideojuegoshuelva\/wp-json\/wp\/v2\/pages"}],"about":[{"href":"https:\/\/blogsaverroes.juntadeandalucia.es\/fpvideojuegoshuelva\/wp-json\/wp\/v2\/types\/page"}],"author":[{"embeddable":true,"href":"https:\/\/blogsaverroes.juntadeandalucia.es\/fpvideojuegoshuelva\/wp-json\/wp\/v2\/users\/20902"}],"replies":[{"embeddable":true,"href":"https:\/\/blogsaverroes.juntadeandalucia.es\/fpvideojuegoshuelva\/wp-json\/wp\/v2\/comments?post=54"}],"version-history":[{"count":3,"href":"https:\/\/blogsaverroes.juntadeandalucia.es\/fpvideojuegoshuelva\/wp-json\/wp\/v2\/pages\/54\/revisions"}],"predecessor-version":[{"id":129,"href":"https:\/\/blogsaverroes.juntadeandalucia.es\/fpvideojuegoshuelva\/wp-json\/wp\/v2\/pages\/54\/revisions\/129"}],"wp:attachment":[{"href":"https:\/\/blogsaverroes.juntadeandalucia.es\/fpvideojuegoshuelva\/wp-json\/wp\/v2\/media?parent=54"}],"curies":[{"name":"wp","href":"https:\/\/api.w.org\/{rel}","templated":true}]}}