{"id":236,"date":"2020-06-05T10:21:23","date_gmt":"2020-06-05T10:21:23","guid":{"rendered":"https:\/\/blogsaverroes.juntadeandalucia.es\/francesalquivira\/?page_id=236"},"modified":"2020-06-05T10:24:56","modified_gmt":"2020-06-05T10:24:56","slug":"bienvenu-e","status":"publish","type":"page","link":"https:\/\/blogsaverroes.juntadeandalucia.es\/francesalquivira\/","title":{"rendered":"Bienvenu\/e"},"content":{"rendered":"<p><span style=\"color: #ff6600\"><strong>Bienvenu\/e a notre blog de fran\u00e7ais. <\/strong><\/span><\/p>\n<p>Este es el blog de franc\u00e9s del IES Alquivira. Si eres alumna o alumno de nuestro centro este es tu blog para consultar dudas, aprender m\u00e1s sobre lo que vamos dando en clase, encontar material audiovisual interesante y estar en contacto con la actividad de nuestra asignatura de franc\u00e9s. Si no lo eres, este es tu sitio para aprender franc\u00e9s, encontrar material interesante adaptado a cada nivel y poder disfrutar del d\u00eda a d\u00eda de nuestro centro.<\/p>\n<p>La finalidad de este blog es, adem\u00e1s de lo expuesto antes, ofrocer una punto de encuentro a la comunidad educativa donde podamos compartir nuestro aprendizaje de la lengua francesa.&nbsp;<\/p>\n<p><img loading=\"lazy\" decoding=\"async\" class=\"alignnone  wp-image-239\" src=\"https:\/\/blogsaverroes.juntadeandalucia.es\/francesalquivira\/files\/2020\/06\/IES-Alquivira-2018-300x133.png\" alt=\"\" width=\"1168\" height=\"518\" srcset=\"https:\/\/blogsaverroes.juntadeandalucia.es\/francesalquivira\/files\/2020\/06\/IES-Alquivira-2018-300x133.png 300w, https:\/\/blogsaverroes.juntadeandalucia.es\/francesalquivira\/files\/2020\/06\/IES-Alquivira-2018-768x340.png 768w, https:\/\/blogsaverroes.juntadeandalucia.es\/francesalquivira\/files\/2020\/06\/IES-Alquivira-2018-24x11.png 24w, https:\/\/blogsaverroes.juntadeandalucia.es\/francesalquivira\/files\/2020\/06\/IES-Alquivira-2018-36x16.png 36w, https:\/\/blogsaverroes.juntadeandalucia.es\/francesalquivira\/files\/2020\/06\/IES-Alquivira-2018-48x21.png 48w, https:\/\/blogsaverroes.juntadeandalucia.es\/francesalquivira\/files\/2020\/06\/IES-Alquivira-2018.png 805w\" sizes=\"(max-width: 1168px) 100vw, 1168px\" \/><\/p>\n<p><span style=\"font-size: 14pt\"><strong><span style=\"font-family: 'times new roman', times, serif;color: #0000ff\">IES Alquivira<\/span>&nbsp;<\/strong><\/span><\/p>\n<p>C\/San Juan Bosco, 1<\/p>\n<p>Hu\u00e9scar&nbsp; (Granada) 18830<\/p>\n<p>telf.: 958 72 99 20<\/p>\n<p>fax: 958 72 99 26<\/p>\n<p><span style=\"color: #339966;font-size: 14pt\"><strong><span style=\"font-family: 'courier new', courier, monospace\">HORARIO DE ATENCI\u00d3N:<\/span><\/strong><\/span><\/p>\n<p>Martes y Mi\u00e9rcoles de&nbsp; 8:15 a 11:15<\/p>\n<p><span style=\"font-family: 'comic sans ms', sans-serif;color: #ff6600;font-size: 14pt\">e-mail: flepedro@gmail.com<\/span><\/p>\n<p>Pedro Agust\u00edn Ill\u00e1n L\u00f3pez, franc\u00e9s.&nbsp;<\/p>\n","protected":false},"excerpt":{"rendered":"<p>Bienvenu\/e a notre blog de fran\u00e7ais. Este es el blog de franc\u00e9s del IES Alquivira. Si eres alumna o alumno de nuestro centro este es tu blog para consultar dudas, aprender m\u00e1s sobre lo&#46;&#46;&#46;<\/p>\n","protected":false},"author":5764,"featured_media":0,"parent":0,"menu_order":0,"comment_status":"closed","ping_status":"closed","template":"","meta":{"ngg_post_thumbnail":0,"footnotes":""},"aioseo_notices":[],"_links":{"self":[{"href":"https:\/\/blogsaverroes.juntadeandalucia.es\/francesalquivira\/wp-json\/wp\/v2\/pages\/236"}],"collection":[{"href":"https:\/\/blogsaverroes.juntadeandalucia.es\/francesalquivira\/wp-json\/wp\/v2\/pages"}],"about":[{"href":"https:\/\/blogsaverroes.juntadeandalucia.es\/francesalquivira\/wp-json\/wp\/v2\/types\/page"}],"author":[{"embeddable":true,"href":"https:\/\/blogsaverroes.juntadeandalucia.es\/francesalquivira\/wp-json\/wp\/v2\/users\/5764"}],"replies":[{"embeddable":true,"href":"https:\/\/blogsaverroes.juntadeandalucia.es\/francesalquivira\/wp-json\/wp\/v2\/comments?post=236"}],"version-history":[{"count":4,"href":"https:\/\/blogsaverroes.juntadeandalucia.es\/francesalquivira\/wp-json\/wp\/v2\/pages\/236\/revisions"}],"predecessor-version":[{"id":241,"href":"https:\/\/blogsaverroes.juntadeandalucia.es\/francesalquivira\/wp-json\/wp\/v2\/pages\/236\/revisions\/241"}],"wp:attachment":[{"href":"https:\/\/blogsaverroes.juntadeandalucia.es\/francesalquivira\/wp-json\/wp\/v2\/media?parent=236"}],"curies":[{"name":"wp","href":"https:\/\/api.w.org\/{rel}","templated":true}]}}