{"id":243,"date":"2020-06-05T10:30:21","date_gmt":"2020-06-05T10:30:21","guid":{"rendered":"https:\/\/blogsaverroes.juntadeandalucia.es\/francesalquivira\/?page_id=243"},"modified":"2020-06-05T10:30:21","modified_gmt":"2020-06-05T10:30:21","slug":"bachillerato-2","status":"publish","type":"page","link":"https:\/\/blogsaverroes.juntadeandalucia.es\/francesalquivira\/bachillerato-2\/","title":{"rendered":"BACHILLERATO"},"content":{"rendered":"<p>En esta p\u00e1gina y en los submen\u00fas que aparecen en el encabezado pondremos informaci\u00f3n relativa a los cursos de Bachillerato como pueda ser, adem\u00e1s de los contenidos que vamos viendo en clase, la relativa a las pruebas de PEvAU.&nbsp;<\/p>\n","protected":false},"excerpt":{"rendered":"<p>En esta p\u00e1gina y en los submen\u00fas que aparecen en el encabezado pondremos informaci\u00f3n relativa a los cursos de Bachillerato como pueda ser, adem\u00e1s de los contenidos que vamos viendo en clase, la relativa&#46;&#46;&#46;<\/p>\n","protected":false},"author":5764,"featured_media":0,"parent":0,"menu_order":0,"comment_status":"closed","ping_status":"closed","template":"","meta":{"ngg_post_thumbnail":0,"footnotes":""},"aioseo_notices":[],"_links":{"self":[{"href":"https:\/\/blogsaverroes.juntadeandalucia.es\/francesalquivira\/wp-json\/wp\/v2\/pages\/243"}],"collection":[{"href":"https:\/\/blogsaverroes.juntadeandalucia.es\/francesalquivira\/wp-json\/wp\/v2\/pages"}],"about":[{"href":"https:\/\/blogsaverroes.juntadeandalucia.es\/francesalquivira\/wp-json\/wp\/v2\/types\/page"}],"author":[{"embeddable":true,"href":"https:\/\/blogsaverroes.juntadeandalucia.es\/francesalquivira\/wp-json\/wp\/v2\/users\/5764"}],"replies":[{"embeddable":true,"href":"https:\/\/blogsaverroes.juntadeandalucia.es\/francesalquivira\/wp-json\/wp\/v2\/comments?post=243"}],"version-history":[{"count":1,"href":"https:\/\/blogsaverroes.juntadeandalucia.es\/francesalquivira\/wp-json\/wp\/v2\/pages\/243\/revisions"}],"predecessor-version":[{"id":244,"href":"https:\/\/blogsaverroes.juntadeandalucia.es\/francesalquivira\/wp-json\/wp\/v2\/pages\/243\/revisions\/244"}],"wp:attachment":[{"href":"https:\/\/blogsaverroes.juntadeandalucia.es\/francesalquivira\/wp-json\/wp\/v2\/media?parent=243"}],"curies":[{"name":"wp","href":"https:\/\/api.w.org\/{rel}","templated":true}]}}