{"id":825,"date":"2020-12-18T08:32:50","date_gmt":"2020-12-18T07:32:50","guid":{"rendered":"https:\/\/blogsaverroes.juntadeandalucia.es\/pre\/plantilla-pencil\/?page_id=824"},"modified":"2022-01-30T09:11:07","modified_gmt":"2022-01-30T08:11:07","slug":"plcbiblioteca","status":"publish","type":"page","link":"https:\/\/blogsaverroes.juntadeandalucia.es\/franciscoayala\/plcbiblioteca\/","title":{"rendered":"PLC y Biblioteca"},"content":{"rendered":"<p>[et_pb_section fb_built=&#8221;1&#8243; _builder_version=&#8221;3.23.3&#8243; custom_padding=&#8221;0px||0px|&#8221; z_index_tablet=&#8221;500&#8243; box_shadow_horizontal_tablet=&#8221;0px&#8221; box_shadow_vertical_tablet=&#8221;0px&#8221; box_shadow_blur_tablet=&#8221;40px&#8221; box_shadow_spread_tablet=&#8221;0px&#8221; global_colors_info=&#8221;{}&#8221;][et_pb_row _builder_version=&#8221;3.25&#8243; background_size=&#8221;initial&#8221; background_position=&#8221;top_left&#8221; background_repeat=&#8221;repeat&#8221; global_colors_info=&#8221;{}&#8221;][et_pb_column type=&#8221;4_4&#8243; _builder_version=&#8221;3.25&#8243; custom_padding=&#8221;|||&#8221; global_colors_info=&#8221;{}&#8221; custom_padding__hover=&#8221;|||&#8221;][et_pb_image src=&#8221;https:\/\/blogsaverroes.juntadeandalucia.es\/franciscoayala\/files\/2021\/10\/PLC.jpg&#8221; title_text=&#8221;PLC&#8221; admin_label=&#8221;Imagen de la portada&#8221; _builder_version=&#8221;4.5.0&#8243; z_index_tablet=&#8221;500&#8243; box_shadow_horizontal_tablet=&#8221;0px&#8221; box_shadow_vertical_tablet=&#8221;0px&#8221; box_shadow_blur_tablet=&#8221;40px&#8221; box_shadow_spread_tablet=&#8221;0px&#8221; global_colors_info=&#8221;{}&#8221;][\/et_pb_image][et_pb_text admin_label=&#8221;Texto descriptivo&#8221; _builder_version=&#8221;4.5.0&#8243; custom_padding=&#8221;9px|||||&#8221; z_index_tablet=&#8221;500&#8243; text_text_shadow_horizontal_length_tablet=&#8221;0px&#8221; text_text_shadow_vertical_length_tablet=&#8221;0px&#8221; text_text_shadow_blur_strength_tablet=&#8221;1px&#8221; link_text_shadow_horizontal_length_tablet=&#8221;0px&#8221; link_text_shadow_vertical_length_tablet=&#8221;0px&#8221; link_text_shadow_blur_strength_tablet=&#8221;1px&#8221; ul_text_shadow_horizontal_length_tablet=&#8221;0px&#8221; ul_text_shadow_vertical_length_tablet=&#8221;0px&#8221; ul_text_shadow_blur_strength_tablet=&#8221;1px&#8221; ol_text_shadow_horizontal_length_tablet=&#8221;0px&#8221; ol_text_shadow_vertical_length_tablet=&#8221;0px&#8221; ol_text_shadow_blur_strength_tablet=&#8221;1px&#8221; quote_text_shadow_horizontal_length_tablet=&#8221;0px&#8221; quote_text_shadow_vertical_length_tablet=&#8221;0px&#8221; quote_text_shadow_blur_strength_tablet=&#8221;1px&#8221; header_text_shadow_horizontal_length_tablet=&#8221;0px&#8221; header_text_shadow_vertical_length_tablet=&#8221;0px&#8221; header_text_shadow_blur_strength_tablet=&#8221;1px&#8221; header_2_text_shadow_horizontal_length_tablet=&#8221;0px&#8221; header_2_text_shadow_vertical_length_tablet=&#8221;0px&#8221; header_2_text_shadow_blur_strength_tablet=&#8221;1px&#8221; header_3_text_shadow_horizontal_length_tablet=&#8221;0px&#8221; header_3_text_shadow_vertical_length_tablet=&#8221;0px&#8221; header_3_text_shadow_blur_strength_tablet=&#8221;1px&#8221; header_4_text_shadow_horizontal_length_tablet=&#8221;0px&#8221; header_4_text_shadow_vertical_length_tablet=&#8221;0px&#8221; header_4_text_shadow_blur_strength_tablet=&#8221;1px&#8221; header_5_text_shadow_horizontal_length_tablet=&#8221;0px&#8221; header_5_text_shadow_vertical_length_tablet=&#8221;0px&#8221; header_5_text_shadow_blur_strength_tablet=&#8221;1px&#8221; header_6_text_shadow_horizontal_length_tablet=&#8221;0px&#8221; header_6_text_shadow_vertical_length_tablet=&#8221;0px&#8221; header_6_text_shadow_blur_strength_tablet=&#8221;1px&#8221; box_shadow_horizontal_tablet=&#8221;0px&#8221; box_shadow_vertical_tablet=&#8221;0px&#8221; box_shadow_blur_tablet=&#8221;40px&#8221; box_shadow_spread_tablet=&#8221;0px&#8221; global_colors_info=&#8221;{}&#8221;]<\/p>\n<h2><span style=\"font-size: 16px;text-align: justify\">El CEIP Francisco Ayala es centro <\/span><strong style=\"font-size: 16px;text-align: justify\">PLC.<\/strong><\/h2>\n<p style=\"text-align: justify\">A lo largo de la Etapa de Educaci\u00f3n Infantil y Primaria los ni\u00f1os y las ni\u00f1as deben adquirir un saber reflexivo sobre las pr\u00e1cticas comunicativas necesarias para vivir en la sociedad del siglo XXI.<\/p>\n<p style=\"text-align: justify\">Aprender una lengua no es \u00fanicamente apropiarse de un sistema de signos, sino tambi\u00e9n de los significados culturales que \u00e9stos transmiten y, con estos significados, de los modos en que las personas entienden o interpretan la realidad. De la misma manera el lenguaje es un poderoso instrumento para ayudar a la convivencia, para expresar ideas, sentimientos y emociones y, en definitiva, para regular la propia conducta.<\/p>\n<p style=\"text-align: justify\">El lenguaje contribuye as\u00ed, al equilibrio afectivo y personal y a construir una representaci\u00f3n del mundo socialmente compartida y comunicable que favorece la integraci\u00f3n social y cultural de las personas y al desarrollo y progreso de la sociedad.<\/p>\n<p style=\"text-align: justify\">La competencia clave de comunicaci\u00f3n ling\u00fc\u00edstica o competencia comunicativa est\u00e1 estrechamente relacionada con las capacidades de comprender y expresarse oralmente y por escrito en un contexto de interacci\u00f3n comunicativa significativo y real para el alumnado. Desarrollar la competencia comunicativa permite decidir no s\u00f3lo c\u00f3mo usar la lengua, sino para qu\u00e9, d\u00f3nde y con qui\u00e9n usarla.<\/p>\n<p style=\"text-align: justify\">Desde este punto de vista reflexivo y funcional del aprendizaje de la lengua, se contribuye al desarrollo en el alumnado de un saber integral, no segmentado, de conocimientos, destrezas y actitudes.<\/p>\n<p style=\"text-align: justify\">La competencia clave de comunicaci\u00f3n ling\u00fc\u00edstica o competencia comunicativa est\u00e1 estrechamente relacionada con las capacidades de comprender y expresarse oralmente y por escrito en un contexto de interacci\u00f3n comunicativa significativo y real para el alumnado.<\/p>\n<p style=\"text-align: justify\">Desarrollar la competencia comunicativa permite decidir no s\u00f3lo c\u00f3mo usar la lengua, sino para qu\u00e9, d\u00f3nde y con qui\u00e9n usarla. Desde este punto de vista reflexivo y funcional del aprendizaje de la lengua, se contribuye al desarrollo en el alumnado de un saber integral, no segmentado, de conocimientos, destrezas y actitudes.<\/p>\n<p style=\"text-align: justify\">El PLC es un plan que pretende trabajar y mejorar la competencia en comunicaci\u00f3n ling\u00fc\u00edstica. Se trata de un plan integral porque pretende abarcar el aprendizaje de la lengua de una forma integrada e interdisciplinar- desarrollado en todas las \u00e1reas del curr\u00edculo y en todos los niveles.<\/p>\n<p style=\"text-align: justify\">Al tratarse de un plan elaborado y consensuado por todo el profesorado, el reto mayor se encuentra en la intenci\u00f3n de unificar los esfuerzos de todo el claustro para conseguir una mejora de la competencia ling\u00fc\u00edstica y, por tanto, del rendimiento acad\u00e9mico de nuestro alumnado.<\/p>\n<p>[\/et_pb_text][\/et_pb_column][\/et_pb_row][\/et_pb_section]<\/p>\n","protected":false},"excerpt":{"rendered":"<p>El CEIP Francisco Ayala es centro PLC. A lo largo de la Etapa de Educaci\u00f3n Infantil y Primaria los ni\u00f1os y las ni\u00f1as deben adquirir un saber reflexivo sobre las pr\u00e1cticas comunicativas necesarias para vivir en la sociedad del siglo XXI. Aprender una lengua no es \u00fanicamente apropiarse de un sistema de signos, sino tambi\u00e9n [&hellip;]<\/p>\n","protected":false},"author":12238,"featured_media":0,"parent":0,"menu_order":0,"comment_status":"closed","ping_status":"closed","template":"","meta":{"_et_pb_use_builder":"on","_et_pb_old_content":"","_et_gb_content_width":"","ngg_post_thumbnail":0,"footnotes":""},"aioseo_notices":[],"_links":{"self":[{"href":"https:\/\/blogsaverroes.juntadeandalucia.es\/franciscoayala\/wp-json\/wp\/v2\/pages\/825"}],"collection":[{"href":"https:\/\/blogsaverroes.juntadeandalucia.es\/franciscoayala\/wp-json\/wp\/v2\/pages"}],"about":[{"href":"https:\/\/blogsaverroes.juntadeandalucia.es\/franciscoayala\/wp-json\/wp\/v2\/types\/page"}],"author":[{"embeddable":true,"href":"https:\/\/blogsaverroes.juntadeandalucia.es\/franciscoayala\/wp-json\/wp\/v2\/users\/12238"}],"replies":[{"embeddable":true,"href":"https:\/\/blogsaverroes.juntadeandalucia.es\/franciscoayala\/wp-json\/wp\/v2\/comments?post=825"}],"version-history":[{"count":8,"href":"https:\/\/blogsaverroes.juntadeandalucia.es\/franciscoayala\/wp-json\/wp\/v2\/pages\/825\/revisions"}],"predecessor-version":[{"id":1229,"href":"https:\/\/blogsaverroes.juntadeandalucia.es\/franciscoayala\/wp-json\/wp\/v2\/pages\/825\/revisions\/1229"}],"wp:attachment":[{"href":"https:\/\/blogsaverroes.juntadeandalucia.es\/franciscoayala\/wp-json\/wp\/v2\/media?parent=825"}],"curies":[{"name":"wp","href":"https:\/\/api.w.org\/{rel}","templated":true}]}}