{"id":831,"date":"2020-12-18T08:35:33","date_gmt":"2020-12-18T07:35:33","guid":{"rendered":"https:\/\/blogsaverroes.juntadeandalucia.es\/pre\/plantilla-pencil\/?page_id=831"},"modified":"2021-11-28T20:32:09","modified_gmt":"2021-11-28T19:32:09","slug":"plandeigualdaddegenero","status":"publish","type":"page","link":"https:\/\/blogsaverroes.juntadeandalucia.es\/franciscoayala\/plandeigualdaddegenero\/","title":{"rendered":"Plan de Igualdad de G\u00e9nero"},"content":{"rendered":"<p>[et_pb_section fb_built=&#8221;1&#8243; _builder_version=&#8221;3.23.3&#8243; custom_padding=&#8221;0px||0px|&#8221; z_index_tablet=&#8221;500&#8243; box_shadow_horizontal_tablet=&#8221;0px&#8221; box_shadow_vertical_tablet=&#8221;0px&#8221; box_shadow_blur_tablet=&#8221;40px&#8221; box_shadow_spread_tablet=&#8221;0px&#8221;][et_pb_row _builder_version=&#8221;3.25&#8243; background_size=&#8221;initial&#8221; background_position=&#8221;top_left&#8221; background_repeat=&#8221;repeat&#8221;][et_pb_column type=&#8221;4_4&#8243; _builder_version=&#8221;3.25&#8243; custom_padding=&#8221;|||&#8221; custom_padding__hover=&#8221;|||&#8221;][et_pb_image src=&#8221;https:\/\/blogsaverroes.juntadeandalucia.es\/franciscoayala\/files\/2021\/11\/IMG-20211125-WA0021.jpg&#8221; title_text=&#8221;IMG-20211125-WA0021&#8243; align=&#8221;center&#8221; admin_label=&#8221;Imagen de la portada&#8221; _builder_version=&#8221;4.5.0&#8243; z_index_tablet=&#8221;500&#8243; box_shadow_horizontal_tablet=&#8221;0px&#8221; box_shadow_vertical_tablet=&#8221;0px&#8221; box_shadow_blur_tablet=&#8221;40px&#8221; box_shadow_spread_tablet=&#8221;0px&#8221;][\/et_pb_image][et_pb_text admin_label=&#8221;Texto descriptivo&#8221; _builder_version=&#8221;4.5.0&#8243; z_index_tablet=&#8221;500&#8243; text_text_shadow_horizontal_length_tablet=&#8221;0px&#8221; text_text_shadow_vertical_length_tablet=&#8221;0px&#8221; text_text_shadow_blur_strength_tablet=&#8221;1px&#8221; link_text_shadow_horizontal_length_tablet=&#8221;0px&#8221; link_text_shadow_vertical_length_tablet=&#8221;0px&#8221; link_text_shadow_blur_strength_tablet=&#8221;1px&#8221; ul_text_shadow_horizontal_length_tablet=&#8221;0px&#8221; ul_text_shadow_vertical_length_tablet=&#8221;0px&#8221; ul_text_shadow_blur_strength_tablet=&#8221;1px&#8221; ol_text_shadow_horizontal_length_tablet=&#8221;0px&#8221; ol_text_shadow_vertical_length_tablet=&#8221;0px&#8221; ol_text_shadow_blur_strength_tablet=&#8221;1px&#8221; quote_text_shadow_horizontal_length_tablet=&#8221;0px&#8221; quote_text_shadow_vertical_length_tablet=&#8221;0px&#8221; quote_text_shadow_blur_strength_tablet=&#8221;1px&#8221; header_text_shadow_horizontal_length_tablet=&#8221;0px&#8221; header_text_shadow_vertical_length_tablet=&#8221;0px&#8221; header_text_shadow_blur_strength_tablet=&#8221;1px&#8221; header_2_text_shadow_horizontal_length_tablet=&#8221;0px&#8221; header_2_text_shadow_vertical_length_tablet=&#8221;0px&#8221; header_2_text_shadow_blur_strength_tablet=&#8221;1px&#8221; header_3_text_shadow_horizontal_length_tablet=&#8221;0px&#8221; header_3_text_shadow_vertical_length_tablet=&#8221;0px&#8221; header_3_text_shadow_blur_strength_tablet=&#8221;1px&#8221; header_4_text_shadow_horizontal_length_tablet=&#8221;0px&#8221; header_4_text_shadow_vertical_length_tablet=&#8221;0px&#8221; header_4_text_shadow_blur_strength_tablet=&#8221;1px&#8221; header_5_text_shadow_horizontal_length_tablet=&#8221;0px&#8221; header_5_text_shadow_vertical_length_tablet=&#8221;0px&#8221; header_5_text_shadow_blur_strength_tablet=&#8221;1px&#8221; header_6_text_shadow_horizontal_length_tablet=&#8221;0px&#8221; header_6_text_shadow_vertical_length_tablet=&#8221;0px&#8221; header_6_text_shadow_blur_strength_tablet=&#8221;1px&#8221; box_shadow_horizontal_tablet=&#8221;0px&#8221; box_shadow_vertical_tablet=&#8221;0px&#8221; box_shadow_blur_tablet=&#8221;40px&#8221; box_shadow_spread_tablet=&#8221;0px&#8221;]<\/p>\n<h2 style=\"text-align: justify\">PLAN DE IGUALDAD<\/h2>\n<p style=\"text-align: justify\">Cuando hablamos de igualdad de g\u00e9nero los centros educativos tenemos un papel decisivo en tareas como la prevenci\u00f3n, la detecci\u00f3n temprana de casos de violencia dom\u00e9stica y maltrato infantil y en la sensibilizaci\u00f3n de todos y cada uno de los miembros de la Comunidad Educativa.\u00a0<\/p>\n<p style=\"text-align: justify\">El Plan de Igualdad de G\u00e9nero de nuestro centro educativo se enmarca dentro de las actuaciones de desarrollo del <strong>Plan de Orientaci\u00f3n y Acci\u00f3n Tutorial, <\/strong>siendo \u00e9ste el instrumento pedag\u00f3gico-did\u00e1ctico que articula, a medio y largo plazo el conjunto de actuaciones del equipo docente de un centro educativo, en coherencia con las Finalidades Educativas del mismo. Incluye aquellas relativas a la promoci\u00f3n de la Cultura de Paz y mejora de la convivencia de los centros.<\/p>\n<p style=\"text-align: justify\">Pincha a continuaci\u00f3n y podr\u00e1s acceder<a href=\"https:\/\/drive.google.com\/file\/d\/11DkvipiaWjN-W0H9rkOSjTunIDLdJON8\/view?usp=sharing\">\u00a0al Plan de Igualdad de G\u00e9nero <\/a>el CEIP Francisco Ayala de Iznalloz.<\/p>\n<p>[\/et_pb_text][\/et_pb_column][\/et_pb_row][\/et_pb_section]<\/p>\n","protected":false},"excerpt":{"rendered":"<p>PLAN DE IGUALDAD Cuando hablamos de igualdad de g\u00e9nero los centros educativos tenemos un papel decisivo en tareas como la prevenci\u00f3n, la detecci\u00f3n temprana de casos de violencia dom\u00e9stica y maltrato infantil y en la sensibilizaci\u00f3n de todos y cada uno de los miembros de la Comunidad Educativa.\u00a0 El Plan de Igualdad de G\u00e9nero de [&hellip;]<\/p>\n","protected":false},"author":12238,"featured_media":0,"parent":0,"menu_order":0,"comment_status":"closed","ping_status":"closed","template":"","meta":{"_et_pb_use_builder":"on","_et_pb_old_content":"","_et_gb_content_width":"","ngg_post_thumbnail":0,"footnotes":""},"aioseo_notices":[],"_links":{"self":[{"href":"https:\/\/blogsaverroes.juntadeandalucia.es\/franciscoayala\/wp-json\/wp\/v2\/pages\/831"}],"collection":[{"href":"https:\/\/blogsaverroes.juntadeandalucia.es\/franciscoayala\/wp-json\/wp\/v2\/pages"}],"about":[{"href":"https:\/\/blogsaverroes.juntadeandalucia.es\/franciscoayala\/wp-json\/wp\/v2\/types\/page"}],"author":[{"embeddable":true,"href":"https:\/\/blogsaverroes.juntadeandalucia.es\/franciscoayala\/wp-json\/wp\/v2\/users\/12238"}],"replies":[{"embeddable":true,"href":"https:\/\/blogsaverroes.juntadeandalucia.es\/franciscoayala\/wp-json\/wp\/v2\/comments?post=831"}],"version-history":[{"count":4,"href":"https:\/\/blogsaverroes.juntadeandalucia.es\/franciscoayala\/wp-json\/wp\/v2\/pages\/831\/revisions"}],"predecessor-version":[{"id":1172,"href":"https:\/\/blogsaverroes.juntadeandalucia.es\/franciscoayala\/wp-json\/wp\/v2\/pages\/831\/revisions\/1172"}],"wp:attachment":[{"href":"https:\/\/blogsaverroes.juntadeandalucia.es\/franciscoayala\/wp-json\/wp\/v2\/media?parent=831"}],"curies":[{"name":"wp","href":"https:\/\/api.w.org\/{rel}","templated":true}]}}