{"id":840,"date":"2020-12-18T08:38:52","date_gmt":"2020-12-18T07:38:52","guid":{"rendered":"https:\/\/blogsaverroes.juntadeandalucia.es\/pre\/plantilla-pencil\/?page_id=840"},"modified":"2021-10-07T11:56:09","modified_gmt":"2021-10-07T10:56:09","slug":"ampa","status":"publish","type":"page","link":"https:\/\/blogsaverroes.juntadeandalucia.es\/franciscoayala\/ampa\/","title":{"rendered":"AMPA"},"content":{"rendered":"<p>[et_pb_section fb_built=&#8221;1&#8243; _builder_version=&#8221;3.23.3&#8243; custom_padding=&#8221;0px||0px|&#8221; hover_enabled=&#8221;0&#8243; z_index_tablet=&#8221;500&#8243; box_shadow_horizontal_tablet=&#8221;0px&#8221; box_shadow_vertical_tablet=&#8221;0px&#8221; box_shadow_blur_tablet=&#8221;40px&#8221; box_shadow_spread_tablet=&#8221;0px&#8221;][et_pb_row _builder_version=&#8221;3.25&#8243; background_size=&#8221;initial&#8221; background_position=&#8221;top_left&#8221; background_repeat=&#8221;repeat&#8221;][et_pb_column type=&#8221;4_4&#8243; _builder_version=&#8221;3.25&#8243; custom_padding=&#8221;|||&#8221; custom_padding__hover=&#8221;|||&#8221;][et_pb_image src=&#8221;https:\/\/blogsaverroes.juntadeandalucia.es\/franciscoayala\/files\/2021\/10\/Logo-AMPA_page-0001.jpg&#8221; title_text=&#8221;Logo AMPA_page-0001&#8243; admin_label=&#8221;Imagen de la portada&#8221; _builder_version=&#8221;4.5.0&#8243; z_index_tablet=&#8221;500&#8243; box_shadow_horizontal_tablet=&#8221;0px&#8221; box_shadow_vertical_tablet=&#8221;0px&#8221; box_shadow_blur_tablet=&#8221;40px&#8221; box_shadow_spread_tablet=&#8221;0px&#8221;][\/et_pb_image][et_pb_text admin_label=&#8221;Texto descriptivo&#8221; _builder_version=&#8221;4.5.0&#8243; z_index_tablet=&#8221;500&#8243; text_text_shadow_horizontal_length_tablet=&#8221;0px&#8221; text_text_shadow_vertical_length_tablet=&#8221;0px&#8221; text_text_shadow_blur_strength_tablet=&#8221;1px&#8221; link_text_shadow_horizontal_length_tablet=&#8221;0px&#8221; link_text_shadow_vertical_length_tablet=&#8221;0px&#8221; link_text_shadow_blur_strength_tablet=&#8221;1px&#8221; ul_text_shadow_horizontal_length_tablet=&#8221;0px&#8221; ul_text_shadow_vertical_length_tablet=&#8221;0px&#8221; ul_text_shadow_blur_strength_tablet=&#8221;1px&#8221; ol_text_shadow_horizontal_length_tablet=&#8221;0px&#8221; ol_text_shadow_vertical_length_tablet=&#8221;0px&#8221; ol_text_shadow_blur_strength_tablet=&#8221;1px&#8221; quote_text_shadow_horizontal_length_tablet=&#8221;0px&#8221; quote_text_shadow_vertical_length_tablet=&#8221;0px&#8221; quote_text_shadow_blur_strength_tablet=&#8221;1px&#8221; header_text_shadow_horizontal_length_tablet=&#8221;0px&#8221; header_text_shadow_vertical_length_tablet=&#8221;0px&#8221; header_text_shadow_blur_strength_tablet=&#8221;1px&#8221; header_2_text_shadow_horizontal_length_tablet=&#8221;0px&#8221; header_2_text_shadow_vertical_length_tablet=&#8221;0px&#8221; header_2_text_shadow_blur_strength_tablet=&#8221;1px&#8221; header_3_text_shadow_horizontal_length_tablet=&#8221;0px&#8221; header_3_text_shadow_vertical_length_tablet=&#8221;0px&#8221; header_3_text_shadow_blur_strength_tablet=&#8221;1px&#8221; header_4_text_shadow_horizontal_length_tablet=&#8221;0px&#8221; header_4_text_shadow_vertical_length_tablet=&#8221;0px&#8221; header_4_text_shadow_blur_strength_tablet=&#8221;1px&#8221; header_5_text_shadow_horizontal_length_tablet=&#8221;0px&#8221; header_5_text_shadow_vertical_length_tablet=&#8221;0px&#8221; header_5_text_shadow_blur_strength_tablet=&#8221;1px&#8221; header_6_text_shadow_horizontal_length_tablet=&#8221;0px&#8221; header_6_text_shadow_vertical_length_tablet=&#8221;0px&#8221; header_6_text_shadow_blur_strength_tablet=&#8221;1px&#8221; box_shadow_horizontal_tablet=&#8221;0px&#8221; box_shadow_vertical_tablet=&#8221;0px&#8221; box_shadow_blur_tablet=&#8221;40px&#8221; box_shadow_spread_tablet=&#8221;0px&#8221;]<\/p>\n<h2>AMPA<\/h2>\n<p style=\"text-align: justify\">Las asociaciones de madres y padres del alumnado son un cauce fundamental para posibilitar la participaci\u00f3n de las familias o tutores del alumnado, en su caso, en las actividades de los centros docentes. Para ello tendr\u00e1n aquellas finalidades que se fijen en sus estatutos, dentro de las siguientes:<\/p>\n<ul>\n<li style=\"text-align: justify\">Asistir a los padres, madres o tutores legales en todo aquello que concierne a la educaci\u00f3n de sus hijos e hijas o pupilos.<\/li>\n<li style=\"text-align: justify\">Colaborar en las actividades educativas de los centros, y en las actividades complementarias y extraescolares de los mismos.<\/li>\n<li style=\"text-align: justify\">Organizar actividades culturales y deportivas.<\/li>\n<li style=\"text-align: justify\">Promover la participaci\u00f3n de los padres, madres o tutores del alumnado en la gesti\u00f3n del Centro.<\/li>\n<li>Asistir a los padres, madres o tutores legales del alumnado en el ejercicio de su derecho a intervenir en el control y gesti\u00f3n de los centros sostenidos con fondos p\u00fablicos.<\/li>\n<li>Facilitar la representaci\u00f3n y participaci\u00f3n de los padres, madres o tutores legales del alumnado en los Consejos Escolares de los centros sostenidos con fondos p\u00fablicos, para lo cual podr\u00e1n presentar candidaturas en los correspondientes procesos electorales.<\/li>\n<li>Promover el desarrollo de programas de Educaci\u00f3n Familiar.<\/li>\n<li>Representar a los padres, madres o tutores asociados a las mismas ante las instancias educativas y otros organismos.<\/li>\n<\/ul>\n<p>Desde el CEIP Francisco Ayala animamos a todas las familias a asociarse y pertenecer al<strong> AMPA &#8220;Diego de Silo\u00e9&#8221;<\/strong> ya que es uno de los cauces de participaci\u00f3n en la vida del centro y una de las grandes v\u00edas de comunicaci\u00f3n familia-escuela.<\/p>\n<p>\u00a1An\u00edmate y participa!<\/p>\n<p>[\/et_pb_text][\/et_pb_column][\/et_pb_row][\/et_pb_section]<\/p>\n","protected":false},"excerpt":{"rendered":"<p>AMPA Las asociaciones de madres y padres del alumnado son un cauce fundamental para posibilitar la participaci\u00f3n de las familias o tutores del alumnado, en su caso, en las actividades de los centros docentes. Para ello tendr\u00e1n aquellas finalidades que se fijen en sus estatutos, dentro de las siguientes: Asistir a los padres, madres o [&hellip;]<\/p>\n","protected":false},"author":12238,"featured_media":0,"parent":0,"menu_order":0,"comment_status":"closed","ping_status":"closed","template":"","meta":{"_et_pb_use_builder":"on","_et_pb_old_content":"","_et_gb_content_width":"","ngg_post_thumbnail":0,"footnotes":""},"aioseo_notices":[],"_links":{"self":[{"href":"https:\/\/blogsaverroes.juntadeandalucia.es\/franciscoayala\/wp-json\/wp\/v2\/pages\/840"}],"collection":[{"href":"https:\/\/blogsaverroes.juntadeandalucia.es\/franciscoayala\/wp-json\/wp\/v2\/pages"}],"about":[{"href":"https:\/\/blogsaverroes.juntadeandalucia.es\/franciscoayala\/wp-json\/wp\/v2\/types\/page"}],"author":[{"embeddable":true,"href":"https:\/\/blogsaverroes.juntadeandalucia.es\/franciscoayala\/wp-json\/wp\/v2\/users\/12238"}],"replies":[{"embeddable":true,"href":"https:\/\/blogsaverroes.juntadeandalucia.es\/franciscoayala\/wp-json\/wp\/v2\/comments?post=840"}],"version-history":[{"count":3,"href":"https:\/\/blogsaverroes.juntadeandalucia.es\/franciscoayala\/wp-json\/wp\/v2\/pages\/840\/revisions"}],"predecessor-version":[{"id":1074,"href":"https:\/\/blogsaverroes.juntadeandalucia.es\/franciscoayala\/wp-json\/wp\/v2\/pages\/840\/revisions\/1074"}],"wp:attachment":[{"href":"https:\/\/blogsaverroes.juntadeandalucia.es\/franciscoayala\/wp-json\/wp\/v2\/media?parent=840"}],"curies":[{"name":"wp","href":"https:\/\/api.w.org\/{rel}","templated":true}]}}