{"id":147,"date":"2022-04-05T12:41:10","date_gmt":"2022-04-05T10:41:10","guid":{"rendered":"https:\/\/blogsaverroes.juntadeandalucia.es\/franlubache\/?page_id=147"},"modified":"2024-03-13T20:33:09","modified_gmt":"2024-03-13T19:33:09","slug":"formaciones","status":"publish","type":"page","link":"https:\/\/blogsaverroes.juntadeandalucia.es\/franlubache\/formaciones\/","title":{"rendered":"FORMACIONES"},"content":{"rendered":"<p>&nbsp;<\/p>\n<p><strong>Formaci\u00f3n LOMLOE y cuaderno de S\u00e9neca<\/strong><\/p>\n<table style=\"height: 520px;width: 100%;border-collapse: collapse;border-style: solid;border-color: #000000;background-color: #ffffff\" border=\"1\" cellpadding=\"1\">\n<tbody>\n<tr style=\"height: 24px\">\n<td style=\"width: 16.6667%;height: 24px;text-align: center\"><strong>SESI\u00d3N 1<\/strong><\/td>\n<td style=\"width: 16.6667%;height: 24px;text-align: center\"><strong>SESI\u00d3N 2<\/strong><\/td>\n<td style=\"width: 16.6667%;height: 24px;text-align: center\"><strong>SESI\u00d3N 3<\/strong><\/td>\n<td style=\"width: 16.6667%;height: 24px;text-align: center\"><strong>SESI\u00d3N 4<\/strong><\/td>\n<\/tr>\n<tr style=\"height: 56px\">\n<td style=\"width: 16.6667%;height: 56px\">\n<p style=\"text-align: center\"><strong>Presentaci\u00f3n<\/strong><\/p>\n<p style=\"text-align: center\"><strong><a href=\"https:\/\/blogsaverroes.juntadeandalucia.es\/franlubache\/files\/2024\/01\/1\u00aa-sesi\u00f3n-Curso-cuaderno-de-S\u00e9neca-y-LOMLOE-CEIP-Guadalquivir.pdf\">1\u00aa sesi\u00f3n F. C. cuaderno de S\u00e9neca y LOMLOE<\/a><\/strong><\/p>\n<\/td>\n<td style=\"width: 16.6667%;height: 56px;text-align: center\"><strong>Presentaci\u00f3n<\/strong><\/p>\n<p><strong><a href=\"https:\/\/blogsaverroes.juntadeandalucia.es\/franlubache\/files\/2024\/02\/2\u00aa-sesi\u00f3n-Curso-cuaderno-de-S\u00e9neca-y-LOMLOE-2024.pdf\">2\u00aa sesi\u00f3n F. C. cuaderno de S\u00e9neca y LOMLOE<\/a><\/strong><\/td>\n<td style=\"width: 16.6667%;height: 56px;text-align: center\"><strong>Presentaci\u00f3n<\/strong><\/p>\n<p><strong><a href=\"https:\/\/blogsaverroes.juntadeandalucia.es\/franlubache\/files\/2024\/02\/3\u00aa-sesi\u00f3n-Curso-cuaderno-de-S\u00e9neca-y-LOMLOE-2024.pptx.pdf\">3\u00aa sesi\u00f3n Curso cuaderno de S\u00e9neca y LOMLOE 2024<\/a><\/strong><\/td>\n<td style=\"width: 16.6667%;height: 56px;text-align: center\">&nbsp;<\/td>\n<\/tr>\n<tr style=\"height: 24px\">\n<td style=\"width: 16.6667%;height: 24px\">\n<p style=\"text-align: center\"><strong><a href=\"https:\/\/docs.google.com\/forms\/d\/e\/1FAIpQLSfrgPXOrYUZb9-hbZROUKPBjT6DAfft8OJ5vi8jeb8AsK-W-w\/viewform\" target=\"_blank\" rel=\"noopener noreferrer\">Din\u00e1mica 1-Foto del centro<\/a><\/strong><\/p>\n<p style=\"text-align: center\"><strong>(formulario)<\/strong><\/p>\n<\/td>\n<td style=\"height: 24px;width: 16.6667%\">\n<p style=\"text-align: center\"><strong>Plantillas para programaciones anuales:<\/strong><\/p>\n<p style=\"text-align: center\"><strong>INFANTIL<\/strong><\/p>\n<p style=\"text-align: center\"><strong><a href=\"https:\/\/blogsaverroes.juntadeandalucia.es\/franlubache\/files\/2024\/02\/Plantilla-para-programaciones-anuales-en-S\u00e9neca-infantil.docx\">Plantilla para programaciones anuales en S\u00e9neca infantil<\/a><\/strong><\/p>\n<p style=\"text-align: center\"><strong>PRIMARIA<\/strong><\/p>\n<p style=\"text-align: center\"><strong><a href=\"https:\/\/blogsaverroes.juntadeandalucia.es\/franlubache\/files\/2024\/02\/Plantilla-para-programaciones-anuales-en-S\u00e9neca-primaria.docx\">Plantilla para programaciones anuales en S\u00e9neca primaria<\/a><\/strong><\/p>\n<\/td>\n<td style=\"height: 24px;width: 16.6667%;text-align: center\"><strong><a href=\"https:\/\/drive.google.com\/drive\/folders\/1yYfFnHvtOq-ddliOgjhOZ1u2Eh_Iq07M\" target=\"_blank\" rel=\"noopener noreferrer\">Repositorio de situaciones de aprendizaje CEP Jerez<\/a><\/strong><\/td>\n<td style=\"height: 24px;width: 16.6667%;text-align: center\"><strong><a href=\"https:\/\/blogsaverroes.juntadeandalucia.es\/franlubache\/files\/2023\/11\/Din\u00e1mica-1-sesi\u00f3n-4-formaci\u00f3n-LOMLOE-y-cuaderno-de-S\u00e9neca.docx\">Din\u00e1mica 1 sesi\u00f3n 4 formaci\u00f3n LOMLOE y cuaderno de S\u00e9neca<\/a><\/strong><\/td>\n<\/tr>\n<tr style=\"height: 80px\">\n<td style=\"width: 16.6667%;height: 80px\">\n<p style=\"text-align: center\"><a href=\"https:\/\/franluis.es\/lomloe\/lomloe-cuaderno-seneca.html\" target=\"_blank\" rel=\"noopener noreferrer\"><strong>Din\u00e1mica 2-Actividad interactiva<\/strong><\/a><\/p>\n<\/td>\n<td style=\"width: 16.6667%;height: 80px;text-align: center\"><strong>Din\u00e1mica 1:<\/strong><\/p>\n<p><strong>Producto final<\/strong><\/p>\n<p><strong><a href=\"https:\/\/blogsaverroes.juntadeandalucia.es\/franlubache\/files\/2023\/11\/Din\u00e1mica-1-Sesi\u00f3n-2-SDA.docx\">Din\u00e1mica 1 Sesi\u00f3n 2 SDA<\/a><\/strong><\/td>\n<td style=\"width: 16.6667%;height: 80px;text-align: center\"><strong><a href=\"https:\/\/www.juntadeandalucia.es\/educacion\/portals\/web\/transformacion-digital-educativa\/rea\/primaria\" target=\"_blank\" rel=\"noopener noreferrer\">Proyecto REA\/DUA<\/a><\/strong><\/td>\n<td style=\"width: 16.6667%;height: 80px\">&nbsp;<\/td>\n<\/tr>\n<tr style=\"height: 80px\">\n<td style=\"width: 16.6667%;height: 80px\">\n<p style=\"text-align: center\"><strong><a href=\"https:\/\/1drv.ms\/b\/s!AnTSPj6YYWTAh9teE69fQFA6ATVI1A?e=xpZSfK\" target=\"_blank\" rel=\"noopener noreferrer\">Din\u00e1mica 3-An\u00e1lisis de la competencia espec\u00edfica<\/a><\/strong><\/p>\n<\/td>\n<td style=\"width: 16.6667%;height: 80px\">\n<p style=\"text-align: center\"><strong>Din\u00e1mica 2:<\/strong><\/p>\n<p style=\"text-align: center\"><strong><a href=\"https:\/\/1drv.ms\/w\/s!AnTSPj6YYWTAh9w9GJXyvx_wsmCMkA?e=FehPHr\" target=\"_blank\" rel=\"noopener noreferrer\">Secuencia did\u00e1ctica<\/a><\/strong><\/p>\n<p style=\"text-align: center\"><strong><a href=\"https:\/\/docs.google.com\/document\/d\/1jEUp4vCfZxRt0sY-acIV5CAjuR3oO3Pfd9o-JJJeDEI\/edit\" target=\"_blank\" rel=\"noopener noreferrer\">Ejemplo de secuencia did\u00e1ctica<\/a><\/strong><\/p>\n<\/td>\n<td style=\"width: 16.6667%;height: 80px;text-align: center\"><strong><a href=\"https:\/\/blogsaverroes.juntadeandalucia.es\/franlubache\/files\/2023\/11\/Formato-temporalizaci\u00f3n-curso-2023-24.zip\">Formato temporalizaci\u00f3n curso 2023-24<\/a><\/strong><\/td>\n<td style=\"width: 16.6667%;height: 80px\">&nbsp;<\/td>\n<\/tr>\n<tr style=\"height: 120px\">\n<td style=\"width: 16.6667%;height: 120px\">\n<p style=\"text-align: center\"><strong><a href=\"https:\/\/1drv.ms\/w\/s!AnTSPj6YYWTAh9wZVIWMnd7MxcripQ?e=Fu4piC\" target=\"_blank\" rel=\"noopener noreferrer\">Din\u00e1mica 4-Mapa de relaciones curriculares<\/a><\/strong><\/p>\n<p>&nbsp;<\/td>\n<td style=\"width: 16.6667%;height: 120px\">&nbsp;<\/td>\n<td style=\"width: 16.6667%;height: 120px\">&nbsp;<\/td>\n<td style=\"width: 16.6667%;height: 120px\">&nbsp;<\/td>\n<\/tr>\n<tr style=\"height: 136px\">\n<td style=\"width: 16.6667%;height: 136px\">\n<p style=\"text-align: center\"><strong>ENLACES DE INTER\u00c9S:<\/strong><\/p>\n<\/td>\n<td style=\"width: 16.6667%;height: 136px\">\n<p style=\"text-align: center\"><strong>ENLACES DE INTER\u00c9S:<\/strong><\/p>\n<p style=\"text-align: center\"><strong><a href=\"https:\/\/drive.google.com\/drive\/folders\/1yYfFnHvtOq-ddliOgjhOZ1u2Eh_Iq07M\" target=\"_blank\" rel=\"noopener noreferrer\">Repositorio SDAs CEP Jerez<\/a><\/strong><\/p>\n<p style=\"text-align: center\"><strong><a href=\"https:\/\/www.juntadeandalucia.es\/educacion\/portals\/web\/transformacion-digital-educativa\/rea\/primaria\" target=\"_blank\" rel=\"noopener noreferrer\">Proyecto REA\/DUA<\/a><\/strong><\/p>\n<\/td>\n<td style=\"width: 16.6667%;height: 136px\">&nbsp;<\/td>\n<td style=\"width: 16.6667%;height: 136px\">&nbsp;<\/td>\n<\/tr>\n<\/tbody>\n<\/table>\n<p>Crear actividad evaluable Infantil en cuaderno de S\u00e9neca<\/p>\n<div style=\"width: 1920px;\" class=\"wp-video\"><!--[if lt IE 9]><script>document.createElement('video');<\/script><![endif]-->\n<video class=\"wp-video-shortcode\" id=\"video-147-1\" width=\"1920\" height=\"1080\" preload=\"metadata\" controls=\"controls\"><source type=\"video\/mp4\" src=\"https:\/\/blogsaverroes.juntadeandalucia.es\/franlubache\/files\/2024\/01\/Crear-actividad-evaluable-Infantil-en-cuaderno-de-S\u00e9neca.mp4?_=1\" \/><a href=\"https:\/\/blogsaverroes.juntadeandalucia.es\/franlubache\/files\/2024\/01\/Crear-actividad-evaluable-Infantil-en-cuaderno-de-S\u00e9neca.mp4\">https:\/\/blogsaverroes.juntadeandalucia.es\/franlubache\/files\/2024\/01\/Crear-actividad-evaluable-Infantil-en-cuaderno-de-S\u00e9neca.mp4<\/a><\/video><\/div>\n<p>&nbsp;<\/p>\n<p>&nbsp;<\/p>\n<p>Crear actividad evaluable Primaria en cuaderno de S\u00e9neca<\/p>\n<div style=\"width: 1920px;\" class=\"wp-video\"><video class=\"wp-video-shortcode\" id=\"video-147-2\" width=\"1920\" height=\"1080\" preload=\"metadata\" controls=\"controls\"><source type=\"video\/mp4\" src=\"https:\/\/blogsaverroes.juntadeandalucia.es\/franlubache\/files\/2024\/01\/Crear-actividad-evaluable-Primaria-en-cuaderno-de-S\u00e9neca.mp4?_=2\" \/><a href=\"https:\/\/blogsaverroes.juntadeandalucia.es\/franlubache\/files\/2024\/01\/Crear-actividad-evaluable-Primaria-en-cuaderno-de-S\u00e9neca.mp4\">https:\/\/blogsaverroes.juntadeandalucia.es\/franlubache\/files\/2024\/01\/Crear-actividad-evaluable-Primaria-en-cuaderno-de-S\u00e9neca.mp4<\/a><\/video><\/div>\n<p>&nbsp;<\/p>\n<p>Calificaci\u00f3n del cuaderno a la evaluaci\u00f3n trimestral<\/p>\n<div style=\"width: 1920px;\" class=\"wp-video\"><video class=\"wp-video-shortcode\" id=\"video-147-3\" width=\"1920\" height=\"1080\" preload=\"metadata\" controls=\"controls\"><source type=\"video\/mp4\" src=\"https:\/\/blogsaverroes.juntadeandalucia.es\/franlubache\/files\/2024\/01\/Calificaci\u00f3n-del-cuaderno-a-la-evaluaci\u00f3n-trimestral.mp4?_=3\" \/><a href=\"https:\/\/blogsaverroes.juntadeandalucia.es\/franlubache\/files\/2024\/01\/Calificaci\u00f3n-del-cuaderno-a-la-evaluaci\u00f3n-trimestral.mp4\">https:\/\/blogsaverroes.juntadeandalucia.es\/franlubache\/files\/2024\/01\/Calificaci\u00f3n-del-cuaderno-a-la-evaluaci\u00f3n-trimestral.mp4<\/a><\/video><\/div>\n","protected":false},"excerpt":{"rendered":"<p>&nbsp; Formaci\u00f3n LOMLOE y cuaderno de S\u00e9neca SESI\u00d3N 1 SESI\u00d3N 2 SESI\u00d3N 3 SESI\u00d3N 4 Presentaci\u00f3n 1\u00aa sesi\u00f3n F. C. cuaderno de S\u00e9neca y&#46;&#46;&#46;<\/p>\n","protected":false},"author":516,"featured_media":0,"parent":0,"menu_order":0,"comment_status":"closed","ping_status":"closed","template":"","meta":{"ngg_post_thumbnail":0,"footnotes":""},"aioseo_notices":[],"_links":{"self":[{"href":"https:\/\/blogsaverroes.juntadeandalucia.es\/franlubache\/wp-json\/wp\/v2\/pages\/147"}],"collection":[{"href":"https:\/\/blogsaverroes.juntadeandalucia.es\/franlubache\/wp-json\/wp\/v2\/pages"}],"about":[{"href":"https:\/\/blogsaverroes.juntadeandalucia.es\/franlubache\/wp-json\/wp\/v2\/types\/page"}],"author":[{"embeddable":true,"href":"https:\/\/blogsaverroes.juntadeandalucia.es\/franlubache\/wp-json\/wp\/v2\/users\/516"}],"replies":[{"embeddable":true,"href":"https:\/\/blogsaverroes.juntadeandalucia.es\/franlubache\/wp-json\/wp\/v2\/comments?post=147"}],"version-history":[{"count":83,"href":"https:\/\/blogsaverroes.juntadeandalucia.es\/franlubache\/wp-json\/wp\/v2\/pages\/147\/revisions"}],"predecessor-version":[{"id":310,"href":"https:\/\/blogsaverroes.juntadeandalucia.es\/franlubache\/wp-json\/wp\/v2\/pages\/147\/revisions\/310"}],"wp:attachment":[{"href":"https:\/\/blogsaverroes.juntadeandalucia.es\/franlubache\/wp-json\/wp\/v2\/media?parent=147"}],"curies":[{"name":"wp","href":"https:\/\/api.w.org\/{rel}","templated":true}]}}