{"id":47,"date":"2023-01-30T12:30:00","date_gmt":"2023-01-30T12:30:00","guid":{"rendered":"https:\/\/blogsaverroes.juntadeandalucia.es\/frantejada\/?page_id=47"},"modified":"2024-11-12T13:19:46","modified_gmt":"2024-11-12T12:19:46","slug":"principal","status":"publish","type":"page","link":"https:\/\/blogsaverroes.juntadeandalucia.es\/frantejada\/","title":{"rendered":"#TDE"},"content":{"rendered":"\t\t<div data-elementor-type=\"wp-page\" data-elementor-id=\"47\" class=\"elementor elementor-47\">\n\t\t\t\t\t\t<section class=\"elementor-section elementor-top-section elementor-element elementor-element-4f1733eb elementor-section-boxed elementor-section-height-default elementor-section-height-default\" data-id=\"4f1733eb\" data-element_type=\"section\">\n\t\t\t\t\t\t<div class=\"elementor-container elementor-column-gap-default\">\n\t\t\t\t\t<div class=\"elementor-column elementor-col-100 elementor-top-column elementor-element elementor-element-2d53a53f\" data-id=\"2d53a53f\" data-element_type=\"column\">\n\t\t\t<div class=\"elementor-widget-wrap elementor-element-populated\">\n\t\t\t\t\t\t<div class=\"elementor-element elementor-element-7ca09e3b elementor-widget elementor-widget-text-editor\" data-id=\"7ca09e3b\" data-element_type=\"widget\" data-widget_type=\"text-editor.default\">\n\t\t\t\t<div class=\"elementor-widget-container\">\n\t\t\t\t\t\t\t\t\t<blockquote><p><span style=\"font-size: 18pt;color: #333399\"><strong><span style=\"color: #333399\">\u00abSi quieres resultados distintos, no hagas siempre lo mismo<\/span>.\u00bb<\/strong> Albert Einstein.<\/span><\/p><\/blockquote><hr \/><h5 id=\"yui_3_17_2_1_1675190561900_30\"><span style=\"font-size: 14pt\">Este espacio servir\u00e1 para centralizar la informaci\u00f3n relacionada con la <strong><span style=\"color: #333399\">Transformaci\u00f3n Digital Educativa<\/span><\/strong> (TDE) en el IES Al \u00c1ndalus. Es una apuesta de la coordinaci\u00f3n TDE para implicar a la mayor parte de la comunidad educativa en este proceso, de forma complementaria y transversal al proceso de ense\u00f1anza-aprendizaje que es nuestra principal finalidad como centro educativo p\u00fablico de calidad.<\/span><\/h5><div>\u00a0<\/div><hr \/>\t\t\t\t\t\t\t\t<\/div>\n\t\t\t\t<\/div>\n\t\t\t\t\t<\/div>\n\t\t<\/div>\n\t\t\t\t\t<\/div>\n\t\t<\/section>\n\t\t\t\t<section class=\"elementor-section elementor-top-section elementor-element elementor-element-9644254 elementor-section-boxed elementor-section-height-default elementor-section-height-default\" data-id=\"9644254\" data-element_type=\"section\">\n\t\t\t\t\t\t<div class=\"elementor-container elementor-column-gap-default\">\n\t\t\t\t\t<div class=\"elementor-column elementor-col-50 elementor-top-column elementor-element elementor-element-81e27dc\" data-id=\"81e27dc\" data-element_type=\"column\">\n\t\t\t<div class=\"elementor-widget-wrap elementor-element-populated\">\n\t\t\t\t\t\t<div class=\"elementor-element elementor-element-cc94747 elementor-widget elementor-widget-video\" data-id=\"cc94747\" data-element_type=\"widget\" data-settings=\"{&quot;youtube_url&quot;:&quot;https:\\\/\\\/www.youtube.com\\\/watch?v=ij2RFtZeTUs&amp;t=3s&quot;,&quot;video_type&quot;:&quot;youtube&quot;,&quot;controls&quot;:&quot;yes&quot;}\" data-widget_type=\"video.default\">\n\t\t\t\t<div class=\"elementor-widget-container\">\n\t\t\t\t\t\t\t<div class=\"elementor-wrapper elementor-open-inline\">\n\t\t\t<div class=\"elementor-video\"><\/div>\t\t<\/div>\n\t\t\t\t\t\t<\/div>\n\t\t\t\t<\/div>\n\t\t\t\t\t<\/div>\n\t\t<\/div>\n\t\t\t\t<div class=\"elementor-column elementor-col-50 elementor-top-column elementor-element elementor-element-4abe968\" data-id=\"4abe968\" data-element_type=\"column\">\n\t\t\t<div class=\"elementor-widget-wrap elementor-element-populated\">\n\t\t\t\t\t\t<div class=\"elementor-element elementor-element-fdd3715 elementor-widget elementor-widget-video\" data-id=\"fdd3715\" data-element_type=\"widget\" data-settings=\"{&quot;youtube_url&quot;:&quot;https:\\\/\\\/www.youtube.com\\\/watch?v=IsOtsNoObAk&amp;t=2s&quot;,&quot;video_type&quot;:&quot;youtube&quot;,&quot;controls&quot;:&quot;yes&quot;}\" data-widget_type=\"video.default\">\n\t\t\t\t<div class=\"elementor-widget-container\">\n\t\t\t\t\t\t\t<div class=\"elementor-wrapper elementor-open-inline\">\n\t\t\t<div class=\"elementor-video\"><\/div>\t\t<\/div>\n\t\t\t\t\t\t<\/div>\n\t\t\t\t<\/div>\n\t\t\t\t\t<\/div>\n\t\t<\/div>\n\t\t\t\t\t<\/div>\n\t\t<\/section>\n\t\t\t\t<\/div>\n\t\t","protected":false},"excerpt":{"rendered":"<p>\u00abSi quieres resultados distintos, no hagas siempre lo mismo.\u00bb Albert Einstein. Este espacio servir\u00e1 para centralizar la informaci\u00f3n relacionada con la Transformaci\u00f3n Digital Educativa (TDE)&hellip;<\/p>\n","protected":false},"author":12697,"featured_media":0,"parent":0,"menu_order":0,"comment_status":"closed","ping_status":"closed","template":"","meta":{"_exactmetrics_skip_tracking":false,"_exactmetrics_sitenote_active":false,"_exactmetrics_sitenote_note":"","_exactmetrics_sitenote_category":0,"ngg_post_thumbnail":0,"footnotes":""},"aioseo_notices":[],"_links":{"self":[{"href":"https:\/\/blogsaverroes.juntadeandalucia.es\/frantejada\/wp-json\/wp\/v2\/pages\/47"}],"collection":[{"href":"https:\/\/blogsaverroes.juntadeandalucia.es\/frantejada\/wp-json\/wp\/v2\/pages"}],"about":[{"href":"https:\/\/blogsaverroes.juntadeandalucia.es\/frantejada\/wp-json\/wp\/v2\/types\/page"}],"author":[{"embeddable":true,"href":"https:\/\/blogsaverroes.juntadeandalucia.es\/frantejada\/wp-json\/wp\/v2\/users\/12697"}],"replies":[{"embeddable":true,"href":"https:\/\/blogsaverroes.juntadeandalucia.es\/frantejada\/wp-json\/wp\/v2\/comments?post=47"}],"version-history":[{"count":58,"href":"https:\/\/blogsaverroes.juntadeandalucia.es\/frantejada\/wp-json\/wp\/v2\/pages\/47\/revisions"}],"predecessor-version":[{"id":618,"href":"https:\/\/blogsaverroes.juntadeandalucia.es\/frantejada\/wp-json\/wp\/v2\/pages\/47\/revisions\/618"}],"wp:attachment":[{"href":"https:\/\/blogsaverroes.juntadeandalucia.es\/frantejada\/wp-json\/wp\/v2\/media?parent=47"}],"curies":[{"name":"wp","href":"https:\/\/api.w.org\/{rel}","templated":true}]}}