{"id":72,"date":"2023-01-30T14:32:41","date_gmt":"2023-01-30T13:32:41","guid":{"rendered":"https:\/\/blogsaverroes.juntadeandalucia.es\/frantejada\/?page_id=72"},"modified":"2023-03-16T23:11:50","modified_gmt":"2023-03-16T22:11:50","slug":"redes-sociales","status":"publish","type":"page","link":"https:\/\/blogsaverroes.juntadeandalucia.es\/frantejada\/redes-sociales\/","title":{"rendered":"Redes Sociales"},"content":{"rendered":"<p>El objetivo de las Redes Sociales en un centro educativo es dar a conocer las actividades que se desarrollan en el centro dentro y fuera del mismo. Todo ello debe hacerse de forma coordinada y coherente intentando priorizar la visibilidad de aquellas actuaciones m\u00e1s relevantes. Para ello, es recomendable seguir una serie de buenas pr\u00e1cticas a la hora de seleccionar y publicar la informaci\u00f3n.<\/p>\n<figure id=\"attachment_451\" aria-describedby=\"caption-attachment-451\" style=\"width: 800px\" class=\"wp-caption aligncenter\"><img fetchpriority=\"high\" decoding=\"async\" class=\"wp-image-451 size-full\" src=\"https:\/\/blogsaverroes.juntadeandalucia.es\/frantejada\/files\/2023\/03\/Infografia-pasos-marketing-digital-tik-tokl-p\u00e1rrafo.png\" alt=\"Infograf\u00eda con pasos para publicar en RRSS\" width=\"800\" height=\"2000\" srcset=\"https:\/\/blogsaverroes.juntadeandalucia.es\/frantejada\/files\/2023\/03\/Infografia-pasos-marketing-digital-tik-tokl-p\u00e1rrafo.png 800w, https:\/\/blogsaverroes.juntadeandalucia.es\/frantejada\/files\/2023\/03\/Infografia-pasos-marketing-digital-tik-tokl-p\u00e1rrafo-120x300.png 120w, https:\/\/blogsaverroes.juntadeandalucia.es\/frantejada\/files\/2023\/03\/Infografia-pasos-marketing-digital-tik-tokl-p\u00e1rrafo-410x1024.png 410w, https:\/\/blogsaverroes.juntadeandalucia.es\/frantejada\/files\/2023\/03\/Infografia-pasos-marketing-digital-tik-tokl-p\u00e1rrafo-768x1920.png 768w, https:\/\/blogsaverroes.juntadeandalucia.es\/frantejada\/files\/2023\/03\/Infografia-pasos-marketing-digital-tik-tokl-p\u00e1rrafo-614x1536.png 614w\" sizes=\"(max-width: 800px) 100vw, 800px\" \/><figcaption id=\"caption-attachment-451\" class=\"wp-caption-text\">Infograf\u00eda elaborada por Mar Paniagua con el uso de la herramienta CANVA. <a href=\"https:\/\/creativecommons.org\/licenses\/by-nc-sa\/4.0\/\" target=\"_blank\" rel=\"noopener noreferrer\">(CC BY-NC-SA)<\/a><\/figcaption><\/figure>\n<p style=\"text-align: center\"><a href=\"https:\/\/blogsaverroes.juntadeandalucia.es\/frantejada\/files\/2023\/03\/Infografia-pasos-marketing-digital-tik-tokl-p\u00e1rrafo.pdf\"><span style=\"font-family: arial, helvetica, sans-serif\">Clic aqu\u00ed para descargar la infograf\u00eda en formato pdf<\/span><\/a><\/p>\n","protected":false},"excerpt":{"rendered":"<p>El objetivo de las Redes Sociales en un centro educativo es dar a conocer las actividades que se desarrollan en el centro dentro y fuera&hellip;<\/p>\n","protected":false},"author":12697,"featured_media":75,"parent":0,"menu_order":0,"comment_status":"closed","ping_status":"closed","template":"","meta":{"_exactmetrics_skip_tracking":false,"_exactmetrics_sitenote_active":false,"_exactmetrics_sitenote_note":"","_exactmetrics_sitenote_category":0,"ngg_post_thumbnail":0,"footnotes":""},"aioseo_notices":[],"_links":{"self":[{"href":"https:\/\/blogsaverroes.juntadeandalucia.es\/frantejada\/wp-json\/wp\/v2\/pages\/72"}],"collection":[{"href":"https:\/\/blogsaverroes.juntadeandalucia.es\/frantejada\/wp-json\/wp\/v2\/pages"}],"about":[{"href":"https:\/\/blogsaverroes.juntadeandalucia.es\/frantejada\/wp-json\/wp\/v2\/types\/page"}],"author":[{"embeddable":true,"href":"https:\/\/blogsaverroes.juntadeandalucia.es\/frantejada\/wp-json\/wp\/v2\/users\/12697"}],"replies":[{"embeddable":true,"href":"https:\/\/blogsaverroes.juntadeandalucia.es\/frantejada\/wp-json\/wp\/v2\/comments?post=72"}],"version-history":[{"count":16,"href":"https:\/\/blogsaverroes.juntadeandalucia.es\/frantejada\/wp-json\/wp\/v2\/pages\/72\/revisions"}],"predecessor-version":[{"id":489,"href":"https:\/\/blogsaverroes.juntadeandalucia.es\/frantejada\/wp-json\/wp\/v2\/pages\/72\/revisions\/489"}],"wp:featuredmedia":[{"embeddable":true,"href":"https:\/\/blogsaverroes.juntadeandalucia.es\/frantejada\/wp-json\/wp\/v2\/media\/75"}],"wp:attachment":[{"href":"https:\/\/blogsaverroes.juntadeandalucia.es\/frantejada\/wp-json\/wp\/v2\/media?parent=72"}],"curies":[{"name":"wp","href":"https:\/\/api.w.org\/{rel}","templated":true}]}}