{"id":720,"date":"2024-09-20T10:49:56","date_gmt":"2024-09-20T08:49:56","guid":{"rendered":"https:\/\/blogsaverroes.juntadeandalucia.es\/frantejada\/?page_id=720"},"modified":"2024-09-20T11:07:09","modified_gmt":"2024-09-20T09:07:09","slug":"punto-tde","status":"publish","type":"page","link":"https:\/\/blogsaverroes.juntadeandalucia.es\/frantejada\/punto-tde\/","title":{"rendered":"Punto TDE"},"content":{"rendered":"\t\t<div data-elementor-type=\"wp-page\" data-elementor-id=\"720\" class=\"elementor elementor-720\">\n\t\t\t\t\t\t<section class=\"elementor-section elementor-top-section elementor-element elementor-element-b9b0246 elementor-section-boxed elementor-section-height-default elementor-section-height-default\" data-id=\"b9b0246\" data-element_type=\"section\">\n\t\t\t\t\t\t<div class=\"elementor-container elementor-column-gap-default\">\n\t\t\t\t\t<div class=\"elementor-column elementor-col-100 elementor-top-column elementor-element elementor-element-34cf023\" data-id=\"34cf023\" data-element_type=\"column\">\n\t\t\t<div class=\"elementor-widget-wrap elementor-element-populated\">\n\t\t\t\t\t\t<div class=\"elementor-element elementor-element-349b9d0 elementor-widget elementor-widget-text-editor\" data-id=\"349b9d0\" data-element_type=\"widget\" data-widget_type=\"text-editor.default\">\n\t\t\t\t<div class=\"elementor-widget-container\">\n\t\t\t\t\t\t\t\t\t<p>Los <strong><span style=\"color: #333399\">Puntos TDE<\/span><\/strong> son los espacios del centro en los que se centralizan los recursos TDE, tanto digitales como f\u00edsicos. En estos Puntos hay carteles con acceso a los principales recursos digitales TDE (mediante c\u00f3digos QR) y se encuentran los carros con dispositivos port\u00e1tiles (ordenadores con SO EducaAndOS y Chromebooks).<\/p>\t\t\t\t\t\t\t\t<\/div>\n\t\t\t\t<\/div>\n\t\t\t\t\t<\/div>\n\t\t<\/div>\n\t\t\t\t\t<\/div>\n\t\t<\/section>\n\t\t\t\t<section class=\"elementor-section elementor-top-section elementor-element elementor-element-8900625 elementor-section-boxed elementor-section-height-default elementor-section-height-default\" data-id=\"8900625\" data-element_type=\"section\">\n\t\t\t\t\t\t<div class=\"elementor-container elementor-column-gap-default\">\n\t\t\t\t\t<div class=\"elementor-column elementor-col-33 elementor-top-column elementor-element elementor-element-f246eeb\" data-id=\"f246eeb\" data-element_type=\"column\">\n\t\t\t<div class=\"elementor-widget-wrap elementor-element-populated\">\n\t\t\t\t\t\t<div class=\"elementor-element elementor-element-f3e6ac7 elementor-widget elementor-widget-image\" data-id=\"f3e6ac7\" data-element_type=\"widget\" data-widget_type=\"image.default\">\n\t\t\t\t<div class=\"elementor-widget-container\">\n\t\t\t\t\t\t\t\t\t\t\t\t<figure class=\"wp-caption\">\n\t\t\t\t\t\t\t\t\t\t\t<a href=\"https:\/\/blogsaverroes.juntadeandalucia.es\/frantejada\/files\/2024\/09\/PlanoPuntosTDE.jpg\" data-elementor-open-lightbox=\"yes\" data-elementor-lightbox-title=\"PlanoPuntosTDE\" data-e-action-hash=\"#elementor-action%3Aaction%3Dlightbox%26settings%3DeyJpZCI6IjcxNiIsInVybCI6Imh0dHBzOlwvXC9ibG9nc2F2ZXJyb2VzLmp1bnRhZGVhbmRhbHVjaWEuZXNcL2ZyYW50ZWphZGFcL2ZpbGVzXC8yMDI0XC8wOVwvUGxhbm9QdW50b3NUREUuanBnIn0%3D\">\n\t\t\t\t\t\t\t<img fetchpriority=\"high\" decoding=\"async\" width=\"786\" height=\"926\" src=\"https:\/\/blogsaverroes.juntadeandalucia.es\/frantejada\/files\/2024\/09\/PlanoPuntosTDE.jpg\" class=\"attachment-large size-large wp-image-716\" alt=\"Plano Puntos TDE\" srcset=\"https:\/\/blogsaverroes.juntadeandalucia.es\/frantejada\/files\/2024\/09\/PlanoPuntosTDE.jpg 786w, https:\/\/blogsaverroes.juntadeandalucia.es\/frantejada\/files\/2024\/09\/PlanoPuntosTDE-255x300.jpg 255w, https:\/\/blogsaverroes.juntadeandalucia.es\/frantejada\/files\/2024\/09\/PlanoPuntosTDE-768x905.jpg 768w\" sizes=\"(max-width: 786px) 100vw, 786px\" \/>\t\t\t\t\t\t\t\t<\/a>\n\t\t\t\t\t\t\t\t\t\t\t<figcaption class=\"widget-image-caption wp-caption-text\">Plano donde se muestra la ubicaci\u00f3n de los Puntos TDE y los recursos TDE.<\/figcaption>\n\t\t\t\t\t\t\t\t\t\t<\/figure>\n\t\t\t\t\t\t\t\t\t<\/div>\n\t\t\t\t<\/div>\n\t\t\t\t\t<\/div>\n\t\t<\/div>\n\t\t\t\t<div class=\"elementor-column elementor-col-33 elementor-top-column elementor-element elementor-element-8705dec\" data-id=\"8705dec\" data-element_type=\"column\">\n\t\t\t<div class=\"elementor-widget-wrap\">\n\t\t\t\t\t\t\t<\/div>\n\t\t<\/div>\n\t\t\t\t<div class=\"elementor-column elementor-col-33 elementor-top-column elementor-element elementor-element-1b13e84\" data-id=\"1b13e84\" data-element_type=\"column\">\n\t\t\t<div class=\"elementor-widget-wrap elementor-element-populated\">\n\t\t\t\t\t\t<div class=\"elementor-element elementor-element-f3ad478 elementor-widget elementor-widget-image\" data-id=\"f3ad478\" data-element_type=\"widget\" data-widget_type=\"image.default\">\n\t\t\t\t<div class=\"elementor-widget-container\">\n\t\t\t\t\t\t\t\t\t\t\t\t<figure class=\"wp-caption\">\n\t\t\t\t\t\t\t\t\t\t\t<a href=\"https:\/\/blogsaverroes.juntadeandalucia.es\/frantejada\/files\/2023\/09\/Punto_TDE.png\" data-elementor-open-lightbox=\"yes\" data-elementor-lightbox-title=\"Punto_TDE\" data-e-action-hash=\"#elementor-action%3Aaction%3Dlightbox%26settings%3DeyJpZCI6IjYwMyIsInVybCI6Imh0dHBzOlwvXC9ibG9nc2F2ZXJyb2VzLmp1bnRhZGVhbmRhbHVjaWEuZXNcL2ZyYW50ZWphZGFcL2ZpbGVzXC8yMDIzXC8wOVwvUHVudG9fVERFLnBuZyJ9\">\n\t\t\t\t\t\t\t<img decoding=\"async\" width=\"724\" height=\"1024\" src=\"https:\/\/blogsaverroes.juntadeandalucia.es\/frantejada\/files\/2023\/09\/Punto_TDE-724x1024.png\" class=\"attachment-large size-large wp-image-603\" alt=\"Cartel Punto TDE\" srcset=\"https:\/\/blogsaverroes.juntadeandalucia.es\/frantejada\/files\/2023\/09\/Punto_TDE-724x1024.png 724w, https:\/\/blogsaverroes.juntadeandalucia.es\/frantejada\/files\/2023\/09\/Punto_TDE-212x300.png 212w, https:\/\/blogsaverroes.juntadeandalucia.es\/frantejada\/files\/2023\/09\/Punto_TDE-768x1086.png 768w, https:\/\/blogsaverroes.juntadeandalucia.es\/frantejada\/files\/2023\/09\/Punto_TDE-1086x1536.png 1086w, https:\/\/blogsaverroes.juntadeandalucia.es\/frantejada\/files\/2023\/09\/Punto_TDE-1448x2048.png 1448w, https:\/\/blogsaverroes.juntadeandalucia.es\/frantejada\/files\/2023\/09\/Punto_TDE.png 1587w\" sizes=\"(max-width: 724px) 100vw, 724px\" \/>\t\t\t\t\t\t\t\t<\/a>\n\t\t\t\t\t\t\t\t\t\t\t<figcaption class=\"widget-image-caption wp-caption-text\">Informaci\u00f3n Punto TDE<\/figcaption>\n\t\t\t\t\t\t\t\t\t\t<\/figure>\n\t\t\t\t\t\t\t\t\t<\/div>\n\t\t\t\t<\/div>\n\t\t\t\t\t<\/div>\n\t\t<\/div>\n\t\t\t\t\t<\/div>\n\t\t<\/section>\n\t\t\t\t<\/div>\n\t\t","protected":false},"excerpt":{"rendered":"<p>Los Puntos TDE son los espacios del centro en los que se centralizan los recursos TDE, tanto digitales como f\u00edsicos. En estos Puntos hay carteles&hellip;<\/p>\n","protected":false},"author":12697,"featured_media":0,"parent":0,"menu_order":0,"comment_status":"closed","ping_status":"closed","template":"","meta":{"_exactmetrics_skip_tracking":false,"_exactmetrics_sitenote_active":false,"_exactmetrics_sitenote_note":"","_exactmetrics_sitenote_category":0,"ngg_post_thumbnail":0,"footnotes":""},"aioseo_notices":[],"_links":{"self":[{"href":"https:\/\/blogsaverroes.juntadeandalucia.es\/frantejada\/wp-json\/wp\/v2\/pages\/720"}],"collection":[{"href":"https:\/\/blogsaverroes.juntadeandalucia.es\/frantejada\/wp-json\/wp\/v2\/pages"}],"about":[{"href":"https:\/\/blogsaverroes.juntadeandalucia.es\/frantejada\/wp-json\/wp\/v2\/types\/page"}],"author":[{"embeddable":true,"href":"https:\/\/blogsaverroes.juntadeandalucia.es\/frantejada\/wp-json\/wp\/v2\/users\/12697"}],"replies":[{"embeddable":true,"href":"https:\/\/blogsaverroes.juntadeandalucia.es\/frantejada\/wp-json\/wp\/v2\/comments?post=720"}],"version-history":[{"count":12,"href":"https:\/\/blogsaverroes.juntadeandalucia.es\/frantejada\/wp-json\/wp\/v2\/pages\/720\/revisions"}],"predecessor-version":[{"id":732,"href":"https:\/\/blogsaverroes.juntadeandalucia.es\/frantejada\/wp-json\/wp\/v2\/pages\/720\/revisions\/732"}],"wp:attachment":[{"href":"https:\/\/blogsaverroes.juntadeandalucia.es\/frantejada\/wp-json\/wp\/v2\/media?parent=720"}],"curies":[{"name":"wp","href":"https:\/\/api.w.org\/{rel}","templated":true}]}}