{"id":771,"date":"2024-11-28T14:18:53","date_gmt":"2024-11-28T13:18:53","guid":{"rendered":"https:\/\/blogsaverroes.juntadeandalucia.es\/frantejada\/?page_id=771"},"modified":"2026-03-10T13:13:26","modified_gmt":"2026-03-10T12:13:26","slug":"kit-digital-profesorado","status":"publish","type":"page","link":"https:\/\/blogsaverroes.juntadeandalucia.es\/frantejada\/kit-digital-profesorado\/","title":{"rendered":"KIT DIGITAL PROFESORADO"},"content":{"rendered":"\t\t<div data-elementor-type=\"wp-page\" data-elementor-id=\"771\" class=\"elementor elementor-771\">\n\t\t\t\t\t\t<section class=\"elementor-section elementor-top-section elementor-element elementor-element-0a2f9e6 elementor-section-boxed elementor-section-height-default elementor-section-height-default\" data-id=\"0a2f9e6\" data-element_type=\"section\">\n\t\t\t\t\t\t<div class=\"elementor-container elementor-column-gap-default\">\n\t\t\t\t\t<div class=\"elementor-column elementor-col-100 elementor-top-column elementor-element elementor-element-a889eab\" data-id=\"a889eab\" data-element_type=\"column\">\n\t\t\t<div class=\"elementor-widget-wrap elementor-element-populated\">\n\t\t\t\t\t\t<div class=\"elementor-element elementor-element-88d7104 elementor-tabs-view-horizontal elementor-widget elementor-widget-tabs\" data-id=\"88d7104\" data-element_type=\"widget\" data-widget_type=\"tabs.default\">\n\t\t\t\t<div class=\"elementor-widget-container\">\n\t\t\t\t\t\t\t<div class=\"elementor-tabs\">\n\t\t\t<div class=\"elementor-tabs-wrapper\" role=\"tablist\" >\n\t\t\t\t\t\t\t\t\t<div id=\"elementor-tab-title-1431\" class=\"elementor-tab-title elementor-tab-desktop-title\" aria-selected=\"true\" data-tab=\"1\" role=\"tab\" tabindex=\"0\" aria-controls=\"elementor-tab-content-1431\" aria-expanded=\"false\">Paneles Digitales<\/div>\n\t\t\t\t\t\t\t\t\t<div id=\"elementor-tab-title-1432\" class=\"elementor-tab-title elementor-tab-desktop-title\" aria-selected=\"false\" data-tab=\"2\" role=\"tab\" tabindex=\"-1\" aria-controls=\"elementor-tab-content-1432\" aria-expanded=\"false\">Moodle Centros<\/div>\n\t\t\t\t\t\t\t\t\t<div id=\"elementor-tab-title-1433\" class=\"elementor-tab-title elementor-tab-desktop-title\" aria-selected=\"false\" data-tab=\"3\" role=\"tab\" tabindex=\"-1\" aria-controls=\"elementor-tab-content-1433\" aria-expanded=\"false\">Correo iesalandalus.org<\/div>\n\t\t\t\t\t\t\t\t\t<div id=\"elementor-tab-title-1434\" class=\"elementor-tab-title elementor-tab-desktop-title\" aria-selected=\"false\" data-tab=\"4\" role=\"tab\" tabindex=\"-1\" aria-controls=\"elementor-tab-content-1434\" aria-expanded=\"false\">Correo g.educaand.es<\/div>\n\t\t\t\t\t\t\t\t\t<div id=\"elementor-tab-title-1435\" class=\"elementor-tab-title elementor-tab-desktop-title\" aria-selected=\"false\" data-tab=\"5\" role=\"tab\" tabindex=\"-1\" aria-controls=\"elementor-tab-content-1435\" aria-expanded=\"false\">Reserva de recursos TDE<\/div>\n\t\t\t\t\t\t\t\t\t<div id=\"elementor-tab-title-1436\" class=\"elementor-tab-title elementor-tab-desktop-title\" aria-selected=\"false\" data-tab=\"6\" role=\"tab\" tabindex=\"-1\" aria-controls=\"elementor-tab-content-1436\" aria-expanded=\"false\">Incidencias TDE<\/div>\n\t\t\t\t\t\t\t<\/div>\n\t\t\t<div class=\"elementor-tabs-content-wrapper\" role=\"tablist\" aria-orientation=\"vertical\">\n\t\t\t\t\t\t\t\t\t<div class=\"elementor-tab-title elementor-tab-mobile-title\" aria-selected=\"true\" data-tab=\"1\" role=\"tab\" tabindex=\"0\" aria-controls=\"elementor-tab-content-1431\" aria-expanded=\"false\">Paneles Digitales<\/div>\n\t\t\t\t\t<div id=\"elementor-tab-content-1431\" class=\"elementor-tab-content elementor-clearfix\" data-tab=\"1\" role=\"tabpanel\" aria-labelledby=\"elementor-tab-title-1431\" tabindex=\"0\" hidden=\"false\"><p><a href=\"https:\/\/view.genially.com\/68bea5c935992996ea404700\/guide-presentacion-pantalla-interactiva\" target=\"_blank\" rel=\"noopener\">Presentaci\u00f3n inicial Paneles Digitales (Septiembre 2025)<\/a><\/p><p><a href=\"https:\/\/www.juntadeandalucia.es\/educacion\/eaprendizaje\/wp-content\/uploads\/2025\/12\/CT_251117_Modulo_02_Paneles.pdf\" target=\"_blank\" rel=\"noopener\">Curso de capacitaci\u00f3n Digital (Diciembre 2025)<\/a><a href=\"https:\/\/view.genially.com\/68bea5c935992996ea404700\/guide-presentacion-pantalla-interactiva\" target=\"_blank\" rel=\"noopener\"><br \/><\/a><\/p><p>\u00a0<\/p><\/div>\n\t\t\t\t\t\t\t\t\t<div class=\"elementor-tab-title elementor-tab-mobile-title\" aria-selected=\"false\" data-tab=\"2\" role=\"tab\" tabindex=\"-1\" aria-controls=\"elementor-tab-content-1432\" aria-expanded=\"false\">Moodle Centros<\/div>\n\t\t\t\t\t<div id=\"elementor-tab-content-1432\" class=\"elementor-tab-content elementor-clearfix\" data-tab=\"2\" role=\"tabpanel\" aria-labelledby=\"elementor-tab-title-1432\" tabindex=\"0\" hidden=\"hidden\"><p><img decoding=\"async\" class=\"wp-image-861 aligncenter\" src=\"https:\/\/blogsaverroes.juntadeandalucia.es\/frantejada\/files\/2025\/09\/LogoMoodle.jpg\" alt=\"\" width=\"197\" height=\"78\" \/><\/p><ul><li><a href=\"https:\/\/educacionadistancia.juntadeandalucia.es\/centros\/almeria\/login\/index.php\" target=\"_blank\" rel=\"noopener\">Accede a\u00a0<\/a><a href=\"https:\/\/educacionadistancia.juntadeandalucia.es\/centros\/almeria\/login\/index.php\" target=\"_blank\" rel=\"noopener\">Moodle Centros Almer\u00eda<\/a><\/li><li><a href=\"https:\/\/blogsaverroes.juntadeandalucia.es\/frantejada\/files\/2025\/09\/Primeros-pasos-en-MOODLE-25_26.pdf\" target=\"_blank\" rel=\"noopener\">Primeros pasos en Moodle Centros 25\/26<\/a><\/li><li><a href=\"https:\/\/edea.juntadeandalucia.es\/bancorecursos\/file\/c45ea16a-740d-4f4d-84ca-3f4cc4966e21\/2\/Guia_basica_Moodle_Centros23-24.Rol_Docente.zip\/index.html\" target=\"_blank\" rel=\"noopener\">Gu\u00eda para usuarios\u00a0<\/a><a href=\"https:\/\/edea.juntadeandalucia.es\/bancorecursos\/file\/c45ea16a-740d-4f4d-84ca-3f4cc4966e21\/2\/Guia_basica_Moodle_Centros23-24.Rol_Docente.zip\/index.html\" target=\"_blank\" rel=\"noopener\">con Rol Docente<\/a><ul><li>Ver punto 8 &#8211;&gt; Realizar copia de seguridad de un curso\u00a0<\/li><li>Ver punto 9 &#8211;&gt; Restaurar copia de seguridad de un curso<\/li><\/ul><\/li><\/ul><\/div>\n\t\t\t\t\t\t\t\t\t<div class=\"elementor-tab-title elementor-tab-mobile-title\" aria-selected=\"false\" data-tab=\"3\" role=\"tab\" tabindex=\"-1\" aria-controls=\"elementor-tab-content-1433\" aria-expanded=\"false\">Correo iesalandalus.org<\/div>\n\t\t\t\t\t<div id=\"elementor-tab-content-1433\" class=\"elementor-tab-content elementor-clearfix\" data-tab=\"3\" role=\"tabpanel\" aria-labelledby=\"elementor-tab-title-1433\" tabindex=\"0\" hidden=\"hidden\"><p>Esta cuenta de correo es propia del IES Al \u00c1ndalus y permitir\u00e1 el acceso del profesorado a los siguientes recursos:<\/p><ul><li>Cuenta de <em><span style=\"color: #333399\">correo electr\u00f3nico corporativo<\/span><\/em><\/li><li>Acceso a servicio de <em><span style=\"color: #333399\">almacenamiento Google Drive<\/span><\/em> con contenidos propios del IES Al \u00c1ndalus<\/li><li>Acceso a <em><span style=\"color: #333399\">Google Calendar<\/span><\/em> con la planificaci\u00f3n de actividades del curso actualizadas<\/li><li>Acceso a<em><span style=\"color: #333399\"> formularios con perfil de profesorado<\/span><\/em> (reuniones con familias, guardias, etc.)<\/li><\/ul><\/div>\n\t\t\t\t\t\t\t\t\t<div class=\"elementor-tab-title elementor-tab-mobile-title\" aria-selected=\"false\" data-tab=\"4\" role=\"tab\" tabindex=\"-1\" aria-controls=\"elementor-tab-content-1434\" aria-expanded=\"false\">Correo g.educaand.es<\/div>\n\t\t\t\t\t<div id=\"elementor-tab-content-1434\" class=\"elementor-tab-content elementor-clearfix\" data-tab=\"4\" role=\"tabpanel\" aria-labelledby=\"elementor-tab-title-1434\" tabindex=\"0\" hidden=\"hidden\"><p>Correo corporativo de la Consejer\u00eda de Educaci\u00f3n de la Junta de Andaluc\u00eda para personal docente y alumnado de centros de ense\u00f1anza p\u00fablicos.<\/p><p>Proporciona los<em><span style=\"color: #333399\"> servicios del ecosistema Google<\/span><\/em> que forman parte del convenio entre este y la Consejer\u00eda de Educaci\u00f3n.<\/p><p>Las credenciales de acceso son las <em><span style=\"color: #333399\">credenciales IdEA<\/span><\/em>.<\/p><p><iframe src=\"https:\/\/www.youtube.com\/embed\/HHIyM9gJg80?si=Dx4I5joQjQQ79qci\" width=\"560\" height=\"315\" frameborder=\"0\"><\/iframe><\/p><\/div>\n\t\t\t\t\t\t\t\t\t<div class=\"elementor-tab-title elementor-tab-mobile-title\" aria-selected=\"false\" data-tab=\"5\" role=\"tab\" tabindex=\"-1\" aria-controls=\"elementor-tab-content-1435\" aria-expanded=\"false\">Reserva de recursos TDE<\/div>\n\t\t\t\t\t<div id=\"elementor-tab-content-1435\" class=\"elementor-tab-content elementor-clearfix\" data-tab=\"5\" role=\"tabpanel\" aria-labelledby=\"elementor-tab-title-1435\" tabindex=\"0\" hidden=\"hidden\"><p>En el IES Al \u00c1ndalus contamos en la actualidad con 3 carros de dispositivos port\u00e1tiles (1 por planta) a disposici\u00f3n del profesorado para su uso en las aulas con el alumnado.<\/p><ul><li>Planta baja &#8211; <em><span style=\"color: #333399\">Carro TDE1<\/span><\/em>: 28 dispositivos = 10 port\u00e1tiles EducaAndOS + 8 Chromebooks.<\/li><li>Planta 1 &#8211; <span style=\"color: #333399\"><em>Carro TDE2<\/em><\/span>: 25 port\u00e1tiles EducaAndOS<\/li><li>Planta 2 &#8211; <em><span style=\"color: #333399\">Carro TDE3<\/span><\/em>: 20 Chromebooks<\/li><\/ul><p>Los recursos se encuentran ubicados en los <span style=\"color: #333399\"><em>Puntos TDE<\/em><\/span> y deben ser reservados previamente por el profesorado para su uso en el aula.<\/p><p>Puedes encontrar m\u00e1s informaci\u00f3n relacionada con estos recursos en <a title=\"Reservas\" href=\"https:\/\/blogsaverroes.juntadeandalucia.es\/frantejada\/reservas\/\">ESTE ENLACE<\/a>.<\/p><\/div>\n\t\t\t\t\t\t\t\t\t<div class=\"elementor-tab-title elementor-tab-mobile-title\" aria-selected=\"false\" data-tab=\"6\" role=\"tab\" tabindex=\"-1\" aria-controls=\"elementor-tab-content-1436\" aria-expanded=\"false\">Incidencias TDE<\/div>\n\t\t\t\t\t<div id=\"elementor-tab-content-1436\" class=\"elementor-tab-content elementor-clearfix\" data-tab=\"6\" role=\"tabpanel\" aria-labelledby=\"elementor-tab-title-1436\" tabindex=\"0\" hidden=\"hidden\"><p>Notificar incidencias<\/p><\/div>\n\t\t\t\t\t\t\t<\/div>\n\t\t<\/div>\n\t\t\t\t\t\t<\/div>\n\t\t\t\t<\/div>\n\t\t\t\t\t<\/div>\n\t\t<\/div>\n\t\t\t\t\t<\/div>\n\t\t<\/section>\n\t\t\t\t<section class=\"elementor-section elementor-top-section elementor-element elementor-element-8818a52 elementor-section-boxed elementor-section-height-default elementor-section-height-default\" data-id=\"8818a52\" data-element_type=\"section\">\n\t\t\t\t\t\t<div class=\"elementor-container elementor-column-gap-default\">\n\t\t\t\t\t<div class=\"elementor-column elementor-col-100 elementor-top-column elementor-element elementor-element-b2908c2\" data-id=\"b2908c2\" data-element_type=\"column\">\n\t\t\t<div class=\"elementor-widget-wrap elementor-element-populated\">\n\t\t\t\t\t\t<div class=\"elementor-element elementor-element-fbc953d elementor-widget__width-initial elementor-widget elementor-widget-button\" data-id=\"fbc953d\" data-element_type=\"widget\" data-widget_type=\"button.default\">\n\t\t\t\t<div class=\"elementor-widget-container\">\n\t\t\t\t\t\t\t\t\t<div class=\"elementor-button-wrapper\">\n\t\t\t\t\t<a class=\"elementor-button elementor-button-link elementor-size-sm\" href=\"https:\/\/www.juntadeandalucia.es\/educacion\/eaprendizaje\/equipamiento-tecnologico\/ecodigedu\/\" target=\"_blank\">\n\t\t\t\t\t\t<span class=\"elementor-button-content-wrapper\">\n\t\t\t\t\t\t<span class=\"elementor-button-icon\">\n\t\t\t\t<i aria-hidden=\"true\" class=\"far fa-eye\"><\/i>\t\t\t<\/span>\n\t\t\t\t\t\t\t\t\t<span class=\"elementor-button-text\">#EcoDigEdu<\/span>\n\t\t\t\t\t<\/span>\n\t\t\t\t\t<\/a>\n\t\t\t\t<\/div>\n\t\t\t\t\t\t\t\t<\/div>\n\t\t\t\t<\/div>\n\t\t\t\t<div class=\"elementor-element elementor-element-64d0a42 elementor-widget__width-initial elementor-widget elementor-widget-button\" data-id=\"64d0a42\" data-element_type=\"widget\" data-widget_type=\"button.default\">\n\t\t\t\t<div class=\"elementor-widget-container\">\n\t\t\t\t\t\t\t\t\t<div class=\"elementor-button-wrapper\">\n\t\t\t\t\t<a class=\"elementor-button elementor-button-link elementor-size-sm\" href=\"https:\/\/sites.google.com\/view\/escuela4punto0-alandalus\/inicio\" target=\"_blank\">\n\t\t\t\t\t\t<span class=\"elementor-button-content-wrapper\">\n\t\t\t\t\t\t<span class=\"elementor-button-icon\">\n\t\t\t\t<i aria-hidden=\"true\" class=\"far fa-eye\"><\/i>\t\t\t<\/span>\n\t\t\t\t\t\t\t\t\t<span class=\"elementor-button-text\">STEAM 4.0<\/span>\n\t\t\t\t\t<\/span>\n\t\t\t\t\t<\/a>\n\t\t\t\t<\/div>\n\t\t\t\t\t\t\t\t<\/div>\n\t\t\t\t<\/div>\n\t\t\t\t\t<\/div>\n\t\t<\/div>\n\t\t\t\t\t<\/div>\n\t\t<\/section>\n\t\t\t\t<section class=\"elementor-section elementor-top-section elementor-element elementor-element-b5c5438 elementor-section-boxed elementor-section-height-default elementor-section-height-default\" data-id=\"b5c5438\" data-element_type=\"section\">\n\t\t\t\t\t\t<div class=\"elementor-container elementor-column-gap-default\">\n\t\t\t\t\t<div class=\"elementor-column elementor-col-100 elementor-top-column elementor-element elementor-element-94ac166\" data-id=\"94ac166\" data-element_type=\"column\">\n\t\t\t<div class=\"elementor-widget-wrap\">\n\t\t\t\t\t\t\t<\/div>\n\t\t<\/div>\n\t\t\t\t\t<\/div>\n\t\t<\/section>\n\t\t\t\t<\/div>\n\t\t","protected":false},"excerpt":{"rendered":"<p>Paneles Digitales Moodle Centros Correo iesalandalus.org Correo g.educaand.es Reserva de recursos TDE Incidencias TDE Paneles Digitales Presentaci\u00f3n inicial Paneles Digitales (Septiembre 2025) Curso de capacitaci\u00f3n&hellip;<\/p>\n","protected":false},"author":12697,"featured_media":0,"parent":0,"menu_order":0,"comment_status":"closed","ping_status":"closed","template":"","meta":{"_exactmetrics_skip_tracking":false,"_exactmetrics_sitenote_active":false,"_exactmetrics_sitenote_note":"","_exactmetrics_sitenote_category":0,"ngg_post_thumbnail":0,"footnotes":""},"aioseo_notices":[],"_links":{"self":[{"href":"https:\/\/blogsaverroes.juntadeandalucia.es\/frantejada\/wp-json\/wp\/v2\/pages\/771"}],"collection":[{"href":"https:\/\/blogsaverroes.juntadeandalucia.es\/frantejada\/wp-json\/wp\/v2\/pages"}],"about":[{"href":"https:\/\/blogsaverroes.juntadeandalucia.es\/frantejada\/wp-json\/wp\/v2\/types\/page"}],"author":[{"embeddable":true,"href":"https:\/\/blogsaverroes.juntadeandalucia.es\/frantejada\/wp-json\/wp\/v2\/users\/12697"}],"replies":[{"embeddable":true,"href":"https:\/\/blogsaverroes.juntadeandalucia.es\/frantejada\/wp-json\/wp\/v2\/comments?post=771"}],"version-history":[{"count":60,"href":"https:\/\/blogsaverroes.juntadeandalucia.es\/frantejada\/wp-json\/wp\/v2\/pages\/771\/revisions"}],"predecessor-version":[{"id":960,"href":"https:\/\/blogsaverroes.juntadeandalucia.es\/frantejada\/wp-json\/wp\/v2\/pages\/771\/revisions\/960"}],"wp:attachment":[{"href":"https:\/\/blogsaverroes.juntadeandalucia.es\/frantejada\/wp-json\/wp\/v2\/media?parent=771"}],"curies":[{"name":"wp","href":"https:\/\/api.w.org\/{rel}","templated":true}]}}