{"id":98,"date":"2023-01-31T19:16:39","date_gmt":"2023-01-31T18:16:39","guid":{"rendered":"https:\/\/blogsaverroes.juntadeandalucia.es\/frantejada\/?page_id=98"},"modified":"2025-09-11T08:12:49","modified_gmt":"2025-09-11T06:12:49","slug":"andared_corporativo","status":"publish","type":"page","link":"https:\/\/blogsaverroes.juntadeandalucia.es\/frantejada\/andared_corporativo\/","title":{"rendered":"Andared_Corporativo"},"content":{"rendered":"\t\t<div data-elementor-type=\"wp-page\" data-elementor-id=\"98\" class=\"elementor elementor-98\">\n\t\t\t\t\t\t<section class=\"elementor-section elementor-top-section elementor-element elementor-element-64fe2fd1 elementor-section-boxed elementor-section-height-default elementor-section-height-default\" data-id=\"64fe2fd1\" data-element_type=\"section\">\n\t\t\t\t\t\t<div class=\"elementor-container elementor-column-gap-default\">\n\t\t\t\t\t<div class=\"elementor-column elementor-col-100 elementor-top-column elementor-element elementor-element-d61350f\" data-id=\"d61350f\" data-element_type=\"column\">\n\t\t\t<div class=\"elementor-widget-wrap elementor-element-populated\">\n\t\t\t\t\t\t<div class=\"elementor-element elementor-element-608bd17e elementor-widget elementor-widget-text-editor\" data-id=\"608bd17e\" data-element_type=\"widget\" data-widget_type=\"text-editor.default\">\n\t\t\t\t<div class=\"elementor-widget-container\">\n\t\t\t\t\t\t\t\t\t<p><img decoding=\"async\" class=\"alignnone wp-image-191 aligncenter\" src=\"https:\/\/blogsaverroes.juntadeandalucia.es\/frantejada\/files\/2023\/02\/Wifi-Segura-300x257.jpg\" alt=\"\" width=\"219\" height=\"187\" \/><\/p><p>Sistema de acceso wifi nominal a la red corporativa con nombre ANDARED_CORPORATIVO, que dar\u00e1 todos los servicios de conexi\u00f3n a Internet requeridos por los centros de forma segura. Para acceder a esta conexi\u00f3n wifi, tanto el profesorado, el alumnado, el personal no docente, como las familias utilizar\u00e1n sus credenciales IdEA (las mismas que usan para acceder a S\u00e9neca\/Pasen).<\/p><p><span style=\"color: #ff0000\"><b>IMPORTANTE: En los equipos de las aulas y de los Carros #TDE se utilizan las credenciales de sala (configuradas por el Coordinador TDE), nunca credenciales IdEA personales.<\/b><\/span><\/p>\t\t\t\t\t\t\t\t<\/div>\n\t\t\t\t<\/div>\n\t\t\t\t\t<\/div>\n\t\t<\/div>\n\t\t\t\t\t<\/div>\n\t\t<\/section>\n\t\t\t\t<section class=\"elementor-section elementor-top-section elementor-element elementor-element-d6f545f elementor-section-boxed elementor-section-height-default elementor-section-height-default\" data-id=\"d6f545f\" data-element_type=\"section\">\n\t\t\t\t\t\t<div class=\"elementor-container elementor-column-gap-default\">\n\t\t\t\t\t<div class=\"elementor-column elementor-col-50 elementor-top-column elementor-element elementor-element-02062bb\" data-id=\"02062bb\" data-element_type=\"column\">\n\t\t\t<div class=\"elementor-widget-wrap elementor-element-populated\">\n\t\t\t\t\t\t<div class=\"elementor-element elementor-element-09670bf elementor-align-center elementor-widget elementor-widget-button\" data-id=\"09670bf\" data-element_type=\"widget\" data-widget_type=\"button.default\">\n\t\t\t\t<div class=\"elementor-widget-container\">\n\t\t\t\t\t\t\t\t\t<div class=\"elementor-button-wrapper\">\n\t\t\t\t\t<a class=\"elementor-button elementor-button-link elementor-size-lg\" href=\"https:\/\/www.juntadeandalucia.es\/educacion\/eaprendizaje\/wifi-segura-en-escuelas-conectadas\/\" target=\"_blank\">\n\t\t\t\t\t\t<span class=\"elementor-button-content-wrapper\">\n\t\t\t\t\t\t<span class=\"elementor-button-icon\">\n\t\t\t\t<i aria-hidden=\"true\" class=\"fas fa-info-circle\"><\/i>\t\t\t<\/span>\n\t\t\t\t\t\t\t\t\t<span class=\"elementor-button-text\">Ampliar info<\/span>\n\t\t\t\t\t<\/span>\n\t\t\t\t\t<\/a>\n\t\t\t\t<\/div>\n\t\t\t\t\t\t\t\t<\/div>\n\t\t\t\t<\/div>\n\t\t\t\t\t<\/div>\n\t\t<\/div>\n\t\t\t\t<div class=\"elementor-column elementor-col-50 elementor-top-column elementor-element elementor-element-2745518\" data-id=\"2745518\" data-element_type=\"column\">\n\t\t\t<div class=\"elementor-widget-wrap elementor-element-populated\">\n\t\t\t\t\t\t<div class=\"elementor-element elementor-element-1ad4dc1 elementor-align-center elementor-widget elementor-widget-button\" data-id=\"1ad4dc1\" data-element_type=\"widget\" data-widget_type=\"button.default\">\n\t\t\t\t<div class=\"elementor-widget-container\">\n\t\t\t\t\t\t\t\t\t<div class=\"elementor-button-wrapper\">\n\t\t\t\t\t<a class=\"elementor-button elementor-button-link elementor-size-lg\" href=\"https:\/\/blogsaverroes.juntadeandalucia.es\/frantejada\/files\/2025\/09\/GUIA_DE_CONEXION_DE_USUARIOS_ANDARED_V10.pdf\">\n\t\t\t\t\t\t<span class=\"elementor-button-content-wrapper\">\n\t\t\t\t\t\t<span class=\"elementor-button-icon\">\n\t\t\t\t<i aria-hidden=\"true\" class=\"fas fa-file-download\"><\/i>\t\t\t<\/span>\n\t\t\t\t\t\t\t\t\t<span class=\"elementor-button-text\">Manual<\/span>\n\t\t\t\t\t<\/span>\n\t\t\t\t\t<\/a>\n\t\t\t\t<\/div>\n\t\t\t\t\t\t\t\t<\/div>\n\t\t\t\t<\/div>\n\t\t\t\t\t<\/div>\n\t\t<\/div>\n\t\t\t\t\t<\/div>\n\t\t<\/section>\n\t\t\t\t<\/div>\n\t\t","protected":false},"excerpt":{"rendered":"<p>Sistema de acceso wifi nominal a la red corporativa con nombre ANDARED_CORPORATIVO, que dar\u00e1 todos los servicios de conexi\u00f3n a Internet requeridos por los centros&hellip;<\/p>\n","protected":false},"author":12697,"featured_media":0,"parent":0,"menu_order":0,"comment_status":"closed","ping_status":"closed","template":"","meta":{"_exactmetrics_skip_tracking":false,"_exactmetrics_sitenote_active":false,"_exactmetrics_sitenote_note":"","_exactmetrics_sitenote_category":0,"ngg_post_thumbnail":0,"footnotes":""},"aioseo_notices":[],"_links":{"self":[{"href":"https:\/\/blogsaverroes.juntadeandalucia.es\/frantejada\/wp-json\/wp\/v2\/pages\/98"}],"collection":[{"href":"https:\/\/blogsaverroes.juntadeandalucia.es\/frantejada\/wp-json\/wp\/v2\/pages"}],"about":[{"href":"https:\/\/blogsaverroes.juntadeandalucia.es\/frantejada\/wp-json\/wp\/v2\/types\/page"}],"author":[{"embeddable":true,"href":"https:\/\/blogsaverroes.juntadeandalucia.es\/frantejada\/wp-json\/wp\/v2\/users\/12697"}],"replies":[{"embeddable":true,"href":"https:\/\/blogsaverroes.juntadeandalucia.es\/frantejada\/wp-json\/wp\/v2\/comments?post=98"}],"version-history":[{"count":23,"href":"https:\/\/blogsaverroes.juntadeandalucia.es\/frantejada\/wp-json\/wp\/v2\/pages\/98\/revisions"}],"predecessor-version":[{"id":888,"href":"https:\/\/blogsaverroes.juntadeandalucia.es\/frantejada\/wp-json\/wp\/v2\/pages\/98\/revisions\/888"}],"wp:attachment":[{"href":"https:\/\/blogsaverroes.juntadeandalucia.es\/frantejada\/wp-json\/wp\/v2\/media?parent=98"}],"curies":[{"name":"wp","href":"https:\/\/api.w.org\/{rel}","templated":true}]}}