{"id":1023,"date":"2022-01-07T21:50:32","date_gmt":"2022-01-07T20:50:32","guid":{"rendered":"https:\/\/blogsaverroes.juntadeandalucia.es\/frayalbino-algallarin\/?page_id=1023"},"modified":"2025-02-02T11:51:44","modified_gmt":"2025-02-02T10:51:44","slug":"proyecto-de-gestion","status":"publish","type":"page","link":"https:\/\/blogsaverroes.juntadeandalucia.es\/frayalbino-algallarin\/proyecto-de-gestion\/","title":{"rendered":"Proyecto de Gesti\u00f3n"},"content":{"rendered":"<div style=\"text-align: center\">\n<div style=\"margin: 8px 0px 4px\"><a href=\"https:\/\/www.calameo.com\/books\/006970365f8782f2b7341\" target=\"_blank\" rel=\"noopener\">Proyecto De Gesti\u00f3n 24 25<\/a><\/div>\n<p><iframe loading=\"lazy\" src=\"\/\/v.calameo.com\/?bkcode=006970365f8782f2b7341&amp;mode=mini\" width=\"480\" height=\"300\" frameborder=\"0\" scrolling=\"no\"><\/iframe><\/p>\n<div style=\"margin: 4px 0px 8px\"><a href=\"http:\/\/www.calameo.com\/\" target=\"_blank\" rel=\"noopener\">Leer m\u00e1s publicaciones en Calam\u00e9o<\/a><\/div>\n<\/div>\n<p>&nbsp;<\/p>\n<div id=\"attachment_1091\" style=\"width: 151px\" class=\"wp-caption alignleft\"><a href=\"https:\/\/blogsaverroes.juntadeandalucia.es\/frayalbino-algallarin\/files\/2025\/02\/PROYECTO-DE-GESTION-24_25.pdf\" target=\"_blank\" rel=\"noopener\"><img loading=\"lazy\" decoding=\"async\" aria-describedby=\"caption-attachment-1091\" class=\"wp-image-1091\" src=\"https:\/\/blogsaverroes.juntadeandalucia.es\/frayalbino-algallarin\/files\/2022\/01\/ICONO-PDF.png\" alt=\"\" width=\"141\" height=\"173\" srcset=\"https:\/\/blogsaverroes.juntadeandalucia.es\/frayalbino-algallarin\/files\/2022\/01\/ICONO-PDF.png 391w, https:\/\/blogsaverroes.juntadeandalucia.es\/frayalbino-algallarin\/files\/2022\/01\/ICONO-PDF-244x300.png 244w\" sizes=\"(max-width: 141px) 100vw, 141px\" \/><\/a><p id=\"caption-attachment-1091\" class=\"wp-caption-text\">Proyecto de Gesti\u00f3n 24\/25<\/p><\/div>\n<p>&nbsp;<\/p>\n","protected":false},"excerpt":{"rendered":"<p>Proyecto De Gesti\u00f3n 24 25 Leer m\u00e1s publicaciones en Calam\u00e9o &nbsp; &nbsp;<\/p>\n","protected":false},"author":14012,"featured_media":0,"parent":0,"menu_order":0,"comment_status":"closed","ping_status":"closed","template":"","meta":{"_et_pb_use_builder":"","_et_pb_old_content":"","_et_gb_content_width":"","ngg_post_thumbnail":0,"footnotes":""},"aioseo_notices":[],"_links":{"self":[{"href":"https:\/\/blogsaverroes.juntadeandalucia.es\/frayalbino-algallarin\/wp-json\/wp\/v2\/pages\/1023"}],"collection":[{"href":"https:\/\/blogsaverroes.juntadeandalucia.es\/frayalbino-algallarin\/wp-json\/wp\/v2\/pages"}],"about":[{"href":"https:\/\/blogsaverroes.juntadeandalucia.es\/frayalbino-algallarin\/wp-json\/wp\/v2\/types\/page"}],"author":[{"embeddable":true,"href":"https:\/\/blogsaverroes.juntadeandalucia.es\/frayalbino-algallarin\/wp-json\/wp\/v2\/users\/14012"}],"replies":[{"embeddable":true,"href":"https:\/\/blogsaverroes.juntadeandalucia.es\/frayalbino-algallarin\/wp-json\/wp\/v2\/comments?post=1023"}],"version-history":[{"count":8,"href":"https:\/\/blogsaverroes.juntadeandalucia.es\/frayalbino-algallarin\/wp-json\/wp\/v2\/pages\/1023\/revisions"}],"predecessor-version":[{"id":1786,"href":"https:\/\/blogsaverroes.juntadeandalucia.es\/frayalbino-algallarin\/wp-json\/wp\/v2\/pages\/1023\/revisions\/1786"}],"wp:attachment":[{"href":"https:\/\/blogsaverroes.juntadeandalucia.es\/frayalbino-algallarin\/wp-json\/wp\/v2\/media?parent=1023"}],"curies":[{"name":"wp","href":"https:\/\/api.w.org\/{rel}","templated":true}]}}