{"id":1474,"date":"2022-10-30T20:58:43","date_gmt":"2022-10-30T19:58:43","guid":{"rendered":"https:\/\/blogsaverroes.juntadeandalucia.es\/frayalbino-algallarin\/?page_id=1474"},"modified":"2022-11-04T06:23:03","modified_gmt":"2022-11-04T05:23:03","slug":"actividades-complementarias-y-extraescolares","status":"publish","type":"page","link":"https:\/\/blogsaverroes.juntadeandalucia.es\/frayalbino-algallarin\/actividades-complementarias-y-extraescolares\/","title":{"rendered":"ACTIVIDADES COMPLEMENTARIAS Y EXTRAESCOLARES"},"content":{"rendered":"<p>Hola a todos\/as!<\/p>\n<p>En este men\u00fa se recopilar\u00e1n las distintas actividades complementarias y extraescolares que se har\u00e1n a lo largo del curso 22\/23.<\/p>\n<div id=\"attachment_1466\" style=\"width: 310px\" class=\"wp-caption alignleft\"><a href=\"https:\/\/blogsaverroes.juntadeandalucia.es\/frayalbino-algallarin\/wp-admin\/post.php?post=1465&amp;action=edit\" target=\"_blank\" rel=\"noopener noreferrer\"><img loading=\"lazy\" decoding=\"async\" aria-describedby=\"caption-attachment-1466\" class=\"wp-image-1466 size-medium\" src=\"https:\/\/blogsaverroes.juntadeandalucia.es\/frayalbino-algallarin\/files\/2022\/10\/\u00b4teatro-G\u00f3ngora-300x169.jpg\" alt=\"\" width=\"300\" height=\"169\" srcset=\"https:\/\/blogsaverroes.juntadeandalucia.es\/frayalbino-algallarin\/files\/2022\/10\/\u00b4teatro-G\u00f3ngora-300x169.jpg 300w, https:\/\/blogsaverroes.juntadeandalucia.es\/frayalbino-algallarin\/files\/2022\/10\/\u00b4teatro-G\u00f3ngora-1024x576.jpg 1024w, https:\/\/blogsaverroes.juntadeandalucia.es\/frayalbino-algallarin\/files\/2022\/10\/\u00b4teatro-G\u00f3ngora-768x432.jpg 768w, https:\/\/blogsaverroes.juntadeandalucia.es\/frayalbino-algallarin\/files\/2022\/10\/\u00b4teatro-G\u00f3ngora-1080x608.jpg 1080w, https:\/\/blogsaverroes.juntadeandalucia.es\/frayalbino-algallarin\/files\/2022\/10\/\u00b4teatro-G\u00f3ngora-980x551.jpg 980w, https:\/\/blogsaverroes.juntadeandalucia.es\/frayalbino-algallarin\/files\/2022\/10\/\u00b4teatro-G\u00f3ngora-480x270.jpg 480w, https:\/\/blogsaverroes.juntadeandalucia.es\/frayalbino-algallarin\/files\/2022\/10\/\u00b4teatro-G\u00f3ngora.jpg 1280w\" sizes=\"(max-width: 300px) 100vw, 300px\" \/><\/a><p id=\"caption-attachment-1466\" class=\"wp-caption-text\">Excursi\u00f3n al teatro G\u00f3ngora (C\u00f3rdoba) 27\/10\/2022<\/p><\/div>\n<div id=\"attachment_1483\" style=\"width: 235px\" class=\"wp-caption alignleft\"><a href=\"https:\/\/blogsaverroes.juntadeandalucia.es\/frayalbino-algallarin\/wp-admin\/post.php?post=1476&amp;action=edit\" target=\"_blank\" rel=\"noopener noreferrer\"><img loading=\"lazy\" decoding=\"async\" aria-describedby=\"caption-attachment-1483\" class=\"wp-image-1483 size-medium\" src=\"https:\/\/blogsaverroes.juntadeandalucia.es\/frayalbino-algallarin\/files\/2022\/10\/IMG_20221028_141158-225x300.jpg\" alt=\"\" width=\"225\" height=\"300\"><\/a><p id=\"caption-attachment-1483\" class=\"wp-caption-text\">HALLOWEEN 28\/10\/2022<\/p><\/div>\n<p>&nbsp;<\/p>\n<p>&nbsp;<\/p>\n<p>&nbsp;<\/p>\n<p>&nbsp;<\/p>\n<p>&nbsp;<\/p>\n<p>&nbsp;<\/p>\n<p>&nbsp;<\/p>\n<p>Esperamos que os guste!<\/p>\n","protected":false},"excerpt":{"rendered":"<p>Hola a todos\/as! En este men\u00fa se recopilar\u00e1n las distintas actividades complementarias y extraescolares que se har\u00e1n a lo largo del curso 22\/23. &nbsp; &nbsp; &nbsp; &nbsp; &nbsp; &nbsp; &nbsp; Esperamos que os guste!<\/p>\n","protected":false},"author":14012,"featured_media":0,"parent":0,"menu_order":0,"comment_status":"closed","ping_status":"closed","template":"","meta":{"_et_pb_use_builder":"","_et_pb_old_content":"","_et_gb_content_width":"","ngg_post_thumbnail":0,"footnotes":""},"aioseo_notices":[],"_links":{"self":[{"href":"https:\/\/blogsaverroes.juntadeandalucia.es\/frayalbino-algallarin\/wp-json\/wp\/v2\/pages\/1474"}],"collection":[{"href":"https:\/\/blogsaverroes.juntadeandalucia.es\/frayalbino-algallarin\/wp-json\/wp\/v2\/pages"}],"about":[{"href":"https:\/\/blogsaverroes.juntadeandalucia.es\/frayalbino-algallarin\/wp-json\/wp\/v2\/types\/page"}],"author":[{"embeddable":true,"href":"https:\/\/blogsaverroes.juntadeandalucia.es\/frayalbino-algallarin\/wp-json\/wp\/v2\/users\/14012"}],"replies":[{"embeddable":true,"href":"https:\/\/blogsaverroes.juntadeandalucia.es\/frayalbino-algallarin\/wp-json\/wp\/v2\/comments?post=1474"}],"version-history":[{"count":5,"href":"https:\/\/blogsaverroes.juntadeandalucia.es\/frayalbino-algallarin\/wp-json\/wp\/v2\/pages\/1474\/revisions"}],"predecessor-version":[{"id":1485,"href":"https:\/\/blogsaverroes.juntadeandalucia.es\/frayalbino-algallarin\/wp-json\/wp\/v2\/pages\/1474\/revisions\/1485"}],"wp:attachment":[{"href":"https:\/\/blogsaverroes.juntadeandalucia.es\/frayalbino-algallarin\/wp-json\/wp\/v2\/media?parent=1474"}],"curies":[{"name":"wp","href":"https:\/\/api.w.org\/{rel}","templated":true}]}}