{"id":1476,"date":"2022-11-01T09:00:22","date_gmt":"2022-11-01T08:00:22","guid":{"rendered":"https:\/\/blogsaverroes.juntadeandalucia.es\/frayalbino-algallarin\/?page_id=1476"},"modified":"2022-10-30T23:23:59","modified_gmt":"2022-10-30T22:23:59","slug":"halloween-2022","status":"publish","type":"page","link":"https:\/\/blogsaverroes.juntadeandalucia.es\/frayalbino-algallarin\/halloween-2022\/","title":{"rendered":"HALLOWEEN 2022"},"content":{"rendered":"<p>Aqu\u00ed os dejamos algunos momentos del maravilloso d\u00eda de Halloween vivido en el cole. Mil gracias a tod@s por vuestra colaboraci\u00f3n y buen hacer.<\/p>\n<p><iframe class=\"wp-embedded-content\" sandbox=\"allow-scripts\" security=\"restricted\" title=\"PRESENTACI\u00d3N RECUERDOS\" frameborder='0' width='1200' height='675' src='https:\/\/view.genial.ly\/635ed89b8c673d0012040627#?secret=FtBM9UXy1X' data-secret='FtBM9UXy1X' scrolling='yes'><\/iframe><\/p>\n","protected":false},"excerpt":{"rendered":"<p>Aqu\u00ed os dejamos algunos momentos del maravilloso d\u00eda de Halloween vivido en el cole. Mil gracias a tod@s por vuestra colaboraci\u00f3n y buen hacer.<\/p>\n","protected":false},"author":14012,"featured_media":0,"parent":0,"menu_order":0,"comment_status":"closed","ping_status":"closed","template":"","meta":{"_et_pb_use_builder":"","_et_pb_old_content":"","_et_gb_content_width":"","ngg_post_thumbnail":0,"footnotes":""},"aioseo_notices":[],"_links":{"self":[{"href":"https:\/\/blogsaverroes.juntadeandalucia.es\/frayalbino-algallarin\/wp-json\/wp\/v2\/pages\/1476"}],"collection":[{"href":"https:\/\/blogsaverroes.juntadeandalucia.es\/frayalbino-algallarin\/wp-json\/wp\/v2\/pages"}],"about":[{"href":"https:\/\/blogsaverroes.juntadeandalucia.es\/frayalbino-algallarin\/wp-json\/wp\/v2\/types\/page"}],"author":[{"embeddable":true,"href":"https:\/\/blogsaverroes.juntadeandalucia.es\/frayalbino-algallarin\/wp-json\/wp\/v2\/users\/14012"}],"replies":[{"embeddable":true,"href":"https:\/\/blogsaverroes.juntadeandalucia.es\/frayalbino-algallarin\/wp-json\/wp\/v2\/comments?post=1476"}],"version-history":[{"count":1,"href":"https:\/\/blogsaverroes.juntadeandalucia.es\/frayalbino-algallarin\/wp-json\/wp\/v2\/pages\/1476\/revisions"}],"predecessor-version":[{"id":1477,"href":"https:\/\/blogsaverroes.juntadeandalucia.es\/frayalbino-algallarin\/wp-json\/wp\/v2\/pages\/1476\/revisions\/1477"}],"wp:attachment":[{"href":"https:\/\/blogsaverroes.juntadeandalucia.es\/frayalbino-algallarin\/wp-json\/wp\/v2\/media?parent=1476"}],"curies":[{"name":"wp","href":"https:\/\/api.w.org\/{rel}","templated":true}]}}