{"id":1221,"date":"2025-01-18T13:53:24","date_gmt":"2025-01-18T12:53:24","guid":{"rendered":"https:\/\/blogsaverroes.juntadeandalucia.es\/funglishzone\/?page_id=1221"},"modified":"2025-01-18T16:24:44","modified_gmt":"2025-01-18T15:24:44","slug":"future","status":"publish","type":"page","link":"https:\/\/blogsaverroes.juntadeandalucia.es\/funglishzone\/future\/","title":{"rendered":"FUTURE"},"content":{"rendered":"<h2><strong><span style=\"font-size: 14pt\">En los siguientes enlaces pod\u00e9is encontrar informaci\u00f3n en espa\u00f1ol e ingl\u00e9s sobre el presente simple, graduada en dificultad, as\u00ed como ejercicios online con auto-correcci\u00f3n para que pod\u00e1is practicar:<\/span><\/strong><\/h2>\n<p style=\"text-align: center\"><span style=\"color: #008000;font-size: 36pt\"><strong>FUTURE: WILL, GOING TO<\/strong><\/span><\/p>\n<section>\n<table style=\"height: 238px;width: 97.751322%;border-collapse: collapse\">\n<tbody>\n<tr style=\"height: 238px\">\n<td style=\"width: 36.4682%;height: 238px\"><img loading=\"lazy\" decoding=\"async\" class=\"alignnone size-full wp-image-1110\" src=\"https:\/\/blogsaverroes.juntadeandalucia.es\/funglishzone\/files\/2024\/11\/Captura-de-Pantalla-2024-11-03-a-las-20.11.31.png\" alt=\"\" width=\"293\" height=\"271\"><\/p>\n<p><img loading=\"lazy\" decoding=\"async\" class=\"alignnone size-full wp-image-1111\" src=\"https:\/\/blogsaverroes.juntadeandalucia.es\/funglishzone\/files\/2024\/11\/Captura-de-Pantalla-2024-11-03-a-las-20.11.44.png\" alt=\"\" width=\"294\" height=\"268\"><\/td>\n<td style=\"width: 63.5318%;height: 238px\">\n<h2><span style=\"font-family: 'times new roman', times, serif;font-size: 12pt;color: #ff0000\">PDF CON EXPLICACI\u00d3N SENCILLA: <a href=\"https:\/\/blogsaverroes.juntadeandalucia.es\/funglishzone\/files\/2025\/01\/WILL-GOING-TO-PRESENT-CONTINUOUS.pdf\" target=\"_blank\" rel=\"noopener\">WILL \/ GOING TO \/ PRES CONT<\/a><\/span><\/h2>\n<p><a href=\"https:\/\/www.superprof.es\/apuntes\/idiomas\/ingles\/verb-tense\/future-tense\/exercises-simple-future-i.html\" target=\"_blank\" rel=\"noopener\">EJERCICIOS SENCILLOS WILL 1<\/a><\/p>\n<p><a href=\"https:\/\/www.superprof.es\/apuntes\/idiomas\/ingles\/verb-tense\/future-tense\/exercises-simple-future-ii.html\" target=\"_blank\" rel=\"noopener\">EJERCICIOS SENCILLOS WILL 2<\/a><\/p>\n<p><a href=\"https:\/\/www.superprof.es\/apuntes\/idiomas\/ingles\/verb-tense\/future-tense\/exercises-simple-future-iii.html\" target=\"_blank\" rel=\"noopener\">EJERCICIOS SENCILLOS WILL 3<\/a><\/p>\n<p><a href=\"https:\/\/www.superprof.es\/apuntes\/idiomas\/ingles\/verb-tense\/future-tense\/exercises-be-going-to-i.html\" target=\"_blank\" rel=\"noopener\">EJERCICIOS GOING TO 1<\/a><\/p>\n<p><a href=\"https:\/\/www.superprof.es\/apuntes\/idiomas\/ingles\/verb-tense\/future-tense\/exercises-be-going-to-ii.html\" target=\"_blank\" rel=\"noopener\">EJERCICIOS GOING TO 2<\/a><\/p>\n<p>&nbsp;<\/p>\n<p><strong><span style=\"color: #ff0000\">EJERCICIOS DE CONTRASTE WILL \/ GOING TO:<\/span><\/strong><\/p>\n<p><a href=\"https:\/\/www.superprof.es\/apuntes\/idiomas\/ingles\/verb-tense\/future-tense\/exercises-be-going-to-ii.html\" target=\"_blank\" rel=\"noopener\">EJERCICIO WILL \/ GOING TO 1<\/a><\/p>\n<p><a href=\"https:\/\/www.superprof.es\/apuntes\/idiomas\/ingles\/verb-tense\/future-tense\/exercises-simple-future-and-be-going-to-ii.html\" target=\"_blank\" rel=\"noopener\">EJERCICIO WILL \/ GOING TO 2<\/a><\/p>\n<p><a href=\"https:\/\/www.superprof.es\/apuntes\/idiomas\/ingles\/verb-tense\/future-tense\/exercises-simple-future-and-be-going-to-iii.html\" target=\"_blank\" rel=\"noopener\">EJERCICIO WILL \/ GOING TO 3<\/a><\/p>\n<p><a href=\"https:\/\/www.superprof.es\/apuntes\/idiomas\/ingles\/verb-tense\/future-tense\/exercises-simple-future-be-going-to-and-simple-present-iv.html\" target=\"_blank\" rel=\"noopener\">EJERCICIO WILL \/ GOING TO \/ PRES SIMPLE 1<\/a><\/td>\n<\/tr>\n<\/tbody>\n<\/table>\n<p>&nbsp;<\/p>\n<hr>\n<p>&nbsp;<\/p>\n<table style=\"border-collapse: collapse;width: 97.751322%;height: 238px\">\n<tbody>\n<tr style=\"height: 238px\">\n<td style=\"width: 36.4682%;height: 238px\"><img loading=\"lazy\" decoding=\"async\" class=\"alignnone size-full wp-image-1112\" src=\"https:\/\/blogsaverroes.juntadeandalucia.es\/funglishzone\/files\/2024\/11\/Captura-de-Pantalla-2024-11-03-a-las-20.12.08.png\" alt=\"\" width=\"290\" height=\"271\"><\/td>\n<td style=\"width: 63.5318%;height: 238px\">\n<h2><span style=\"font-family: 'times new roman', times, serif;font-size: 12pt;color: #ff0000\">Explicaci\u00f3n avanzada: <\/span><span style=\"font-family: 'times new roman', times, serif;font-size: 12pt;color: #ff0000\"><a href=\"https:\/\/www.superprof.es\/apuntes\/idiomas\/ingles\/verb-tense\/future-tense\/future-tense.html\" target=\"_blank\" rel=\"noopener\">EXPLICACI\u00d3N<\/a><\/span><\/h2>\n<p>OTRAS FORMAS DE EXPRESAR FUTURO:<\/p>\n<p><strong><span style=\"color: #0000ff\"><a style=\"color: #0000ff\" href=\"https:\/\/www.superprof.es\/apuntes\/idiomas\/ingles\/verb-tense\/future-tense\/future-forms.html\" target=\"_blank\" rel=\"noopener\">EXPLICACI\u00d3N + EJERCICIO<\/a><\/span><\/strong><\/p>\n<p><strong>EJERCICIOS:<\/strong><\/p>\n<p><a href=\"https:\/\/www.superprof.es\/apuntes\/idiomas\/ingles\/verb-tense\/future-tense\/exercises-simple-future-and-future-continuous-ii.html\" target=\"_blank\" rel=\"noopener\">EJERCICIOS CONTRASTE FUTURO SIMPLE Y CONTINUO 1<\/a><\/p>\n<p><a href=\"https:\/\/www.superprof.es\/apuntes\/idiomas\/ingles\/verb-tense\/future-tense\/exercises-simple-future-and-future-continuous-iii.html\" target=\"_blank\" rel=\"noopener\">EJERCICIOS CONTRASTE FUTURO SIMPLE Y CONTINUO 2<\/a><\/p>\n<p><a href=\"https:\/\/www.superprof.es\/apuntes\/idiomas\/ingles\/verb-tense\/future-tense\/exercises-future-perfect-or-future-perfect-continuous.html\" target=\"_blank\" rel=\"noopener\">EJERCICIOS CONTRASTE FUTURO PERFECTO SIMPLE Y CONTINUO 1<\/a><\/p>\n<p><a href=\"https:\/\/www.superprof.es\/apuntes\/idiomas\/ingles\/verb-tense\/future-tense\/exercises-future-perfect-or-future-perfect-continuous.html\" target=\"_blank\" rel=\"noopener\">EJERCICIOS CONTRASTE FUTURO PERFECTO SIMPLE Y CONTINUO 2<\/a><\/td>\n<\/tr>\n<\/tbody>\n<\/table>\n<ul>\n<li style=\"list-style-type: none\">\n<ul>\n<li style=\"list-style-type: none\">\n<ul>\n<li style=\"list-style-type: none\">&nbsp;<\/li>\n<\/ul>\n<\/li>\n<\/ul>\n<\/li>\n<\/ul>\n<\/section>\n<section>\n<hr>\n<h2 style=\"text-align: center\">&nbsp;<\/h2>\n<table style=\"border-collapse: collapse;width: 97.751322%;height: 156px\">\n<tbody>\n<tr style=\"height: 238px\">\n<td style=\"width: 36.4682%;height: 156px\"><img loading=\"lazy\" decoding=\"async\" class=\"alignnone wp-image-1112\" src=\"https:\/\/blogsaverroes.juntadeandalucia.es\/funglishzone\/files\/2024\/11\/Captura-de-Pantalla-2024-11-03-a-las-20.12.08.png\" alt=\"\" width=\"126\" height=\"118\"><img loading=\"lazy\" decoding=\"async\" class=\"alignnone wp-image-1113\" src=\"https:\/\/blogsaverroes.juntadeandalucia.es\/funglishzone\/files\/2024\/11\/Captura-de-Pantalla-2024-11-03-a-las-20.13.12.png\" alt=\"\" width=\"127\" height=\"117\"><\/td>\n<td style=\"width: 63.5318%;height: 156px\">\n<h2><strong><span style=\"font-family: 'times new roman', times, serif;font-size: 12pt;color: #ff0000\">ARSENAL DE EJERCICIOS: <\/span><\/strong><span style=\"font-family: 'times new roman', times, serif;font-size: 12pt;color: #ff0000\"><a href=\"https:\/\/www.perfect-english-grammar.com\/grammar-exercises.html\" target=\"_blank\" rel=\"noopener\">PACK COMPLETO EJERCICIOS<\/a><\/span><\/h2>\n<p>De todos los contenidos ofertados en el enlace, buscad los de futuro. Es muy completo. (Ver m\u00e1s abajo <strong><span style=\"font-size: 18pt\">*<\/span><\/strong>)<\/td>\n<\/tr>\n<\/tbody>\n<\/table>\n<h2><strong><span style=\"font-size: 18pt\">* <\/span><\/strong>Aqu\u00ed ten\u00e9is un acceso directo:<\/h2>\n<p><b>Future Simple or Present Simple?<\/b><\/p>\n<p><a href=\"https:\/\/www.perfect-english-grammar.com\/present-simple-future-simple-exercise-1.html\">Future Simple or Present Simple Exercise 1<\/a><\/p>\n<p><b>Future Continuous (or Future Progressive) Form:<\/b><\/p>\n<p><a href=\"https:\/\/www.perfect-english-grammar.com\/future-continuous-exercise-1.html\">Future Continuous Positive<\/a><\/p>\n<p><a href=\"https:\/\/www.perfect-english-grammar.com\/future-continuous-exercise-2.html\">Future Continuous Negative<\/a><\/p>\n<p><a href=\"https:\/\/www.perfect-english-grammar.com\/future-continuous-exercise-3.html\">Future Continuous Questions<\/a><\/p>\n<p><b>Future Perfect Simple Form:<\/b><\/p>\n<p><a href=\"https:\/\/www.perfect-english-grammar.com\/future-perfect-exercise-1.html\">Future Perfect Positive<\/a><\/p>\n<p><a href=\"https:\/\/www.perfect-english-grammar.com\/future-perfect-exercise-2.html\">Future Perfect Negative<\/a><\/p>\n<p><a href=\"https:\/\/www.perfect-english-grammar.com\/future-perfect-exercise-3.html\">Future Perfect Questions<\/a><\/p>\n<p><a href=\"https:\/\/www.perfect-english-grammar.com\/future-perfect-exercise-4.html\">Mixed Future Perfect Exercise<\/a><\/p>\n<p><b>Future Perfect Continuous Form:<\/b><\/p>\n<p><a href=\"https:\/\/www.perfect-english-grammar.com\/future-perfect-continuous-exercise-1.html\">Future Perfect Continuous Positive<\/a><\/p>\n<p><a href=\"https:\/\/www.perfect-english-grammar.com\/future-perfect-continuous-exercise-2.html\">Future Perfect Continuous Negative<\/a><\/p>\n<p><a href=\"https:\/\/www.perfect-english-grammar.com\/future-perfect-continuous-exercise-3.html\">Future Perfect Continuous Questions<\/a><\/p>\n<p><a href=\"https:\/\/www.perfect-english-grammar.com\/future-perfect-continuous-exercise-4.html\">Mixed Future Perfect Continuous Exercise<\/a><\/p>\n<p><b>Mixed Future Forms:<\/b><\/p>\n<p><a href=\"https:\/\/www.perfect-english-grammar.com\/future-tenses-form-mixed-exercise-1.html\">Mixed Future Forms Exercise<\/a><\/p>\n<\/section>\n","protected":false},"excerpt":{"rendered":"<p>En los siguientes enlaces pod\u00e9is encontrar informaci\u00f3n en espa\u00f1ol e ingl\u00e9s sobre el presente simple, graduada en dificultad, as\u00ed como ejercicios online con auto-correcci\u00f3n para que pod\u00e1is practicar: FUTURE: WILL, GOING TO PDF CON&#46;&#46;&#46;<\/p>\n","protected":false},"author":8588,"featured_media":0,"parent":0,"menu_order":0,"comment_status":"closed","ping_status":"closed","template":"","meta":{"ngg_post_thumbnail":0,"footnotes":""},"aioseo_notices":[],"_links":{"self":[{"href":"https:\/\/blogsaverroes.juntadeandalucia.es\/funglishzone\/wp-json\/wp\/v2\/pages\/1221"}],"collection":[{"href":"https:\/\/blogsaverroes.juntadeandalucia.es\/funglishzone\/wp-json\/wp\/v2\/pages"}],"about":[{"href":"https:\/\/blogsaverroes.juntadeandalucia.es\/funglishzone\/wp-json\/wp\/v2\/types\/page"}],"author":[{"embeddable":true,"href":"https:\/\/blogsaverroes.juntadeandalucia.es\/funglishzone\/wp-json\/wp\/v2\/users\/8588"}],"replies":[{"embeddable":true,"href":"https:\/\/blogsaverroes.juntadeandalucia.es\/funglishzone\/wp-json\/wp\/v2\/comments?post=1221"}],"version-history":[{"count":18,"href":"https:\/\/blogsaverroes.juntadeandalucia.es\/funglishzone\/wp-json\/wp\/v2\/pages\/1221\/revisions"}],"predecessor-version":[{"id":1255,"href":"https:\/\/blogsaverroes.juntadeandalucia.es\/funglishzone\/wp-json\/wp\/v2\/pages\/1221\/revisions\/1255"}],"wp:attachment":[{"href":"https:\/\/blogsaverroes.juntadeandalucia.es\/funglishzone\/wp-json\/wp\/v2\/media?parent=1221"}],"curies":[{"name":"wp","href":"https:\/\/api.w.org\/{rel}","templated":true}]}}