{"id":148,"date":"2020-10-04T13:09:50","date_gmt":"2020-10-04T11:09:50","guid":{"rendered":"https:\/\/blogsaverroes.juntadeandalucia.es\/funglishzone\/?page_id=148"},"modified":"2026-01-31T14:29:43","modified_gmt":"2026-01-31T13:29:43","slug":"b1","status":"publish","type":"page","link":"https:\/\/blogsaverroes.juntadeandalucia.es\/funglishzone\/b1\/","title":{"rendered":"B1"},"content":{"rendered":"<p style=\"text-align: center\"><span style=\"color: #008000;font-size: 36pt\"><strong><span style=\"color: #ff0000\">B1<\/span>&nbsp;&#8211; EOI&nbsp;ANDALUC\u00cdA<\/strong><\/span><\/p>\n<h1 style=\"text-align: center\"><span style=\"font-size: 14pt\">En este apartado aparecen materiales y propuestas para el alumnado de <span style=\"color: #ff0000;font-size: 24pt\">B1<\/span>&nbsp;matriculado en alguna Escuela Oficial de Idiomas (EOI) o Centro de Educaci\u00f3n Permanente (CEPER \/ SEP) de Andaluc\u00eda en la modalidad SEMIPRESENCIAL.<\/span><\/h1>\n<ol>\n<li style=\"text-align: left\">En ense\u00f1anza SEMIPRESENCIAL se trabaja con la plataforma <span style=\"color: #ff0000\">MOODLE<\/span>. Una vez matriculado en la EOI, necesitas USUARIO Y CONTRASE\u00d1A para acceder a la plataforma.\n<ul>\n<li>Aqu\u00ed te dejo enlace con TUTORIAL:&nbsp;<a href=\"https:\/\/blogsaverroes.juntadeandalucia.es\/funglishzone\/moodle\/\" target=\"_blank\" rel=\"noopener\">TUTORIAL SEMIPRESENCIAL<\/a><\/li>\n<\/ul>\n<\/li>\n<li>En la plataforma se suben tareas para que puedan ser corregidas por vuestros tutores en la EOI. Tambi\u00e9n se pueden acceder a los contenidos. Estos tambi\u00e9n pueden realizarse en la web de <strong><span style=\"color: #ff0000\">C.R.E.A.<\/span> <\/strong>(una plataforma de acceso libre con los <span style=\"color: #ff0000\">C<\/span>ontenidos y <span style=\"color: #ff0000\">R<\/span>ecursos <span style=\"color: #ff0000\">E<\/span>ducativos de <span style=\"color: #ff0000\">A<\/span>ndaluc\u00eda.\n<ul>\n<li>Aqu\u00ed os dejo el enlace a <span style=\"color: #ff0000\">CREA<\/span>:&nbsp;<a href=\"http:\/\/www.juntadeandalucia.es\/educacion\/permanente\/materiales\/\" target=\"_blank\" rel=\"noopener\">CREA ANDALUC\u00cdA<\/a><\/li>\n<li>El material para el <span style=\"color: #ff0000\">B1<\/span>&nbsp;se encuentra en \u00abIdiomas-EOI Ingl\u00e9s-NIVEL INTERMEDIO B1 Ingl\u00e9s\u00bb. Aqu\u00ed os dejo el enlace:&nbsp;<a href=\"http:\/\/www.juntadeandalucia.es\/educacion\/permanente\/materiales\/index.php?etapa=7&amp;materia=293#space\" target=\"_blank\" rel=\"noopener\">CREA B1<\/a><\/li>\n<li>Cada curso contiene 6 unidades y cada unidad, 4 temas (24 temas en total). Para acceder a ellos, picad en la lupa que aparece a la derecha de cada tema.<\/li>\n<\/ul>\n<\/li>\n<li>Para acceder a explicaciones y ejercicios online de los distintos contenidos gramaticales que vais aprendiendo, visitad la secci\u00f3n \u00ab<span style=\"color: #800080\">GRAMMAR<\/span>\u00bb EN EL MEN\u00da DE ESTE <span style=\"color: #800080\">BLOG<\/span>. Aqu\u00ed os dejo enlace directo:&nbsp;<a href=\"https:\/\/blogsaverroes.juntadeandalucia.es\/funglishzone\/grammar\/\" target=\"_blank\" rel=\"noopener\">EJERCICIOS GRAMMAR INTERACTIVOS<\/a><\/li>\n<\/ol>\n<p>&nbsp;<\/p>\n<p style=\"text-align: center\"><strong><span style=\"font-size: 36pt;color: #800080\">\u00a1\u00c1NIMO!<\/span><\/strong><\/p>\n<p>&nbsp;<\/p>\n<hr>\n<p>&nbsp;<\/p>\n<p style=\"text-align: center\"><span style=\"color: #ff0000;font-size: 18pt\"><strong>EX\u00c1MENES OFICIALES JUNTA DE ANDALUC\u00cdA<\/strong><\/span><\/p>\n<p><span style=\"font-size: 14pt\"><strong>\u00a1SI PINCHAS EN LA IMAGEN DE ABAJO, ACCEDER\u00c1S A LA P\u00c1GINA DE LA CONSEJER\u00cdA DE EDUCACI\u00d3N QUE CONTIENE LOS MODELOS DE LOS EX\u00c1MENES OFICIALES DE CONVOCATORIAS ANTERIORES!<\/strong><\/span><\/p>\n<p><a href=\"https:\/\/www.juntadeandalucia.es\/educacion\/portals\/web\/educacion-permanente\/pruebas-certificacion\/modelos\/-\/documentos\/EIkl6htcQCP8\/carpeta\/ingles-1g49tjjgbl5xl\"><img loading=\"lazy\" decoding=\"async\" class=\"aligncenter wp-image-260 size-medium\" src=\"https:\/\/blogsaverroes.juntadeandalucia.es\/funglishzone\/files\/2020\/10\/Como-hacer-un-plan-de-trabajo-300x150.png\" alt=\"\" width=\"300\" height=\"150\" srcset=\"https:\/\/blogsaverroes.juntadeandalucia.es\/funglishzone\/files\/2020\/10\/Como-hacer-un-plan-de-trabajo-300x150.png 300w, https:\/\/blogsaverroes.juntadeandalucia.es\/funglishzone\/files\/2020\/10\/Como-hacer-un-plan-de-trabajo-24x12.png 24w, https:\/\/blogsaverroes.juntadeandalucia.es\/funglishzone\/files\/2020\/10\/Como-hacer-un-plan-de-trabajo-36x18.png 36w, https:\/\/blogsaverroes.juntadeandalucia.es\/funglishzone\/files\/2020\/10\/Como-hacer-un-plan-de-trabajo-48x24.png 48w, https:\/\/blogsaverroes.juntadeandalucia.es\/funglishzone\/files\/2020\/10\/Como-hacer-un-plan-de-trabajo.png 612w\" sizes=\"(max-width: 300px) 100vw, 300px\" \/><\/a><\/p>\n<p>Para conocer LAS DISTINTAS PARTES Y CARACTER\u00cdSTICAS del examen, desc\u00e1rgate este PDF:<\/p>\n<p style=\"text-align: center\">\u21d2 <a href=\"https:\/\/blogsaverroes.juntadeandalucia.es\/funglishzone\/files\/2021\/04\/DESCRIPCI\u00d3N-PARTES-EXAMEN-B1.pdf\">DESCRIPCI\u00d3N PARTES EXAMEN B1<\/a><\/p>\n<p>&nbsp;<\/p>\n<hr>\n<p style=\"text-align: center\">&nbsp;<\/p>\n<p style=\"text-align: center\"><strong>HAZ CLIC EN \u00abSPEAKING\u00bb PARA ACCEDER A RECURSOS DE CONVERSACI\u00d3N EN INGL\u00c9S<\/strong><\/p>\n<p><a href=\"https:\/\/blogsaverroes.juntadeandalucia.es\/funglishzone\/speaking\/\" target=\"_blank\" rel=\"noopener\"><img loading=\"lazy\" decoding=\"async\" class=\"aligncenter wp-image-1370 size-full\" src=\"https:\/\/blogsaverroes.juntadeandalucia.es\/funglishzone\/files\/2025\/10\/Captura-de-Pantalla-2025-10-27-a-las-11.02.45.png\" alt=\"\" width=\"231\" height=\"58\"><\/a><\/p>\n<hr>\n<p>&nbsp;<\/p>\n<p style=\"text-align: center\"><strong>HAZ CLIC EN \u00abWRITING\u00bb PARA ACCEDER A RECURSOS DE ESCRITURA EN INGL\u00c9S<\/strong><\/p>\n<p><a href=\"https:\/\/blogsaverroes.juntadeandalucia.es\/funglishzone\/writing\/\" target=\"_blank\" rel=\"noopener\"><img loading=\"lazy\" decoding=\"async\" class=\"aligncenter wp-image-1373 size-full\" src=\"https:\/\/blogsaverroes.juntadeandalucia.es\/funglishzone\/files\/2025\/10\/Captura-de-Pantalla-2025-10-27-a-las-11.07.34.png\" alt=\"\" width=\"210\" height=\"56\"><\/a><\/p>\n<hr>\n<p>&nbsp;<\/p>\n<p style=\"text-align: center\"><strong>HAZ CLIC EN \u00abVIDEOS\u00bb PARA VER ALGUNOS VIDEOS EN INGL\u00c9S<\/strong><\/p>\n<p><a href=\"https:\/\/blogsaverroes.juntadeandalucia.es\/funglishzone\/videos\/\" target=\"_blank\" rel=\"noopener\"><img loading=\"lazy\" decoding=\"async\" class=\"aligncenter wp-image-1379 size-full\" src=\"https:\/\/blogsaverroes.juntadeandalucia.es\/funglishzone\/files\/2025\/10\/Captura-de-Pantalla-2025-10-27-a-las-11.28.53.png\" alt=\"\" width=\"174\" height=\"56\"><\/a><\/p>\n<hr>\n<p>&nbsp;<\/p>\n<p style=\"text-align: center\"><strong>PUEDES HACER EJERCICIOS SENCILLOS DE LISTENING CON ESTAS ACTIVIDADES ONLINE:<\/strong><\/p>\n<p style=\"text-align: center\"><span style=\"font-size: 18pt;color: #008080\"><strong><a style=\"color: #008080\" href=\"https:\/\/www.ejerciciosinglesonline.com\/listening-basico-1\/\" target=\"_blank\" rel=\"noopener\">LISTENING<\/a><\/strong><\/span><\/p>\n","protected":false},"excerpt":{"rendered":"<p>B1&nbsp;&#8211; EOI&nbsp;ANDALUC\u00cdA En este apartado aparecen materiales y propuestas para el alumnado de B1&nbsp;matriculado en alguna Escuela Oficial de Idiomas (EOI) o Centro de Educaci\u00f3n Permanente (CEPER \/ SEP) de Andaluc\u00eda en la modalidad&#46;&#46;&#46;<\/p>\n","protected":false},"author":8588,"featured_media":0,"parent":0,"menu_order":0,"comment_status":"closed","ping_status":"closed","template":"","meta":{"ngg_post_thumbnail":0,"footnotes":""},"aioseo_notices":[],"_links":{"self":[{"href":"https:\/\/blogsaverroes.juntadeandalucia.es\/funglishzone\/wp-json\/wp\/v2\/pages\/148"}],"collection":[{"href":"https:\/\/blogsaverroes.juntadeandalucia.es\/funglishzone\/wp-json\/wp\/v2\/pages"}],"about":[{"href":"https:\/\/blogsaverroes.juntadeandalucia.es\/funglishzone\/wp-json\/wp\/v2\/types\/page"}],"author":[{"embeddable":true,"href":"https:\/\/blogsaverroes.juntadeandalucia.es\/funglishzone\/wp-json\/wp\/v2\/users\/8588"}],"replies":[{"embeddable":true,"href":"https:\/\/blogsaverroes.juntadeandalucia.es\/funglishzone\/wp-json\/wp\/v2\/comments?post=148"}],"version-history":[{"count":26,"href":"https:\/\/blogsaverroes.juntadeandalucia.es\/funglishzone\/wp-json\/wp\/v2\/pages\/148\/revisions"}],"predecessor-version":[{"id":1551,"href":"https:\/\/blogsaverroes.juntadeandalucia.es\/funglishzone\/wp-json\/wp\/v2\/pages\/148\/revisions\/1551"}],"wp:attachment":[{"href":"https:\/\/blogsaverroes.juntadeandalucia.es\/funglishzone\/wp-json\/wp\/v2\/media?parent=148"}],"curies":[{"name":"wp","href":"https:\/\/api.w.org\/{rel}","templated":true}]}}