{"id":151,"date":"2020-10-04T13:11:23","date_gmt":"2020-10-04T11:11:23","guid":{"rendered":"https:\/\/blogsaverroes.juntadeandalucia.es\/funglishzone\/?page_id=151"},"modified":"2026-04-25T21:12:24","modified_gmt":"2026-04-25T19:12:24","slug":"esa-1","status":"publish","type":"page","link":"https:\/\/blogsaverroes.juntadeandalucia.es\/funglishzone\/esa-1\/","title":{"rendered":"ESA 1 -INGL\u00c9S-"},"content":{"rendered":"<p style=\"text-align: center\"><span style=\"color: #008000;font-size: 36pt\"><strong>NIVEL ESA 1 -INGL\u00c9S-<\/strong><\/span><\/p>\n<p style=\"text-align: center\"><strong><span style=\"font-size: 14pt\">Esta p\u00e1gina est\u00e1 dise\u00f1ada para ayudar en el estudio al alumnado de ESA 1 que trabaja con el m\u00e9todo \u00abEnglish for Adults Today 1\u00bb de Burlington Books.<\/span><\/strong><\/p>\n<p><img loading=\"lazy\" decoding=\"async\" class=\"size-medium wp-image-285 aligncenter\" src=\"https:\/\/blogsaverroes.juntadeandalucia.es\/funglishzone\/files\/2020\/10\/9789963273782-213x300.jpg\" alt=\"\" width=\"213\" height=\"300\" srcset=\"https:\/\/blogsaverroes.juntadeandalucia.es\/funglishzone\/files\/2020\/10\/9789963273782-213x300.jpg 213w, https:\/\/blogsaverroes.juntadeandalucia.es\/funglishzone\/files\/2020\/10\/9789963273782-17x24.jpg 17w, https:\/\/blogsaverroes.juntadeandalucia.es\/funglishzone\/files\/2020\/10\/9789963273782-26x36.jpg 26w, https:\/\/blogsaverroes.juntadeandalucia.es\/funglishzone\/files\/2020\/10\/9789963273782-34x48.jpg 34w, https:\/\/blogsaverroes.juntadeandalucia.es\/funglishzone\/files\/2020\/10\/9789963273782.jpg 229w\" sizes=\"(max-width: 213px) 100vw, 213px\" \/><\/p>\n<p style=\"text-align: center\"><strong><span style=\"font-size: 14pt\">Haz clic sobre el enlace que necesites:<\/span><\/strong><\/p>\n<p>&nbsp;<\/p>\n<p><span style=\"color: #ff0000;font-size: 18pt\"><strong>UNIDAD INTRODUCCI\u00d3N<\/strong><\/span><\/p>\n<ol>\n<li><strong>SOLUCIONES: <a href=\"https:\/\/blogsaverroes.juntadeandalucia.es\/funglishzone\/files\/2020\/10\/EngAdultsToday1_SOLUCIONES-INTRODUCTION.pdf\">EngAdultsToday1_SOLUCIONES INTRODUCTION<\/a><\/strong><\/li>\n<\/ol>\n<hr>\n<p>&nbsp;<\/p>\n<p><span style=\"color: #ff0000;font-size: 18pt\"><strong>UNIDAD 1<\/strong><\/span><\/p>\n<ol>\n<li><strong>SOLUCIONES: <a href=\"https:\/\/blogsaverroes.juntadeandalucia.es\/funglishzone\/files\/2020\/10\/EngAdultsToday1_SOLUCIONES-UNIT-1.pdf\">EngAdultsToday1_SOLUCIONES UNIT 1<\/a><\/strong><\/li>\n<li><strong>REDACCI\u00d3N: <a href=\"https:\/\/blogsaverroes.juntadeandalucia.es\/funglishzone\/redacciones-esa-1\/\">1 WRITING UNIT 1 ENG TODAY 1<\/a><\/strong><\/li>\n<li><strong>EJERCICIOS: <\/strong>\n<ul style=\"list-style-type: square\">\n<li>Aqu\u00ed pod\u00e9is descargar y hacer las fichas que hemos trabajado en clase:\n<ul style=\"list-style-type: circle\">\n<li>Verbo TO BE: <strong><a href=\"https:\/\/blogsaverroes.juntadeandalucia.es\/funglishzone\/files\/2025\/12\/ESA-1-U1-FICHA-1-TO-BE.pdf\">ESA 1 U1 FICHA 1 &#8211; TO BE<\/a><\/strong><\/li>\n<li>To be, Plural, This-that-these-those: <strong><a href=\"https:\/\/blogsaverroes.juntadeandalucia.es\/funglishzone\/files\/2025\/12\/ESA-1-U1-REPASO-1.pdf\">ESA 1 U1 REPASO 1<\/a><\/strong><\/li>\n<\/ul>\n<\/li>\n<li>Ejercicios online: <strong><a href=\"https:\/\/www.ejerciciosinglesonline.com\/new-exercises\/ex1-to-be-ejercicio\/\" target=\"_blank\" rel=\"noopener\">TO BE<\/a>&nbsp;<\/strong>(Ejercicios para rellenar con el verbo TO BE. Picad en SIGUIENTE EJERCICIO. Van aumentando en dificultad seg\u00fan avanz\u00e1is).<\/li>\n<\/ul>\n<\/li>\n<\/ol>\n<hr>\n<p>&nbsp;<\/p>\n<p><span style=\"color: #ff0000;font-size: 18pt\"><strong>UNIDAD 2<\/strong><\/span><\/p>\n<ol>\n<li><strong>SOLUCIONES: <a href=\"https:\/\/blogsaverroes.juntadeandalucia.es\/funglishzone\/files\/2020\/10\/EngAdultsToday1_SOLUCIONES-UNIT-2.pdf\">EngAdultsToday1_SOLUCIONES UNIT 2<\/a><\/strong><\/li>\n<li><strong>REDACCI\u00d3N: <a href=\"https:\/\/blogsaverroes.juntadeandalucia.es\/funglishzone\/redacciones-esa-1\/\">2 WRITING UNIT 2 ENG TODAY 1<\/a><\/strong><\/li>\n<li><strong>EJERCICIOS: <\/strong>\n<ul style=\"list-style-type: square\">\n<li>Aqu\u00ed pod\u00e9is descargar y hacer las fichas que hemos trabajado en clase:\n<ul style=\"list-style-type: circle\">\n<li>Have got, Genitivo saj\u00f3n y adjetivos posesivos: <strong><a href=\"https:\/\/blogsaverroes.juntadeandalucia.es\/funglishzone\/files\/2025\/12\/ESA-1-U2-REPASO-1.pdf\">ESA 1 U2 REPASO 1<\/a><\/strong><\/li>\n<\/ul>\n<\/li>\n<li>Ejercicios online: <strong><a href=\"https:\/\/www.ejerciciosinglesonline.com\/new-exercises\/ex1-have-got\/\" target=\"_blank\" rel=\"noopener\">HAVE GOT<\/a><\/strong> (Ejercicios para rellenar con el verbo HAVE GOT. Picad en SIGUIENTE EJERCICIO. Van aumentando en dificultad seg\u00fan avanz\u00e1is).<\/li>\n<\/ul>\n<\/li>\n<\/ol>\n<hr>\n<p>&nbsp;<\/p>\n<p><span style=\"color: #ff0000;font-size: 18pt\"><strong>UNIDAD 3<\/strong><\/span><\/p>\n<ol>\n<li><strong>SOLUCIONES: <a href=\"https:\/\/blogsaverroes.juntadeandalucia.es\/funglishzone\/files\/2020\/11\/3-EngAdultsToday1_SOLUCIONES-UNIT-3.pdf\">3 EngAdultsToday1_SOLUCIONES UNIT 3<\/a><\/strong><\/li>\n<li><strong>REDACCI\u00d3N: <a href=\"https:\/\/blogsaverroes.juntadeandalucia.es\/funglishzone\/redacciones-esa-1\/\">3 WRITING UNIT 3 ENG TODAY 1<\/a><\/strong><\/li>\n<li><strong>EJERCICIOS: <\/strong>\n<ul style=\"list-style-type: square\">\n<li>Aqu\u00ed pod\u00e9is descargar y hacer las fichas que hemos trabajado en clase:\n<ul style=\"list-style-type: circle\">\n<li>La HORA: <strong><a href=\"https:\/\/blogsaverroes.juntadeandalucia.es\/funglishzone\/files\/2025\/12\/ESA-1-U3-FICHA-1-THE-TIME.pdf\">ESA 1 U3 FICHA 1 &#8211; THE TIME<\/a><\/strong><\/li>\n<li>There is\/are, Some\/any\/A-AN: <strong><a href=\"https:\/\/blogsaverroes.juntadeandalucia.es\/funglishzone\/files\/2025\/12\/ESA-1-U3-FICHA-2-THERE-ISARE-SOMEANY.pdf\">ESA 1 U3 FICHA 2 &#8211; THERE IS:ARE +SOME:ANY<\/a><\/strong><\/li>\n<li>There is\/are, Some\/any, how much\/how many: <strong><a href=\"https:\/\/blogsaverroes.juntadeandalucia.es\/funglishzone\/files\/2025\/12\/ESA-1-U3-REPASO-1.pdf\">ESA 1 U3 REPASO 1<\/a><\/strong><\/li>\n<li>There is\/are, Some\/any, how much\/how many: <strong><a href=\"https:\/\/blogsaverroes.juntadeandalucia.es\/funglishzone\/files\/2026\/01\/ESA-1-U3-REPASO-2.pdf\">ESA 1 U3 REPASO 2<\/a><\/strong><\/li>\n<\/ul>\n<\/li>\n<\/ul>\n<\/li>\n<\/ol>\n<ul>\n<li style=\"list-style-type: none\">&nbsp;<\/li>\n<\/ul>\n<hr>\n<hr>\n<p><span style=\"color: #008000;font-size: 18pt\"><strong>FINAL DEL PRIMER TRIMESTRE<\/strong><\/span><\/p>\n<ul>\n<li><strong>EJERCICIOS TRUE\/FALSE DE LOS TEXTOS (unidades 1, 2 y 3):<\/strong>\n<ul>\n<li style=\"list-style-type: none\">\n<ul>\n<li style=\"list-style-type: none\">\n<ul>\n<li><strong><a href=\"https:\/\/blogsaverroes.juntadeandalucia.es\/funglishzone\/files\/2025\/12\/PREGUNTAS-TEXTOS-RESP-TRIM-1-ESA1.pdf\">PREGUNTAS TEXTOS + RESP TRIM 1 ESA1<\/a><\/strong><\/li>\n<\/ul>\n<\/li>\n<\/ul>\n<\/li>\n<\/ul>\n<\/li>\n<\/ul>\n<hr>\n<hr>\n<p>&nbsp;<\/p>\n<p><span style=\"color: #ff0000;font-size: 18pt\"><strong>UNIDAD 4<\/strong><\/span><\/p>\n<ol>\n<li><strong>SOLUCIONES: <a href=\"https:\/\/blogsaverroes.juntadeandalucia.es\/funglishzone\/files\/2022\/01\/4-EngAdultsToday1_SOLUCIONES-UNIT-4.pdf\">4 EngAdultsToday1_SOLUCIONES UNIT 4<\/a><\/strong><\/li>\n<li><strong>REDACCI\u00d3N: <a href=\"https:\/\/blogsaverroes.juntadeandalucia.es\/funglishzone\/redacciones-esa-1\/\">4 WRITING UNIT 4 ENG TODAY 1<\/a><\/strong><\/li>\n<li><strong>EJERCICIOS:&nbsp;<\/strong>\n<ul style=\"list-style-type: disc\">\n<li>Aqu\u00ed pod\u00e9is descargar y hacer las fichas que hemos trabajado en clase:\n<ul style=\"list-style-type: circle\">\n<li>Presente Simple (AFF), Like+ING:\n<ul style=\"list-style-type: square\">\n<li><a href=\"https:\/\/blogsaverroes.juntadeandalucia.es\/funglishzone\/files\/2026\/01\/ESA-1-U4-REPASO-1-PRESENT-SIMPLE-AFF-LIKE-ING-1.pdf\">ESA 1 U4 REPASO 1 &#8211; PRESENT SIMPLE AFF + LIKE-ING<\/a><\/li>\n<li><a href=\"https:\/\/blogsaverroes.juntadeandalucia.es\/funglishzone\/files\/2026\/04\/ESA-1-U4-REPASO-2-PRESENT-SIMPLE-AFF-LIKE-ING.pdf\">ESA 1 U4 REPASO 2 &#8211; PRESENT SIMPLE AFF + LIKE-ING<\/a><\/li>\n<\/ul>\n<\/li>\n<\/ul>\n<\/li>\n<\/ul>\n<\/li>\n<\/ol>\n<ul>\n<li style=\"list-style-type: none\">&nbsp;<\/li>\n<\/ul>\n<hr>\n<p>&nbsp;<\/p>\n<p><span style=\"color: #ff0000;font-size: 18pt\"><strong>UNIDAD 5<\/strong><\/span><\/p>\n<ol>\n<li><strong>SOLUCIONES: <a href=\"https:\/\/blogsaverroes.juntadeandalucia.es\/funglishzone\/files\/2022\/01\/5-EngAdultsToday1_SOLUCIONES-UNIT-5.pdf\">5 EngAdultsToday1_SOLUCIONES UNIT 5<\/a><\/strong><\/li>\n<li><strong>REDACCI\u00d3N: <a href=\"https:\/\/blogsaverroes.juntadeandalucia.es\/funglishzone\/redacciones-esa-1\/\">5 WRITING UNIT 5 ENG TODAY 1<\/a><\/strong><\/li>\n<li><strong><strong>EJERCICIOS:&nbsp;<\/strong><\/strong>\n<ul style=\"list-style-type: disc\">\n<li>Aqu\u00ed pod\u00e9is descargar y hacer las fichas que hemos trabajado en clase:\n<ul style=\"list-style-type: circle\">\n<li>Presente Simple + adverbios de frecuencia:\n<ul style=\"list-style-type: disc\">\n<li><a href=\"https:\/\/blogsaverroes.juntadeandalucia.es\/funglishzone\/files\/2026\/01\/ESA-1-U5-REPASO-1-PRES-SIMP-COMP-ADV-FREQ.pdf\">ESA 1 U5 REPASO 1 &#8211; PRES SIMP (COMP) + ADV FREQ<\/a><\/li>\n<li><a href=\"https:\/\/blogsaverroes.juntadeandalucia.es\/funglishzone\/files\/2026\/04\/ESA-1-U5-REPASO-2-PRES-SIMP-COMP-ADV-FREQ.pdf\">ESA 1 U5 REPASO 2 &#8211; PRES SIMP (COMP) + ADV FREQ<\/a><\/li>\n<\/ul>\n<\/li>\n<\/ul>\n<\/li>\n<\/ul>\n<\/li>\n<\/ol>\n<hr>\n<p>&nbsp;<\/p>\n<p><span style=\"color: #ff0000;font-size: 18pt\"><strong>UNIDAD 6<\/strong><\/span><\/p>\n<ol>\n<li><strong>SOLUCIONES: <a href=\"https:\/\/blogsaverroes.juntadeandalucia.es\/funglishzone\/files\/2022\/01\/6-EngAdultsToday1_SOLUCIONES-UNIT-6.pdf\">6 EngAdultsToday1_SOLUCIONES UNIT 6<\/a><\/strong><\/li>\n<li><strong>REDACCI\u00d3N: <a href=\"https:\/\/blogsaverroes.juntadeandalucia.es\/funglishzone\/redacciones-esa-1\/\">6 WRITING UNIT 6 ENG TODAY 1<\/a><\/strong><\/li>\n<li><strong>EJERCICIOS:&nbsp;<\/strong><\/li>\n<\/ol>\n<ul>\n<li style=\"list-style-type: none\">\n<ul>\n<li style=\"list-style-type: none\">\n<ul>\n<li style=\"list-style-type: none\">\n<ul>\n<li><span style=\"font-size: 12pt\">PDF Reglas formaci\u00f3n -ING:&nbsp;<a href=\"https:\/\/blogsaverroes.juntadeandalucia.es\/funglishzone\/files\/2020\/10\/PRESENTE-CONTINUO-reglas-ING.pdf\" target=\"_blank\" rel=\"noopener\">REGLAS -ING<\/a><\/span><\/li>\n<li>FICHAS WEB:\n<ul style=\"list-style-type: circle\">\n<li><a href=\"https:\/\/blogsaverroes.juntadeandalucia.es\/funglishzone\/files\/2026\/03\/present_continuous_form_positive_and_negative_1.pdf\">present_continuous_form_positive_and_negative_1<\/a> <a href=\"https:\/\/blogsaverroes.juntadeandalucia.es\/funglishzone\/files\/2026\/03\/present_continuous_form_positive_and_negative_2.pdf\">present_continuous_form_positive_and_negative_2<\/a><\/li>\n<li><a href=\"https:\/\/blogsaverroes.juntadeandalucia.es\/funglishzone\/files\/2026\/03\/present_continuous_form_wh_and_yes-no_questions_1.pdf\">present_continuous_form_wh_and_yes-no_questions_1<\/a><\/li>\n<li><a href=\"https:\/\/blogsaverroes.juntadeandalucia.es\/funglishzone\/files\/2026\/03\/present_continuous_all_forms_exercise_1.pdf\">present_continuous_all_forms_exercise_1<\/a><\/li>\n<\/ul>\n<\/li>\n<li>MIS FICHAS:\n<ul style=\"list-style-type: circle\">\n<li><a href=\"https:\/\/blogsaverroes.juntadeandalucia.es\/funglishzone\/files\/2026\/03\/ESA-1-U6-REPASO-1-PRESENT-CONTINUOUS.pdf\">ESA 1 U6 REPASO 1 &#8211; PRESENT CONTINUOUS<\/a><\/li>\n<li><a href=\"https:\/\/blogsaverroes.juntadeandalucia.es\/funglishzone\/files\/2026\/03\/ESA-1-U6-REPASO-2-PRESENT-CONTINUOUS.pdf\">ESA 1 U6 REPASO 2 &#8211; PRESENT CONTINUOUS<\/a><\/li>\n<li><a href=\"https:\/\/blogsaverroes.juntadeandalucia.es\/funglishzone\/files\/2026\/03\/ESA-1-U6-REPASO-3-NUMEROS-ORDINALES-.pdf\">ESA 1 U6 REPASO 3 &#8211; N\u00daMEROS ORDINALES<\/a><\/li>\n<li><a href=\"https:\/\/blogsaverroes.juntadeandalucia.es\/funglishzone\/files\/2026\/03\/ESA-1-U6-REPASO-4-PRONOMBRES-OBJETO.pdf\">ESA 1 U6 REPASO 4 &#8211; PRONOMBRES OBJETO<\/a><\/li>\n<\/ul>\n<\/li>\n<\/ul>\n<\/li>\n<\/ul>\n<\/li>\n<\/ul>\n<\/li>\n<\/ul>\n<ol>\n<li style=\"list-style-type: none\">\n<ol>\n<li style=\"list-style-type: none\">\n<ol>\n<li style=\"list-style-type: none\">\n<ol>\n<li style=\"list-style-type: none\">&nbsp;<\/li>\n<\/ol>\n<\/li>\n<\/ol>\n<\/li>\n<\/ol>\n<\/li>\n<\/ol>\n<hr>\n<hr>\n<p><span style=\"color: #008000;font-size: 18pt\"><strong>FINAL DEL SEGUNDO TRIMESTRE<\/strong><\/span><\/p>\n<ul>\n<li><strong>EJERCICIOS TRUE\/FALSE DE LOS TEXTOS (unidades 4, 5 y 6):<\/strong>\n<ul>\n<li style=\"list-style-type: none\">\n<ul>\n<li style=\"list-style-type: none\">\n<ul>\n<li><a href=\"https:\/\/blogsaverroes.juntadeandalucia.es\/funglishzone\/files\/2025\/02\/PREGUNTAS-TEXTOS-UNIDADES-4-5-6-ESA1.pdf\">PREGUNTAS TEXTOS UNIDADES 4-5-6 ESA1<\/a><\/li>\n<li><a href=\"https:\/\/blogsaverroes.juntadeandalucia.es\/funglishzone\/files\/2025\/02\/PREGUNTAS-TEXTOS-UNIDADES-4-5-6-ESA1-con-RESPUESTAS.pdf\">PREGUNTAS TEXTOS UNIDADES 4-5-6 ESA1 con RESPUESTAS<\/a><\/li>\n<\/ul>\n<\/li>\n<\/ul>\n<\/li>\n<\/ul>\n<\/li>\n<li><strong>REPASO COMPLETO DEL TRIMESTRE:<\/strong>\n<ul>\n<li style=\"list-style-type: none\">\n<ul>\n<li style=\"list-style-type: none\">\n<ul>\n<li><a href=\"https:\/\/blogsaverroes.juntadeandalucia.es\/funglishzone\/files\/2026\/04\/ESA-1-INGLES-TRIM-2-COMPLETO.pdf\">ESA 1 INGL\u00c9S TRIM 2 COMPLETO<\/a><\/li>\n<\/ul>\n<\/li>\n<\/ul>\n<\/li>\n<\/ul>\n<\/li>\n<\/ul>\n<hr>\n<hr>\n<p>&nbsp;<\/p>\n<p><span style=\"color: #ff0000;font-size: 18pt\"><strong>UNIDAD 7<\/strong><\/span><\/p>\n<ol>\n<li><strong>SOLUCIONES: <a href=\"https:\/\/blogsaverroes.juntadeandalucia.es\/funglishzone\/files\/2021\/04\/7-EngAdultsToday1_SOLUCIONES-UNIT-7.pdf\">7 EngAdultsToday1_SOLUCIONES UNIT 7<\/a><\/strong><\/li>\n<li><strong>REDACCI\u00d3N:&nbsp;<a href=\"https:\/\/blogsaverroes.juntadeandalucia.es\/funglishzone\/redacciones-esa-1\/\">7 WRITING UNIT 7 WRITE ABOUT AN EVENT IN YOUR COUNTRY ENGTOD 1<\/a><\/strong><\/li>\n<li><strong>EJERCICIOS:&nbsp;<\/strong>\n<ul style=\"list-style-type: disc\">\n<li>Aqu\u00ed pod\u00e9is descargar y hacer las fichas que hemos trabajado en clase:\n<ul style=\"list-style-type: circle\">\n<li>Presente Simple vs Present Continuous + Stative verbs:\n<ul style=\"list-style-type: square\">\n<li><a href=\"https:\/\/blogsaverroes.juntadeandalucia.es\/funglishzone\/files\/2026\/04\/ESA-1-U7-REPASO-1-PRESENT-SIMPLE-VS-CONTINUOUS.pdf\">ESA 1 U7 REPASO 1 &#8211; PRESENT SIMPLE VS CONTINUOUS<\/a><\/li>\n<li><a href=\"https:\/\/blogsaverroes.juntadeandalucia.es\/funglishzone\/files\/2026\/04\/ESA-1-U7-REPASO-2-PRESENT-SIMPLE-VS-CONTINUOUS-stative-verbs.pdf\">ESA 1 U7 REPASO 2 &#8211; PRESENT SIMPLE VS CONTINUOUS + stative verbs<\/a><\/li>\n<\/ul>\n<\/li>\n<\/ul>\n<\/li>\n<\/ul>\n<\/li>\n<\/ol>\n<hr>\n<p>&nbsp;<\/p>\n<p><span style=\"color: #ff0000;font-size: 18pt\"><strong>UNIDAD 8<\/strong><\/span><\/p>\n<ol>\n<li><strong>SOLUCIONES: <a href=\"https:\/\/blogsaverroes.juntadeandalucia.es\/funglishzone\/files\/2021\/04\/8-EngAdultsToday1_SOLUCIONES-UNIT-8.pdf\">8 EngAdultsToday1_SOLUCIONES UNIT 8<\/a><\/strong><\/li>\n<li><strong>REDACCI\u00d3N: <a href=\"https:\/\/blogsaverroes.juntadeandalucia.es\/funglishzone\/redacciones-esa-1\/\">8 WRITING UNIT 8 ENG TODAY 1<\/a><\/strong><\/li>\n<li><strong>EJERCICIOS:<\/strong><\/li>\n<\/ol>\n<hr>\n<p>&nbsp;<\/p>\n<p><span style=\"color: #ff0000;font-size: 18pt\"><strong>UNIDAD 9<\/strong><\/span><\/p>\n<ol>\n<li><strong>SOLUCIONES: <a href=\"https:\/\/blogsaverroes.juntadeandalucia.es\/funglishzone\/files\/2021\/05\/9-EngAdultsToday1_SOLUCIONES-UNIT-9.pdf\">9 EngAdultsToday1_SOLUCIONES UNIT 9<\/a><\/strong><\/li>\n<li><strong>REDACCI\u00d3N: <a href=\"https:\/\/blogsaverroes.juntadeandalucia.es\/funglishzone\/redacciones-esa-1\/\">9 WRITING UNIT 9 ENG TODAY 1<\/a><\/strong><\/li>\n<li><strong>EJERCICIOS:<\/strong><\/li>\n<\/ol>\n<hr>\n<p>&nbsp;<\/p>\n<p><span style=\"color: #ff0000;font-size: 18pt\"><strong>EJERCICIOS DEL FINAL DEL LIBRO<\/strong><\/span><\/p>\n<ol>\n<li>SOLUCIONES LANGUAGE PRACTICE (pp. 88-117):&nbsp;<a href=\"https:\/\/blogsaverroes.juntadeandalucia.es\/funglishzone\/files\/2020\/11\/Respuestas-LANGUAGE-PRACTICE-ADULTS-1-pp-88-117.pdf\">Respuestas LANGUAGE PRACTICE ADULTS 1 pp 88-117<\/a><\/li>\n<li>SOLUCIONES CUMULATIVE VOCABULARY:&nbsp;<a href=\"https:\/\/blogsaverroes.juntadeandalucia.es\/funglishzone\/files\/2022\/03\/CUMULATIVE-VOCABULARY-1.pdf\">CUMULATIVE VOCABULARY 1<\/a><\/li>\n<li>SOLUCIONES GRAMMAR APPENDIX:&nbsp;<a href=\"https:\/\/blogsaverroes.juntadeandalucia.es\/funglishzone\/files\/2022\/03\/GRAMMAR-APPENDIX-1.pdf\">GRAMMAR APPENDIX 1<\/a><\/li>\n<\/ol>\n<hr>\n<p style=\"text-align: center\"><strong>PUEDES HACER EJERCICIOS DE LISTENING CON ESTAS ACTIVIDADES ONLINE:<\/strong><\/p>\n<p style=\"text-align: center\"><span style=\"font-size: 18pt;color: #008080\"><strong><a style=\"color: #008080\" href=\"https:\/\/www.ejerciciosinglesonline.com\/listening-basico-1\/\" target=\"_blank\" rel=\"noopener\">LISTENING<\/a><\/strong><\/span><\/p>\n<p style=\"text-align: center\">&nbsp;<\/p>\n<p style=\"text-align: center\">&nbsp;<\/p>\n","protected":false},"excerpt":{"rendered":"<p>NIVEL ESA 1 -INGL\u00c9S- Esta p\u00e1gina est\u00e1 dise\u00f1ada para ayudar en el estudio al alumnado de ESA 1 que trabaja con el m\u00e9todo \u00abEnglish for Adults Today 1\u00bb de Burlington Books. Haz clic sobre&#46;&#46;&#46;<\/p>\n","protected":false},"author":8588,"featured_media":0,"parent":0,"menu_order":0,"comment_status":"closed","ping_status":"closed","template":"","meta":{"ngg_post_thumbnail":0,"footnotes":""},"aioseo_notices":[],"_links":{"self":[{"href":"https:\/\/blogsaverroes.juntadeandalucia.es\/funglishzone\/wp-json\/wp\/v2\/pages\/151"}],"collection":[{"href":"https:\/\/blogsaverroes.juntadeandalucia.es\/funglishzone\/wp-json\/wp\/v2\/pages"}],"about":[{"href":"https:\/\/blogsaverroes.juntadeandalucia.es\/funglishzone\/wp-json\/wp\/v2\/types\/page"}],"author":[{"embeddable":true,"href":"https:\/\/blogsaverroes.juntadeandalucia.es\/funglishzone\/wp-json\/wp\/v2\/users\/8588"}],"replies":[{"embeddable":true,"href":"https:\/\/blogsaverroes.juntadeandalucia.es\/funglishzone\/wp-json\/wp\/v2\/comments?post=151"}],"version-history":[{"count":62,"href":"https:\/\/blogsaverroes.juntadeandalucia.es\/funglishzone\/wp-json\/wp\/v2\/pages\/151\/revisions"}],"predecessor-version":[{"id":1684,"href":"https:\/\/blogsaverroes.juntadeandalucia.es\/funglishzone\/wp-json\/wp\/v2\/pages\/151\/revisions\/1684"}],"wp:attachment":[{"href":"https:\/\/blogsaverroes.juntadeandalucia.es\/funglishzone\/wp-json\/wp\/v2\/media?parent=151"}],"curies":[{"name":"wp","href":"https:\/\/api.w.org\/{rel}","templated":true}]}}