{"id":154,"date":"2020-10-04T13:11:38","date_gmt":"2020-10-04T11:11:38","guid":{"rendered":"https:\/\/blogsaverroes.juntadeandalucia.es\/funglishzone\/?page_id=154"},"modified":"2026-03-11T13:42:36","modified_gmt":"2026-03-11T12:42:36","slug":"esa-2","status":"publish","type":"page","link":"https:\/\/blogsaverroes.juntadeandalucia.es\/funglishzone\/esa-2\/","title":{"rendered":"ESA 2 -INGL\u00c9S-"},"content":{"rendered":"<p style=\"text-align: center\"><span style=\"color: #008000;font-size: 36pt\"><strong>NIVEL ESA 2 -INGL\u00c9S-<\/strong><\/span><\/p>\n<p style=\"text-align: center\"><strong><span style=\"font-size: 14pt\">Esta p\u00e1gina est\u00e1 dise\u00f1ada para ayudar en el estudio al alumnado de ESA 2 que trabaja con el m\u00e9todo \u00abEnglish for Adults Today 2\u00bb de Burlington Books.<\/span><\/strong><\/p>\n<p><img loading=\"lazy\" decoding=\"async\" class=\"aligncenter wp-image-242 size-medium\" src=\"https:\/\/blogsaverroes.juntadeandalucia.es\/funglishzone\/files\/2020\/10\/5194ibLKorL._SX350_BO1204203200_-212x300.jpg\" alt=\"\" width=\"212\" height=\"300\" srcset=\"https:\/\/blogsaverroes.juntadeandalucia.es\/funglishzone\/files\/2020\/10\/5194ibLKorL._SX350_BO1204203200_-212x300.jpg 212w, https:\/\/blogsaverroes.juntadeandalucia.es\/funglishzone\/files\/2020\/10\/5194ibLKorL._SX350_BO1204203200_-17x24.jpg 17w, https:\/\/blogsaverroes.juntadeandalucia.es\/funglishzone\/files\/2020\/10\/5194ibLKorL._SX350_BO1204203200_-25x36.jpg 25w, https:\/\/blogsaverroes.juntadeandalucia.es\/funglishzone\/files\/2020\/10\/5194ibLKorL._SX350_BO1204203200_-34x48.jpg 34w, https:\/\/blogsaverroes.juntadeandalucia.es\/funglishzone\/files\/2020\/10\/5194ibLKorL._SX350_BO1204203200_.jpg 352w\" sizes=\"(max-width: 212px) 100vw, 212px\" \/><\/p>\n<p style=\"text-align: center\"><strong><span style=\"font-size: 14pt\">Haz clic sobre el enlace que necesites:<\/span><\/strong><\/p>\n<p>&nbsp;<\/p>\n<p><span style=\"color: #ff0000;font-size: 18pt\"><strong>UNIDAD INTRODUCCI\u00d3N<\/strong><\/span><\/p>\n<ol>\n<li><strong>SOLUCIONES: <a href=\"https:\/\/blogsaverroes.juntadeandalucia.es\/funglishzone\/files\/2025\/01\/EngAdultsToday2_SOLUCIONES-INTRODUCTION.pdf\">EngAdultsToday2_SOLUCIONES INTRODUCTION<\/a><\/strong><\/li>\n<\/ol>\n<hr>\n<p>&nbsp;<\/p>\n<p><span style=\"color: #ff0000;font-size: 18pt\"><strong>UNIDAD 1<\/strong><\/span><\/p>\n<ol>\n<li><strong>SOLUCIONES: <a href=\"https:\/\/blogsaverroes.juntadeandalucia.es\/funglishzone\/files\/2020\/10\/EngAdultsToday2_SOLUCIONES-UNIT-1.pdf\">EngAdultsToday2_SOLUCIONES UNIT 1<\/a><\/strong><\/li>\n<li><strong>REDACCI\u00d3N: <a href=\"https:\/\/blogsaverroes.juntadeandalucia.es\/funglishzone\/redacciones-esa-2\/\">1 WRITING UNIT 1 biography ENG TODAY 2<\/a><\/strong><\/li>\n<li><strong>EJERCICIOS:&nbsp;<\/strong>\n<ul>\n<li style=\"list-style-type: none\">\n<ul>\n<li>Aqu\u00ed pod\u00e9is descargar y hacer las fichas que hemos trabajado en clase:\n<ul style=\"list-style-type: circle\">\n<li>Pasado Simple (Afirmativo): <strong><a href=\"https:\/\/blogsaverroes.juntadeandalucia.es\/funglishzone\/files\/2025\/12\/ESA-2-U1-FICHA-1-AFF-PAST-SIMPLE.pdf\">ESA 2 U1 FICHA 1 &#8211; AFF PAST SIMPLE<\/a><\/strong><\/li>\n<li>Pasado Simple Interrog\/Neg: <strong><a href=\"https:\/\/blogsaverroes.juntadeandalucia.es\/funglishzone\/files\/2025\/12\/ESA-2-U1-FICHA-2-INTNEG-PAST-SIMPLE.pdf\">ESA 2 U1 FICHA 2 &#8211; INT:NEG PAST SIMPLE<\/a><\/strong><\/li>\n<li>Repaso general: <strong><a href=\"https:\/\/blogsaverroes.juntadeandalucia.es\/funglishzone\/files\/2025\/12\/ESA-2-U1-REPASO-1.pdf\">ESA 2 U1 REPASO 1<\/a><\/strong><\/li>\n<\/ul>\n<\/li>\n<li>Ejercicios online: <strong><a href=\"https:\/\/blogsaverroes.juntadeandalucia.es\/funglishzone\/past-simple\/\" target=\"_blank\" rel=\"noopener\">PAST SIMPLE<\/a><\/strong> (Cuando abr\u00eds la p\u00e1gina, comienza con el nivel A1 del pasado simple. Pod\u00e9is hacer todos los ejercicios de sus enlaces para practicar. Tambi\u00e9n pod\u00e9is realizar los que son del nivel A2, pero es m\u00e1s recomendable hacer los del nivel anterior A1).<\/li>\n<\/ul>\n<\/li>\n<\/ul>\n<\/li>\n<\/ol>\n<hr>\n<p>&nbsp;<\/p>\n<p><span style=\"color: #ff0000;font-size: 18pt\"><strong>UNIDAD 2<\/strong><\/span><\/p>\n<ol>\n<li><strong>SOLUCIONES: <a href=\"https:\/\/blogsaverroes.juntadeandalucia.es\/funglishzone\/files\/2020\/10\/EngAdultsToday2_SOLUCIONES-UNIT-2.pdf\">EngAdultsToday2_SOLUCIONES UNIT 2<\/a><\/strong><\/li>\n<li><strong>REDACCI\u00d3N:<\/strong>&nbsp;<strong><a href=\"https:\/\/blogsaverroes.juntadeandalucia.es\/funglishzone\/redacciones-esa-2\/\">2 WRITING UNIT 2 STREET FOOD ENG TODAY 2<\/a><\/strong><\/li>\n<li><strong>EJERCICIOS:&nbsp;<\/strong>\n<ul>\n<li style=\"list-style-type: none\">\n<ul>\n<li>Aqu\u00ed pod\u00e9is descargar y hacer las fichas que hemos trabajado en clase:\n<ul style=\"list-style-type: circle\">\n<li>There was\/were &#8211; Some\/any\/a-an: <strong><a href=\"https:\/\/blogsaverroes.juntadeandalucia.es\/funglishzone\/files\/2025\/12\/ESA-2-U2-FICHA-1-THERE-WASSOMEANY.pdf\">ESA 2 U2 FICHA 1 &#8211; THERE WAS+SOME:ANY<\/a><\/strong><\/li>\n<li>Repaso general (There was\/were, some\/any, used to): <strong><a href=\"https:\/\/blogsaverroes.juntadeandalucia.es\/funglishzone\/files\/2025\/12\/ESA-2-U2-REPASO-1.pdf\">ESA 2 U2 REPASO 1<\/a><\/strong><\/li>\n<\/ul>\n<\/li>\n<\/ul>\n<\/li>\n<\/ul>\n<\/li>\n<\/ol>\n<hr>\n<p>&nbsp;<\/p>\n<p><span style=\"color: #ff0000;font-size: 18pt\"><strong>UNIDAD 3<\/strong><\/span><\/p>\n<ol>\n<li><strong>SOLUCIONES: <a href=\"https:\/\/blogsaverroes.juntadeandalucia.es\/funglishzone\/files\/2020\/11\/3-EngAdultsToday2_SOLUCIONES-UNIT-3.pdf\">3 EngAdultsToday2_SOLUCIONES UNIT 3<\/a><\/strong><\/li>\n<li><strong>REDACCI\u00d3N: <a href=\"https:\/\/blogsaverroes.juntadeandalucia.es\/funglishzone\/redacciones-esa-2\/\">3 WRITING UNIT 3 PLACE TO VISIT ENG TODAY 2<\/a><\/strong><\/li>\n<li><strong>EJERCICIOS:&nbsp;<\/strong>\n<ul>\n<li style=\"list-style-type: none\">\n<ul>\n<li>Aqu\u00ed pod\u00e9is descargar y hacer las fichas que hemos trabajado en clase:\n<ul style=\"list-style-type: circle\">\n<li>Futuro: Will, going to, presente continuo:<strong> <a href=\"https:\/\/blogsaverroes.juntadeandalucia.es\/funglishzone\/files\/2025\/12\/ESA-2-U3-REPASO-1.pdf\">ESA 2 U3 REPASO 1<\/a><\/strong><\/li>\n<li>Futuro: Will, going to, presente continuo: <strong><a href=\"https:\/\/blogsaverroes.juntadeandalucia.es\/funglishzone\/files\/2025\/12\/ESA-2-U3-REPASO-2-MIX.pdf\">ESA 2 U3 REPASO 2 MIX<\/a><\/strong><\/li>\n<\/ul>\n<\/li>\n<\/ul>\n<\/li>\n<\/ul>\n<\/li>\n<\/ol>\n<p>&nbsp;<\/p>\n<hr>\n<hr>\n<p><span style=\"color: #008000;font-size: 18pt\"><strong>FINAL DEL PRIMER TRIMESTRE<\/strong><\/span><\/p>\n<ul>\n<li><strong>RESUMEN DE GRAM\u00c1TICA: <a href=\"https:\/\/blogsaverroes.juntadeandalucia.es\/funglishzone\/files\/2025\/01\/REPASO-GRAMATICA-TRIM-1-ESA-2.pdf\">REPASO GRAM\u00c1TICA TRIM 1 ESA 2<\/a><\/strong><\/li>\n<li><strong>EJERCICIOS TRUE\/FALSE DE LOS TEXTOS (unidades 1, 2 y 3):<\/strong>\n<ul>\n<li style=\"list-style-type: none\">\n<ul>\n<li style=\"list-style-type: none\">\n<ul>\n<li><strong><a href=\"https:\/\/blogsaverroes.juntadeandalucia.es\/funglishzone\/files\/2025\/12\/ESA-2-TEXTOS-1-2-3.pdf\">ESA 2 TEXTOS 1-2-3<\/a><\/strong><\/li>\n<\/ul>\n<\/li>\n<\/ul>\n<\/li>\n<\/ul>\n<\/li>\n<\/ul>\n<hr>\n<hr>\n<p>&nbsp;<\/p>\n<p><span style=\"color: #ff0000;font-size: 18pt\"><strong>UNIDAD 4<\/strong><\/span><\/p>\n<ol>\n<li><strong>SOLUCIONES: <a href=\"https:\/\/blogsaverroes.juntadeandalucia.es\/funglishzone\/files\/2022\/01\/4-EngAdultsToday2_SOLUCIONES-UNIT-4.pdf.pdf\">4 EngAdultsToday2_SOLUCIONES UNIT 4.pdf<\/a><\/strong><\/li>\n<li><strong>REDACCI\u00d3N: <a href=\"https:\/\/blogsaverroes.juntadeandalucia.es\/funglishzone\/redacciones-esa-2\/\">4 WRITING UNIT 4 ENG TODAY 2<\/a><\/strong><\/li>\n<li><strong><strong>EJERCICIOS:<\/strong><\/strong>\n<ul>\n<li style=\"list-style-type: none\">\n<ul>\n<li>Aqu\u00ed pod\u00e9is descargar y hacer las fichas que hemos trabajado en clase:\n<ul style=\"list-style-type: circle\">\n<li>Verbos modales y adverbios:<strong> <a href=\"https:\/\/blogsaverroes.juntadeandalucia.es\/funglishzone\/files\/2026\/01\/ESA-2-U4-REPASO-1-EXP-MODALES-ADVERBIOS.pdf\">ESA 2 U4 REPASO 1 + EXP MODALES + ADVERBIOS<\/a><\/strong><\/li>\n<li>Verbos modales y adverbios: <strong><a href=\"https:\/\/blogsaverroes.juntadeandalucia.es\/funglishzone\/files\/2026\/01\/ESA-2-U4-REPASO-2-MODALES-ADVERBIOS.pdf\">ESA 2 U4 REPASO 2 MODALES + ADVERBIOS<\/a><\/strong><\/li>\n<\/ul>\n<\/li>\n<\/ul>\n<\/li>\n<\/ul>\n<\/li>\n<\/ol>\n<hr>\n<p>&nbsp;<\/p>\n<p><span style=\"color: #ff0000;font-size: 18pt\"><strong>UNIDAD 5<\/strong><\/span><\/p>\n<ol>\n<li><strong>SOLUCIONES: <a href=\"https:\/\/blogsaverroes.juntadeandalucia.es\/funglishzone\/files\/2022\/01\/5-EngAdultsToday2_SOLUCIONES-UNIT-5.pdf.pdf\">5 EngAdultsToday2_SOLUCIONES UNIT 5.pdf<\/a><\/strong><\/li>\n<li><strong>REDACCI\u00d3N: <a href=\"https:\/\/blogsaverroes.juntadeandalucia.es\/funglishzone\/redacciones-esa-2\/\">5 WRITING UNIT 5 ENG TODAY 2<\/a><\/strong><\/li>\n<li><strong>EJERCICIOS:&nbsp;<\/strong>\n<ul>\n<li style=\"list-style-type: none\">\n<ul>\n<li>Aqu\u00ed pod\u00e9is descargar y hacer las fichas que hemos trabajado en clase:\n<ul style=\"list-style-type: circle\">\n<li>Comparativos: <a href=\"https:\/\/blogsaverroes.juntadeandalucia.es\/funglishzone\/files\/2026\/01\/ESA-2-U5-FICHA-1-COMPARATIVOS.pdf\">ESA 2 U5 FICHA 1 COMPARATIVOS<\/a><\/li>\n<li>Superlativos: <a href=\"https:\/\/blogsaverroes.juntadeandalucia.es\/funglishzone\/files\/2026\/01\/ESA-2-U5-FICHA-2-SUPERLATIVOS-1.pdf\">ESA 2 U5 FICHA 2 SUPERLATIVOS<\/a><\/li>\n<li>Repaso general:&nbsp;<\/li>\n<\/ul>\n<\/li>\n<li>Ejercicios online:\n<p style=\"padding-left: 80px\"><span style=\"color: #339966\"><strong>COMPARATIVE<\/strong><\/span><\/p>\n<ol>\n<li style=\"list-style-type: none\">\n<ol>\n<li style=\"list-style-type: none\">\n<ol>\n<li style=\"list-style-type: none\">\n<ol>\n<li><a href=\"https:\/\/www.superprof.es\/apuntes\/idiomas\/ingles\/gramatica-inglesa\/adjectives\/comparative-adjectives.html\">Teor\u00eda y ejercicio 1<\/a><\/li>\n<li><a href=\"https:\/\/www.superprof.es\/apuntes\/idiomas\/ingles\/gramatica-inglesa\/adjectives\/exercises-comparative-adjectives.html\">Ejercicio 2<\/a><\/li>\n<li><a href=\"https:\/\/www.ejerciciosinglesonline.com\/new-exercises\/ex-comparative-superlative\/\">M\u00e1s ejercicios<\/a><\/li>\n<\/ol>\n<\/li>\n<\/ol>\n<\/li>\n<\/ol>\n<\/li>\n<\/ol>\n<p style=\"padding-left: 80px\"><span style=\"color: #339966\"><strong>SUPERLATIVE<\/strong><\/span><\/p>\n<ol>\n<li style=\"list-style-type: none\">\n<ol>\n<li style=\"list-style-type: none\">\n<ol>\n<li style=\"list-style-type: none\">\n<ol>\n<li><a href=\"https:\/\/www.superprof.es\/apuntes\/idiomas\/ingles\/gramatica-inglesa\/adjectives\/superlative.html\">Teor\u00eda y ejercicio 1<\/a><\/li>\n<li><a href=\"https:\/\/www.superprof.es\/apuntes\/idiomas\/ingles\/gramatica-inglesa\/adjectives\/exercises-superlative-adjectives-2.html\">Ejercicio 2<\/a><\/li>\n<li><a href=\"https:\/\/www.superprof.es\/apuntes\/idiomas\/ingles\/gramatica-inglesa\/adjectives\/exercises-superlative-adjectives-3.html\">Ejercicio 3<\/a><\/li>\n<\/ol>\n<\/li>\n<\/ol>\n<\/li>\n<\/ol>\n<\/li>\n<\/ol>\n<\/li>\n<\/ul>\n<\/li>\n<\/ul>\n<\/li>\n<\/ol>\n<hr>\n<p>&nbsp;<\/p>\n<p><span style=\"color: #ff0000;font-size: 18pt\"><strong>UNIDAD 6<\/strong><\/span><\/p>\n<ol>\n<li><strong>SOLUCIONES: <a href=\"https:\/\/blogsaverroes.juntadeandalucia.es\/funglishzone\/files\/2022\/01\/6-EngAdultsToday2_SOLUCIONES-UNIT-6.pdf.pdf\">6 EngAdultsToday2_SOLUCIONES UNIT 6.pdf<\/a><\/strong><\/li>\n<li><strong>REDACCI\u00d3N: <a href=\"https:\/\/blogsaverroes.juntadeandalucia.es\/funglishzone\/redacciones-esa-2\/\">6 WRITING UNIT 6 ENG TODAY 2<\/a><\/strong><\/li>\n<li><strong>EJERCICIOS: <\/strong><\/li>\n<\/ol>\n<ul>\n<li style=\"list-style-type: none\">\n<ul>\n<li style=\"list-style-type: none\">\n<ul>\n<li style=\"list-style-type: none\">\n<ul>\n<li><span style=\"font-size: 12pt\">PDF CON EXPLICACI\u00d3N SENCILLA + FICHAS:<\/span>\n<ul style=\"list-style-type: circle\">\n<li><a style=\"font-size: 12pt\" href=\"https:\/\/blogsaverroes.juntadeandalucia.es\/funglishzone\/files\/2020\/11\/PRESENT-PERFECT-completo-1.pdf\" target=\"_blank\" rel=\"noopener\">EXPLICACI\u00d3N<\/a><\/li>\n<li><a href=\"https:\/\/blogsaverroes.juntadeandalucia.es\/funglishzone\/files\/2026\/02\/ESA-2-U6-FICHA-0-LISTA-VERBOS-PARTICIPIO.pdf\">ESA 2 U6 FICHA 0 LISTA VERBOS PARTICIPIO<\/a><\/li>\n<\/ul>\n<\/li>\n<\/ul>\n<\/li>\n<\/ul>\n<\/li>\n<\/ul>\n<\/li>\n<\/ul>\n<ol>\n<li style=\"list-style-type: none\">\n<ol>\n<li style=\"list-style-type: none\">\n<ol>\n<li style=\"list-style-type: none\">\n<ol>\n<li style=\"list-style-type: none\">\n<ol>\n<li><a href=\"https:\/\/blogsaverroes.juntadeandalucia.es\/funglishzone\/files\/2026\/02\/ESA-2-U6-PRES-PERFECT-1.AFF_.pdf\">ESA 2 U6 PRES PERFECT 1.AFF<\/a><\/li>\n<li><a href=\"https:\/\/blogsaverroes.juntadeandalucia.es\/funglishzone\/files\/2026\/02\/ESA-2-U6-PRES-PERFECT-2.NEG_.pdf\">ESA 2 U6 PRES PERFECT 2.NEG<\/a><\/li>\n<li><a href=\"https:\/\/blogsaverroes.juntadeandalucia.es\/funglishzone\/files\/2026\/02\/ESA-2-U6-PRES-PERFECT-3.INTERR.pdf\">ESA 2 U6 PRES PERFECT 3.INTERR<\/a><\/li>\n<li><a href=\"https:\/\/blogsaverroes.juntadeandalucia.es\/funglishzone\/files\/2026\/02\/ESA-2-U6-PRES-PERFECT-MIX-1.pdf\">ESA 2 U6 PRES PERFECT MIX 1<\/a><\/li>\n<li><a href=\"https:\/\/blogsaverroes.juntadeandalucia.es\/funglishzone\/files\/2026\/02\/ESA-2-U6-PRES-PERFECT-MIX-2.pdf\">ESA 2 U6 PRES PERFECT MIX 2<\/a><\/li>\n<\/ol>\n<\/li>\n<\/ol>\n<\/li>\n<\/ol>\n<\/li>\n<\/ol>\n<\/li>\n<\/ol>\n<ul>\n<li style=\"list-style-type: none\">\n<ul>\n<li style=\"list-style-type: none\">\n<ul>\n<li style=\"list-style-type: none\">\n<ul>\n<li style=\"list-style-type: none\">\n<ul style=\"list-style-type: circle\">\n<li><a href=\"https:\/\/blogsaverroes.juntadeandalucia.es\/funglishzone\/files\/2026\/02\/ESA-2-U6-FICHA-1-PRESENT-PERFECT.pdf\">ESA 2 U6 FICHA 1 PRESENT PERFECT<\/a><\/li>\n<li><a href=\"https:\/\/blogsaverroes.juntadeandalucia.es\/funglishzone\/files\/2026\/03\/ESA-2-U6-FICHA-2-PRESENT-PERFECT-1.pdf\">ESA 2 U6 FICHA 2 PRESENT PERFECT<\/a><\/li>\n<li><a href=\"https:\/\/blogsaverroes.juntadeandalucia.es\/funglishzone\/files\/2026\/02\/ESA-2-U6-FICHA-2-ADV-Y-EXP-DE-TIEMPO-PRES-PERF.pdf\">ESA 2 U6 FICHA 2 ADV Y EXP DE TIEMPO PRES PERF<\/a><\/li>\n<\/ul>\n<\/li>\n<\/ul>\n<\/li>\n<\/ul>\n<\/li>\n<\/ul>\n<\/li>\n<\/ul>\n<p>&nbsp;<\/p>\n<hr>\n<hr>\n<p><span style=\"color: #008000;font-size: 18pt\"><strong>FINAL DEL SEGUNDO TRIMESTRE<\/strong><\/span><\/p>\n<ul>\n<li><strong>EJERCICIO TRUE\/FALSE DE LOS TEXTOS (unidades 4, 5 y 6):<\/strong>\n<ul>\n<li style=\"list-style-type: none\">\n<ul>\n<li style=\"list-style-type: none\">\n<ul>\n<li><a href=\"https:\/\/blogsaverroes.juntadeandalucia.es\/funglishzone\/files\/2025\/02\/PREGUNTAS-TEXTOS-UNITS-4-5-6-ESA2.pdf\">PREGUNTAS TEXTOS UNITS 4-5-6 ESA2<\/a><\/li>\n<li><a href=\"https:\/\/blogsaverroes.juntadeandalucia.es\/funglishzone\/files\/2025\/02\/PREGUNTAS-TEXTOS-UNITS-4-5-6-ESA2-con-RESPUESTAS.pdf\">PREGUNTAS TEXTOS UNITS 4-5-6 ESA2 con RESPUESTAS<\/a><\/li>\n<\/ul>\n<\/li>\n<\/ul>\n<\/li>\n<\/ul>\n<\/li>\n<li><strong>MODELO DE EXAMEN PARA PRACTICAR LA GRAM\u00c1TICA (CON RESPUESTAS):&nbsp;<\/strong>\n<ul>\n<li style=\"list-style-type: none\">\n<ul>\n<li style=\"list-style-type: none\">\n<ul>\n<li><a href=\"https:\/\/blogsaverroes.juntadeandalucia.es\/funglishzone\/files\/2025\/04\/MODELO-EXAMEN-GRAMMAR-TRIM-2-ESA-2.pdf\">MODELO EXAMEN GRAMMAR TRIM 2 ESA 2 MODELO 1<\/a><\/li>\n<li><a href=\"https:\/\/blogsaverroes.juntadeandalucia.es\/funglishzone\/files\/2026\/03\/MODELO-EXAMEN-GRAMMAR-TRIM-2-ESA-2-MODEL0-2.pdf\">MODELO EXAMEN GRAMMAR TRIM 2 ESA 2 MODEL0 2<\/a><\/li>\n<\/ul>\n<\/li>\n<\/ul>\n<\/li>\n<\/ul>\n<\/li>\n<\/ul>\n<hr>\n<hr>\n<p>&nbsp;<\/p>\n<p><span style=\"color: #ff0000;font-size: 18pt\"><strong>UNIDAD 7<\/strong><\/span><\/p>\n<ol>\n<li><strong>SOLUCIONES: <a href=\"https:\/\/blogsaverroes.juntadeandalucia.es\/funglishzone\/files\/2021\/04\/7-EngAdultsToday2_SOLUCIONES-UNIT-7.pdf\">7 EngAdultsToday2_SOLUCIONES UNIT 7<\/a><\/strong><\/li>\n<li><strong>REDACCI\u00d3N: <a href=\"https:\/\/blogsaverroes.juntadeandalucia.es\/funglishzone\/redacciones-esa-2\/\">7 WRITING UNIT 7 TALK ABOUT YOURSELF ENG TODAY 2<\/a><\/strong><\/li>\n<li><strong>EJERCICIOS:&nbsp;<\/strong>Aqu\u00ed ten\u00e9is los ejercicios que hacemos en clase para practicar los pronombres relativos, y los adjetivos y pronombres posesivos.\n<ol>\n<li style=\"list-style-type: none\">\n<ul>\n<li><a href=\"https:\/\/blogsaverroes.juntadeandalucia.es\/funglishzone\/files\/2026\/03\/ESA-2-U7-REPASO-1-PRONOMBRES-RELATIVOS-Y-POSESIVOS.pdf\">ESA 2 U7 REPASO 1 PRONOMBRES RELATIVOS Y POSESIVOS<\/a><\/li>\n<li><a href=\"https:\/\/blogsaverroes.juntadeandalucia.es\/funglishzone\/files\/2026\/03\/ESA-2-U7-REPASO-2-PRONOMBRES-RELATIVOS-Y-POSESIVOS.pdf\">ESA 2 U7 REPASO 2 PRONOMBRES RELATIVOS Y POSESIVOS<\/a><\/li>\n<\/ul>\n<\/li>\n<\/ol>\n<\/li>\n<\/ol>\n<hr>\n<p>&nbsp;<\/p>\n<p><span style=\"color: #ff0000;font-size: 18pt\"><strong>UNIDAD 8<\/strong><\/span><\/p>\n<ol>\n<li><strong>SOLUCIONES: <a href=\"https:\/\/blogsaverroes.juntadeandalucia.es\/funglishzone\/files\/2021\/04\/8-EngAdultsToday2_SOLUCIONES-UNIT-8.pdf\">8 EngAdultsToday2_SOLUCIONES UNIT 8<\/a><\/strong><\/li>\n<li><strong>REDACCI\u00d3N: <a href=\"https:\/\/blogsaverroes.juntadeandalucia.es\/funglishzone\/redacciones-esa-2\/\">8 WRITING UNIT 8 WRITE ABOUT AN INVENTION ENG TODAY 2<\/a><\/strong><\/li>\n<li><strong>EJERCICIOS: <\/strong>Aqu\u00ed ten\u00e9is los ejercicios que hacemos en clase para practicar la pasiva en presente y pasado.\n<ol>\n<li style=\"list-style-type: none\">\n<ul>\n<li><a href=\"https:\/\/blogsaverroes.juntadeandalucia.es\/funglishzone\/files\/2025\/06\/UNIT-8-PASIVA-ESA-2-EX-1.pdf\">UNIT 8 PASIVA ESA 2 EX 1<\/a><\/li>\n<li><a href=\"https:\/\/blogsaverroes.juntadeandalucia.es\/funglishzone\/files\/2025\/06\/UNIT-8-PASIVA-ESA-2-EX-2.pdf\">UNIT 8 PASIVA ESA 2 EX 2<\/a><\/li>\n<li><a href=\"https:\/\/blogsaverroes.juntadeandalucia.es\/funglishzone\/files\/2025\/06\/UNIT-8-PASIVA-ESA-2-EX-3.pdf\">UNIT 8 PASIVA ESA 2 EX 3<\/a><\/li>\n<\/ul>\n<\/li>\n<\/ol>\n<\/li>\n<\/ol>\n<hr>\n<p>&nbsp;<\/p>\n<p><span style=\"color: #ff0000;font-size: 18pt\"><strong>UNIDAD 9<\/strong><\/span><\/p>\n<ol>\n<li><strong>SOLUCIONES: <a href=\"https:\/\/blogsaverroes.juntadeandalucia.es\/funglishzone\/files\/2022\/04\/9-EngAdultsToday2_SOLUCIONES-UNIT-9.pdf\">9 EngAdultsToday2_SOLUCIONES UNIT 9<\/a><\/strong><\/li>\n<li><strong>REDACCI\u00d3N: <a href=\"https:\/\/blogsaverroes.juntadeandalucia.es\/funglishzone\/redacciones-esa-2\/\">9 WRITING UNIT 9 WRITE ABOUT YOUR SHOPPING PREFERENCES ENG TODAY 2<\/a><\/strong><\/li>\n<li><strong>EJERCICIOS:&nbsp;<\/strong>Aqu\u00ed ten\u00e9is los ejercicios que hacemos en clase para practicar infinitivo y gerundio.\n<ol>\n<li style=\"list-style-type: none\">\n<ul>\n<li><a href=\"https:\/\/blogsaverroes.juntadeandalucia.es\/funglishzone\/files\/2025\/06\/UNIT-9-INF-GER-ESA-2-EX-1.pdf\">UNIT 9 INF-GER ESA 2 EX 1<\/a><\/li>\n<\/ul>\n<\/li>\n<\/ol>\n<\/li>\n<\/ol>\n<p>&nbsp;<\/p>\n<hr>\n<hr>\n<p><span style=\"color: #008000;font-size: 18pt\"><strong>FINAL DEL TERCER TRIMESTRE<\/strong><\/span><\/p>\n<ul>\n<li><strong>EJERCICIO TRUE\/FALSE DE LOS TEXTOS (unidades 7, 8 y 9):<\/strong>\n<ul>\n<li style=\"list-style-type: none\">\n<ul>\n<li style=\"list-style-type: none\">\n<ul>\n<li><a href=\"https:\/\/blogsaverroes.juntadeandalucia.es\/funglishzone\/files\/2025\/06\/PREGUNTAS-TEXTOS-UNITS-7-8-9-ESA2.pdf\">PREGUNTAS TEXTOS UNITS 7-8-9 ESA2<\/a><\/li>\n<li><a href=\"https:\/\/blogsaverroes.juntadeandalucia.es\/funglishzone\/files\/2025\/06\/PREGUNTAS-TEXTOS-UNITS-7-8-9-ESA2-RESPUESTAS.pdf\">PREGUNTAS TEXTOS UNITS 7-8-9 ESA2 RESPUESTAS<\/a><\/li>\n<\/ul>\n<\/li>\n<\/ul>\n<\/li>\n<\/ul>\n<\/li>\n<li><strong>MODELO DE EXAMEN PARA PRACTICAR LA GRAM\u00c1TICA (CON RESPUESTAS):&nbsp;<\/strong>\n<ul>\n<li style=\"list-style-type: none\">\n<ul>\n<li style=\"list-style-type: none\">\n<ul>\n<li>&nbsp;<\/li>\n<\/ul>\n<\/li>\n<\/ul>\n<\/li>\n<\/ul>\n<\/li>\n<\/ul>\n<hr>\n<hr>\n<p>&nbsp;<\/p>\n<p><span style=\"font-size: 24pt\"><strong><span style=\"color: #ff9900\">EJERCICIOS DEL FINAL DEL LIBRO<\/span><\/strong><\/span><\/p>\n<ol>\n<li>SOLUCIONES LANGUAGE PRACTICE (pp. 88-117): <a href=\"https:\/\/blogsaverroes.juntadeandalucia.es\/funglishzone\/files\/2025\/01\/Respuestas-LANGUAGE-PRACTICE-ADULTS-2-pp-88-117.pdf\">Respuestas LANGUAGE PRACTICE ADULTS 2 pp 88-117<\/a><\/li>\n<li>SOLUCIONES CUMULATIVE VOCABULARY: <a href=\"https:\/\/blogsaverroes.juntadeandalucia.es\/funglishzone\/files\/2022\/03\/CUMULATIVE-VOCABULARY-2.pdf\">CUMULATIVE VOCABULARY 2<\/a><\/li>\n<li>SOLUCIONES GRAMMAR APPENDIX: <a href=\"https:\/\/blogsaverroes.juntadeandalucia.es\/funglishzone\/files\/2022\/03\/GRAMMAR-APPENDIX-2.pdf\">GRAMMAR APPENDIX 2<\/a><\/li>\n<li>SOLUCIONES OPTIONAL GRAMMAR: <a href=\"https:\/\/blogsaverroes.juntadeandalucia.es\/funglishzone\/files\/2022\/03\/OPTIONAL-GRAMMAR-2.pdf\">OPTIONAL GRAMMAR 2<\/a><\/li>\n<\/ol>\n<hr>\n<p style=\"text-align: center\"><strong>PUEDES HACER EJERCICIOS DE LISTENING CON ESTAS ACTIVIDADES ONLINE:<\/strong><\/p>\n<p style=\"text-align: center\"><span style=\"font-size: 18pt;color: #008080\"><strong><a style=\"color: #008080\" href=\"https:\/\/www.ejerciciosinglesonline.com\/listening-basico-1\/\" target=\"_blank\" rel=\"noopener\">LISTENING<\/a><\/strong><\/span><\/p>\n","protected":false},"excerpt":{"rendered":"<p>NIVEL ESA 2 -INGL\u00c9S- Esta p\u00e1gina est\u00e1 dise\u00f1ada para ayudar en el estudio al alumnado de ESA 2 que trabaja con el m\u00e9todo \u00abEnglish for Adults Today 2\u00bb de Burlington Books. Haz clic sobre&#46;&#46;&#46;<\/p>\n","protected":false},"author":8588,"featured_media":0,"parent":0,"menu_order":0,"comment_status":"closed","ping_status":"closed","template":"","meta":{"ngg_post_thumbnail":0,"footnotes":""},"aioseo_notices":[],"_links":{"self":[{"href":"https:\/\/blogsaverroes.juntadeandalucia.es\/funglishzone\/wp-json\/wp\/v2\/pages\/154"}],"collection":[{"href":"https:\/\/blogsaverroes.juntadeandalucia.es\/funglishzone\/wp-json\/wp\/v2\/pages"}],"about":[{"href":"https:\/\/blogsaverroes.juntadeandalucia.es\/funglishzone\/wp-json\/wp\/v2\/types\/page"}],"author":[{"embeddable":true,"href":"https:\/\/blogsaverroes.juntadeandalucia.es\/funglishzone\/wp-json\/wp\/v2\/users\/8588"}],"replies":[{"embeddable":true,"href":"https:\/\/blogsaverroes.juntadeandalucia.es\/funglishzone\/wp-json\/wp\/v2\/comments?post=154"}],"version-history":[{"count":68,"href":"https:\/\/blogsaverroes.juntadeandalucia.es\/funglishzone\/wp-json\/wp\/v2\/pages\/154\/revisions"}],"predecessor-version":[{"id":1667,"href":"https:\/\/blogsaverroes.juntadeandalucia.es\/funglishzone\/wp-json\/wp\/v2\/pages\/154\/revisions\/1667"}],"wp:attachment":[{"href":"https:\/\/blogsaverroes.juntadeandalucia.es\/funglishzone\/wp-json\/wp\/v2\/media?parent=154"}],"curies":[{"name":"wp","href":"https:\/\/api.w.org\/{rel}","templated":true}]}}