{"id":162,"date":"2020-10-04T13:22:58","date_gmt":"2020-10-04T11:22:58","guid":{"rendered":"https:\/\/blogsaverroes.juntadeandalucia.es\/funglishzone\/?page_id=162"},"modified":"2024-09-13T10:58:05","modified_gmt":"2024-09-13T08:58:05","slug":"moodle","status":"publish","type":"page","link":"https:\/\/blogsaverroes.juntadeandalucia.es\/funglishzone\/moodle\/","title":{"rendered":"PLATAFORMA SEMI"},"content":{"rendered":"<p>A continuaci\u00f3n os voy a presentar una serie de tutoriales e im\u00e1genes para:<\/p>\n<ol>\n<li>Crear vuestro USUARIO y CONTRASE\u00d1A en PASEN (iPASEN en dispositivos m\u00f3viles).<\/li>\n<li>Entrar en la plataforma de Educaci\u00f3n SEMIPRESENCIAL de la Junta de Andaluc\u00eda (MOODLE).<\/li>\n<li>Moverse dentro de la plataforma, localizar contenidos y realizar las tareas.<\/li>\n<\/ol>\n<p>Este tutorial est\u00e1 especialmente dise\u00f1ado para el alumnado de las Escuelas Oficiales de Idiomas (EOI) que se ha matriculado en la modalidad Semipresencial a trav\u00e9s de una escuela de Adultos (CEPER -Centro de Educaci\u00f3n Permanente- o SEP -Secci\u00f3n de Ed. Permanente-), pero puede servir de ayuda para el alumnado de ESA (Educaci\u00f3n Secundaria para Adultos).<\/p>\n<p>Comenzamos&#8230;<\/p>\n<ul>\n<li>Para acceder a la plataforma MOODLE, en primer lugar necesitamos crear nuestro USUARIO y CONTRASE\u00d1A en PASEN (si no disponemos de una). Para ello, es muy importante que tengamos a mano el mismo tel\u00e9fono m\u00f3vil que consignamos en nuestra matr\u00edcula en el centro de adultos, pues en este n\u00famero recibiremos un c\u00f3digo de activaci\u00f3n. Para ello, haced clic en la siguiente presentaci\u00f3n de la propia Junta de Andaluc\u00eda:<\/li>\n<li style=\"list-style-type: none\">\n<ul>\n<li><a title=\"C\u00f3mo activar mi usuario en PASEN\" href=\"https:\/\/www.juntadeandalucia.es\/educacion\/gestionafp\/documentacion\/demos\/usuario_PASEN\/index.html\">C\u00f3mo activar mi usuario en PASEN<\/a><\/li>\n<\/ul>\n<\/li>\n<\/ul>\n<p style=\"padding-left: 40px\">Ahora es momento de realizar el proceso en la WEB de PASEN. Aqu\u00ed:<\/p>\n<ul>\n<li style=\"list-style-type: none\">\n<ul>\n<li><a href=\"https:\/\/www.juntadeandalucia.es\/educacion\/portalseneca\/web\/pasen\/inicio\">Portal PASEN<\/a><\/li>\n<\/ul>\n<\/li>\n<\/ul>\n<ul>\n<li>Una vez dispongo de usuario y contrase\u00f1a, accedo a la plataforma de Educaci\u00f3n Semipresencial con ellos. Aqu\u00ed:\n<ul>\n<li><a href=\"https:\/\/educacionadistancia.juntadeandalucia.es\/semi\/login\/index.php\">Plataforma de Educaci\u00f3n Semipresencial<\/a><\/li>\n<\/ul>\n<\/li>\n<li>Al principio puede resultar algo confusa, pero es cuesti\u00f3n de tiempo hacerse con las riendas. Os presento una serie de im\u00e1genes para comenzar a trabajar. Obs\u00e9rvalas con detenimiento y practica con tu cuenta en Moodle mientras lo haces.&nbsp;Pincha en la primera imagen para aumentar su tama\u00f1o y verlas en cadena.<\/li>\n<\/ul>\n\n\t\t<style>\n\t\t\t#gallery-1 {\n\t\t\t\tmargin: auto;\n\t\t\t}\n\t\t\t#gallery-1 .gallery-item {\n\t\t\t\tfloat: left;\n\t\t\t\tmargin-top: 10px;\n\t\t\t\ttext-align: center;\n\t\t\t\twidth: 33%;\n\t\t\t}\n\t\t\t#gallery-1 img {\n\t\t\t\tborder: 2px solid #cfcfcf;\n\t\t\t}\n\t\t\t#gallery-1 .gallery-caption {\n\t\t\t\tmargin-left: 0;\n\t\t\t}\n\t\t\t\/* see gallery_shortcode() in wp-includes\/media.php *\/\n\t\t<\/style>\n\t\t<div id='gallery-1' class='gallery galleryid-162 gallery-columns-3 gallery-size-thumbnail'><dl class='gallery-item'>\n\t\t\t<dt class='gallery-icon landscape'>\n\t\t\t\t<a href='https:\/\/blogsaverroes.juntadeandalucia.es\/funglishzone\/moodle\/1-pagina-inicio-moodle\/'><img loading=\"lazy\" decoding=\"async\" width=\"150\" height=\"150\" src=\"https:\/\/blogsaverroes.juntadeandalucia.es\/funglishzone\/files\/2020\/10\/1.-P\u00c1GINA-INICIO-MOODLE-150x150.png\" class=\"attachment-thumbnail size-thumbnail\" alt=\"\" srcset=\"https:\/\/blogsaverroes.juntadeandalucia.es\/funglishzone\/files\/2020\/10\/1.-P\u00c1GINA-INICIO-MOODLE-150x150.png 150w, https:\/\/blogsaverroes.juntadeandalucia.es\/funglishzone\/files\/2020\/10\/1.-P\u00c1GINA-INICIO-MOODLE-100x100.png 100w, https:\/\/blogsaverroes.juntadeandalucia.es\/funglishzone\/files\/2020\/10\/1.-P\u00c1GINA-INICIO-MOODLE-80x80.png 80w, https:\/\/blogsaverroes.juntadeandalucia.es\/funglishzone\/files\/2020\/10\/1.-P\u00c1GINA-INICIO-MOODLE-320x320.png 320w\" sizes=\"(max-width: 150px) 100vw, 150px\" \/><\/a>\n\t\t\t<\/dt><\/dl><dl class='gallery-item'>\n\t\t\t<dt class='gallery-icon landscape'>\n\t\t\t\t<a href='https:\/\/blogsaverroes.juntadeandalucia.es\/funglishzone\/moodle\/2-entrada-en-contenido-personal-moodle\/'><img loading=\"lazy\" decoding=\"async\" width=\"150\" height=\"150\" src=\"https:\/\/blogsaverroes.juntadeandalucia.es\/funglishzone\/files\/2020\/10\/2.-ENTRADA-EN-CONTENIDO-PERSONAL-MOODLE-150x150.png\" class=\"attachment-thumbnail size-thumbnail\" alt=\"\" srcset=\"https:\/\/blogsaverroes.juntadeandalucia.es\/funglishzone\/files\/2020\/10\/2.-ENTRADA-EN-CONTENIDO-PERSONAL-MOODLE-150x150.png 150w, https:\/\/blogsaverroes.juntadeandalucia.es\/funglishzone\/files\/2020\/10\/2.-ENTRADA-EN-CONTENIDO-PERSONAL-MOODLE-100x100.png 100w, https:\/\/blogsaverroes.juntadeandalucia.es\/funglishzone\/files\/2020\/10\/2.-ENTRADA-EN-CONTENIDO-PERSONAL-MOODLE-80x80.png 80w, https:\/\/blogsaverroes.juntadeandalucia.es\/funglishzone\/files\/2020\/10\/2.-ENTRADA-EN-CONTENIDO-PERSONAL-MOODLE-320x320.png 320w\" sizes=\"(max-width: 150px) 100vw, 150px\" \/><\/a>\n\t\t\t<\/dt><\/dl><dl class='gallery-item'>\n\t\t\t<dt class='gallery-icon landscape'>\n\t\t\t\t<a href='https:\/\/blogsaverroes.juntadeandalucia.es\/funglishzone\/moodle\/3-mis-cursos-moodle\/'><img loading=\"lazy\" decoding=\"async\" width=\"150\" height=\"150\" src=\"https:\/\/blogsaverroes.juntadeandalucia.es\/funglishzone\/files\/2020\/10\/3.-MIS-CURSOS-MOODLE-150x150.png\" class=\"attachment-thumbnail size-thumbnail\" alt=\"\" srcset=\"https:\/\/blogsaverroes.juntadeandalucia.es\/funglishzone\/files\/2020\/10\/3.-MIS-CURSOS-MOODLE-150x150.png 150w, https:\/\/blogsaverroes.juntadeandalucia.es\/funglishzone\/files\/2020\/10\/3.-MIS-CURSOS-MOODLE-100x100.png 100w, https:\/\/blogsaverroes.juntadeandalucia.es\/funglishzone\/files\/2020\/10\/3.-MIS-CURSOS-MOODLE-80x80.png 80w, https:\/\/blogsaverroes.juntadeandalucia.es\/funglishzone\/files\/2020\/10\/3.-MIS-CURSOS-MOODLE-320x320.png 320w\" sizes=\"(max-width: 150px) 100vw, 150px\" \/><\/a>\n\t\t\t<\/dt><\/dl><br style=\"clear: both\" \/><dl class='gallery-item'>\n\t\t\t<dt class='gallery-icon landscape'>\n\t\t\t\t<a href='https:\/\/blogsaverroes.juntadeandalucia.es\/funglishzone\/moodle\/4-pantalla-tras-acceder-a-mi-curso-moodle\/'><img loading=\"lazy\" decoding=\"async\" width=\"150\" height=\"150\" src=\"https:\/\/blogsaverroes.juntadeandalucia.es\/funglishzone\/files\/2020\/10\/4.-PANTALLA-TRAS-ACCEDER-A-MI-CURSO-MOODLE-150x150.png\" class=\"attachment-thumbnail size-thumbnail\" alt=\"\" srcset=\"https:\/\/blogsaverroes.juntadeandalucia.es\/funglishzone\/files\/2020\/10\/4.-PANTALLA-TRAS-ACCEDER-A-MI-CURSO-MOODLE-150x150.png 150w, https:\/\/blogsaverroes.juntadeandalucia.es\/funglishzone\/files\/2020\/10\/4.-PANTALLA-TRAS-ACCEDER-A-MI-CURSO-MOODLE-100x100.png 100w, https:\/\/blogsaverroes.juntadeandalucia.es\/funglishzone\/files\/2020\/10\/4.-PANTALLA-TRAS-ACCEDER-A-MI-CURSO-MOODLE-80x80.png 80w, https:\/\/blogsaverroes.juntadeandalucia.es\/funglishzone\/files\/2020\/10\/4.-PANTALLA-TRAS-ACCEDER-A-MI-CURSO-MOODLE-320x320.png 320w\" sizes=\"(max-width: 150px) 100vw, 150px\" \/><\/a>\n\t\t\t<\/dt><\/dl><dl class='gallery-item'>\n\t\t\t<dt class='gallery-icon landscape'>\n\t\t\t\t<a href='https:\/\/blogsaverroes.juntadeandalucia.es\/funglishzone\/moodle\/5-trimestres-moodle\/'><img loading=\"lazy\" decoding=\"async\" width=\"150\" height=\"150\" src=\"https:\/\/blogsaverroes.juntadeandalucia.es\/funglishzone\/files\/2020\/10\/5.-TRIMESTRES-MOODLE-150x150.png\" class=\"attachment-thumbnail size-thumbnail\" alt=\"\" srcset=\"https:\/\/blogsaverroes.juntadeandalucia.es\/funglishzone\/files\/2020\/10\/5.-TRIMESTRES-MOODLE-150x150.png 150w, https:\/\/blogsaverroes.juntadeandalucia.es\/funglishzone\/files\/2020\/10\/5.-TRIMESTRES-MOODLE-100x100.png 100w, https:\/\/blogsaverroes.juntadeandalucia.es\/funglishzone\/files\/2020\/10\/5.-TRIMESTRES-MOODLE-80x80.png 80w, https:\/\/blogsaverroes.juntadeandalucia.es\/funglishzone\/files\/2020\/10\/5.-TRIMESTRES-MOODLE-320x320.png 320w\" sizes=\"(max-width: 150px) 100vw, 150px\" \/><\/a>\n\t\t\t<\/dt><\/dl><dl class='gallery-item'>\n\t\t\t<dt class='gallery-icon landscape'>\n\t\t\t\t<a href='https:\/\/blogsaverroes.juntadeandalucia.es\/funglishzone\/moodle\/6-contenidos-y-tareas-moodle\/'><img loading=\"lazy\" decoding=\"async\" width=\"150\" height=\"150\" src=\"https:\/\/blogsaverroes.juntadeandalucia.es\/funglishzone\/files\/2020\/10\/6.-CONTENIDOS-Y-TAREAS-MOODLE-150x150.png\" class=\"attachment-thumbnail size-thumbnail\" alt=\"\" srcset=\"https:\/\/blogsaverroes.juntadeandalucia.es\/funglishzone\/files\/2020\/10\/6.-CONTENIDOS-Y-TAREAS-MOODLE-150x150.png 150w, https:\/\/blogsaverroes.juntadeandalucia.es\/funglishzone\/files\/2020\/10\/6.-CONTENIDOS-Y-TAREAS-MOODLE-100x100.png 100w, https:\/\/blogsaverroes.juntadeandalucia.es\/funglishzone\/files\/2020\/10\/6.-CONTENIDOS-Y-TAREAS-MOODLE-80x80.png 80w, https:\/\/blogsaverroes.juntadeandalucia.es\/funglishzone\/files\/2020\/10\/6.-CONTENIDOS-Y-TAREAS-MOODLE-320x320.png 320w\" sizes=\"(max-width: 150px) 100vw, 150px\" \/><\/a>\n\t\t\t<\/dt><\/dl><br style=\"clear: both\" \/><dl class='gallery-item'>\n\t\t\t<dt class='gallery-icon landscape'>\n\t\t\t\t<a href='https:\/\/blogsaverroes.juntadeandalucia.es\/funglishzone\/moodle\/7-dos-caminos-primer-trimestre-y-menu-tareas\/'><img loading=\"lazy\" decoding=\"async\" width=\"150\" height=\"150\" src=\"https:\/\/blogsaverroes.juntadeandalucia.es\/funglishzone\/files\/2020\/10\/7.-DOS-CAMINOS-PRIMER-TRIMESTRE-Y-MEN\u00da-TAREAS-150x150.png\" class=\"attachment-thumbnail size-thumbnail\" alt=\"\" srcset=\"https:\/\/blogsaverroes.juntadeandalucia.es\/funglishzone\/files\/2020\/10\/7.-DOS-CAMINOS-PRIMER-TRIMESTRE-Y-MEN\u00da-TAREAS-150x150.png 150w, https:\/\/blogsaverroes.juntadeandalucia.es\/funglishzone\/files\/2020\/10\/7.-DOS-CAMINOS-PRIMER-TRIMESTRE-Y-MEN\u00da-TAREAS-100x100.png 100w, https:\/\/blogsaverroes.juntadeandalucia.es\/funglishzone\/files\/2020\/10\/7.-DOS-CAMINOS-PRIMER-TRIMESTRE-Y-MEN\u00da-TAREAS-80x80.png 80w, https:\/\/blogsaverroes.juntadeandalucia.es\/funglishzone\/files\/2020\/10\/7.-DOS-CAMINOS-PRIMER-TRIMESTRE-Y-MEN\u00da-TAREAS-320x320.png 320w\" sizes=\"(max-width: 150px) 100vw, 150px\" \/><\/a>\n\t\t\t<\/dt><\/dl><dl class='gallery-item'>\n\t\t\t<dt class='gallery-icon landscape'>\n\t\t\t\t<a href='https:\/\/blogsaverroes.juntadeandalucia.es\/funglishzone\/moodle\/8-acceso-a-tarea-en-crea-moodle\/'><img loading=\"lazy\" decoding=\"async\" width=\"150\" height=\"150\" src=\"https:\/\/blogsaverroes.juntadeandalucia.es\/funglishzone\/files\/2020\/10\/8.-ACCESO-A-TAREA-EN-CREA-MOODLE-150x150.png\" class=\"attachment-thumbnail size-thumbnail\" alt=\"\" srcset=\"https:\/\/blogsaverroes.juntadeandalucia.es\/funglishzone\/files\/2020\/10\/8.-ACCESO-A-TAREA-EN-CREA-MOODLE-150x150.png 150w, https:\/\/blogsaverroes.juntadeandalucia.es\/funglishzone\/files\/2020\/10\/8.-ACCESO-A-TAREA-EN-CREA-MOODLE-100x100.png 100w, https:\/\/blogsaverroes.juntadeandalucia.es\/funglishzone\/files\/2020\/10\/8.-ACCESO-A-TAREA-EN-CREA-MOODLE-80x80.png 80w, https:\/\/blogsaverroes.juntadeandalucia.es\/funglishzone\/files\/2020\/10\/8.-ACCESO-A-TAREA-EN-CREA-MOODLE-320x320.png 320w\" sizes=\"(max-width: 150px) 100vw, 150px\" \/><\/a>\n\t\t\t<\/dt><\/dl><dl class='gallery-item'>\n\t\t\t<dt class='gallery-icon landscape'>\n\t\t\t\t<a href='https:\/\/blogsaverroes.juntadeandalucia.es\/funglishzone\/moodle\/9-ejemplo-de-tarea-en-crea\/'><img loading=\"lazy\" decoding=\"async\" width=\"150\" height=\"150\" src=\"https:\/\/blogsaverroes.juntadeandalucia.es\/funglishzone\/files\/2020\/10\/9.-EJEMPLO-DE-TAREA-EN-CREA-150x150.png\" class=\"attachment-thumbnail size-thumbnail\" alt=\"\" srcset=\"https:\/\/blogsaverroes.juntadeandalucia.es\/funglishzone\/files\/2020\/10\/9.-EJEMPLO-DE-TAREA-EN-CREA-150x150.png 150w, https:\/\/blogsaverroes.juntadeandalucia.es\/funglishzone\/files\/2020\/10\/9.-EJEMPLO-DE-TAREA-EN-CREA-100x100.png 100w, https:\/\/blogsaverroes.juntadeandalucia.es\/funglishzone\/files\/2020\/10\/9.-EJEMPLO-DE-TAREA-EN-CREA-80x80.png 80w, https:\/\/blogsaverroes.juntadeandalucia.es\/funglishzone\/files\/2020\/10\/9.-EJEMPLO-DE-TAREA-EN-CREA-320x320.png 320w\" sizes=\"(max-width: 150px) 100vw, 150px\" \/><\/a>\n\t\t\t<\/dt><\/dl><br style=\"clear: both\" \/><dl class='gallery-item'>\n\t\t\t<dt class='gallery-icon landscape'>\n\t\t\t\t<a href='https:\/\/blogsaverroes.juntadeandalucia.es\/funglishzone\/moodle\/10-descripcion-de-tarea-moodle\/'><img loading=\"lazy\" decoding=\"async\" width=\"150\" height=\"150\" src=\"https:\/\/blogsaverroes.juntadeandalucia.es\/funglishzone\/files\/2020\/10\/10.-DESCRIPCI\u00d3N-DE-TAREA-MOODLE-150x150.png\" class=\"attachment-thumbnail size-thumbnail\" alt=\"\" srcset=\"https:\/\/blogsaverroes.juntadeandalucia.es\/funglishzone\/files\/2020\/10\/10.-DESCRIPCI\u00d3N-DE-TAREA-MOODLE-150x150.png 150w, https:\/\/blogsaverroes.juntadeandalucia.es\/funglishzone\/files\/2020\/10\/10.-DESCRIPCI\u00d3N-DE-TAREA-MOODLE-100x100.png 100w, https:\/\/blogsaverroes.juntadeandalucia.es\/funglishzone\/files\/2020\/10\/10.-DESCRIPCI\u00d3N-DE-TAREA-MOODLE-80x80.png 80w, https:\/\/blogsaverroes.juntadeandalucia.es\/funglishzone\/files\/2020\/10\/10.-DESCRIPCI\u00d3N-DE-TAREA-MOODLE-320x320.png 320w\" sizes=\"(max-width: 150px) 100vw, 150px\" \/><\/a>\n\t\t\t<\/dt><\/dl><dl class='gallery-item'>\n\t\t\t<dt class='gallery-icon landscape'>\n\t\t\t\t<a href='https:\/\/blogsaverroes.juntadeandalucia.es\/funglishzone\/moodle\/11-ejemplo-de-test-moodle\/'><img loading=\"lazy\" decoding=\"async\" width=\"150\" height=\"150\" src=\"https:\/\/blogsaverroes.juntadeandalucia.es\/funglishzone\/files\/2020\/10\/11.-EJEMPLO-DE-TEST-MOODLE-150x150.png\" class=\"attachment-thumbnail size-thumbnail\" alt=\"\" srcset=\"https:\/\/blogsaverroes.juntadeandalucia.es\/funglishzone\/files\/2020\/10\/11.-EJEMPLO-DE-TEST-MOODLE-150x150.png 150w, https:\/\/blogsaverroes.juntadeandalucia.es\/funglishzone\/files\/2020\/10\/11.-EJEMPLO-DE-TEST-MOODLE-100x100.png 100w, https:\/\/blogsaverroes.juntadeandalucia.es\/funglishzone\/files\/2020\/10\/11.-EJEMPLO-DE-TEST-MOODLE-80x80.png 80w, https:\/\/blogsaverroes.juntadeandalucia.es\/funglishzone\/files\/2020\/10\/11.-EJEMPLO-DE-TEST-MOODLE-320x320.png 320w\" sizes=\"(max-width: 150px) 100vw, 150px\" \/><\/a>\n\t\t\t<\/dt><\/dl><dl class='gallery-item'>\n\t\t\t<dt class='gallery-icon landscape'>\n\t\t\t\t<a href='https:\/\/blogsaverroes.juntadeandalucia.es\/funglishzone\/moodle\/12-relacion-completa-de-tareas-moodle\/'><img loading=\"lazy\" decoding=\"async\" width=\"150\" height=\"150\" src=\"https:\/\/blogsaverroes.juntadeandalucia.es\/funglishzone\/files\/2020\/10\/12.-RELACI\u00d3N-COMPLETA-DE-TAREAS-MOODLE-150x150.png\" class=\"attachment-thumbnail size-thumbnail\" alt=\"\" srcset=\"https:\/\/blogsaverroes.juntadeandalucia.es\/funglishzone\/files\/2020\/10\/12.-RELACI\u00d3N-COMPLETA-DE-TAREAS-MOODLE-150x150.png 150w, https:\/\/blogsaverroes.juntadeandalucia.es\/funglishzone\/files\/2020\/10\/12.-RELACI\u00d3N-COMPLETA-DE-TAREAS-MOODLE-100x100.png 100w, https:\/\/blogsaverroes.juntadeandalucia.es\/funglishzone\/files\/2020\/10\/12.-RELACI\u00d3N-COMPLETA-DE-TAREAS-MOODLE-80x80.png 80w, https:\/\/blogsaverroes.juntadeandalucia.es\/funglishzone\/files\/2020\/10\/12.-RELACI\u00d3N-COMPLETA-DE-TAREAS-MOODLE-320x320.png 320w\" sizes=\"(max-width: 150px) 100vw, 150px\" \/><\/a>\n\t\t\t<\/dt><\/dl><br style=\"clear: both\" \/>\n\t\t<\/div>\n\n<p>Tambi\u00e9n os dejo una versi\u00f3n en PDF por si quer\u00e9is descargarla: <a href=\"https:\/\/blogsaverroes.juntadeandalucia.es\/funglishzone\/files\/2020\/10\/TUTORIAL-MOODLE-EOI.pdf\">TUTORIAL MOODLE EOI<\/a><\/p>\n<p style=\"text-align: center\"><span style=\"font-size: 18pt;color: #008000\"><em><strong>\u00a1\u00c1NIMO!<\/strong><\/em><\/span><\/p>\n","protected":false},"excerpt":{"rendered":"<p>A continuaci\u00f3n os voy a presentar una serie de tutoriales e im\u00e1genes para: Crear vuestro USUARIO y CONTRASE\u00d1A en PASEN (iPASEN en dispositivos m\u00f3viles). Entrar en la plataforma de Educaci\u00f3n SEMIPRESENCIAL de la Junta&#46;&#46;&#46;<\/p>\n","protected":false},"author":8588,"featured_media":0,"parent":0,"menu_order":0,"comment_status":"closed","ping_status":"closed","template":"","meta":{"ngg_post_thumbnail":0,"footnotes":""},"aioseo_notices":[],"_links":{"self":[{"href":"https:\/\/blogsaverroes.juntadeandalucia.es\/funglishzone\/wp-json\/wp\/v2\/pages\/162"}],"collection":[{"href":"https:\/\/blogsaverroes.juntadeandalucia.es\/funglishzone\/wp-json\/wp\/v2\/pages"}],"about":[{"href":"https:\/\/blogsaverroes.juntadeandalucia.es\/funglishzone\/wp-json\/wp\/v2\/types\/page"}],"author":[{"embeddable":true,"href":"https:\/\/blogsaverroes.juntadeandalucia.es\/funglishzone\/wp-json\/wp\/v2\/users\/8588"}],"replies":[{"embeddable":true,"href":"https:\/\/blogsaverroes.juntadeandalucia.es\/funglishzone\/wp-json\/wp\/v2\/comments?post=162"}],"version-history":[{"count":11,"href":"https:\/\/blogsaverroes.juntadeandalucia.es\/funglishzone\/wp-json\/wp\/v2\/pages\/162\/revisions"}],"predecessor-version":[{"id":1023,"href":"https:\/\/blogsaverroes.juntadeandalucia.es\/funglishzone\/wp-json\/wp\/v2\/pages\/162\/revisions\/1023"}],"wp:attachment":[{"href":"https:\/\/blogsaverroes.juntadeandalucia.es\/funglishzone\/wp-json\/wp\/v2\/media?parent=162"}],"curies":[{"name":"wp","href":"https:\/\/api.w.org\/{rel}","templated":true}]}}