{"id":165,"date":"2020-10-04T13:23:22","date_gmt":"2020-10-04T11:23:22","guid":{"rendered":"https:\/\/blogsaverroes.juntadeandalucia.es\/funglishzone\/?page_id=165"},"modified":"2025-01-18T17:00:49","modified_gmt":"2025-01-18T16:00:49","slug":"grammar","status":"publish","type":"page","link":"https:\/\/blogsaverroes.juntadeandalucia.es\/funglishzone\/grammar\/","title":{"rendered":"GRAMMAR"},"content":{"rendered":"<p style=\"text-align: center\"><span style=\"color: #008000;font-size: 36pt\"><strong>GRAMMAR<\/strong><\/span><\/p>\n<h1><span style=\"font-size: 14pt\">En este apartado aparecen enlaces con distintos aspectos gramaticales de inter\u00e9s, sus explicaciones, enlaces a ejercicios online con auto-correcci\u00f3n, etc. Selecciona el contenido que te interese:<\/span><\/h1>\n<p>&nbsp;<\/p>\n<p><span style=\"color: #ff0000\"><strong><span style=\"font-size: 18pt\">P\u00c1GINAS ACTUALIZADAS<\/span><\/strong><\/span><\/p>\n<hr>\n<p>&nbsp;<\/p>\n<p><strong><span style=\"font-size: 14pt\">TIEMPOS VERBALES:<\/span><\/strong><\/p>\n<p><a href=\"https:\/\/blogsaverroes.juntadeandalucia.es\/funglishzone\/present-simple\/\" target=\"_blank\" rel=\"noopener\">PRESENTE SIMPLE Y CONTINUO<\/a><\/p>\n<p><a href=\"https:\/\/blogsaverroes.juntadeandalucia.es\/funglishzone\/past-simple\/\" target=\"_blank\" rel=\"noopener\">PASADO SIMPLE Y CONTINUO<\/a><\/p>\n<ul>\n<li><a href=\"https:\/\/blogsaverroes.juntadeandalucia.es\/funglishzone\/used-to-para-esa-2\/\" target=\"_blank\" rel=\"noopener\">USED TO<\/a><\/li>\n<\/ul>\n<p><a href=\"https:\/\/blogsaverroes.juntadeandalucia.es\/funglishzone\/present-perfect\/\" target=\"_blank\" rel=\"noopener\">PRESENTE PERFECTO SIMPLE Y CONTINUO<\/a><\/p>\n<ul>\n<li><a href=\"https:\/\/blogsaverroes.juntadeandalucia.es\/funglishzone\/already-yet-still-ever-just\/\" target=\"_blank\" rel=\"noopener\">YET, STILL, ALREADY, JUST, FOR, SINCE, AGO<\/a><\/li>\n<\/ul>\n<p><a href=\"https:\/\/blogsaverroes.juntadeandalucia.es\/funglishzone\/future\/\" target=\"_blank\" rel=\"noopener\">FUTURO<\/a><\/p>\n<p>&nbsp;<\/p>\n<hr>\n<hr>\n<p>&nbsp;<\/p>\n<p><span style=\"color: #ff0000\"><strong><span style=\"font-size: 18pt\">P\u00c1GINAS PENDIENTES DE ACTUALIZACI\u00d3N<\/span><\/strong><\/span><\/p>\n<hr>\n<p><strong><span style=\"font-size: 14pt\">GRAM\u00c1TICA GENERAL:<\/span><\/strong><\/p>\n<p><a href=\"https:\/\/blogsaverroes.juntadeandalucia.es\/funglishzone\/passive-voice\/\" target=\"_blank\" rel=\"noopener\">VOZ PASIVA<\/a><\/p>\n<p><a href=\"https:\/\/blogsaverroes.juntadeandalucia.es\/funglishzone\/articulos\/\" target=\"_blank\" rel=\"noopener\">ART\u00cdCULOS<\/a><\/p>\n<p style=\"text-align: left\"><span style=\"color: #ff0000\"><strong>COMPARATIVE<\/strong><\/span><\/p>\n<p style=\"text-align: left\"><strong>MI PDF<\/strong>: <a href=\"https:\/\/blogsaverroes.juntadeandalucia.es\/funglishzone\/files\/2022\/01\/COMPARATIVES-SUPERLATIVES.pdf\">EXPLICACI\u00d3N<\/a><\/p>\n<ol>\n<li style=\"text-align: left\"><a href=\"https:\/\/www.superprof.es\/apuntes\/idiomas\/ingles\/gramatica-inglesa\/adjectives\/comparative-adjectives.html\">Teor\u00eda y ejercicio 1<\/a><\/li>\n<li style=\"text-align: left\"><a href=\"https:\/\/www.superprof.es\/apuntes\/idiomas\/ingles\/gramatica-inglesa\/adjectives\/exercises-comparative-adjectives.html\">Ejercicio 2<\/a><\/li>\n<li style=\"text-align: left\"><a href=\"https:\/\/www.ejerciciosinglesonline.com\/new-exercises\/ex-comparative-superlative\/\">M\u00e1s ejercicios<\/a><\/li>\n<\/ol>\n<p style=\"text-align: left\"><span style=\"color: #ff0000\"><strong>SUPERLATIVE<\/strong><\/span><\/p>\n<p style=\"text-align: left\"><strong>MI PDF<\/strong>: <a href=\"https:\/\/blogsaverroes.juntadeandalucia.es\/funglishzone\/files\/2022\/01\/COMPARATIVES-SUPERLATIVES.pdf\">EXPLICACI\u00d3N<\/a><\/p>\n<ol>\n<li style=\"text-align: left\"><a href=\"https:\/\/www.superprof.es\/apuntes\/idiomas\/ingles\/gramatica-inglesa\/adjectives\/superlative.html\">Teor\u00eda y ejercicio 1<\/a><\/li>\n<li style=\"text-align: left\"><a href=\"https:\/\/www.superprof.es\/apuntes\/idiomas\/ingles\/gramatica-inglesa\/adjectives\/exercises-superlative-adjectives-2.html\">Ejercicio 2<\/a><\/li>\n<li style=\"text-align: left\"><a href=\"https:\/\/www.superprof.es\/apuntes\/idiomas\/ingles\/gramatica-inglesa\/adjectives\/exercises-superlative-adjectives-3.html\">Ejercicio 3<\/a><\/li>\n<\/ol>\n<p>&#8212;&#8212;&#8212;&#8212;&#8212;-<\/p>\n<p><strong>EJERCICIOS:<\/strong><\/p>\n<p><a href=\"https:\/\/www.ejerciciosinglesonline.com\/was-were-1\/\" target=\"_blank\" rel=\"noopener\">PASADO VERBO TO BE<\/a><\/p>\n<p><a href=\"https:\/\/blogsaverroes.juntadeandalucia.es\/funglishzone\/tareas-para-esa-1\/\" target=\"_blank\" rel=\"noopener\">THERE IS\/ARE \/ HOW MUCH\/MANY<\/a><\/p>\n<p>&nbsp;<\/p>\n<hr>\n<p><strong><span style=\"font-size: 14pt\">FUNCIONES:<\/span><\/strong><\/p>\n<p><a href=\"https:\/\/www.papora.com\/es\/vocabulario\/descripcion-persona\/\" target=\"_blank\" rel=\"noopener\">DESCRIBIR UNA PERSONA<\/a><\/p>\n<p>&nbsp;<\/p>\n<hr>\n<p><strong><span style=\"font-size: 14pt\">WRITING:<\/span><\/strong><\/p>\n<p><a href=\"https:\/\/blogsaverroes.juntadeandalucia.es\/funglishzone\/linking-words-connectors\/\" target=\"_blank\" rel=\"noopener\">LINKING WORDS \/ CONNECTORS<\/a><\/p>\n<p>&nbsp;<\/p>\n","protected":false},"excerpt":{"rendered":"<p>GRAMMAR En este apartado aparecen enlaces con distintos aspectos gramaticales de inter\u00e9s, sus explicaciones, enlaces a ejercicios online con auto-correcci\u00f3n, etc. Selecciona el contenido que te interese: &nbsp; P\u00c1GINAS ACTUALIZADAS &nbsp; TIEMPOS VERBALES: PRESENTE&#46;&#46;&#46;<\/p>\n","protected":false},"author":8588,"featured_media":0,"parent":0,"menu_order":0,"comment_status":"closed","ping_status":"closed","template":"","meta":{"ngg_post_thumbnail":0,"footnotes":""},"aioseo_notices":[],"_links":{"self":[{"href":"https:\/\/blogsaverroes.juntadeandalucia.es\/funglishzone\/wp-json\/wp\/v2\/pages\/165"}],"collection":[{"href":"https:\/\/blogsaverroes.juntadeandalucia.es\/funglishzone\/wp-json\/wp\/v2\/pages"}],"about":[{"href":"https:\/\/blogsaverroes.juntadeandalucia.es\/funglishzone\/wp-json\/wp\/v2\/types\/page"}],"author":[{"embeddable":true,"href":"https:\/\/blogsaverroes.juntadeandalucia.es\/funglishzone\/wp-json\/wp\/v2\/users\/8588"}],"replies":[{"embeddable":true,"href":"https:\/\/blogsaverroes.juntadeandalucia.es\/funglishzone\/wp-json\/wp\/v2\/comments?post=165"}],"version-history":[{"count":46,"href":"https:\/\/blogsaverroes.juntadeandalucia.es\/funglishzone\/wp-json\/wp\/v2\/pages\/165\/revisions"}],"predecessor-version":[{"id":1267,"href":"https:\/\/blogsaverroes.juntadeandalucia.es\/funglishzone\/wp-json\/wp\/v2\/pages\/165\/revisions\/1267"}],"wp:attachment":[{"href":"https:\/\/blogsaverroes.juntadeandalucia.es\/funglishzone\/wp-json\/wp\/v2\/media?parent=165"}],"curies":[{"name":"wp","href":"https:\/\/api.w.org\/{rel}","templated":true}]}}