{"id":319,"date":"2020-10-22T09:37:27","date_gmt":"2020-10-22T07:37:27","guid":{"rendered":"https:\/\/blogsaverroes.juntadeandalucia.es\/funglishzone\/?page_id=319"},"modified":"2024-11-03T21:24:54","modified_gmt":"2024-11-03T20:24:54","slug":"present-simple","status":"publish","type":"page","link":"https:\/\/blogsaverroes.juntadeandalucia.es\/funglishzone\/present-simple\/","title":{"rendered":"PRESENT SIMPLE VS CONTINUOUS"},"content":{"rendered":"<h2><strong><span style=\"font-size: 14pt\">En los siguientes enlaces pod\u00e9is encontrar informaci\u00f3n en espa\u00f1ol e ingl\u00e9s sobre el presente simple, graduada en dificultad, as\u00ed como ejercicios online con auto-correcci\u00f3n para que pod\u00e1is practicar:<\/span><\/strong><\/h2>\n<p style=\"text-align: center\"><span style=\"color: #008000;font-size: 36pt\"><strong>PRESENT SIMPLE<\/strong><\/span><\/p>\n<section>\n<table style=\"height: 238px;width: 97.751322%;border-collapse: collapse\">\n<tbody>\n<tr style=\"height: 238px\">\n<td style=\"width: 36.4682%;height: 238px\"><img loading=\"lazy\" decoding=\"async\" class=\"alignnone size-full wp-image-1110\" src=\"https:\/\/blogsaverroes.juntadeandalucia.es\/funglishzone\/files\/2024\/11\/Captura-de-Pantalla-2024-11-03-a-las-20.11.31.png\" alt=\"\" width=\"293\" height=\"271\"><\/td>\n<td style=\"width: 63.5318%;height: 238px\">\n<h2><span style=\"font-family: 'times new roman', times, serif;font-size: 12pt;color: #ff0000\">PDF CON EXPLICACI\u00d3N SENCILLA: <a href=\"https:\/\/blogsaverroes.juntadeandalucia.es\/funglishzone\/files\/2020\/10\/PRESENT-SIMPLE.pdf\">PRESENT SIMPLE<\/a><\/span><\/h2>\n<p><a href=\"https:\/\/www.superprof.es\/apuntes\/idiomas\/ingles\/gramatica-inglesa\/verb-tense\/exercises-present-simple-affirmative-exercises.html\">EJERCICIOS SENCILLOS AFIRMATIVO<\/a><\/p>\n<p><a href=\"https:\/\/www.superprof.es\/apuntes\/idiomas\/ingles\/gramatica-inglesa\/verb-tense\/exercises-present-simple-interrogative-exercises-i.html\">EJERCICIOS SENCILLOS INTERROGATIVO<\/a><\/p>\n<p><a href=\"https:\/\/www.superprof.es\/apuntes\/idiomas\/ingles\/gramatica-inglesa\/verb-tense\/exercises-present-simple-negative-exercises-i.html\">EJERCICIOS SENCILLOS NEGATIVO<\/a><\/td>\n<\/tr>\n<\/tbody>\n<\/table>\n<hr>\n<table style=\"height: 238px;width: 97.751322%;border-collapse: collapse;border-color: #f50a29;border-style: double\">\n<tbody>\n<tr style=\"height: 238px\">\n<td style=\"width: 36.4682%;height: 238px\"><img loading=\"lazy\" decoding=\"async\" class=\"alignnone size-full wp-image-1111\" src=\"https:\/\/blogsaverroes.juntadeandalucia.es\/funglishzone\/files\/2024\/11\/Captura-de-Pantalla-2024-11-03-a-las-20.11.44.png\" alt=\"\" width=\"294\" height=\"268\"><\/td>\n<td style=\"width: 63.5318%;height: 238px\">\n<h2><span style=\"font-family: 'times new roman', times, serif;font-size: 12pt;color: #ff0000\">Explicaci\u00f3n sencilla en espa\u00f1ol e ingl\u00e9s: <a href=\"https:\/\/www.ejerciciosinglesonline.com\/presente-simple\/\" target=\"_blank\" rel=\"noopener\">EXPLICACI\u00d3N<\/a><\/span><\/h2>\n<p><span style=\"font-family: 'times new roman', times, serif;font-size: 12pt;color: #ff0000\"><strong>Explicaci\u00f3n con audios: <\/strong><a href=\"https:\/\/www.curso-ingles.com\/aprender\/cursos\/nivel-basico\/verb-tenses-present\/present-simple\">EXPLICACI\u00d3N AUDIOS<\/a><\/span><\/p>\n<p>Ejercicios nivel medio (picad en \u00absiguiente ejercicio\u00bb para acceder a la siguiente tanda de ejercicios):<\/p>\n<p><a href=\"https:\/\/www.ejerciciosinglesonline.com\/exercises-and-theory\/exercises-and-theory-2\/ex1-present-simple\/\" target=\"_blank\" rel=\"noopener\">EJERCICIOS NIVEL MEDIO 1<\/a>&nbsp;<\/p>\n<p><a href=\"https:\/\/www.curso-ingles.com\/practicar\/ejercicios\/present-simple\" target=\"_blank\" rel=\"noopener\">EJERCICIOS NIVEL MEDIO 2<\/a><\/td>\n<\/tr>\n<\/tbody>\n<\/table>\n<hr>\n<table style=\"border-collapse: collapse;width: 97.751322%;height: 238px\">\n<tbody>\n<tr style=\"height: 238px\">\n<td style=\"width: 36.4682%;height: 238px\"><img loading=\"lazy\" decoding=\"async\" class=\"alignnone size-full wp-image-1112\" src=\"https:\/\/blogsaverroes.juntadeandalucia.es\/funglishzone\/files\/2024\/11\/Captura-de-Pantalla-2024-11-03-a-las-20.12.08.png\" alt=\"\" width=\"290\" height=\"271\"><\/td>\n<td style=\"width: 63.5318%;height: 238px\">\n<h2><span style=\"font-family: 'times new roman', times, serif;font-size: 12pt;color: #ff0000\">Explicaci\u00f3n avanzada (in English):&nbsp;<a href=\"https:\/\/www.perfect-english-grammar.com\/present-simple.html\">EXPLICACI\u00d3N B1<\/a><\/span><\/h2>\n<p>Pack de ejercicios avanzados (permite descarga en PDF):<\/p>\n<p><a href=\"https:\/\/www.perfect-english-grammar.com\/simple-present-exercises.html\">EJERCICIOS NIVEL B1<\/a><\/td>\n<\/tr>\n<\/tbody>\n<\/table>\n<ul>\n<li style=\"list-style-type: none\">\n<ul>\n<li style=\"list-style-type: none\">\n<ul>\n<li style=\"list-style-type: none\">&nbsp;<\/li>\n<\/ul>\n<\/li>\n<\/ul>\n<\/li>\n<\/ul>\n<hr>\n<\/section>\n<p>&nbsp;<\/p>\n<p style=\"text-align: center\"><span style=\"color: #008000;font-size: 36pt\"><strong>PRESENT CONTINUOUS<\/strong><\/span><\/p>\n<section>\n<table style=\"height: 238px;width: 97.751322%;border-collapse: collapse\">\n<tbody>\n<tr style=\"height: 238px\">\n<td style=\"width: 36.4682%;height: 238px\"><img loading=\"lazy\" decoding=\"async\" class=\"alignnone size-full wp-image-1110\" src=\"https:\/\/blogsaverroes.juntadeandalucia.es\/funglishzone\/files\/2024\/11\/Captura-de-Pantalla-2024-11-03-a-las-20.11.31.png\" alt=\"\" width=\"293\" height=\"271\"><\/td>\n<td style=\"width: 63.5318%;height: 238px\"><span style=\"font-family: 'times new roman', times, serif;font-size: 12pt;color: #ff0000\"><strong>PDF con explicaci\u00f3n sencilla:<\/strong> <a href=\"https:\/\/blogsaverroes.juntadeandalucia.es\/funglishzone\/files\/2020\/10\/PRESENT-CONTINUOUS.pdf\">PRESENT CONTINUOUS<\/a><\/span><\/p>\n<h2><span style=\"font-family: 'times new roman', times, serif;font-size: 12pt;color: #ff0000\">PDF Reglas formaci\u00f3n -ING: <\/span><span style=\"font-family: 'times new roman', times, serif;font-size: 12pt;color: #ff0000\"><a href=\"https:\/\/blogsaverroes.juntadeandalucia.es\/funglishzone\/files\/2020\/10\/PRESENTE-CONTINUO-reglas-ING.pdf\" target=\"_blank\" rel=\"noopener\">REGLAS -ING<\/a><\/span><\/h2>\n<p><a style=\"font-size: 16px\" href=\"https:\/\/www.superprof.es\/apuntes\/idiomas\/ingles\/gramatica-inglesa\/verb-tense\/exercises-present-continuous-affirmative-exercises.html\" target=\"_blank\" rel=\"noopener\"><strong><span style=\"font-size: 12pt;font-family: 'times new roman', times, serif\">Ejercicios sencillos afirmativo<\/span><\/strong><\/a><\/p>\n<p><strong><span style=\"font-size: 12pt;font-family: 'times new roman', times, serif\"><a href=\"https:\/\/www.superprof.es\/apuntes\/idiomas\/ingles\/gramatica-inglesa\/verb-tense\/exercises-present-continuous-interrogative-exercises.html\" target=\"_blank\" rel=\"noopener\">Ejercicios sencillos interrogativo<\/a><\/span><\/strong><\/p>\n<p><strong><span style=\"font-size: 12pt;font-family: 'times new roman', times, serif\"><a href=\"https:\/\/www.superprof.es\/apuntes\/idiomas\/ingles\/gramatica-inglesa\/verb-tense\/exercises-present-continuous-negative-exercises.html\" target=\"_blank\" rel=\"noopener\">Ejercicios sencillos negativo<\/a><\/span><\/strong><\/td>\n<\/tr>\n<\/tbody>\n<\/table>\n<hr>\n<table style=\"height: 238px;width: 97.751322%;border-collapse: collapse;border-color: #f50a29;border-style: double\">\n<tbody>\n<tr style=\"height: 238px\">\n<td style=\"width: 36.4682%;height: 238px\"><img loading=\"lazy\" decoding=\"async\" class=\"alignnone size-full wp-image-1111\" src=\"https:\/\/blogsaverroes.juntadeandalucia.es\/funglishzone\/files\/2024\/11\/Captura-de-Pantalla-2024-11-03-a-las-20.11.44.png\" alt=\"\" width=\"294\" height=\"268\"><\/td>\n<td style=\"width: 63.5318%;height: 238px\">\n<h2><span style=\"font-family: 'times new roman', times, serif;font-size: 12pt;color: #ff0000\">Explicaci\u00f3n sencilla en espa\u00f1ol e ingl\u00e9s:&nbsp;<a href=\"https:\/\/www.ejerciciosinglesonline.com\/presente-continuo\/\" target=\"_blank\" rel=\"noopener\">EXPLICACI\u00d3N<\/a><\/span><\/h2>\n<h2><span style=\"font-family: 'times new roman', times, serif;font-size: 12pt;color: #ff0000\">Explicaci\u00f3n con audios: <a href=\"https:\/\/www.curso-ingles.com\/aprender\/cursos\/nivel-basico\/verb-tenses-present\/present-continuous\" target=\"_blank\" rel=\"noopener\">EXPLICACI\u00d3N AUDIOS<\/a><\/span><\/h2>\n<p>Ejercicios nivel medio (picad en \u00absiguiente ejercicio\u00bb para acceder a siguiente tanda de ejercicios):<\/p>\n<p><a href=\"https:\/\/www.ejerciciosinglesonline.com\/new-exercises\/presente-continuo\/\" target=\"_blank\" rel=\"noopener\">EJERCICIOS NIVEL MEDIO 1<\/a><\/p>\n<p><a href=\"https:\/\/www.curso-ingles.com\/practicar\/ejercicios\/present-continuous\" target=\"_blank\" rel=\"noopener\">EJERCICIOS NIVEL MEDIO 2<\/a><\/p>\n<p>&nbsp;<\/td>\n<\/tr>\n<\/tbody>\n<\/table>\n<hr>\n<table style=\"border-collapse: collapse;width: 97.751322%;height: 238px\">\n<tbody>\n<tr style=\"height: 238px\">\n<td style=\"width: 36.4682%;height: 238px\"><img loading=\"lazy\" decoding=\"async\" class=\"alignnone size-full wp-image-1112\" src=\"https:\/\/blogsaverroes.juntadeandalucia.es\/funglishzone\/files\/2024\/11\/Captura-de-Pantalla-2024-11-03-a-las-20.12.08.png\" alt=\"\" width=\"290\" height=\"271\"><\/td>\n<td style=\"width: 63.5318%;height: 238px\">\n<h2><span style=\"font-family: 'times new roman', times, serif;font-size: 12pt;color: #ff0000\">Explicaci\u00f3n avanzada (in English):&nbsp;<a href=\"https:\/\/www.perfect-english-grammar.com\/present-continuous-use.html\" target=\"_blank\" rel=\"noopener\">EXPLICACI\u00d3N B1<\/a><\/span><\/h2>\n<p>Pack de ejercicios avanzados (permite descarga en PDF): <a href=\"https:\/\/www.perfect-english-grammar.com\/grammar-exercises.html\" target=\"_blank\" rel=\"noopener\">EJERCICIOS NIVEL B1<\/a><\/td>\n<\/tr>\n<\/tbody>\n<\/table>\n<p>&nbsp;<\/p>\n<hr>\n<h2 style=\"text-align: center\"><span style=\"color: #008000;font-size: 24pt\"><strong>PRESENT SIMPLE VS CONTINUOUS<\/strong><\/span><\/h2>\n<table style=\"border-collapse: collapse;width: 97.751322%;height: 156px\">\n<tbody>\n<tr style=\"height: 238px\">\n<td style=\"width: 36.4682%;height: 156px\"><img loading=\"lazy\" decoding=\"async\" class=\"alignnone wp-image-1112\" src=\"https:\/\/blogsaverroes.juntadeandalucia.es\/funglishzone\/files\/2024\/11\/Captura-de-Pantalla-2024-11-03-a-las-20.12.08.png\" alt=\"\" width=\"126\" height=\"118\"><img loading=\"lazy\" decoding=\"async\" class=\"alignnone wp-image-1113\" src=\"https:\/\/blogsaverroes.juntadeandalucia.es\/funglishzone\/files\/2024\/11\/Captura-de-Pantalla-2024-11-03-a-las-20.13.12.png\" alt=\"\" width=\"127\" height=\"117\"><\/td>\n<td style=\"width: 63.5318%;height: 156px\">\n<h2><span style=\"font-family: 'times new roman', times, serif;font-size: 12pt;color: #ff0000\">Explicaci\u00f3n en PDF NIVEL B1\/B2 con ejercicios y respuestas: <\/span><a style=\"font-family: 'times new roman', times, serif;font-size: 12pt\" href=\"https:\/\/blogsaverroes.juntadeandalucia.es\/funglishzone\/files\/2020\/10\/Present-simple-vs-continuous.pdf\" target=\"_blank\" rel=\"noopener\">EXPLICACI\u00d3N + EJERCICIO<\/a><\/h2>\n<p><a href=\"https:\/\/www.ejerciciosinglesonline.com\/presente-simple-vs-continuo\/\" target=\"_blank\" rel=\"noopener\">Contraste Present simple vs continuous NIVEL MEDIO<\/a><\/p>\n<p><a href=\"https:\/\/www.perfect-english-grammar.com\/present-simple-present-continuous-1.html\" target=\"_blank\" rel=\"noopener\">EJERCICIO 1<\/a><\/p>\n<p><a href=\"https:\/\/www.perfect-english-grammar.com\/present-simple-present-continuous-2.html\" target=\"_blank\" rel=\"noopener\">EJERCICIO 2<\/a><\/p>\n<p><a href=\"https:\/\/www.perfect-english-grammar.com\/present-perfect-present-perfect-continuous-3.html\" target=\"_blank\" rel=\"noopener\">EJERCICIO 3<\/a><\/td>\n<\/tr>\n<\/tbody>\n<\/table>\n<h2>&nbsp;<\/h2>\n<\/section>\n","protected":false},"excerpt":{"rendered":"<p>En los siguientes enlaces pod\u00e9is encontrar informaci\u00f3n en espa\u00f1ol e ingl\u00e9s sobre el presente simple, graduada en dificultad, as\u00ed como ejercicios online con auto-correcci\u00f3n para que pod\u00e1is practicar: PRESENT SIMPLE PDF CON EXPLICACI\u00d3N SENCILLA:&#46;&#46;&#46;<\/p>\n","protected":false},"author":8588,"featured_media":0,"parent":0,"menu_order":0,"comment_status":"closed","ping_status":"closed","template":"","meta":{"ngg_post_thumbnail":0,"footnotes":""},"aioseo_notices":[],"_links":{"self":[{"href":"https:\/\/blogsaverroes.juntadeandalucia.es\/funglishzone\/wp-json\/wp\/v2\/pages\/319"}],"collection":[{"href":"https:\/\/blogsaverroes.juntadeandalucia.es\/funglishzone\/wp-json\/wp\/v2\/pages"}],"about":[{"href":"https:\/\/blogsaverroes.juntadeandalucia.es\/funglishzone\/wp-json\/wp\/v2\/types\/page"}],"author":[{"embeddable":true,"href":"https:\/\/blogsaverroes.juntadeandalucia.es\/funglishzone\/wp-json\/wp\/v2\/users\/8588"}],"replies":[{"embeddable":true,"href":"https:\/\/blogsaverroes.juntadeandalucia.es\/funglishzone\/wp-json\/wp\/v2\/comments?post=319"}],"version-history":[{"count":38,"href":"https:\/\/blogsaverroes.juntadeandalucia.es\/funglishzone\/wp-json\/wp\/v2\/pages\/319\/revisions"}],"predecessor-version":[{"id":1136,"href":"https:\/\/blogsaverroes.juntadeandalucia.es\/funglishzone\/wp-json\/wp\/v2\/pages\/319\/revisions\/1136"}],"wp:attachment":[{"href":"https:\/\/blogsaverroes.juntadeandalucia.es\/funglishzone\/wp-json\/wp\/v2\/media?parent=319"}],"curies":[{"name":"wp","href":"https:\/\/api.w.org\/{rel}","templated":true}]}}