{"id":335,"date":"2020-10-22T10:42:21","date_gmt":"2020-10-22T08:42:21","guid":{"rendered":"https:\/\/blogsaverroes.juntadeandalucia.es\/funglishzone\/?page_id=335"},"modified":"2020-10-22T13:03:56","modified_gmt":"2020-10-22T11:03:56","slug":"linking-words-connectors","status":"publish","type":"page","link":"https:\/\/blogsaverroes.juntadeandalucia.es\/funglishzone\/linking-words-connectors\/","title":{"rendered":"LINKING WORDS (CONNECTORS)"},"content":{"rendered":"<p style=\"text-align: center\"><span style=\"color: #008000;font-size: 36pt\"><strong>LINKING WORDS<\/strong><\/span><\/p>\n<section>\n<h2><strong><span style=\"font-size: 14pt\">En los siguientes enlaces pod\u00e9is encontrar informaci\u00f3n en espa\u00f1ol e ingl\u00e9s sobre LINKING WORDS O SENTENCE CONNECTORS, &nbsp;as\u00ed como ejercicios online con auto-correcci\u00f3n para que pod\u00e1is practicar:<\/span><\/strong><\/h2>\n<ul>\n<li>\n<h2><span style=\"font-family: 'times new roman', times, serif;font-size: 12pt;color: #ff0000\">PDF con explicaci\u00f3n sencilla: <a href=\"https:\/\/blogsaverroes.juntadeandalucia.es\/funglishzone\/files\/2020\/10\/Connectors.pdf\">Connectors<\/a><\/span><\/h2>\n<\/li>\n<li>\n<h2><span style=\"font-family: 'times new roman', times, serif;font-size: 12pt;color: #ff0000\">Explicaci\u00f3n sencilla:&nbsp;<a href=\"https:\/\/www.ejerciciosinglesonline.com\/vocabulario-conectores\/\">https:\/\/www.ejerciciosinglesonline.com\/vocabulario-conectores\/<\/a><\/span><\/h2>\n<ul>\n<li style=\"list-style-type: none\">\n<ul>\n<li>Ejercicios LINKING WORDS OF CONTRAST (en concreto: &#8216;despite&#8217;, &#8216;however&#8217; and &#8216;although&#8217;) nivel MEDIO-AVANZADO:\n<ul>\n<li style=\"list-style-type: none\">\n<ul>\n<li>Explicaci\u00f3n (en ingl\u00e9s):&nbsp;<a href=\"https:\/\/www.perfect-english-grammar.com\/linking-words-contrast.html\">https:\/\/www.perfect-english-grammar.com\/linking-words-contrast.html<\/a><\/li>\n<li>Ejercicios: &nbsp;<a href=\"https:\/\/www.perfect-english-grammar.com\/linking-words-contrast-exercise-1.html\">https:\/\/www.perfect-english-grammar.com\/linking-words-contrast-exercise-1.html<\/a><\/li>\n<\/ul>\n<\/li>\n<\/ul>\n<\/li>\n<li>Ejercicios LINKING WORDS OF REASON (because, as, since, for, etc.) nivel MEDIO-AVANZADO:\n<ul>\n<li style=\"list-style-type: none\">\n<ul>\n<li>Explicaci\u00f3n (en ingl\u00e9s):&nbsp;<a href=\"https:\/\/www.perfect-english-grammar.com\/linking-words-reason.html\">https:\/\/www.perfect-english-grammar.com\/linking-words-reason.html<\/a><\/li>\n<li>Ejercicios:&nbsp;<a href=\"https:\/\/www.perfect-english-grammar.com\/linking-words-reason-exercise-2.html\">https:\/\/www.perfect-english-grammar.com\/linking-words-reason-exercise-2.html<\/a><\/li>\n<\/ul>\n<\/li>\n<\/ul>\n<\/li>\n<\/ul>\n<\/li>\n<\/ul>\n<\/li>\n<li>\n<h2><span style=\"font-family: 'times new roman', times, serif;font-size: 12pt;color: #ff0000\">PDF 1 con explicaci\u00f3n y ejercicios NIVEL B2: <a href=\"https:\/\/blogsaverroes.juntadeandalucia.es\/funglishzone\/files\/2020\/10\/Linking-words-1-exercises.pdf\">Linking words 1 + exercises<\/a><\/span><\/h2>\n<\/li>\n<li>\n<h2><span style=\"font-family: 'times new roman', times, serif;font-size: 12pt;color: #ff0000\">PDF 2 con explicaci\u00f3n y ejercicios NIVEL B2: <a href=\"https:\/\/blogsaverroes.juntadeandalucia.es\/funglishzone\/files\/2020\/10\/Linking-words-2-exercises.pdf\">Linking words 2 + exercises<\/a><\/span><\/h2>\n<\/li>\n<\/ul>\n<\/section>\n","protected":false},"excerpt":{"rendered":"<p>LINKING WORDS En los siguientes enlaces pod\u00e9is encontrar informaci\u00f3n en espa\u00f1ol e ingl\u00e9s sobre LINKING WORDS O SENTENCE CONNECTORS, &nbsp;as\u00ed como ejercicios online con auto-correcci\u00f3n para que pod\u00e1is practicar: PDF con explicaci\u00f3n sencilla: Connectors&#46;&#46;&#46;<\/p>\n","protected":false},"author":8588,"featured_media":0,"parent":0,"menu_order":0,"comment_status":"closed","ping_status":"closed","template":"","meta":{"ngg_post_thumbnail":0,"footnotes":""},"aioseo_notices":[],"_links":{"self":[{"href":"https:\/\/blogsaverroes.juntadeandalucia.es\/funglishzone\/wp-json\/wp\/v2\/pages\/335"}],"collection":[{"href":"https:\/\/blogsaverroes.juntadeandalucia.es\/funglishzone\/wp-json\/wp\/v2\/pages"}],"about":[{"href":"https:\/\/blogsaverroes.juntadeandalucia.es\/funglishzone\/wp-json\/wp\/v2\/types\/page"}],"author":[{"embeddable":true,"href":"https:\/\/blogsaverroes.juntadeandalucia.es\/funglishzone\/wp-json\/wp\/v2\/users\/8588"}],"replies":[{"embeddable":true,"href":"https:\/\/blogsaverroes.juntadeandalucia.es\/funglishzone\/wp-json\/wp\/v2\/comments?post=335"}],"version-history":[{"count":7,"href":"https:\/\/blogsaverroes.juntadeandalucia.es\/funglishzone\/wp-json\/wp\/v2\/pages\/335\/revisions"}],"predecessor-version":[{"id":350,"href":"https:\/\/blogsaverroes.juntadeandalucia.es\/funglishzone\/wp-json\/wp\/v2\/pages\/335\/revisions\/350"}],"wp:attachment":[{"href":"https:\/\/blogsaverroes.juntadeandalucia.es\/funglishzone\/wp-json\/wp\/v2\/media?parent=335"}],"curies":[{"name":"wp","href":"https:\/\/api.w.org\/{rel}","templated":true}]}}