{"id":37,"date":"2020-05-15T22:21:49","date_gmt":"2020-05-15T20:21:49","guid":{"rendered":"https:\/\/blogsaverroes.juntadeandalucia.es\/funglishzone\/?page_id=37"},"modified":"2020-05-30T18:15:50","modified_gmt":"2020-05-30T16:15:50","slug":"links","status":"publish","type":"page","link":"https:\/\/blogsaverroes.juntadeandalucia.es\/funglishzone\/links\/","title":{"rendered":"Links"},"content":{"rendered":"<h1 class=\"title\" style=\"text-align: center\">Sitios web imperdibles para aprender la gram\u00e1tica de ingl\u00e9s por Internet.<\/h1>\n<p style=\"text-align: center\"><a href=\"https:\/\/blogsaverroes.juntadeandalucia.es\/funglishzone\/links\/grammar\/\"><img loading=\"lazy\" decoding=\"async\" class=\"aligncenter wp-image-59 size-medium\" src=\"https:\/\/blogsaverroes.juntadeandalucia.es\/funglishzone\/files\/2020\/05\/Learn-English-300x199.jpg\" alt=\"LEARN ENGLISH\" width=\"300\" height=\"199\" srcset=\"https:\/\/blogsaverroes.juntadeandalucia.es\/funglishzone\/files\/2020\/05\/Learn-English-300x199.jpg 300w, https:\/\/blogsaverroes.juntadeandalucia.es\/funglishzone\/files\/2020\/05\/Learn-English-768x510.jpg 768w, https:\/\/blogsaverroes.juntadeandalucia.es\/funglishzone\/files\/2020\/05\/Learn-English-24x16.jpg 24w, https:\/\/blogsaverroes.juntadeandalucia.es\/funglishzone\/files\/2020\/05\/Learn-English-36x24.jpg 36w, https:\/\/blogsaverroes.juntadeandalucia.es\/funglishzone\/files\/2020\/05\/Learn-English-48x32.jpg 48w, https:\/\/blogsaverroes.juntadeandalucia.es\/funglishzone\/files\/2020\/05\/Learn-English.jpg 850w\" sizes=\"(max-width: 300px) 100vw, 300px\" \/><\/a>Pincha en la imagen de arriba para acceder a todas las categor\u00edas<\/p>\n","protected":false},"excerpt":{"rendered":"<p>Sitios web imperdibles para aprender la gram\u00e1tica de ingl\u00e9s por Internet. Pincha en la imagen de arriba para acceder a todas las categor\u00edas<\/p>\n","protected":false},"author":8588,"featured_media":0,"parent":0,"menu_order":2,"comment_status":"closed","ping_status":"closed","template":"","meta":{"ngg_post_thumbnail":0,"footnotes":""},"aioseo_notices":[],"_links":{"self":[{"href":"https:\/\/blogsaverroes.juntadeandalucia.es\/funglishzone\/wp-json\/wp\/v2\/pages\/37"}],"collection":[{"href":"https:\/\/blogsaverroes.juntadeandalucia.es\/funglishzone\/wp-json\/wp\/v2\/pages"}],"about":[{"href":"https:\/\/blogsaverroes.juntadeandalucia.es\/funglishzone\/wp-json\/wp\/v2\/types\/page"}],"author":[{"embeddable":true,"href":"https:\/\/blogsaverroes.juntadeandalucia.es\/funglishzone\/wp-json\/wp\/v2\/users\/8588"}],"replies":[{"embeddable":true,"href":"https:\/\/blogsaverroes.juntadeandalucia.es\/funglishzone\/wp-json\/wp\/v2\/comments?post=37"}],"version-history":[{"count":8,"href":"https:\/\/blogsaverroes.juntadeandalucia.es\/funglishzone\/wp-json\/wp\/v2\/pages\/37\/revisions"}],"predecessor-version":[{"id":69,"href":"https:\/\/blogsaverroes.juntadeandalucia.es\/funglishzone\/wp-json\/wp\/v2\/pages\/37\/revisions\/69"}],"wp:attachment":[{"href":"https:\/\/blogsaverroes.juntadeandalucia.es\/funglishzone\/wp-json\/wp\/v2\/media?parent=37"}],"curies":[{"name":"wp","href":"https:\/\/api.w.org\/{rel}","templated":true}]}}