{"id":423,"date":"2020-11-15T10:18:06","date_gmt":"2020-11-15T09:18:06","guid":{"rendered":"https:\/\/blogsaverroes.juntadeandalucia.es\/funglishzone\/?page_id=423"},"modified":"2025-01-18T14:28:20","modified_gmt":"2025-01-18T13:28:20","slug":"present-perfect","status":"publish","type":"page","link":"https:\/\/blogsaverroes.juntadeandalucia.es\/funglishzone\/present-perfect\/","title":{"rendered":"PRESENT PERFECT"},"content":{"rendered":"<h2><strong><span style=\"font-size: 14pt\">En los siguientes enlaces pod\u00e9is encontrar informaci\u00f3n en espa\u00f1ol e ingl\u00e9s sobre el presente perfect, graduada en dificultad, as\u00ed como ejercicios online con auto-correcci\u00f3n para que pod\u00e1is practicar:<\/span><\/strong><\/h2>\n<p style=\"text-align: center\"><span style=\"color: #008000;font-size: 36pt\"><strong>PRESENT PERFECT<\/strong><\/span><\/p>\n<section>\n<table style=\"height: 238px;width: 97.751322%;border-collapse: collapse\">\n<tbody>\n<tr style=\"height: 238px\">\n<td style=\"width: 36.4682%;height: 238px\"><img loading=\"lazy\" decoding=\"async\" class=\"alignnone size-full wp-image-1110\" src=\"https:\/\/blogsaverroes.juntadeandalucia.es\/funglishzone\/files\/2024\/11\/Captura-de-Pantalla-2024-11-03-a-las-20.11.31.png\" alt=\"\" width=\"293\" height=\"271\"><\/td>\n<td style=\"width: 63.5318%;height: 238px\">\n<h2><span style=\"font-family: 'times new roman', times, serif;font-size: 12pt;color: #ff0000\">PDF CON EXPLICACI\u00d3N SENCILLA: <\/span><span style=\"font-family: 'times new roman', times, serif;font-size: 12pt;color: #ff0000\"><a href=\"https:\/\/blogsaverroes.juntadeandalucia.es\/funglishzone\/files\/2020\/11\/PRESENT-PERFECT-completo-1.pdf\" target=\"_blank\" rel=\"noopener\">EXPLICACI\u00d3N<\/a><\/span><\/h2>\n<p><a href=\"https:\/\/www.superprof.es\/apuntes\/idiomas\/ingles\/gramatica-inglesa\/verb-tense\/present-perfect.html\" target=\"_blank\" rel=\"noopener\">EJERCICIOS SENCILLOS AFIRMNATIVO<\/a><\/p>\n<p><a href=\"https:\/\/www.superprof.es\/apuntes\/idiomas\/ingles\/gramatica-inglesa\/verb-tense\/present-perfect-interrogative.html\" target=\"_blank\" rel=\"noopener\">EJERCICIOS SENCILLOS INTERROGATIVO<\/a><\/p>\n<p><a href=\"https:\/\/www.superprof.es\/apuntes\/idiomas\/ingles\/gramatica-inglesa\/verb-tense\/present-perfect-negative-2.html\" target=\"_blank\" rel=\"noopener\">EJERCICIOS SENCILLOS NEGATIVO<\/a><\/td>\n<\/tr>\n<\/tbody>\n<\/table>\n<hr>\n<table style=\"height: 238px;width: 97.751322%;border-collapse: collapse;border-color: #f50a29;border-style: double\">\n<tbody>\n<tr style=\"height: 238px\">\n<td style=\"width: 36.4682%;height: 238px\"><img loading=\"lazy\" decoding=\"async\" class=\"alignnone size-full wp-image-1111\" src=\"https:\/\/blogsaverroes.juntadeandalucia.es\/funglishzone\/files\/2024\/11\/Captura-de-Pantalla-2024-11-03-a-las-20.11.44.png\" alt=\"\" width=\"294\" height=\"268\"><\/td>\n<td style=\"width: 63.5318%;height: 238px\">\n<h2><span style=\"font-family: 'times new roman', times, serif;font-size: 12pt;color: #ff0000\">Explicaci\u00f3n sencilla en espa\u00f1ol e ingl\u00e9s:&nbsp;<a href=\"https:\/\/www.ejerciciosinglesonline.com\/exercises-and-theory\/grammar-exercises-and-theory\/present-perfect-simple\/\" target=\"_blank\" rel=\"noopener\">EXPLICACI\u00d3N<\/a><\/span><\/h2>\n<p><span style=\"font-family: 'times new roman', times, serif;font-size: 12pt;color: #ff0000\"><strong>Ejercicios nivel medio: <a href=\"https:\/\/www.ejerciciosinglesonline.com\/exercises-and-theory\/ex1-present-perfect\/\" target=\"_blank\" rel=\"noopener\">EJERCICIOS<\/a><\/strong><\/span><\/p>\n<p>(picar en \u00absiguiente ejercicio\u00bb para acceder a una nueva pantalla)<\/td>\n<\/tr>\n<\/tbody>\n<\/table>\n<hr>\n<table style=\"border-collapse: collapse;width: 97.751322%;height: 238px\">\n<tbody>\n<tr style=\"height: 238px\">\n<td style=\"width: 36.4682%;height: 238px\"><img loading=\"lazy\" decoding=\"async\" class=\"alignnone size-full wp-image-1112\" src=\"https:\/\/blogsaverroes.juntadeandalucia.es\/funglishzone\/files\/2024\/11\/Captura-de-Pantalla-2024-11-03-a-las-20.12.08.png\" alt=\"\" width=\"290\" height=\"271\"><\/td>\n<td style=\"width: 63.5318%;height: 238px\">\n<h2><span style=\"font-family: 'times new roman', times, serif;font-size: 12pt;color: #ff0000\">Explicaci\u00f3n avanzada (in English):<\/span><span style=\"font-family: 'times new roman', times, serif;font-size: 12pt;color: #ff0000\">&nbsp;<a href=\"https:\/\/www.perfect-english-grammar.com\/present-perfect.html\" target=\"_blank\" rel=\"noopener\">EXPLICACI\u00d3N<\/a><\/span><\/h2>\n<p><span style=\"font-family: 'times new roman', times, serif;font-size: 12pt;color: #ff0000\"><strong>Ejercicios nivel medio: <span style=\"color: #0000ff\"><a style=\"color: #0000ff\" href=\"https:\/\/www.perfect-english-grammar.com\/present-perfect-exercises.html\" target=\"_blank\" rel=\"noopener\">EJERCICIOS<\/a><\/span><\/strong><\/span><\/p>\n<p>Pack de ejercicios avanzados (permite descarga en PDF)<\/td>\n<\/tr>\n<\/tbody>\n<\/table>\n<ul>\n<li style=\"list-style-type: none\">\n<ul>\n<li style=\"list-style-type: none\">\n<ul>\n<li style=\"list-style-type: none\">&nbsp;<\/li>\n<\/ul>\n<\/li>\n<\/ul>\n<\/li>\n<\/ul>\n<\/section>\n<section>\n<hr>\n<h2 style=\"text-align: center\"><span style=\"color: #008000;font-size: 24pt\"><strong>PRESENT PERFECT VS PAST SIMPLE<\/strong><\/span><\/h2>\n<table style=\"border-collapse: collapse;width: 97.751322%;height: 156px\">\n<tbody>\n<tr style=\"height: 238px\">\n<td style=\"width: 36.4682%;height: 156px\"><img loading=\"lazy\" decoding=\"async\" class=\"alignnone wp-image-1112\" src=\"https:\/\/blogsaverroes.juntadeandalucia.es\/funglishzone\/files\/2024\/11\/Captura-de-Pantalla-2024-11-03-a-las-20.12.08.png\" alt=\"\" width=\"126\" height=\"118\"><img loading=\"lazy\" decoding=\"async\" class=\"alignnone wp-image-1113\" src=\"https:\/\/blogsaverroes.juntadeandalucia.es\/funglishzone\/files\/2024\/11\/Captura-de-Pantalla-2024-11-03-a-las-20.13.12.png\" alt=\"\" width=\"127\" height=\"117\"><\/td>\n<td style=\"width: 63.5318%;height: 156px\">\n<h2><span style=\"font-family: 'times new roman', times, serif;font-size: 12pt;color: #ff0000\">Explicaci\u00f3n en PDF NIVEL B2 y contraste con Past Simple: <\/span><\/h2>\n<h2><span style=\"font-family: 'times new roman', times, serif;font-size: 12pt;color: #ff0000\"><a href=\"https:\/\/blogsaverroes.juntadeandalucia.es\/funglishzone\/files\/2020\/11\/3A-Present-Perfect-vs-Past-Simple-exercise.pdf\" target=\"_blank\" rel=\"noopener\">EXPLICACI\u00d3N + EJERCICIO<\/a><\/span><\/h2>\n<p><span style=\"font-family: 'times new roman', times, serif;font-size: 12pt;color: #ff0000\"><strong>Ejercicios nivel avanzado:<\/strong><\/span><\/p>\n<p><a href=\"https:\/\/www.ejerciciosinglesonline.com\/exercises-and-theory\/ex6-present-perfect-vs-past-simple\/\" target=\"_blank\" rel=\"noopener\">EJERCICIOS CONTRASTE<\/a><\/p>\n<p>PDF CON EJERCICIOS Y RESPUESTAS:<\/p>\n<p><a href=\"https:\/\/blogsaverroes.juntadeandalucia.es\/funglishzone\/files\/2020\/11\/Present-perfect-vs-past-simple-ejercicios-con-respuesta-1.pdf\" target=\"_blank\" rel=\"noopener\">EJERCICIOS CONTRASTE 1<\/a><\/p>\n<p><a href=\"https:\/\/blogsaverroes.juntadeandalucia.es\/funglishzone\/files\/2020\/11\/Present-perfect-vs-past-simple-con-respuestas-2.pdf\" target=\"_blank\" rel=\"noopener\">EJERCICIOS CONTRASTE 2<\/a><\/td>\n<\/tr>\n<\/tbody>\n<\/table>\n<h2>&nbsp;<\/h2>\n<\/section>\n<section>\n<hr>\n<ul>\n<li><strong><span style=\"font-family: 'times new roman', times, serif;font-size: 12pt;color: #ff0000\">FICHA PRONUNCIACI\u00d3N VERBOS REGULARES (-ED): <a href=\"https:\/\/blogsaverroes.juntadeandalucia.es\/funglishzone\/files\/2020\/10\/Verbos-ED.pdf\" target=\"_blank\" rel=\"noopener\">VERBOS -ED<\/a><\/span><\/strong><\/li>\n<\/ul>\n<hr>\n<div id=\"cc-m-8658155975\" class=\"j-module n j-header \">\n<h2 class=\"\">PRESENT PERFECT VS PAST SIMPLE<\/h2>\n<\/div>\n<div id=\"cc-m-9050225375\" class=\"j-module n j-text \">\n<p><strong>Descripci\u00f3n:<\/strong> <strong>Diferencia entre el pasado perfecto simple y el pasado simple<\/strong>. En la siguiente imagen te presentamos aquellos adverbios que suelen acompa\u00f1ar a uno y otro tiempo verbal en ingl\u00e9s. Es&nbsp;<strong>una buena pista para aprender a diferenciar el presente perfecto simple del pasado simple en ingl\u00e9s<\/strong>.&nbsp;<\/p>\n<\/div>\n<div id=\"cc-m-9050224375\" class=\"j-module n j-hgrid \">\n<div class=\"cc-m-hgrid-column last\">\n<div id=\"cc-matrix-2406544675\">\n<div id=\"cc-m-8658156075\" class=\"j-module n j-imageSubtitle \">\n<figure class=\"cc-imagewrapper cc-m-image-align-1 cc-m-width-maxed\"><img decoding=\"async\" id=\"cc-m-imagesubtitle-image-8658156075\" class=\"\" src=\"https:\/\/image.jimcdn.com\/app\/cms\/image\/transf\/dimension=1030x10000:format=png\/path\/s187dfb9e844a26f3\/image\/i56d679d38250b9dc\/version\/1525622288\/diferencia-entre-presente-perfecto-y-pasado-simple-en-ingl%C3%A9s.png\" alt=\"Diferencia entre presente perfecto y pasado simple en ingl\u00e9s.\" data-src-width=\"1920\" data-src-height=\"1200\" data-src=\"https:\/\/image.jimcdn.com\/app\/cms\/image\/transf\/dimension=1030x10000:format=png\/path\/s187dfb9e844a26f3\/image\/i56d679d38250b9dc\/version\/1525622288\/diferencia-entre-presente-perfecto-y-pasado-simple-en-ingl%C3%A9s.png\" data-image-id=\"5649223675\"><\/figure>\n<p>&nbsp;<\/p>\n<\/div>\n<\/div>\n<\/div>\n<\/div>\n<\/section>\n","protected":false},"excerpt":{"rendered":"<p>En los siguientes enlaces pod\u00e9is encontrar informaci\u00f3n en espa\u00f1ol e ingl\u00e9s sobre el presente perfect, graduada en dificultad, as\u00ed como ejercicios online con auto-correcci\u00f3n para que pod\u00e1is practicar: PRESENT PERFECT PDF CON EXPLICACI\u00d3N SENCILLA:&#46;&#46;&#46;<\/p>\n","protected":false},"author":8588,"featured_media":0,"parent":0,"menu_order":0,"comment_status":"closed","ping_status":"closed","template":"","meta":{"ngg_post_thumbnail":0,"footnotes":""},"aioseo_notices":[],"_links":{"self":[{"href":"https:\/\/blogsaverroes.juntadeandalucia.es\/funglishzone\/wp-json\/wp\/v2\/pages\/423"}],"collection":[{"href":"https:\/\/blogsaverroes.juntadeandalucia.es\/funglishzone\/wp-json\/wp\/v2\/pages"}],"about":[{"href":"https:\/\/blogsaverroes.juntadeandalucia.es\/funglishzone\/wp-json\/wp\/v2\/types\/page"}],"author":[{"embeddable":true,"href":"https:\/\/blogsaverroes.juntadeandalucia.es\/funglishzone\/wp-json\/wp\/v2\/users\/8588"}],"replies":[{"embeddable":true,"href":"https:\/\/blogsaverroes.juntadeandalucia.es\/funglishzone\/wp-json\/wp\/v2\/comments?post=423"}],"version-history":[{"count":23,"href":"https:\/\/blogsaverroes.juntadeandalucia.es\/funglishzone\/wp-json\/wp\/v2\/pages\/423\/revisions"}],"predecessor-version":[{"id":1237,"href":"https:\/\/blogsaverroes.juntadeandalucia.es\/funglishzone\/wp-json\/wp\/v2\/pages\/423\/revisions\/1237"}],"wp:attachment":[{"href":"https:\/\/blogsaverroes.juntadeandalucia.es\/funglishzone\/wp-json\/wp\/v2\/media?parent=423"}],"curies":[{"name":"wp","href":"https:\/\/api.w.org\/{rel}","templated":true}]}}