{"id":44,"date":"2020-05-15T22:46:01","date_gmt":"2020-05-15T20:46:01","guid":{"rendered":"https:\/\/blogsaverroes.juntadeandalucia.es\/funglishzone\/?page_id=44"},"modified":"2020-11-22T21:00:32","modified_gmt":"2020-11-22T20:00:32","slug":"grammar","status":"publish","type":"page","link":"https:\/\/blogsaverroes.juntadeandalucia.es\/funglishzone\/links\/grammar\/","title":{"rendered":"Ejercicios Online"},"content":{"rendered":"<div id=\"attachment_59\" style=\"width: 310px\" class=\"wp-caption aligncenter\"><img loading=\"lazy\" decoding=\"async\" aria-describedby=\"caption-attachment-59\" class=\"wp-image-59 size-medium\" src=\"https:\/\/blogsaverroes.juntadeandalucia.es\/funglishzone\/files\/2020\/05\/Learn-English-300x199.jpg\" alt=\"\" width=\"300\" height=\"199\" srcset=\"https:\/\/blogsaverroes.juntadeandalucia.es\/funglishzone\/files\/2020\/05\/Learn-English-300x199.jpg 300w, https:\/\/blogsaverroes.juntadeandalucia.es\/funglishzone\/files\/2020\/05\/Learn-English-768x510.jpg 768w, https:\/\/blogsaverroes.juntadeandalucia.es\/funglishzone\/files\/2020\/05\/Learn-English-24x16.jpg 24w, https:\/\/blogsaverroes.juntadeandalucia.es\/funglishzone\/files\/2020\/05\/Learn-English-36x24.jpg 36w, https:\/\/blogsaverroes.juntadeandalucia.es\/funglishzone\/files\/2020\/05\/Learn-English-48x32.jpg 48w, https:\/\/blogsaverroes.juntadeandalucia.es\/funglishzone\/files\/2020\/05\/Learn-English.jpg 850w\" sizes=\"(max-width: 300px) 100vw, 300px\" \/><p id=\"caption-attachment-59\" class=\"wp-caption-text\">Links \u00fatiles para el aprendizaje de la lengua inglesa<\/p><\/div>\n<p>Internet est\u00e1 repleto de recursos para aprender ingl\u00e9s: ejercicios en l\u00ednea, series, pel\u00edculas, explicaciones gramaticales. Aqu\u00ed os dejo &nbsp;las p\u00e1ginas m\u00e1s id\u00f3neas para aprender ingl\u00e9s seg\u00fan nuestras necesidades en ense\u00f1anza de adultos. En esta selecci\u00f3n hay un poco de todo: comunidades para encontrar un intercambio ling\u00fc\u00edstico, cursos de idiomas expr\u00e9s, etc.<\/p>\n<p><span style=\"color: #ff0000\">EJERCICIOS INGL\u00c9S ONLINE<\/span><\/p>\n<p><strong>Con Ejercicios<\/strong> de <strong>ingl\u00e9s online<\/strong>&nbsp;accedemos a miles de ejercicios de ingl\u00e9s en l\u00ednea. Todos los ejercicios de esta web contienen <strong>auto-correcci\u00f3n<\/strong>. Permite descargar sus ejercicios en <strong>PDF<\/strong>. Tambi\u00e9n puedes <strong>imprimir<\/strong>los.&nbsp;<\/p>\n<p><a href=\"https:\/\/www.ejerciciosinglesonline.com\">https:\/\/www.ejerciciosinglesonline.com<\/a><\/p>\n<p><span style=\"color: #ff0000\">CURSO-INGL\u00c9S<\/span><\/p>\n<div class=\"col-xs-6\">Es r\u00e1pido y gratis. Permite hacerse una cuenta o&nbsp;navegar libremente. Todos los ejercicios de esta web contienen <strong>auto-correcci\u00f3n<\/strong>.<\/div>\n<div><a href=\"https:\/\/www.curso-ingles.com\">https:\/\/www.curso-ingles.com<\/a><\/div>\n<div>&nbsp;<\/div>\n<div><span style=\"color: #ff0000\">PERFECT ENGLISH GRAMMAR<\/span><\/div>\n<div>&nbsp;<\/div>\n<div>Esta p\u00e1gina pertenece a Seonaid, y se presenta de esta manera: \u00abI&#8217;m a British native speaker of English. I have a Master&#8217;s degree (MPhil) from Cambridge University in English and Linguistics and I&#8217;ve been teaching English to foreign students for many years\u00bb.<\/div>\n<div>Todos los ejercicios de esta web contienen <strong>auto-correcci\u00f3n<\/strong>. Permite descargar sus ejercicios en <strong>PDF<\/strong>. Tambi\u00e9n puedes <strong>imprimir<\/strong>los.&nbsp;<\/div>\n<div><a href=\"https:\/\/www.perfect-english-grammar.com\">https:\/\/www.perfect-english-grammar.com<\/a><\/div>\n<div>&nbsp;<\/div>\n<hr>\n<div>\n<p>&nbsp;<\/p>\n<p>Por otra parte, os voy a presentar un recurso online que puede ser interesante. Richmond, la editorial inglesa del grupo Santillana, nos ofrece algunas lecturas gratuitas con sus correspondientes audios. Os cuento\u2026 Pinchad en este enlace y\u2026<\/p>\n<p><a href=\"https:\/\/www.helblinglanguages.com\/es\/en\/distance-learning-support\">https:\/\/www.helblinglanguages.com\/es\/en\/distance-learning-support<\/a><\/p>\n<p>En la pantalla principal os encontrar\u00e9is un mensaje que os pide la localizaci\u00f3n (\u201cChoose your location\u201d). Anotad Spain en el recuadro, picad en \u201cconfirm\u201d y ya estamos en marcha. Una vez dentro, acceder\u00e9is directamente a la p\u00e1gina que nos interesa. Si vais hacia abajo, os encontrar\u00e9is con 11 lecturas online con sus correspondientes audiolibros. Os animo que a que le ech\u00e9is un vistazo. Es un lujoso escuchar en audio Oliver Twist o Great Expectations de Charles Dickens mientras podemos leer el texto. En \u201cRead flipbook\u201d se nos abre otra pesta\u00f1a con el libro en un formato muy c\u00f3modo (hay que avanzar unas p\u00e1ginas hasta llegar al comienzo del cap\u00edtulo 1) y en \u201cListen to audiobooks\u201d tenemos el audio. Os invito a intentar leer\/escuchar al menos alguna paginita.<\/p>\n<\/div>\n","protected":false},"excerpt":{"rendered":"<p>Internet est\u00e1 repleto de recursos para aprender ingl\u00e9s: ejercicios en l\u00ednea, series, pel\u00edculas, explicaciones gramaticales. Aqu\u00ed os dejo &nbsp;las p\u00e1ginas m\u00e1s id\u00f3neas para aprender ingl\u00e9s seg\u00fan nuestras necesidades en ense\u00f1anza de adultos. En esta&#46;&#46;&#46;<\/p>\n","protected":false},"author":8588,"featured_media":0,"parent":37,"menu_order":1,"comment_status":"closed","ping_status":"closed","template":"","meta":{"ngg_post_thumbnail":0,"footnotes":""},"aioseo_notices":[],"_links":{"self":[{"href":"https:\/\/blogsaverroes.juntadeandalucia.es\/funglishzone\/wp-json\/wp\/v2\/pages\/44"}],"collection":[{"href":"https:\/\/blogsaverroes.juntadeandalucia.es\/funglishzone\/wp-json\/wp\/v2\/pages"}],"about":[{"href":"https:\/\/blogsaverroes.juntadeandalucia.es\/funglishzone\/wp-json\/wp\/v2\/types\/page"}],"author":[{"embeddable":true,"href":"https:\/\/blogsaverroes.juntadeandalucia.es\/funglishzone\/wp-json\/wp\/v2\/users\/8588"}],"replies":[{"embeddable":true,"href":"https:\/\/blogsaverroes.juntadeandalucia.es\/funglishzone\/wp-json\/wp\/v2\/comments?post=44"}],"version-history":[{"count":7,"href":"https:\/\/blogsaverroes.juntadeandalucia.es\/funglishzone\/wp-json\/wp\/v2\/pages\/44\/revisions"}],"predecessor-version":[{"id":565,"href":"https:\/\/blogsaverroes.juntadeandalucia.es\/funglishzone\/wp-json\/wp\/v2\/pages\/44\/revisions\/565"}],"up":[{"embeddable":true,"href":"https:\/\/blogsaverroes.juntadeandalucia.es\/funglishzone\/wp-json\/wp\/v2\/pages\/37"}],"wp:attachment":[{"href":"https:\/\/blogsaverroes.juntadeandalucia.es\/funglishzone\/wp-json\/wp\/v2\/media?parent=44"}],"curies":[{"name":"wp","href":"https:\/\/api.w.org\/{rel}","templated":true}]}}