{"id":476,"date":"2020-11-19T10:53:16","date_gmt":"2020-11-19T09:53:16","guid":{"rendered":"https:\/\/blogsaverroes.juntadeandalucia.es\/funglishzone\/?page_id=476"},"modified":"2024-09-29T18:46:17","modified_gmt":"2024-09-29T16:46:17","slug":"speaking","status":"publish","type":"page","link":"https:\/\/blogsaverroes.juntadeandalucia.es\/funglishzone\/speaking\/","title":{"rendered":"SPEAKING"},"content":{"rendered":"<p style=\"text-align: center\"><span style=\"color: #008000;font-size: 36pt\"><strong>SPEAKING<\/strong><\/span><\/p>\n<h1><strong><span style=\"font-size: 14pt\">En este apartado aparecen propuestas con diferentes ejercicios de conversaci\u00f3n.<\/span><\/strong><\/h1>\n<p style=\"text-align: left\">Pod\u00e9is hacerlos en clase con vuestro profesor o en casa con el marido, la esposa, el vecino, el primo de Zumosol, el setter irland\u00e9s&#8230; o el se\u00f1or o se\u00f1ora mucho mayor que nosotros que nos mira todos los d\u00edas en el espejo \ud83d\ude09<\/p>\nngg_shortcode_0_placeholder\n<hr>\n<p style=\"text-align: center\"><span style=\"color: #ff0000;font-size: 18pt\"><strong>EXPRESIONES \u00daTILES PARA USAR EN LA PARTE DE <\/strong><\/span><strong><span style=\"font-size: 18pt;color: #0000ff\">SPEAKING<\/span><\/strong><\/p>\n<p><span style=\"font-size: 14pt\"><strong>En el siguiente enlace encontrar\u00e1s numerosas expresiones para expresar una opini\u00f3n, acuerdo, desacuerdo, etc., organizadas por niveles. Mi recomendaci\u00f3n es escoger aquellas con las que nos encontremos m\u00e1s c\u00f3modos, anotarlas en nuestro cuaderno o fabricarnos una ficha o tarjeta y utilizarlas tantas veces como nos permita el cerebro sin que se derrita&#8230;<\/strong><\/span><\/p>\n<p>Aqu\u00ed:&nbsp;<a href=\"https:\/\/salondeidiomas.wordpress.com\/2017\/10\/13\/expresiones-utiles-para-el-speaking-opinion-estar-de-acuerdo-desacuerdo\/\">https:\/\/salondeidiomas.wordpress.com\/2017\/10\/13\/expresiones-utiles-para-el-speaking-opinion-estar-de-acuerdo-desacuerdo\/<\/a><\/p>\n","protected":false},"excerpt":{"rendered":"<p>SPEAKING En este apartado aparecen propuestas con diferentes ejercicios de conversaci\u00f3n. Pod\u00e9is hacerlos en clase con vuestro profesor o en casa con el marido, la esposa, el vecino, el primo de Zumosol, el setter&#46;&#46;&#46;<\/p>\n","protected":false},"author":8588,"featured_media":0,"parent":0,"menu_order":0,"comment_status":"closed","ping_status":"closed","template":"","meta":{"ngg_post_thumbnail":0,"footnotes":""},"aioseo_notices":[],"_links":{"self":[{"href":"https:\/\/blogsaverroes.juntadeandalucia.es\/funglishzone\/wp-json\/wp\/v2\/pages\/476"}],"collection":[{"href":"https:\/\/blogsaverroes.juntadeandalucia.es\/funglishzone\/wp-json\/wp\/v2\/pages"}],"about":[{"href":"https:\/\/blogsaverroes.juntadeandalucia.es\/funglishzone\/wp-json\/wp\/v2\/types\/page"}],"author":[{"embeddable":true,"href":"https:\/\/blogsaverroes.juntadeandalucia.es\/funglishzone\/wp-json\/wp\/v2\/users\/8588"}],"replies":[{"embeddable":true,"href":"https:\/\/blogsaverroes.juntadeandalucia.es\/funglishzone\/wp-json\/wp\/v2\/comments?post=476"}],"version-history":[{"count":24,"href":"https:\/\/blogsaverroes.juntadeandalucia.es\/funglishzone\/wp-json\/wp\/v2\/pages\/476\/revisions"}],"predecessor-version":[{"id":1048,"href":"https:\/\/blogsaverroes.juntadeandalucia.es\/funglishzone\/wp-json\/wp\/v2\/pages\/476\/revisions\/1048"}],"wp:attachment":[{"href":"https:\/\/blogsaverroes.juntadeandalucia.es\/funglishzone\/wp-json\/wp\/v2\/media?parent=476"}],"curies":[{"name":"wp","href":"https:\/\/api.w.org\/{rel}","templated":true}]}}