{"id":558,"date":"2020-11-22T20:18:11","date_gmt":"2020-11-22T19:18:11","guid":{"rendered":"https:\/\/blogsaverroes.juntadeandalucia.es\/funglishzone\/?page_id=558"},"modified":"2024-09-16T18:43:27","modified_gmt":"2024-09-16T16:43:27","slug":"videos","status":"publish","type":"page","link":"https:\/\/blogsaverroes.juntadeandalucia.es\/funglishzone\/videos\/","title":{"rendered":"VIDEOS"},"content":{"rendered":"<p style=\"text-align: center\"><span style=\"color: #008000;font-size: 36pt\"><strong>VIDEOS<\/strong><\/span><\/p>\n<p style=\"text-align: center\"><span style=\"color: #3366ff;font-family: 'comic sans ms', sans-serif;font-size: 18pt\"><strong>Contented with little<\/strong><\/span><\/p>\n<p style=\"text-align: center\"><span style=\"color: #3366ff;font-family: 'comic sans ms', sans-serif;font-size: 18pt\"><strong>Yet wishing for more<\/strong><\/span><\/p>\n<p style=\"text-align: center\">Charles Lamb<\/p>\n<h1><strong><span style=\"font-size: large\">M\u00fasica, literatura, cine, series, ciencia, humor y su poquito de agua mineral. Aqu\u00ed vais a encontrar multitud de cosas, sin orden ni concierto, pero todas en&nbsp;ingl\u00e9s. \u00bfY por qu\u00e9? Porque s\u00ed.<\/span><\/strong><\/h1>\n<hr>\n<h1 class=\"quoteText\" style=\"text-align: left\"><span style=\"font-size: 12pt;font-family: 'book antiqua', palatino, serif;color: #800080\">That&#8217;s here. That&#8217;s home. That&#8217;s us. Carl Sagan y una reflexi\u00f3n necesaria. La banda finlandesa de Metal Sinf\u00f3nico NIGHTWISH pone el resto.<\/span><\/h1>\n<h1 class=\"quoteText\" style=\"text-align: left\"><span style=\"font-size: 12pt;font-family: 'book antiqua', palatino, serif\">\u00abLook again at that dot. That&#8217;s here. That&#8217;s home. That&#8217;s us. On it everyone you love, everyone you know, everyone you ever heard of, every human being who ever was, lived out their lives. The aggregate of our joy and suffering, thousands of confident religions, ideologies, and economic doctrines, every hunter and forager, every hero and coward, every creator and destroyer of civilization, every king and peasant, every young couple in love, every mother and father, hopeful child, inventor and explorer, every teacher of morals, every corrupt politician, every \u00absuperstar,\u00bb every \u00absupreme leader,\u00bb every saint and sinner in the history of our species lived there-on a mote of dust suspended in a sunbeam.\u00bb<\/span><\/h1>\n<p><iframe loading=\"lazy\" src=\"\/\/www.youtube.com\/embed\/wg2Lxfm2rSw\" width=\"560\" height=\"314\"><\/iframe><\/p>\n<hr>\n<h1 class=\"quoteText\" style=\"text-align: left\"><span style=\"font-size: 12pt;font-family: 'book antiqua', palatino, serif;color: #800080\">Eleven is not such an easy number to say in Scotland, huh?<\/span><\/h1>\n<p><iframe loading=\"lazy\" src=\"\/\/www.youtube.com\/embed\/NMS2VnDveP8\" width=\"560\" height=\"314\"><\/iframe><\/p>\n<hr>\n<h1 class=\"quoteText\" style=\"text-align: left\"><span style=\"font-size: 12pt;font-family: 'book antiqua', palatino, serif;color: #800080\">Puestos a deletrear en ingl\u00e9s, no hay edad.<\/span><\/h1>\n<p><iframe loading=\"lazy\" src=\"\/\/www.youtube.com\/embed\/ZvkUCzHRo2I\" width=\"560\" height=\"314\"><\/iframe><\/p>\n<hr>\n<h1 class=\"quoteText\" style=\"text-align: left\"><span style=\"font-size: 12pt;font-family: 'book antiqua', palatino, serif;color: #800080\">La mejor forma de aprender las onomatopeyas de los animales en ingl\u00e9s.<\/span><\/h1>\n<p><iframe loading=\"lazy\" src=\"\/\/www.youtube.com\/embed\/WFzkuelSZr4\" width=\"560\" height=\"314\"><\/iframe><\/p>\n<hr>\n<h1 class=\"quoteText\" style=\"text-align: left\"><span style=\"font-size: 12pt;font-family: 'book antiqua', palatino, serif;color: #800080\">RAPHAEL canta Aquarius en ingl\u00e9s. Y con subt\u00edtulos de aquella manera \ud83d\ude42<\/span><\/h1>\n<p><iframe loading=\"lazy\" src=\"\/\/www.youtube.com\/embed\/xdK9Il3-J78\" width=\"560\" height=\"314\"><\/iframe><\/p>\n<hr>\n<h1 class=\"quoteText\" style=\"text-align: left\"><span style=\"font-size: 12pt;font-family: 'book antiqua', palatino, serif;color: #800080\">El futbolista argentino Carlos T\u00e9vez hablando en ingl\u00e9s. Very emoshional&#8230;<\/span><\/h1>\n<p><iframe loading=\"lazy\" src=\"\/\/www.youtube.com\/embed\/ajsjkfGG3_8\" width=\"560\" height=\"314\"><\/iframe><\/p>\n","protected":false},"excerpt":{"rendered":"<p>VIDEOS Contented with little Yet wishing for more Charles Lamb M\u00fasica, literatura, cine, series, ciencia, humor y su poquito de agua mineral. Aqu\u00ed vais a encontrar multitud de cosas, sin orden ni concierto, pero&#46;&#46;&#46;<\/p>\n","protected":false},"author":8588,"featured_media":0,"parent":0,"menu_order":0,"comment_status":"closed","ping_status":"closed","template":"","meta":{"ngg_post_thumbnail":0,"footnotes":""},"aioseo_notices":[],"_links":{"self":[{"href":"https:\/\/blogsaverroes.juntadeandalucia.es\/funglishzone\/wp-json\/wp\/v2\/pages\/558"}],"collection":[{"href":"https:\/\/blogsaverroes.juntadeandalucia.es\/funglishzone\/wp-json\/wp\/v2\/pages"}],"about":[{"href":"https:\/\/blogsaverroes.juntadeandalucia.es\/funglishzone\/wp-json\/wp\/v2\/types\/page"}],"author":[{"embeddable":true,"href":"https:\/\/blogsaverroes.juntadeandalucia.es\/funglishzone\/wp-json\/wp\/v2\/users\/8588"}],"replies":[{"embeddable":true,"href":"https:\/\/blogsaverroes.juntadeandalucia.es\/funglishzone\/wp-json\/wp\/v2\/comments?post=558"}],"version-history":[{"count":9,"href":"https:\/\/blogsaverroes.juntadeandalucia.es\/funglishzone\/wp-json\/wp\/v2\/pages\/558\/revisions"}],"predecessor-version":[{"id":1029,"href":"https:\/\/blogsaverroes.juntadeandalucia.es\/funglishzone\/wp-json\/wp\/v2\/pages\/558\/revisions\/1029"}],"wp:attachment":[{"href":"https:\/\/blogsaverroes.juntadeandalucia.es\/funglishzone\/wp-json\/wp\/v2\/media?parent=558"}],"curies":[{"name":"wp","href":"https:\/\/api.w.org\/{rel}","templated":true}]}}