{"id":630,"date":"2021-04-14T11:12:01","date_gmt":"2021-04-14T09:12:01","guid":{"rendered":"https:\/\/blogsaverroes.juntadeandalucia.es\/funglishzone\/?page_id=630"},"modified":"2025-10-27T11:22:10","modified_gmt":"2025-10-27T10:22:10","slug":"writing","status":"publish","type":"page","link":"https:\/\/blogsaverroes.juntadeandalucia.es\/funglishzone\/writing\/","title":{"rendered":"WRITING"},"content":{"rendered":"<p style=\"text-align: center\"><span style=\"color: #008000;font-size: 36pt\"><strong>WRITING<\/strong><\/span><\/p>\n<h1 style=\"text-align: center\"><span style=\"font-family: 'arial black', sans-serif\"><strong><span style=\"font-size: 14pt\">En este apartado aparecen propuestas con expresiones \u00fatiles, consejos, ejemplos, etc., para realizar vuestro WRITING en ingl\u00e9s.<\/span><\/strong><\/span><\/h1>\n<p style=\"text-align: left\">En primer lugar, aqu\u00ed ten\u00e9is algunas<strong> fichas con ayudas ling\u00fc\u00edsticas<\/strong> que pod\u00e9is utilizar seg\u00fan la modalidad de writing que necesit\u00e9is hacer (<span style=\"color: #ff0000\">especialmente \u00fatiles para B1 y B2<\/span>):<\/p>\n<ul>\n<li>APPLICATION: <a href=\"https:\/\/blogsaverroes.juntadeandalucia.es\/funglishzone\/files\/2021\/04\/application.pdf\">application<\/a><\/li>\n<li>ARTICLE: <a href=\"https:\/\/blogsaverroes.juntadeandalucia.es\/funglishzone\/files\/2021\/04\/article_writing_plan.pdf\">article_writing_plan<\/a><\/li>\n<li>BOOK \/ FILM REVIEW: <a href=\"https:\/\/blogsaverroes.juntadeandalucia.es\/funglishzone\/files\/2021\/04\/book_film_review_writing_plan.pdf\">book_film_review_writing_plan<\/a><\/li>\n<li>COMPLAINT: <a href=\"https:\/\/blogsaverroes.juntadeandalucia.es\/funglishzone\/files\/2021\/04\/complaint.pdf\">complaint<\/a><\/li>\n<li>FOR AND AGAINST: <a href=\"https:\/\/blogsaverroes.juntadeandalucia.es\/funglishzone\/files\/2021\/04\/for_and_against.pdf\">for_and_against<\/a><\/li>\n<li>INFORMAL EMAIL: <a href=\"https:\/\/blogsaverroes.juntadeandalucia.es\/funglishzone\/files\/2021\/04\/informal_email.pdf\">informal_email<\/a><\/li>\n<li>OPINION: <a href=\"https:\/\/blogsaverroes.juntadeandalucia.es\/funglishzone\/files\/2021\/04\/opinion-1.pdf\">opinion<\/a><\/li>\n<li>REPORTS AND PROPOSALS: <a href=\"https:\/\/blogsaverroes.juntadeandalucia.es\/funglishzone\/files\/2021\/04\/reports_and_proposals.pdf\">reports_and_proposals<\/a><\/li>\n<li>REQUESTING INFORMATION: <a href=\"https:\/\/blogsaverroes.juntadeandalucia.es\/funglishzone\/files\/2021\/04\/requesting_information.pdf\">requesting_information<\/a><\/li>\n<\/ul>\n<p>Si quer\u00e9is descargar el documento completo, aqu\u00ed: <a href=\"https:\/\/blogsaverroes.juntadeandalucia.es\/funglishzone\/files\/2025\/10\/WRITING-EXPRESIONES-UTILES.pdf\">WRITING EXPRESIONES \u00daTILES<\/a><\/p>\n<hr>\n<p>&nbsp;<\/p>\n<p style=\"text-align: center\"><strong>\u00bfCu\u00e1ntos p\u00e1rrafos utilizo en mi WRITING?<\/strong><\/p>\n<p>Esa es la pregunta que siempre nos hacemos a la hora de enfrentarnos a la prueba escrita del A2 o B1. Siempre depende del t\u00f3pico y de nuestros gustos. Aqu\u00ed os dejo una propuesta de TRES P\u00c1RRAFOS, con expresiones, connectors, etc. \u00fatiles para cada uno de ellos.<\/p>\n<p style=\"text-align: center\"><a href=\"https:\/\/blogsaverroes.juntadeandalucia.es\/funglishzone\/files\/2025\/10\/Wrting-3-paragraph.pdf\">Wrting &#8211; 3 paragraph<\/a><\/p>\n<p>&nbsp;<\/p>\n<hr>\n<p>&nbsp;<\/p>\n","protected":false},"excerpt":{"rendered":"<p>WRITING En este apartado aparecen propuestas con expresiones \u00fatiles, consejos, ejemplos, etc., para realizar vuestro WRITING en ingl\u00e9s. En primer lugar, aqu\u00ed ten\u00e9is algunas fichas con ayudas ling\u00fc\u00edsticas que pod\u00e9is utilizar seg\u00fan la modalidad&#46;&#46;&#46;<\/p>\n","protected":false},"author":8588,"featured_media":0,"parent":0,"menu_order":0,"comment_status":"closed","ping_status":"closed","template":"","meta":{"ngg_post_thumbnail":0,"footnotes":""},"aioseo_notices":[],"_links":{"self":[{"href":"https:\/\/blogsaverroes.juntadeandalucia.es\/funglishzone\/wp-json\/wp\/v2\/pages\/630"}],"collection":[{"href":"https:\/\/blogsaverroes.juntadeandalucia.es\/funglishzone\/wp-json\/wp\/v2\/pages"}],"about":[{"href":"https:\/\/blogsaverroes.juntadeandalucia.es\/funglishzone\/wp-json\/wp\/v2\/types\/page"}],"author":[{"embeddable":true,"href":"https:\/\/blogsaverroes.juntadeandalucia.es\/funglishzone\/wp-json\/wp\/v2\/users\/8588"}],"replies":[{"embeddable":true,"href":"https:\/\/blogsaverroes.juntadeandalucia.es\/funglishzone\/wp-json\/wp\/v2\/comments?post=630"}],"version-history":[{"count":6,"href":"https:\/\/blogsaverroes.juntadeandalucia.es\/funglishzone\/wp-json\/wp\/v2\/pages\/630\/revisions"}],"predecessor-version":[{"id":1378,"href":"https:\/\/blogsaverroes.juntadeandalucia.es\/funglishzone\/wp-json\/wp\/v2\/pages\/630\/revisions\/1378"}],"wp:attachment":[{"href":"https:\/\/blogsaverroes.juntadeandalucia.es\/funglishzone\/wp-json\/wp\/v2\/media?parent=630"}],"curies":[{"name":"wp","href":"https:\/\/api.w.org\/{rel}","templated":true}]}}