{"id":679,"date":"2021-10-02T19:49:43","date_gmt":"2021-10-02T17:49:43","guid":{"rendered":"https:\/\/blogsaverroes.juntadeandalucia.es\/funglishzone\/?page_id=679"},"modified":"2026-04-26T23:14:35","modified_gmt":"2026-04-26T21:14:35","slug":"esa-1-lengua","status":"publish","type":"page","link":"https:\/\/blogsaverroes.juntadeandalucia.es\/funglishzone\/esa-1-lengua\/","title":{"rendered":"ESA 1 -LENGUA-"},"content":{"rendered":"<p style=\"text-align: center\"><span style=\"font-size: 36pt\"><strong><span style=\"color: #ff0000\">Educaci\u00f3n Secundaria para Adultos<\/span><\/strong><\/span><\/p>\n<p style=\"text-align: center\"><span style=\"font-size: 36pt\"><strong><span style=\"color: #ff0000\">ESA 1<\/span><\/strong><\/span><\/p>\n<h1 class=\"title\" style=\"text-align: center\">Pincha en el siguiente enlace para resolver tus dudas sobre la lengua espa\u00f1ola.<\/h1>\n<p><a href=\"https:\/\/blogsaverroes.juntadeandalucia.es\/funglishzone\/lengua-espanola\/\" target=\"_blank\" rel=\"noopener noreferrer\"><img loading=\"lazy\" decoding=\"async\" class=\"aligncenter wp-image-681 size-full\" src=\"https:\/\/blogsaverroes.juntadeandalucia.es\/funglishzone\/files\/2021\/10\/text2image_Z2742103_20211002_174747.jpg\" alt=\"\" width=\"207\" height=\"150\"><\/a><\/p>\n<h1 class=\"title\" style=\"text-align: center\">Aqu\u00ed abajo puedes descargar los contenidos de LENGUA (\u00c1mbito Comunicativo):<\/h1>\n<div class=\"mod-indent-outer w-100\">\n<div>\n<div class=\"contentwithoutlink \">\n<div class=\"no-overflow\">\n<div class=\"no-overflow\">\n<hr align=\"LEFT\" width=\"60%\">\n<\/div>\n<\/div>\n<\/div>\n<\/div>\n<\/div>\n<div class=\"mod-indent-outer w-100\">\n<div class=\"contentwithoutlink \">\n<div class=\"no-overflow\">\n<div class=\"no-overflow\">\n<h5><span style=\"font-size: 18pt\"><strong><span style=\"color: #008000\">PRIMER TRIMESTRE<\/span><\/strong><\/span><\/h5>\n<h5><span style=\"font-size: 18pt\">Bloque 1: Un aula muticultural<\/span><\/h5>\n<\/div>\n<\/div>\n<\/div>\n<\/div>\n<div class=\"mod-indent-outer w-100\">\n<div class=\"activityinstance\"><img decoding=\"async\" class=\"iconlarge activityicon\" role=\"presentation\" src=\"https:\/\/educacionadistancia.juntadeandalucia.es\/adultos\/theme\/image.php\/moove\/url\/1633068834\/icon\" alt=\"\" aria-hidden=\"true\"><span class=\"instancename\">Tema 1: <strong>El nombre de las cosas<\/strong><\/span><\/div>\n<ul>\n<li>Tema CREA: <a href=\"https:\/\/blogsaverroes.juntadeandalucia.es\/funglishzone\/files\/2021\/10\/T1-Plataforma.pdf\">T1 Plataforma<\/a><\/li>\n<li>Resumen: <a href=\"https:\/\/blogsaverroes.juntadeandalucia.es\/funglishzone\/files\/2021\/11\/T1.pdf\">T1<\/a><\/li>\n<li>Ejercicios: <a href=\"https:\/\/blogsaverroes.juntadeandalucia.es\/funglishzone\/files\/2025\/12\/ESA-1-T1-REPASO-1-.pdf\">ESA 1 T1 REPASO 1<\/a><\/li>\n<\/ul>\n<\/div>\n<div class=\"mod-indent-outer w-100\">\n<div class=\"activityinstance\"><img decoding=\"async\" class=\"iconlarge activityicon\" role=\"presentation\" src=\"https:\/\/educacionadistancia.juntadeandalucia.es\/adultos\/theme\/image.php\/moove\/url\/1633068834\/icon\" alt=\"\" aria-hidden=\"true\"><span class=\"instancename\">Tema 2: <strong>\u00bfC\u00f3mo era?<\/strong><\/span><\/div>\n<div>\n<ul>\n<li>Tema CREA: <a href=\"https:\/\/blogsaverroes.juntadeandalucia.es\/funglishzone\/files\/2021\/10\/T2-Plataforma.pdf\">T2 Plataforma<\/a><\/li>\n<li>Resumen: <a href=\"https:\/\/blogsaverroes.juntadeandalucia.es\/funglishzone\/files\/2021\/10\/T2.pdf\">T2<\/a><\/li>\n<li>Ejercicios: <a href=\"https:\/\/blogsaverroes.juntadeandalucia.es\/funglishzone\/files\/2025\/12\/ESA-1-T2-REPASO-1-.pdf\">ESA 1 T2 REPASO 1<\/a><\/li>\n<\/ul>\n<\/div>\n<\/div>\n<div class=\"mod-indent-outer w-100\">\n<div class=\"activityinstance\"><img decoding=\"async\" class=\"iconlarge activityicon\" role=\"presentation\" src=\"https:\/\/educacionadistancia.juntadeandalucia.es\/adultos\/theme\/image.php\/moove\/url\/1633068834\/icon\" alt=\"\" aria-hidden=\"true\"><span class=\"instancename\">Tema 3: <strong>Yo te lo presento<\/strong><\/span><\/div>\n<div>\n<ul>\n<li>Tema CREA: <a href=\"https:\/\/blogsaverroes.juntadeandalucia.es\/funglishzone\/files\/2021\/10\/T3-Plataforma.pdf\">T3 Plataforma<\/a><\/li>\n<li>Resumen: <a href=\"https:\/\/blogsaverroes.juntadeandalucia.es\/funglishzone\/files\/2021\/10\/T3.pdf\">T3<\/a><\/li>\n<li>Ejercicios:&nbsp;\n<ul>\n<li><a href=\"https:\/\/blogsaverroes.juntadeandalucia.es\/funglishzone\/files\/2025\/12\/ESA-1-T3-REPASO-1-.pdf\">ESA 1 T3 REPASO 1<\/a><\/li>\n<li><a href=\"https:\/\/blogsaverroes.juntadeandalucia.es\/funglishzone\/files\/2025\/12\/ESA-1-T3-REPASO-2.pdf\">ESA 1 T3 REPASO 2<\/a><\/li>\n<\/ul>\n<\/li>\n<\/ul>\n<\/div>\n<\/div>\n<div class=\"mod-indent-outer w-100\">\n<div class=\"activityinstance\"><img decoding=\"async\" class=\"iconlarge activityicon\" role=\"presentation\" src=\"https:\/\/educacionadistancia.juntadeandalucia.es\/adultos\/theme\/image.php\/moove\/url\/1633068834\/icon\" alt=\"\" aria-hidden=\"true\"><span class=\"instancename\">Tema 4: <strong>Contamos historias<\/strong><\/span><\/div>\n<div>\n<ul>\n<li>Tema CREA: <a href=\"https:\/\/blogsaverroes.juntadeandalucia.es\/funglishzone\/files\/2021\/10\/Tema-4-Plataforma.pdf\">Tema 4 Plataforma<\/a><\/li>\n<li>Resumen: <a href=\"https:\/\/blogsaverroes.juntadeandalucia.es\/funglishzone\/files\/2021\/10\/T4.pdf\">T4<\/a><\/li>\n<li>Ejercicios: <a href=\"https:\/\/blogsaverroes.juntadeandalucia.es\/funglishzone\/files\/2026\/01\/ESA-1-T4-REPASO-1.pdf\">ESA 1 T4 REPASO 1<\/a><\/li>\n<\/ul>\n<\/div>\n<\/div>\n<div class=\"mod-indent-outer w-100\">\n<div>\n<div class=\"contentwithoutlink \">\n<div class=\"no-overflow\">\n<div class=\"no-overflow\">\n<h5><span style=\"font-size: 18pt\">Bloque 2: Nos comunicamos<\/span><\/h5>\n<\/div>\n<\/div>\n<\/div>\n<\/div>\n<\/div>\n<div class=\"mod-indent-outer w-100\">\n<div class=\"activityinstance\"><img decoding=\"async\" class=\"iconlarge activityicon\" role=\"presentation\" src=\"https:\/\/educacionadistancia.juntadeandalucia.es\/adultos\/theme\/image.php\/moove\/url\/1633068834\/icon\" alt=\"\" aria-hidden=\"true\"><span class=\"instancename\">Tema 1: <strong>Hablando se entiende la gente<\/strong><\/span><\/div>\n<div>\n<ul>\n<li>Tema CREA: <a href=\"https:\/\/blogsaverroes.juntadeandalucia.es\/funglishzone\/files\/2021\/10\/T5-plataforma.pdf\">T5 plataforma<\/a><\/li>\n<li>Resumen: <a href=\"https:\/\/blogsaverroes.juntadeandalucia.es\/funglishzone\/files\/2021\/10\/T5-1.pdf\">T5<\/a><\/li>\n<li>Ejercicios:&nbsp;<\/li>\n<\/ul>\n<\/div>\n<\/div>\n<div class=\"mod-indent-outer w-100\">\n<div class=\"activityinstance\"><img decoding=\"async\" class=\"iconlarge activityicon\" role=\"presentation\" src=\"https:\/\/educacionadistancia.juntadeandalucia.es\/adultos\/theme\/image.php\/moove\/url\/1633068834\/icon\" alt=\"\" aria-hidden=\"true\"><span class=\"instancename\">Tema 2: <strong>Andamos entre textos<\/strong><\/span><\/div>\n<div>\n<ul>\n<li>Tema CREA: <a href=\"https:\/\/blogsaverroes.juntadeandalucia.es\/funglishzone\/files\/2021\/10\/T6-Plataforma-1.pdf\">T6 Plataforma<\/a><\/li>\n<li>Resumen: <a href=\"https:\/\/blogsaverroes.juntadeandalucia.es\/funglishzone\/files\/2021\/10\/T6-2.pdf\">T6<\/a><\/li>\n<li>Ejercicios:&nbsp;<\/li>\n<\/ul>\n<\/div>\n<\/div>\n<div class=\"mod-indent-outer w-100\">\n<div class=\"activityinstance\"><img decoding=\"async\" class=\"iconlarge activityicon\" role=\"presentation\" src=\"https:\/\/educacionadistancia.juntadeandalucia.es\/adultos\/theme\/image.php\/moove\/url\/1633068834\/icon\" alt=\"\" aria-hidden=\"true\"><span class=\"instancename\">Tema 3: <strong>Comunico mis ideas<\/strong><\/span><\/div>\n<div>\n<ul>\n<li>Tema CREA: <a href=\"https:\/\/blogsaverroes.juntadeandalucia.es\/funglishzone\/files\/2021\/10\/T7-Plataforma-1.pdf\">T7 Plataforma<\/a><\/li>\n<li>Resumen: <a href=\"https:\/\/blogsaverroes.juntadeandalucia.es\/funglishzone\/files\/2021\/10\/T7-1.pdf\">T7<\/a><\/li>\n<li>Ejercicios:&nbsp;<\/li>\n<\/ul>\n<\/div>\n<\/div>\n<div class=\"mod-indent-outer w-100\">\n<div class=\"activityinstance\"><img decoding=\"async\" class=\"iconlarge activityicon\" role=\"presentation\" src=\"https:\/\/educacionadistancia.juntadeandalucia.es\/adultos\/theme\/image.php\/moove\/url\/1633068834\/icon\" alt=\"\" aria-hidden=\"true\"><span class=\"instancename\">Tema 4: <strong>Unas buenas herramientas<\/strong><\/span><\/div>\n<div>\n<ul>\n<li>Tema CREA: <a href=\"https:\/\/blogsaverroes.juntadeandalucia.es\/funglishzone\/files\/2021\/10\/T8-Plataforma-1.pdf\">T8 Plataforma<\/a><\/li>\n<li>Resumen: <a href=\"https:\/\/blogsaverroes.juntadeandalucia.es\/funglishzone\/files\/2021\/10\/T8-1.pdf\">T8<\/a><\/li>\n<li>Ejercicios:&nbsp;<\/li>\n<\/ul>\n<p>&nbsp;<\/p>\n<\/div>\n<\/div>\n<hr>\n<p>&nbsp;<\/p>\n<div class=\"mod-indent-outer w-100\">\n<div class=\"contentwithoutlink \">\n<div class=\"no-overflow\">\n<div class=\"no-overflow\">\n<h5><span style=\"font-size: 18pt\"><strong><span style=\"color: #008000\">SEGUNDO TRIMESTRE<\/span><\/strong><\/span><\/h5>\n<h5><span style=\"font-size: 18pt\">Bloque 3:&nbsp;<\/span><\/h5>\n<p><strong>TEMAS POR UNIDADES<\/strong><\/p>\n<\/div>\n<\/div>\n<\/div>\n<\/div>\n<div class=\"mod-indent-outer w-100\">\n<div class=\"activityinstance\">\n<div class=\"mod-indent-outer w-100\">\n<div class=\"activityinstance\"><img decoding=\"async\" class=\"iconlarge activityicon\" role=\"presentation\" src=\"https:\/\/educacionadistancia.juntadeandalucia.es\/adultos\/theme\/image.php\/moove\/url\/1633068834\/icon\" alt=\"\" aria-hidden=\"true\"><span class=\"instancename\">Tema 1: <b>\u00bfEso qu\u00e9 significa?<\/b><\/span><\/div>\n<ul>\n<li>Tema CREA: <a href=\"https:\/\/blogsaverroes.juntadeandalucia.es\/funglishzone\/files\/2026\/01\/T9-Plataforma.pdf\">T9 Plataforma<\/a><\/li>\n<li>Resumen: <a href=\"https:\/\/blogsaverroes.juntadeandalucia.es\/funglishzone\/files\/2026\/01\/T9.pdf\">T9<\/a><\/li>\n<li>Ejercicios:\n<ul>\n<li><a href=\"https:\/\/blogsaverroes.juntadeandalucia.es\/funglishzone\/files\/2026\/01\/ESA-1-T9-REPASO-1-1.pdf\">ESA 1 T9 REPASO 1<\/a><\/li>\n<li><a href=\"https:\/\/blogsaverroes.juntadeandalucia.es\/funglishzone\/files\/2026\/01\/ESA-1-T9-REPASO-2.pdf\">ESA 1 T9 REPASO 2<\/a><\/li>\n<\/ul>\n<\/li>\n<\/ul>\n<\/div>\n<div class=\"mod-indent-outer w-100\">\n<div class=\"activityinstance\"><img decoding=\"async\" class=\"iconlarge activityicon\" role=\"presentation\" src=\"https:\/\/educacionadistancia.juntadeandalucia.es\/adultos\/theme\/image.php\/moove\/url\/1633068834\/icon\" alt=\"\" aria-hidden=\"true\"><span class=\"instancename\">Tema 2: <b>Un significado, muchos significados<\/b><\/span><\/div>\n<div>\n<ul>\n<li>Tema CREA: <a href=\"https:\/\/blogsaverroes.juntadeandalucia.es\/funglishzone\/files\/2026\/01\/T10-Plataforma.pdf\">T10 Plataforma<\/a><\/li>\n<li>Resumen: <a href=\"https:\/\/blogsaverroes.juntadeandalucia.es\/funglishzone\/files\/2026\/01\/T10.pdf\">T10<\/a><\/li>\n<li>Ejercicios:\n<ul>\n<li><a href=\"https:\/\/blogsaverroes.juntadeandalucia.es\/funglishzone\/files\/2026\/01\/ESA-1-T10-MONOSEMIA-Y-POLISEMIA.pdf\">ESA 1 T10 MONOSEMIA Y POLISEMIA<\/a><\/li>\n<li><a href=\"https:\/\/blogsaverroes.juntadeandalucia.es\/funglishzone\/files\/2026\/01\/ESA-1-T10-REPASO-1.pdf\">ESA 1 T10 REPASO 1<\/a><\/li>\n<\/ul>\n<\/li>\n<\/ul>\n<\/div>\n<\/div>\n<div class=\"mod-indent-outer w-100\">\n<div class=\"activityinstance\"><img decoding=\"async\" class=\"iconlarge activityicon\" role=\"presentation\" src=\"https:\/\/educacionadistancia.juntadeandalucia.es\/adultos\/theme\/image.php\/moove\/url\/1633068834\/icon\" alt=\"\" aria-hidden=\"true\"><span class=\"instancename\">Tema 3: <b>Nos convertimos en cr\u00edticos<\/b><\/span><\/div>\n<div>\n<ul>\n<li>Tema CREA: <a href=\"https:\/\/blogsaverroes.juntadeandalucia.es\/funglishzone\/files\/2026\/01\/T11-Plataforma.pdf\">T11 Plataforma<\/a><\/li>\n<li>Resumen: <a href=\"https:\/\/blogsaverroes.juntadeandalucia.es\/funglishzone\/files\/2026\/01\/T11.pdf\">T11<\/a><\/li>\n<li>Ejercicios:\n<ul>\n<li><a href=\"https:\/\/blogsaverroes.juntadeandalucia.es\/funglishzone\/files\/2026\/02\/ESA-1-T11-REPASO-1.pdf\">ESA 1 T11 REPASO 1<\/a><\/li>\n<li><a href=\"https:\/\/blogsaverroes.juntadeandalucia.es\/funglishzone\/files\/2026\/02\/ESA-1-T11-REPASO-2-LA-LETRA-H-1.pdf\">ESA 1 T11 REPASO 2 LA LETRA H<\/a><\/li>\n<\/ul>\n<\/li>\n<\/ul>\n<\/div>\n<\/div>\n<div class=\"mod-indent-outer w-100\">\n<div class=\"activityinstance\"><img decoding=\"async\" class=\"iconlarge activityicon\" role=\"presentation\" src=\"https:\/\/educacionadistancia.juntadeandalucia.es\/adultos\/theme\/image.php\/moove\/url\/1633068834\/icon\" alt=\"\" aria-hidden=\"true\"><span class=\"instancename\">Tema 4: <b>Lo mismo o lo contrario<\/b><\/span><\/div>\n<div>\n<ul>\n<li>Tema CREA: <a href=\"https:\/\/blogsaverroes.juntadeandalucia.es\/funglishzone\/files\/2026\/01\/T12-Plataforma.pdf\">T12 Plataforma<\/a><\/li>\n<li>Resumen: <a href=\"https:\/\/blogsaverroes.juntadeandalucia.es\/funglishzone\/files\/2026\/01\/T12.pdf\">T12<\/a><\/li>\n<li>Ejercicios: <a href=\"https:\/\/blogsaverroes.juntadeandalucia.es\/funglishzone\/files\/2026\/02\/ESA-1-T12-REPASO-1.pdf\">ESA 1 T12 REPASO 1<\/a><\/li>\n<\/ul>\n<\/div>\n<\/div>\n<div class=\"mod-indent-outer w-100\">\n<div>\n<div class=\"contentwithoutlink \">\n<div class=\"no-overflow\">\n<div class=\"no-overflow\">\n<h5><span style=\"font-size: 18pt\">Bloque 4: Nos comunicamos<\/span><\/h5>\n<\/div>\n<\/div>\n<\/div>\n<\/div>\n<\/div>\n<div class=\"mod-indent-outer w-100\">\n<div class=\"activityinstance\"><img decoding=\"async\" class=\"iconlarge activityicon\" role=\"presentation\" src=\"https:\/\/educacionadistancia.juntadeandalucia.es\/adultos\/theme\/image.php\/moove\/url\/1633068834\/icon\" alt=\"\" aria-hidden=\"true\"><span class=\"instancename\"><span class=\"instancename\">Tema 1:<b>A trav\u00e9s de los medios<\/b><\/span><\/span><\/div>\n<div>\n<ul>\n<li>Tema CREA: <a href=\"https:\/\/blogsaverroes.juntadeandalucia.es\/funglishzone\/files\/2026\/01\/T13-Plataforma.pdf\">T13 Plataforma<\/a><\/li>\n<li>Resumen: <a href=\"https:\/\/blogsaverroes.juntadeandalucia.es\/funglishzone\/files\/2026\/01\/T13.pdf\">T13<\/a><\/li>\n<li>Ejercicios: <a href=\"https:\/\/blogsaverroes.juntadeandalucia.es\/funglishzone\/files\/2026\/02\/ESA-1-T13-REPASO-1.pdf\">ESA 1 T13 REPASO 1<\/a><\/li>\n<\/ul>\n<\/div>\n<\/div>\n<div class=\"mod-indent-outer w-100\">\n<div class=\"activityinstance\"><img decoding=\"async\" class=\"iconlarge activityicon\" role=\"presentation\" src=\"https:\/\/educacionadistancia.juntadeandalucia.es\/adultos\/theme\/image.php\/moove\/url\/1633068834\/icon\" alt=\"\" aria-hidden=\"true\"><span class=\"instancename\">Tema 2: <b>Iguales pero diferentes<\/b><\/span><\/div>\n<div>\n<ul>\n<li>Tema CREA: <a href=\"https:\/\/blogsaverroes.juntadeandalucia.es\/funglishzone\/files\/2026\/01\/T14-Plataforma.pdf\">T14 Plataforma<\/a><\/li>\n<li>Resumen: <a href=\"https:\/\/blogsaverroes.juntadeandalucia.es\/funglishzone\/files\/2026\/01\/T14.pdf\">T14<\/a><\/li>\n<li>Ejercicios: <a href=\"https:\/\/blogsaverroes.juntadeandalucia.es\/funglishzone\/files\/2026\/02\/ESA-1-T14-REPASO-1.pdf\">ESA 1 T14 REPASO 1<\/a><\/li>\n<li>Kahoot:&nbsp;<a href=\"https:\/\/kahoot.it\/challenge\/04693054?challenge-id=e96b43d4-b622-4890-b67f-4c48d4634a2a_1772561853770\">kahoot T14<\/a><\/li>\n<\/ul>\n<\/div>\n<\/div>\n<div class=\"mod-indent-outer w-100\">\n<div class=\"activityinstance\"><img decoding=\"async\" class=\"iconlarge activityicon\" role=\"presentation\" src=\"https:\/\/educacionadistancia.juntadeandalucia.es\/adultos\/theme\/image.php\/moove\/url\/1633068834\/icon\" alt=\"\" aria-hidden=\"true\"><span class=\"instancename\">Tema 3: <b>Hablando se entiende la gente<\/b><\/span><\/div>\n<div>\n<ul>\n<li>Tema CREA: <a href=\"https:\/\/blogsaverroes.juntadeandalucia.es\/funglishzone\/files\/2026\/01\/T15-Plataforma.pdf\">T15 Plataforma<\/a><\/li>\n<li>Resumen: <a href=\"https:\/\/blogsaverroes.juntadeandalucia.es\/funglishzone\/files\/2026\/01\/15.pdf\">15<\/a><\/li>\n<li>Ejercicios:&nbsp;<\/li>\n<\/ul>\n<\/div>\n<\/div>\n<div class=\"mod-indent-outer w-100\">\n<div class=\"activityinstance\"><img decoding=\"async\" class=\"iconlarge activityicon\" role=\"presentation\" src=\"https:\/\/educacionadistancia.juntadeandalucia.es\/adultos\/theme\/image.php\/moove\/url\/1633068834\/icon\" alt=\"\" aria-hidden=\"true\"><span class=\"instancename\">Tema 4: <b>Es tu opini\u00f3n<\/b><\/span><\/div>\n<div>\n<ul>\n<li>Tema CREA: <a href=\"https:\/\/blogsaverroes.juntadeandalucia.es\/funglishzone\/files\/2026\/01\/T-16-Plataforma.pdf\">T 16 Plataforma<\/a><\/li>\n<li>Resumen: <a href=\"https:\/\/blogsaverroes.juntadeandalucia.es\/funglishzone\/files\/2026\/01\/T16.pdf\">T16<\/a><\/li>\n<li>Ejercicios:&nbsp;<\/li>\n<\/ul>\n<p>&nbsp;<\/p>\n<\/div>\n<\/div>\n<\/div>\n<\/div>\n<hr>\n<p>&nbsp;<\/p>\n<div class=\"mod-indent-outer w-100\">\n<div class=\"contentwithoutlink \">\n<div class=\"no-overflow\">\n<div class=\"no-overflow\">\n<h5><span style=\"font-size: 18pt\"><strong><span style=\"color: #008000\">TERCER TRIMESTRE<\/span><\/strong><\/span><\/h5>\n<h5><span style=\"font-size: 18pt\">Bloque 5:&nbsp;<\/span><\/h5>\n<\/div>\n<\/div>\n<\/div>\n<\/div>\n<div class=\"mod-indent-outer w-100\">\n<div class=\"activityinstance\">\n<div class=\"mod-indent-outer w-100\">\n<div class=\"activityinstance\"><img decoding=\"async\" class=\"iconlarge activityicon\" role=\"presentation\" src=\"https:\/\/educacionadistancia.juntadeandalucia.es\/adultos\/theme\/image.php\/moove\/url\/1633068834\/icon\" alt=\"\" aria-hidden=\"true\"><span class=\"instancename\"><span class=\"instancename\">Tema 1: <b>La Publicidad<\/b><\/span><\/span><\/div>\n<ul>\n<li>Tema CREA: <a href=\"https:\/\/blogsaverroes.juntadeandalucia.es\/funglishzone\/files\/2026\/01\/Tema-17-Plataforma.pdf\">Tema 17 Plataforma<\/a><\/li>\n<li>Resumen: <a href=\"https:\/\/blogsaverroes.juntadeandalucia.es\/funglishzone\/files\/2026\/01\/T-17.pdf\">T 17<\/a><\/li>\n<li>Ejercicios: <a href=\"https:\/\/blogsaverroes.juntadeandalucia.es\/funglishzone\/files\/2026\/04\/ESA-1-T17-REPASO-1.pdf\">ESA 1 T17 REPASO 1<\/a><\/li>\n<\/ul>\n<\/div>\n<div class=\"mod-indent-outer w-100\">\n<div class=\"activityinstance\"><img decoding=\"async\" class=\"iconlarge activityicon\" role=\"presentation\" src=\"https:\/\/educacionadistancia.juntadeandalucia.es\/adultos\/theme\/image.php\/moove\/url\/1633068834\/icon\" alt=\"\" aria-hidden=\"true\"><span class=\"instancename\">Tema 2: <b>Inventando palabras<\/b><\/span><\/div>\n<div>\n<ul>\n<li>Tema CREA: <a href=\"https:\/\/blogsaverroes.juntadeandalucia.es\/funglishzone\/files\/2026\/01\/T-18-Plataforma.pdf\">T 18 Plataforma<\/a><\/li>\n<li>Resumen: <a href=\"https:\/\/blogsaverroes.juntadeandalucia.es\/funglishzone\/files\/2026\/01\/T-18.pdf\">T 18<\/a><\/li>\n<li>Ejercicios:\n<ul>\n<li><a href=\"https:\/\/blogsaverroes.juntadeandalucia.es\/funglishzone\/files\/2026\/04\/ESA-1-T18-REPASO-1.pdf\">ESA 1 T18 REPASO 1<\/a><\/li>\n<li><a href=\"https:\/\/blogsaverroes.juntadeandalucia.es\/funglishzone\/files\/2026\/04\/ESA-1-T18-REPASO-2.pdf\">ESA 1 T18 REPASO 2<\/a><\/li>\n<\/ul>\n<\/li>\n<\/ul>\n<\/div>\n<\/div>\n<div class=\"mod-indent-outer w-100\">\n<div class=\"activityinstance\"><img decoding=\"async\" class=\"iconlarge activityicon\" role=\"presentation\" src=\"https:\/\/educacionadistancia.juntadeandalucia.es\/adultos\/theme\/image.php\/moove\/url\/1633068834\/icon\" alt=\"\" aria-hidden=\"true\"><span class=\"instancename\">Tema 3: <b>Escribimos correctamente<\/b><\/span><\/div>\n<div>\n<ul>\n<li>Tema CREA: <a href=\"https:\/\/blogsaverroes.juntadeandalucia.es\/funglishzone\/files\/2026\/01\/T-19-Plataforma.pdf\">T 19 Plataforma<\/a><\/li>\n<li>Resumen: <a href=\"https:\/\/blogsaverroes.juntadeandalucia.es\/funglishzone\/files\/2026\/01\/T-19.pdf\">T 19<\/a><\/li>\n<li>Ejercicios:&nbsp;\n<ul>\n<li>&nbsp;<\/li>\n<li>&nbsp;<\/li>\n<\/ul>\n<\/li>\n<\/ul>\n<\/div>\n<\/div>\n<div class=\"mod-indent-outer w-100\">\n<div class=\"activityinstance\"><img decoding=\"async\" class=\"iconlarge activityicon\" role=\"presentation\" src=\"https:\/\/educacionadistancia.juntadeandalucia.es\/adultos\/theme\/image.php\/moove\/url\/1633068834\/icon\" alt=\"\" aria-hidden=\"true\"><span class=\"instancename\">Tema 4: <b>Una maleta de libros<\/b><\/span><\/div>\n<div>\n<ul>\n<li>Tema CREA: <a href=\"https:\/\/blogsaverroes.juntadeandalucia.es\/funglishzone\/files\/2026\/01\/T-20-Plataforma.pdf\">T 20 Plataforma<\/a><\/li>\n<li>Resumen: <a href=\"https:\/\/blogsaverroes.juntadeandalucia.es\/funglishzone\/files\/2026\/01\/T-20.pdf\">T 20<\/a><\/li>\n<li>Ejercicios:&nbsp;<\/li>\n<\/ul>\n<\/div>\n<\/div>\n<div class=\"mod-indent-outer w-100\">\n<div>\n<div class=\"contentwithoutlink \">\n<div class=\"no-overflow\">\n<div class=\"no-overflow\">\n<h5><span style=\"font-size: 18pt\">Bloque 6:&nbsp;<\/span><\/h5>\n<\/div>\n<\/div>\n<\/div>\n<\/div>\n<\/div>\n<div class=\"mod-indent-outer w-100\">\n<div class=\"activityinstance\"><img decoding=\"async\" class=\"iconlarge activityicon\" role=\"presentation\" src=\"https:\/\/educacionadistancia.juntadeandalucia.es\/adultos\/theme\/image.php\/moove\/url\/1633068834\/icon\" alt=\"\" aria-hidden=\"true\"><span class=\"instancename\"><span class=\"instancename\">Tema 1: <b>La prensa<\/b><\/span><\/span><\/div>\n<div>\n<ul>\n<li>Tema CREA: <a href=\"https:\/\/blogsaverroes.juntadeandalucia.es\/funglishzone\/files\/2026\/01\/T-21-Plataforma.pdf\">T 21 Plataforma<\/a><\/li>\n<li>Resumen: <a href=\"https:\/\/blogsaverroes.juntadeandalucia.es\/funglishzone\/files\/2026\/01\/T-21.pdf\">T 21<\/a><\/li>\n<li>Ejercicios:&nbsp;<\/li>\n<\/ul>\n<\/div>\n<\/div>\n<div class=\"mod-indent-outer w-100\">\n<div class=\"activityinstance\"><img decoding=\"async\" class=\"iconlarge activityicon\" role=\"presentation\" src=\"https:\/\/educacionadistancia.juntadeandalucia.es\/adultos\/theme\/image.php\/moove\/url\/1633068834\/icon\" alt=\"\" aria-hidden=\"true\"><span class=\"instancename\">Tema 2: <b>El sintagma<\/b><\/span><\/div>\n<div>\n<ul>\n<li>Tema CREA: <a href=\"https:\/\/blogsaverroes.juntadeandalucia.es\/funglishzone\/files\/2026\/01\/T-22-Plataforma.pdf\">T 22 Plataforma<\/a><\/li>\n<li>Resumen: <a href=\"https:\/\/blogsaverroes.juntadeandalucia.es\/funglishzone\/files\/2026\/01\/T-22.pdf\">T 22<\/a><\/li>\n<li>Ejercicios:&nbsp;<\/li>\n<\/ul>\n<\/div>\n<\/div>\n<div class=\"mod-indent-outer w-100\">\n<div class=\"activityinstance\"><img decoding=\"async\" class=\"iconlarge activityicon\" role=\"presentation\" src=\"https:\/\/educacionadistancia.juntadeandalucia.es\/adultos\/theme\/image.php\/moove\/url\/1633068834\/icon\" alt=\"\" aria-hidden=\"true\"><span class=\"instancename\">Tema 3: <b>Procesamos los textos<\/b><\/span><\/div>\n<div>\n<ul>\n<li>Tema CREA:&nbsp;<\/li>\n<li>Resumen: <a href=\"https:\/\/blogsaverroes.juntadeandalucia.es\/funglishzone\/files\/2026\/01\/T-23.pdf\">T 23<\/a><\/li>\n<li>Ejercicios:&nbsp;<\/li>\n<\/ul>\n<\/div>\n<\/div>\n<div class=\"mod-indent-outer w-100\">\n<div class=\"activityinstance\"><img decoding=\"async\" class=\"iconlarge activityicon\" role=\"presentation\" src=\"https:\/\/educacionadistancia.juntadeandalucia.es\/adultos\/theme\/image.php\/moove\/url\/1633068834\/icon\" alt=\"\" aria-hidden=\"true\"><span class=\"instancename\">Tema 4: <b>\u00bfQu\u00e9 es la literatura?<\/b><\/span><\/div>\n<div>\n<ul>\n<li>Tema CREA:&nbsp;<\/li>\n<li>Resumen: <a href=\"https:\/\/blogsaverroes.juntadeandalucia.es\/funglishzone\/files\/2026\/01\/T-24.pdf\">T 24<\/a><\/li>\n<li>Ejercicios:&nbsp;<\/li>\n<\/ul>\n<\/div>\n<\/div>\n<\/div>\n<\/div>\n","protected":false},"excerpt":{"rendered":"<p>Educaci\u00f3n Secundaria para Adultos ESA 1 Pincha en el siguiente enlace para resolver tus dudas sobre la lengua espa\u00f1ola. Aqu\u00ed abajo puedes descargar los contenidos de LENGUA (\u00c1mbito Comunicativo): PRIMER TRIMESTRE Bloque 1: Un&#46;&#46;&#46;<\/p>\n","protected":false},"author":8588,"featured_media":0,"parent":0,"menu_order":0,"comment_status":"closed","ping_status":"closed","template":"","meta":{"ngg_post_thumbnail":0,"footnotes":""},"aioseo_notices":[],"_links":{"self":[{"href":"https:\/\/blogsaverroes.juntadeandalucia.es\/funglishzone\/wp-json\/wp\/v2\/pages\/679"}],"collection":[{"href":"https:\/\/blogsaverroes.juntadeandalucia.es\/funglishzone\/wp-json\/wp\/v2\/pages"}],"about":[{"href":"https:\/\/blogsaverroes.juntadeandalucia.es\/funglishzone\/wp-json\/wp\/v2\/types\/page"}],"author":[{"embeddable":true,"href":"https:\/\/blogsaverroes.juntadeandalucia.es\/funglishzone\/wp-json\/wp\/v2\/users\/8588"}],"replies":[{"embeddable":true,"href":"https:\/\/blogsaverroes.juntadeandalucia.es\/funglishzone\/wp-json\/wp\/v2\/comments?post=679"}],"version-history":[{"count":38,"href":"https:\/\/blogsaverroes.juntadeandalucia.es\/funglishzone\/wp-json\/wp\/v2\/pages\/679\/revisions"}],"predecessor-version":[{"id":1698,"href":"https:\/\/blogsaverroes.juntadeandalucia.es\/funglishzone\/wp-json\/wp\/v2\/pages\/679\/revisions\/1698"}],"wp:attachment":[{"href":"https:\/\/blogsaverroes.juntadeandalucia.es\/funglishzone\/wp-json\/wp\/v2\/media?parent=679"}],"curies":[{"name":"wp","href":"https:\/\/api.w.org\/{rel}","templated":true}]}}