{"id":684,"date":"2021-10-02T19:54:27","date_gmt":"2021-10-02T17:54:27","guid":{"rendered":"https:\/\/blogsaverroes.juntadeandalucia.es\/funglishzone\/?page_id=684"},"modified":"2026-03-11T13:24:00","modified_gmt":"2026-03-11T12:24:00","slug":"esa-2-lengua","status":"publish","type":"page","link":"https:\/\/blogsaverroes.juntadeandalucia.es\/funglishzone\/esa-2-lengua\/","title":{"rendered":"ESA 2 -LENGUA-"},"content":{"rendered":"<p style=\"text-align: center\"><span style=\"font-size: 36pt\"><strong><span style=\"color: #ff0000\">Educaci\u00f3n Secundaria para Adultos<\/span><\/strong><\/span><\/p>\n<p style=\"text-align: center\"><span style=\"font-size: 36pt\"><strong><span style=\"color: #ff0000\">ESA 2<\/span><\/strong><\/span><\/p>\n<h1 class=\"title\" style=\"text-align: center\">Pincha en el siguiente enlace para resolver tus dudas sobre la lengua espa\u00f1ola.<\/h1>\n<p><a href=\"https:\/\/blogsaverroes.juntadeandalucia.es\/funglishzone\/lengua-espanola\/\" target=\"_blank\" rel=\"noopener noreferrer\"><img loading=\"lazy\" decoding=\"async\" class=\"aligncenter wp-image-681 size-full\" src=\"https:\/\/blogsaverroes.juntadeandalucia.es\/funglishzone\/files\/2021\/10\/text2image_Z2742103_20211002_174747.jpg\" alt=\"\" width=\"207\" height=\"150\"><\/a><\/p>\n<h1 class=\"title\" style=\"text-align: center\">Aqu\u00ed abajo puedes descargar los contenidos de LENGUA (\u00c1mbito Comunicativo):<\/h1>\n<div class=\"mod-indent-outer w-100\">\n<div>\n<div class=\"contentwithoutlink \">\n<div class=\"no-overflow\">\n<div class=\"no-overflow\">\n<hr align=\"LEFT\" width=\"60%\">\n<\/div>\n<\/div>\n<\/div>\n<\/div>\n<\/div>\n<div class=\"mod-indent-outer w-100\">\n<div>\n<div class=\"contentwithoutlink \">\n<div class=\"no-overflow\">\n<div class=\"no-overflow\">\n<h5><span style=\"font-size: 18pt\"><strong><span style=\"color: #008000\">PRIMER TRIMESTRE<\/span><\/strong><\/span><\/h5>\n<h5>Bloque 7: El mundo del trabajo<\/h5>\n<\/div>\n<\/div>\n<\/div>\n<\/div>\n<\/div>\n<div class=\"mod-indent-outer w-100\">\n<div class=\"activityinstance\"><img decoding=\"async\" class=\"iconlarge activityicon\" role=\"presentation\" src=\"https:\/\/educacionadistancia.juntadeandalucia.es\/adultos\/theme\/image.php\/moove\/url\/1633068834\/icon\" alt=\"\" aria-hidden=\"true\"><span class=\"instancename\">Tema 1: Describimos<\/span><\/div>\n<ul>\n<li>Enlace CREA: <strong><a href=\"https:\/\/edea.juntadeandalucia.es\/bancorecursos\/items\/48229c0d-7085-4ecb-ab4c-27a4860b5e54\/1\/viewscorm.jsp?.vi=file\" target=\"_blank\" rel=\"noopener\">T1 CREA<\/a><\/strong><\/li>\n<li>Resumen: <strong><a href=\"https:\/\/blogsaverroes.juntadeandalucia.es\/funglishzone\/files\/2021\/10\/T1-1.pdf\">T1<\/a><\/strong><\/li>\n<li>Ejercicios: <strong><a href=\"https:\/\/blogsaverroes.juntadeandalucia.es\/funglishzone\/files\/2025\/12\/ESA-2-T1-REPASO-1.pdf\">ESA 2 T1 REPASO 1<\/a><\/strong><\/li>\n<\/ul>\n<\/div>\n<div class=\"mod-indent-outer w-100\">\n<div class=\"activityinstance\"><img decoding=\"async\" class=\"iconlarge activityicon\" role=\"presentation\" src=\"https:\/\/educacionadistancia.juntadeandalucia.es\/adultos\/theme\/image.php\/moove\/url\/1633068834\/icon\" alt=\"\" aria-hidden=\"true\"><span class=\"instancename\">Tema 2: Los presentadores<\/span><\/div>\n<div>\n<ul>\n<li>Tema CREA: <strong><a href=\"https:\/\/edea.juntadeandalucia.es\/bancorecursos\/items\/80a716e1-cb9b-4a53-b2e8-ec9d144f6427\/1\/viewscorm.jsp?.vi=file\" target=\"_blank\" rel=\"noopener\">T2 CREA<\/a><\/strong><\/li>\n<li>Resumen: <strong><a href=\"https:\/\/blogsaverroes.juntadeandalucia.es\/funglishzone\/files\/2021\/10\/T2-1.pdf\">T2<\/a><\/strong><\/li>\n<li>Ejercicios: <strong><a href=\"https:\/\/blogsaverroes.juntadeandalucia.es\/funglishzone\/files\/2025\/12\/ESA-2-T2-REPASO-1.pdf\">ESA 2 T2 REPASO 1<\/a><\/strong><\/li>\n<\/ul>\n<\/div>\n<\/div>\n<div class=\"mod-indent-outer w-100\">\n<div class=\"activityinstance\"><img decoding=\"async\" class=\"iconlarge activityicon\" role=\"presentation\" src=\"https:\/\/educacionadistancia.juntadeandalucia.es\/adultos\/theme\/image.php\/moove\/url\/1633068834\/icon\" alt=\"\" aria-hidden=\"true\"><span class=\"instancename\">Tema 3: La literatura<\/span><\/div>\n<div>\n<ul>\n<li>Tema CREA: <strong><a href=\"https:\/\/edea.juntadeandalucia.es\/bancorecursos\/items\/480fec6a-a059-4f58-b0c3-49c8c40765fc\/1\/viewscorm.jsp?.vi=file\" target=\"_blank\" rel=\"noopener\">T3 CREA<\/a><\/strong><\/li>\n<li>Resumen: <strong><a href=\"https:\/\/blogsaverroes.juntadeandalucia.es\/funglishzone\/files\/2021\/10\/T3-1.pdf\">T3<\/a><\/strong><\/li>\n<li>Ejercicios:&nbsp;\n<ul>\n<li><strong><a href=\"https:\/\/blogsaverroes.juntadeandalucia.es\/funglishzone\/files\/2025\/12\/ESA-2-T3-FICHA-1-FIGURAS-LITERARIAS.pdf\">ESA 2 T3 FICHA 1 &#8211; FIGURAS LITERARIAS<\/a><\/strong><\/li>\n<li><strong><a href=\"https:\/\/blogsaverroes.juntadeandalucia.es\/funglishzone\/files\/2025\/12\/ESA-2-T3-FICHA-2-METRICA.pdf\">ESA 2 T3 FICHA 2 &#8211; M\u00c9TRICA<\/a><\/strong><\/li>\n<\/ul>\n<\/li>\n<\/ul>\n<\/div>\n<\/div>\n<div class=\"mod-indent-outer w-100\">\n<div class=\"activityinstance\"><img decoding=\"async\" class=\"iconlarge activityicon\" role=\"presentation\" src=\"https:\/\/educacionadistancia.juntadeandalucia.es\/adultos\/theme\/image.php\/moove\/url\/1633068834\/icon\" alt=\"\" aria-hidden=\"true\"><span class=\"instancename\">Tema 4: Literatura Medieval<\/span><\/div>\n<div>\n<ul>\n<li>Tema CREA: <strong><a href=\"https:\/\/edea.juntadeandalucia.es\/bancorecursos\/items\/91fb24ce-77c6-44dc-b466-b595baf13683\/1\/viewscorm.jsp?.vi=file\" target=\"_blank\" rel=\"noopener\">Tema 4 CREA<\/a><\/strong><\/li>\n<li>Resumen: <strong><a href=\"https:\/\/blogsaverroes.juntadeandalucia.es\/funglishzone\/files\/2021\/10\/T4-1.pdf\">T4<\/a><\/strong><\/li>\n<li>Ejercicios:\n<ul>\n<li><strong><a href=\"https:\/\/blogsaverroes.juntadeandalucia.es\/funglishzone\/files\/2025\/12\/ESA-2-T4-REPASO-1.pdf\">ESA 2 T4 REPASO 1<\/a><\/strong><\/li>\n<li>TEMAS 3 Y 4 (combinados): <strong><a href=\"https:\/\/blogsaverroes.juntadeandalucia.es\/funglishzone\/files\/2025\/12\/ESA-2-T43-REPASO-2.pdf\">ESA 2 T4+3 REPASO 2<\/a><\/strong><\/li>\n<\/ul>\n<\/li>\n<\/ul>\n<\/div>\n<\/div>\n<div class=\"mod-indent-outer w-100\">\n<div>\n<div class=\"contentwithoutlink \">\n<div class=\"no-overflow\">\n<div class=\"no-overflow\">\n<h5>Bloque 8: Imaginamos historias e inventamos personajes<\/h5>\n<\/div>\n<\/div>\n<\/div>\n<\/div>\n<\/div>\n<div class=\"mod-indent-outer w-100\">\n<div class=\"activityinstance\"><img decoding=\"async\" class=\"iconlarge activityicon\" role=\"presentation\" src=\"https:\/\/educacionadistancia.juntadeandalucia.es\/adultos\/theme\/image.php\/moove\/url\/1633068834\/icon\" alt=\"\" aria-hidden=\"true\"><span class=\"instancename\">Tema 1: Narrando<\/span><\/div>\n<div>\n<ul>\n<li>Tema CREA: <strong><a href=\"https:\/\/blogsaverroes.juntadeandalucia.es\/funglishzone\/files\/2021\/10\/T5-Plataforma.pdf\">T5 Plataforma<\/a><\/strong><\/li>\n<li>Resumen: <strong><a href=\"https:\/\/blogsaverroes.juntadeandalucia.es\/funglishzone\/files\/2021\/10\/T5.pdf\">T5<\/a><\/strong><\/li>\n<li>Ejercicios:&nbsp;\n<ul>\n<li><strong><a href=\"https:\/\/blogsaverroes.juntadeandalucia.es\/funglishzone\/files\/2025\/12\/ESA-2-T5-FICHA-1-SINTAGMAS.pdf\">ESA 2 T5 FICHA 1 &#8211; SINTAGMAS<\/a><\/strong><\/li>\n<li><strong><a href=\"https:\/\/blogsaverroes.juntadeandalucia.es\/funglishzone\/files\/2025\/12\/ESA-2-T5-FICHA-2-HIATO-DIPTONGO-Y-TRIPTONGO.pdf\">ESA 2 T5 FICHA 2 &#8211; HIATO, DIPTONGO Y TRIPTONGO<\/a><\/strong><\/li>\n<li><strong><a href=\"https:\/\/blogsaverroes.juntadeandalucia.es\/funglishzone\/files\/2025\/12\/ESA-2-T5-FICHA-3-MIX-HIATO-DIPTONGO-Y-TRIPTONGO.pdf\">ESA 2 T5 FICHA 3 MIX &#8211; HIATO, DIPTONGO Y TRIPTONGO<\/a><\/strong><\/li>\n<\/ul>\n<\/li>\n<\/ul>\n<\/div>\n<\/div>\n<div class=\"mod-indent-outer w-100\">\n<div class=\"activityinstance\"><img decoding=\"async\" class=\"iconlarge activityicon\" role=\"presentation\" src=\"https:\/\/educacionadistancia.juntadeandalucia.es\/adultos\/theme\/image.php\/moove\/url\/1633068834\/icon\" alt=\"\" aria-hidden=\"true\"><span class=\"instancename\">Tema 2: Formaci\u00f3n de palabras<\/span><\/div>\n<div>\n<ul>\n<li>Tema CREA: <a href=\"https:\/\/blogsaverroes.juntadeandalucia.es\/funglishzone\/files\/2021\/10\/T6-Plataforma.pdf\">T6 Plataforma<\/a><\/li>\n<li>Resumen: <a href=\"https:\/\/blogsaverroes.juntadeandalucia.es\/funglishzone\/files\/2021\/10\/T6.pdf\">T6<\/a><\/li>\n<li>Ejercicios:&nbsp;\n<ul>\n<li><a href=\"https:\/\/blogsaverroes.juntadeandalucia.es\/funglishzone\/files\/2025\/12\/ESA-2-T6-REPASO-1.pdf\">ESA 2 T6 REPASO 1<\/a><\/li>\n<li><a href=\"https:\/\/blogsaverroes.juntadeandalucia.es\/funglishzone\/files\/2025\/12\/ESA-2-T6-REPASO-2.pdf\">ESA 2 T6 REPASO 2<\/a><\/li>\n<li>TEMAS 5 Y 6 (combinados): <a href=\"https:\/\/blogsaverroes.juntadeandalucia.es\/funglishzone\/files\/2025\/12\/ESA-2-T6-y-5-REPASO-3.pdf\">ESA 2 T6 y 5 REPASO 3<\/a><\/li>\n<\/ul>\n<\/li>\n<\/ul>\n<\/div>\n<\/div>\n<div class=\"mod-indent-outer w-100\">\n<div class=\"activityinstance\"><img decoding=\"async\" class=\"iconlarge activityicon\" role=\"presentation\" src=\"https:\/\/educacionadistancia.juntadeandalucia.es\/adultos\/theme\/image.php\/moove\/url\/1633068834\/icon\" alt=\"\" aria-hidden=\"true\"><span class=\"instancename\">Tema 3: \u00c9rase una vez&#8230;<\/span><\/div>\n<div>\n<ul>\n<li>Tema CREA: <a href=\"https:\/\/blogsaverroes.juntadeandalucia.es\/funglishzone\/files\/2021\/10\/T7-Plataforma.pdf\">T7 Plataforma<\/a><\/li>\n<li>Resumen: <a href=\"https:\/\/blogsaverroes.juntadeandalucia.es\/funglishzone\/files\/2021\/10\/T7.pdf\">T7<\/a><\/li>\n<li>Ejercicios: <a href=\"https:\/\/blogsaverroes.juntadeandalucia.es\/funglishzone\/files\/2026\/01\/ESA-2-T7-SIN-COMIC.pdf\">ESA 2 T7 SIN C\u00d3MIC<\/a><\/li>\n<\/ul>\n<\/div>\n<\/div>\n<div class=\"mod-indent-outer w-100\">\n<div class=\"activityinstance\"><img decoding=\"async\" class=\"iconlarge activityicon\" role=\"presentation\" src=\"https:\/\/educacionadistancia.juntadeandalucia.es\/adultos\/theme\/image.php\/moove\/url\/1633068834\/icon\" alt=\"\" aria-hidden=\"true\"><span class=\"instancename\">Tema 4: El Renacimiento<\/span><\/div>\n<div>\n<ul>\n<li>Tema CREA: <a href=\"https:\/\/blogsaverroes.juntadeandalucia.es\/funglishzone\/files\/2021\/10\/T8-Plataforma.pdf\">T8 Plataforma<\/a><\/li>\n<li>Resumen: <a href=\"https:\/\/blogsaverroes.juntadeandalucia.es\/funglishzone\/files\/2021\/10\/T8.pdf\">T8<\/a><\/li>\n<li>Ejercicios: <a href=\"https:\/\/blogsaverroes.juntadeandalucia.es\/funglishzone\/files\/2026\/01\/ESA-2-T6-REPASO-1.pdf\">ESA 2 T6 REPASO 1<\/a><\/li>\n<\/ul>\n<\/div>\n<\/div>\n<hr>\n<div class=\"mod-indent-outer w-100\">\n<div>\n<div class=\"contentwithoutlink \">\n<div class=\"no-overflow\">\n<div class=\"no-overflow\">\n<h5><span style=\"font-size: 18pt\"><strong><span style=\"color: #008000\">SEGUNDO TRIMESTRE<\/span><\/strong><\/span><\/h5>\n<h5>Bloque 9:&nbsp;La comunicaci\u00f3n mediante el di\u00e1logo<\/h5>\n<\/div>\n<\/div>\n<\/div>\n<\/div>\n<\/div>\n<div class=\"mod-indent-outer w-100\">\n<div class=\"activityinstance\"><img decoding=\"async\" class=\"iconlarge activityicon\" role=\"presentation\" src=\"https:\/\/educacionadistancia.juntadeandalucia.es\/adultos\/theme\/image.php\/moove\/url\/1633068834\/icon\" alt=\"\" aria-hidden=\"true\"><span class=\"instancename\">Tema 1: \u00bfLo hablamos?<\/span><\/div>\n<ul>\n<li>Tema CREA: <a href=\"https:\/\/blogsaverroes.juntadeandalucia.es\/funglishzone\/files\/2022\/01\/T9-Plataforma.pdf\">T9 Plataforma<\/a><\/li>\n<li>Resumen: <a href=\"https:\/\/blogsaverroes.juntadeandalucia.es\/funglishzone\/files\/2022\/01\/T9.pdf\">T9<\/a><\/li>\n<li>Ejercicios: <a href=\"https:\/\/blogsaverroes.juntadeandalucia.es\/funglishzone\/files\/2026\/01\/ESA-2-T9-REPASO-1-1.pdf\">ESA 2 T9 REPASO 1<\/a><\/li>\n<\/ul>\n<\/div>\n<div class=\"mod-indent-outer w-100\">\n<div class=\"activityinstance\"><img decoding=\"async\" class=\"iconlarge activityicon\" role=\"presentation\" src=\"https:\/\/educacionadistancia.juntadeandalucia.es\/adultos\/theme\/image.php\/moove\/url\/1633068834\/icon\" alt=\"\" aria-hidden=\"true\"><span class=\"instancename\">Tema 2: \u00a1Todos a escena!<\/span><\/div>\n<div>\n<ul>\n<li>Tema CREA: <a href=\"https:\/\/blogsaverroes.juntadeandalucia.es\/funglishzone\/files\/2022\/01\/T10-Plataforma.pdf\">T10 Plataforma<\/a><\/li>\n<li>Resumen: <a href=\"https:\/\/blogsaverroes.juntadeandalucia.es\/funglishzone\/files\/2022\/01\/T10.pdf\">T10<\/a><\/li>\n<li>Ejercicios: <a href=\"https:\/\/blogsaverroes.juntadeandalucia.es\/funglishzone\/files\/2026\/02\/ESA-2-T10-REPASO-1.pdf\">ESA 2 T10 REPASO 1<\/a><\/li>\n<\/ul>\n<div class=\"mod-indent-outer w-100\">\n<div class=\"activityinstance\"><img decoding=\"async\" class=\"iconlarge activityicon\" role=\"presentation\" src=\"https:\/\/educacionadistancia.juntadeandalucia.es\/adultos\/theme\/image.php\/moove\/url\/1633068834\/icon\" alt=\"\" aria-hidden=\"true\"><span class=\"instancename\">Tema 3: \u00a1Silencio! \u00a1Se rueda!<\/span><\/div>\n<div>\n<ul>\n<li>Tema CREA: <a href=\"https:\/\/blogsaverroes.juntadeandalucia.es\/funglishzone\/files\/2022\/01\/T11-Plataforma.pdf\">T11 Plataforma<\/a><\/li>\n<li>Resumen: <a href=\"https:\/\/blogsaverroes.juntadeandalucia.es\/funglishzone\/files\/2022\/01\/T11.pdf\">T11<\/a><\/li>\n<li>Ejercicios:\n<ul>\n<li><a href=\"https:\/\/blogsaverroes.juntadeandalucia.es\/funglishzone\/files\/2026\/02\/ESA-2-T11-REPASO-1.pdf\">ESA 2 T11 REPASO 1<\/a><\/li>\n<li><a href=\"https:\/\/blogsaverroes.juntadeandalucia.es\/funglishzone\/files\/2026\/02\/ESA-2-T11-REPASO-2-LA-LETRA-H.pdf\">ESA 2 T11 REPASO 2 LA LETRA H<\/a><\/li>\n<li><a href=\"https:\/\/blogsaverroes.juntadeandalucia.es\/funglishzone\/files\/2026\/03\/ESA-2-T11-REPASO-3-SUJ-PRED-PRED-NOMINAL-Y-VERBAL.pdf\">ESA 2 T11 REPASO 3 SUJ-PRED + PRED NOMINAL Y VERBAL<\/a><\/li>\n<\/ul>\n<\/li>\n<\/ul>\n<\/div>\n<\/div>\n<div class=\"mod-indent-outer w-100\">\n<div class=\"activityinstance\"><img decoding=\"async\" class=\"iconlarge activityicon\" role=\"presentation\" src=\"https:\/\/educacionadistancia.juntadeandalucia.es\/adultos\/theme\/image.php\/moove\/url\/1633068834\/icon\" alt=\"\" aria-hidden=\"true\"><span class=\"instancename\">Tema 4: El Barroco<\/span><\/div>\n<div>\n<ul>\n<li>Tema CREA: <a href=\"https:\/\/blogsaverroes.juntadeandalucia.es\/funglishzone\/files\/2022\/01\/T12-Plataforma.pdf\">T12 Plataforma<\/a><\/li>\n<li>Resumen: <a href=\"https:\/\/blogsaverroes.juntadeandalucia.es\/funglishzone\/files\/2022\/01\/T12-1.pdf\">T12<\/a><\/li>\n<li>Ejercicios: <a href=\"https:\/\/blogsaverroes.juntadeandalucia.es\/funglishzone\/files\/2026\/02\/ESA-2-T12-REPASO-1-1.pdf\">ESA 2 T12 REPASO 1<\/a><\/li>\n<\/ul>\n<div class=\"mod-indent-outer w-100\">\n<div>\n<div class=\"contentwithoutlink \">\n<div class=\"no-overflow\">\n<div class=\"no-overflow\">\n<h5>Bloque 10:&nbsp;Otras culturas nos enriquecen.<\/h5>\n<\/div>\n<\/div>\n<\/div>\n<\/div>\n<\/div>\n<div class=\"mod-indent-outer w-100\">\n<div class=\"activityinstance\"><img decoding=\"async\" class=\"iconlarge activityicon\" role=\"presentation\" src=\"https:\/\/educacionadistancia.juntadeandalucia.es\/adultos\/theme\/image.php\/moove\/url\/1633068834\/icon\" alt=\"\" aria-hidden=\"true\"><span class=\"instancename\">Tema 1: Cuesti\u00f3n de argumento<\/span><\/div>\n<div>\n<ul>\n<li>Tema CREA: <a href=\"https:\/\/blogsaverroes.juntadeandalucia.es\/funglishzone\/files\/2022\/01\/T13-Plataforma.pdf\">T13 Plataforma<\/a><\/li>\n<li>Resumen: <a href=\"https:\/\/blogsaverroes.juntadeandalucia.es\/funglishzone\/files\/2022\/01\/T13.pdf\">T13<\/a><\/li>\n<li>Ejercicios:\n<ul>\n<li><a href=\"https:\/\/blogsaverroes.juntadeandalucia.es\/funglishzone\/files\/2026\/02\/ESA-2-T13-REPASO-1.pdf\">ESA 2 T13 REPASO 1<\/a><\/li>\n<li><a href=\"https:\/\/blogsaverroes.juntadeandalucia.es\/funglishzone\/files\/2026\/03\/ESA-2-T10-REPASO-2-IMPERSONALES.pdf\">ESA 2 T10 REPASO 2 IMPERSONALES<\/a><\/li>\n<\/ul>\n<\/li>\n<\/ul>\n<\/div>\n<\/div>\n<div class=\"mod-indent-outer w-100\">\n<div class=\"activityinstance\"><img decoding=\"async\" class=\"iconlarge activityicon\" role=\"presentation\" src=\"https:\/\/educacionadistancia.juntadeandalucia.es\/adultos\/theme\/image.php\/moove\/url\/1633068834\/icon\" alt=\"\" aria-hidden=\"true\"><span class=\"instancename\">Tema 2: Unas palabras para la prensa<\/span><\/div>\n<div>\n<ul>\n<li>Tema CREA:&nbsp;<\/li>\n<li>Resumen: <a href=\"https:\/\/blogsaverroes.juntadeandalucia.es\/funglishzone\/files\/2022\/01\/T14.pdf\">T14<\/a><\/li>\n<li>Ejercicios: <a href=\"https:\/\/blogsaverroes.juntadeandalucia.es\/funglishzone\/files\/2026\/03\/ESA-2-T14-REPASO-1.pdf\">ESA 2 T14 REPASO 1<\/a><\/li>\n<\/ul>\n<\/div>\n<\/div>\n<div class=\"mod-indent-outer w-100\">\n<div class=\"activityinstance\"><img decoding=\"async\" class=\"iconlarge activityicon\" role=\"presentation\" src=\"https:\/\/educacionadistancia.juntadeandalucia.es\/adultos\/theme\/image.php\/moove\/url\/1633068834\/icon\" alt=\"\" aria-hidden=\"true\"><span class=\"instancename\">Tema 3: \u00a1Estamos en el aire!<\/span><\/div>\n<div>\n<ul>\n<li>Tema CREA: <a href=\"https:\/\/blogsaverroes.juntadeandalucia.es\/funglishzone\/files\/2022\/01\/T15-Plataforma.pdf\">T15 Plataforma<\/a><\/li>\n<li>Resumen: <a href=\"https:\/\/blogsaverroes.juntadeandalucia.es\/funglishzone\/files\/2022\/01\/T15.pdf\">T15<\/a><\/li>\n<li>Ejercicios:&nbsp;<\/li>\n<\/ul>\n<\/div>\n<\/div>\n<div class=\"mod-indent-outer w-100\">\n<div class=\"activityinstance\"><img decoding=\"async\" class=\"iconlarge activityicon\" role=\"presentation\" src=\"https:\/\/educacionadistancia.juntadeandalucia.es\/adultos\/theme\/image.php\/moove\/url\/1633068834\/icon\" alt=\"\" aria-hidden=\"true\"><span class=\"instancename\">Tema 4: Literatura en los siglos XVIII y XIX<\/span><\/div>\n<div>\n<ul>\n<li>Tema CREA: <a href=\"https:\/\/blogsaverroes.juntadeandalucia.es\/funglishzone\/files\/2022\/01\/T16-Plataforma.pdf\">T16 Plataforma<\/a><\/li>\n<li>Resumen: <a href=\"https:\/\/blogsaverroes.juntadeandalucia.es\/funglishzone\/files\/2022\/01\/T16.pdf\">T16<\/a><\/li>\n<li>Ejercicios:&nbsp;<\/li>\n<\/ul>\n<hr>\n<div class=\"mod-indent-outer w-100\">\n<div>\n<div class=\"contentwithoutlink \">\n<div class=\"no-overflow\">\n<div class=\"no-overflow\">\n<h5><span style=\"font-size: 18pt\"><strong><span style=\"color: #008000\">TERCER TRIMESTRE<\/span><\/strong><\/span><\/h5>\n<h5>Bloque 11:&nbsp;El arte de la publicidad<\/h5>\n<\/div>\n<\/div>\n<\/div>\n<\/div>\n<\/div>\n<div class=\"mod-indent-outer w-100\">\n<div class=\"activityinstance\"><img decoding=\"async\" class=\"iconlarge activityicon\" role=\"presentation\" src=\"https:\/\/educacionadistancia.juntadeandalucia.es\/adultos\/theme\/image.php\/moove\/url\/1633068834\/icon\" alt=\"\" aria-hidden=\"true\"><span class=\"instancename\">Tema 1: El texto instructivo<\/span><\/div>\n<ul>\n<li>Tema CREA: <a href=\"https:\/\/blogsaverroes.juntadeandalucia.es\/funglishzone\/files\/2022\/04\/T-17-Plataforma.pdf\">T 17 Plataforma<\/a><\/li>\n<li>Resumen: <a href=\"https:\/\/blogsaverroes.juntadeandalucia.es\/funglishzone\/files\/2022\/04\/T-17.pdf\">T 17<\/a><\/li>\n<li>Ejercicios:&nbsp;<\/li>\n<\/ul>\n<\/div>\n<div class=\"mod-indent-outer w-100\">\n<div class=\"activityinstance\"><img decoding=\"async\" class=\"iconlarge activityicon\" role=\"presentation\" src=\"https:\/\/educacionadistancia.juntadeandalucia.es\/adultos\/theme\/image.php\/moove\/url\/1633068834\/icon\" alt=\"\" aria-hidden=\"true\"><span class=\"instancename\">Tema 2: Tipos de oraciones simples<\/span><\/div>\n<div>\n<ul>\n<li>Tema CREA: <a href=\"https:\/\/blogsaverroes.juntadeandalucia.es\/funglishzone\/files\/2022\/04\/T-18-Plataforma.pdf\">T 18 Plataforma<\/a><\/li>\n<li>Resumen: <a href=\"https:\/\/blogsaverroes.juntadeandalucia.es\/funglishzone\/files\/2022\/04\/T-18.pdf\">T 18<\/a><\/li>\n<li>Ejercicios:&nbsp;<\/li>\n<\/ul>\n<div class=\"mod-indent-outer w-100\">\n<div class=\"activityinstance\"><img decoding=\"async\" class=\"iconlarge activityicon\" role=\"presentation\" src=\"https:\/\/educacionadistancia.juntadeandalucia.es\/adultos\/theme\/image.php\/moove\/url\/1633068834\/icon\" alt=\"\" aria-hidden=\"true\"><span class=\"instancename\">Tema 3: La publicidad<\/span><\/div>\n<div>\n<ul>\n<li>Tema CREA: <a href=\"https:\/\/blogsaverroes.juntadeandalucia.es\/funglishzone\/files\/2022\/04\/Tema-19-Plataforma.pdf\">Tema 19 Plataforma<\/a><\/li>\n<li>Resumen: <a href=\"https:\/\/blogsaverroes.juntadeandalucia.es\/funglishzone\/files\/2022\/04\/T-19.pdf\">T 19<\/a><\/li>\n<li>Ejercicios:&nbsp;<\/li>\n<\/ul>\n<\/div>\n<\/div>\n<div class=\"mod-indent-outer w-100\">\n<div class=\"activityinstance\"><img decoding=\"async\" class=\"iconlarge activityicon\" role=\"presentation\" src=\"https:\/\/educacionadistancia.juntadeandalucia.es\/adultos\/theme\/image.php\/moove\/url\/1633068834\/icon\" alt=\"\" aria-hidden=\"true\"><span class=\"instancename\">Tema 4: Literatura del siglo XX<\/span><\/div>\n<div>\n<ul>\n<li>Tema CREA: <a href=\"https:\/\/blogsaverroes.juntadeandalucia.es\/funglishzone\/files\/2022\/04\/T-20-Plataforma.pdf\">T 20 Plataforma<\/a><\/li>\n<li>Resumen: <a href=\"https:\/\/blogsaverroes.juntadeandalucia.es\/funglishzone\/files\/2022\/04\/T-20.pdf\">T 20<\/a><\/li>\n<li>Ejercicios:&nbsp;<\/li>\n<\/ul>\n<div class=\"mod-indent-outer w-100\">\n<div>\n<div class=\"contentwithoutlink \">\n<div class=\"no-overflow\">\n<div class=\"no-overflow\">\n<h5>Bloque 12:&nbsp;La mujer en la literatura espa\u00f1ola<\/h5>\n<\/div>\n<\/div>\n<\/div>\n<\/div>\n<\/div>\n<div class=\"mod-indent-outer w-100\">\n<div class=\"activityinstance\"><img decoding=\"async\" class=\"iconlarge activityicon\" role=\"presentation\" src=\"https:\/\/educacionadistancia.juntadeandalucia.es\/adultos\/theme\/image.php\/moove\/url\/1633068834\/icon\" alt=\"\" aria-hidden=\"true\"><span class=\"instancename\">Tema 1: La exposici\u00f3n<\/span><\/div>\n<div>\n<ul>\n<li>Tema CREA: <a href=\"https:\/\/blogsaverroes.juntadeandalucia.es\/funglishzone\/files\/2022\/04\/T-21-Plataforma.pdf\">T 21 Plataforma<\/a><\/li>\n<li>Resumen: <a href=\"https:\/\/blogsaverroes.juntadeandalucia.es\/funglishzone\/files\/2022\/04\/T-21.pdf\">T 21<\/a><\/li>\n<li>Ejercicios:&nbsp;<\/li>\n<\/ul>\n<\/div>\n<\/div>\n<div class=\"mod-indent-outer w-100\">\n<div class=\"activityinstance\"><img decoding=\"async\" class=\"iconlarge activityicon\" role=\"presentation\" src=\"https:\/\/educacionadistancia.juntadeandalucia.es\/adultos\/theme\/image.php\/moove\/url\/1633068834\/icon\" alt=\"\" aria-hidden=\"true\"><span class=\"instancename\">Tema 2: Oraci\u00f3n y proposici\u00f3n<\/span><\/div>\n<div>\n<ul>\n<li>Tema CREA: <a href=\"https:\/\/blogsaverroes.juntadeandalucia.es\/funglishzone\/files\/2022\/04\/T-22-Plataforma.pdf\">T 22 Plataforma<\/a><\/li>\n<li>Resumen: <a href=\"https:\/\/blogsaverroes.juntadeandalucia.es\/funglishzone\/files\/2022\/04\/T-22.pdf\">T 22<\/a><\/li>\n<li>Ejercicios:&nbsp;<\/li>\n<\/ul>\n<\/div>\n<\/div>\n<div class=\"mod-indent-outer w-100\">\n<div class=\"activityinstance\"><img decoding=\"async\" class=\"iconlarge activityicon\" role=\"presentation\" src=\"https:\/\/educacionadistancia.juntadeandalucia.es\/adultos\/theme\/image.php\/moove\/url\/1633068834\/icon\" alt=\"\" aria-hidden=\"true\"><span class=\"instancename\">Tema 3: Coherencia y cohesi\u00f3n<\/span><\/div>\n<div>\n<ul>\n<li>Tema CREA: <a href=\"https:\/\/blogsaverroes.juntadeandalucia.es\/funglishzone\/files\/2022\/04\/T-23-Plataforma.pdf\">T 23 Plataforma<\/a><\/li>\n<li>Resumen: <a href=\"https:\/\/blogsaverroes.juntadeandalucia.es\/funglishzone\/files\/2022\/04\/T-23.pdf\">T 23<\/a><\/li>\n<li>Ejercicios:&nbsp;<\/li>\n<\/ul>\n<\/div>\n<\/div>\n<div class=\"mod-indent-outer w-100\">\n<div class=\"activityinstance\"><img decoding=\"async\" class=\"iconlarge activityicon\" role=\"presentation\" src=\"https:\/\/educacionadistancia.juntadeandalucia.es\/adultos\/theme\/image.php\/moove\/url\/1633068834\/icon\" alt=\"\" aria-hidden=\"true\"><span class=\"instancename\">Tema 4: La mujer en la literatura espa\u00f1ola<\/span><\/div>\n<div>\n<ul>\n<li>Tema CREA:<\/li>\n<li>Resumen: <a href=\"https:\/\/blogsaverroes.juntadeandalucia.es\/funglishzone\/files\/2022\/05\/T-24.pdf\">T 24<\/a><\/li>\n<li>Ejercicios:&nbsp;<\/li>\n<\/ul>\n<\/div>\n<\/div>\n<\/div>\n<\/div>\n<\/div>\n<\/div>\n<\/div>\n<\/div>\n<\/div>\n<\/div>\n<\/div>\n<\/div>\n","protected":false},"excerpt":{"rendered":"<p>Educaci\u00f3n Secundaria para Adultos ESA 2 Pincha en el siguiente enlace para resolver tus dudas sobre la lengua espa\u00f1ola. Aqu\u00ed abajo puedes descargar los contenidos de LENGUA (\u00c1mbito Comunicativo): PRIMER TRIMESTRE Bloque 7: El&#46;&#46;&#46;<\/p>\n","protected":false},"author":8588,"featured_media":0,"parent":0,"menu_order":0,"comment_status":"closed","ping_status":"closed","template":"","meta":{"ngg_post_thumbnail":0,"footnotes":""},"aioseo_notices":[],"_links":{"self":[{"href":"https:\/\/blogsaverroes.juntadeandalucia.es\/funglishzone\/wp-json\/wp\/v2\/pages\/684"}],"collection":[{"href":"https:\/\/blogsaverroes.juntadeandalucia.es\/funglishzone\/wp-json\/wp\/v2\/pages"}],"about":[{"href":"https:\/\/blogsaverroes.juntadeandalucia.es\/funglishzone\/wp-json\/wp\/v2\/types\/page"}],"author":[{"embeddable":true,"href":"https:\/\/blogsaverroes.juntadeandalucia.es\/funglishzone\/wp-json\/wp\/v2\/users\/8588"}],"replies":[{"embeddable":true,"href":"https:\/\/blogsaverroes.juntadeandalucia.es\/funglishzone\/wp-json\/wp\/v2\/comments?post=684"}],"version-history":[{"count":35,"href":"https:\/\/blogsaverroes.juntadeandalucia.es\/funglishzone\/wp-json\/wp\/v2\/pages\/684\/revisions"}],"predecessor-version":[{"id":1665,"href":"https:\/\/blogsaverroes.juntadeandalucia.es\/funglishzone\/wp-json\/wp\/v2\/pages\/684\/revisions\/1665"}],"wp:attachment":[{"href":"https:\/\/blogsaverroes.juntadeandalucia.es\/funglishzone\/wp-json\/wp\/v2\/media?parent=684"}],"curies":[{"name":"wp","href":"https:\/\/api.w.org\/{rel}","templated":true}]}}