{"id":687,"date":"2021-10-02T20:03:11","date_gmt":"2021-10-02T18:03:11","guid":{"rendered":"https:\/\/blogsaverroes.juntadeandalucia.es\/funglishzone\/?page_id=687"},"modified":"2025-09-27T19:54:16","modified_gmt":"2025-09-27T17:54:16","slug":"lengua-espanola","status":"publish","type":"page","link":"https:\/\/blogsaverroes.juntadeandalucia.es\/funglishzone\/lengua-espanola\/","title":{"rendered":"LENGUA Y LITERATURA"},"content":{"rendered":"<p style=\"text-align: center\"><span style=\"color: #008000;font-size: 36pt\"><strong>LENGUA ESPA\u00d1OLA<\/strong><\/span><\/p>\n<h1><span style=\"font-size: 14pt\">En este apartado aparecen enlaces con distintos aspectos gramaticales de inter\u00e9s, sus explicaciones, enlaces a ejercicios online con auto-correcci\u00f3n, etc.<\/span><\/h1>\n<p>AQU\u00cd TEN\u00c9IS UN RESUMEN COMPLETO DE GRAM\u00c1TICA: <a href=\"https:\/\/blogsaverroes.juntadeandalucia.es\/funglishzone\/files\/2022\/03\/CUADERNO-GRAM\u00c3\u0081TICA.pdf\" target=\"_blank\" rel=\"noopener\">CUADERNO GRAM\u00c1TICA<\/a><\/p>\n<p>Tambi\u00e9n recomendamos esta p\u00e1gina para practicar (pincha en el contenido que te interese):&nbsp;<a href=\"https:\/\/aprenderespanol.org\">https:\/\/aprenderespanol.org<\/a><\/p>\n<hr>\n<p style=\"text-align: left\">Pincha en el contenido de <span style=\"color: #ff0000\"><strong>LENGUA<\/strong><\/span> que te interese.&nbsp;<\/p>\n<table style=\"border-collapse: collapse;width: 100%;height: 564px\">\n<tbody>\n<tr style=\"height: 150px\">\n<td style=\"width: 276.53125px;height: 150px\"><a href=\"https:\/\/aprenderespanol.org\/gramatica\/adverbios.html\" target=\"_blank\" rel=\"noopener noreferrer\"><img loading=\"lazy\" decoding=\"async\" class=\"aligncenter wp-image-688 size-full\" src=\"https:\/\/blogsaverroes.juntadeandalucia.es\/funglishzone\/files\/2021\/10\/text2image_J6195000_20211002_175639.jpg\" alt=\"\" width=\"207\" height=\"150\"><\/a><\/td>\n<td style=\"width: 235.359375px;height: 150px\"><a href=\"https:\/\/www.elabueloeduca.com\/aprender\/lengua\/palabras\/clase_palabras.html\" target=\"_blank\" rel=\"noopener noreferrer\"><img loading=\"lazy\" decoding=\"async\" class=\"wp-image-736 size-full aligncenter\" src=\"https:\/\/blogsaverroes.juntadeandalucia.es\/funglishzone\/files\/2021\/10\/text2image_H2218188_20211009_95010.jpg\" alt=\"\" width=\"207\" height=\"150\"><\/a><\/td>\n<td style=\"width: 234.125px;height: 150px\">\n<p style=\"text-align: center\"><span style=\"font-size: 8pt\">ESQUEMA: TIPOS DE PALABRAS<\/span><\/p>\n<p style=\"text-align: center\"><a href=\"https:\/\/blogsaverroes.juntadeandalucia.es\/funglishzone\/files\/2021\/11\/TIPOS-DE-PALABRAS.pdf\">TIPOS DE PALABRAS<\/a><\/p>\n<\/td>\n<\/tr>\n<tr style=\"height: 150px\">\n<td style=\"width: 276.53125px;height: 150px\"><a href=\"https:\/\/www.victoriamonera.com\/las-9-categorias-gramaticales\/\" target=\"_blank\" rel=\"noopener noreferrer\"><img loading=\"lazy\" decoding=\"async\" class=\"aligncenter wp-image-823 size-full\" src=\"https:\/\/blogsaverroes.juntadeandalucia.es\/funglishzone\/files\/2021\/11\/text2image_R7055754_20211125_83215.png\" alt=\"\" width=\"160\" height=\"150\"><\/a><\/td>\n<td style=\"width: 235.359375px;height: 150px\"><a href=\"https:\/\/aprenderespanol.org\/gramatica\/agudas-graves-esdrujulas.html\" target=\"_blank\" rel=\"noopener noreferrer\"><img loading=\"lazy\" decoding=\"async\" class=\"wp-image-773 size-full aligncenter\" src=\"https:\/\/blogsaverroes.juntadeandalucia.es\/funglishzone\/files\/2021\/10\/text2image_V2309669_20211013_165922-2.png\" alt=\"\" width=\"160\" height=\"150\"><\/a><\/td>\n<td style=\"width: 234.125px;height: 150px\"><a href=\"https:\/\/aprenderespanol.org\/ejercicios\/gramatica\/acentuacion\/diacritica-mi\" target=\"_blank\" rel=\"noopener noreferrer\"><img loading=\"lazy\" decoding=\"async\" class=\"wp-image-734 size-full aligncenter\" src=\"https:\/\/blogsaverroes.juntadeandalucia.es\/funglishzone\/files\/2021\/10\/text2image_A5920046_20211009_93704.jpg\" alt=\"\" width=\"207\" height=\"150\"><\/a><\/td>\n<\/tr>\n<tr style=\"height: 96px\">\n<td style=\"width: 276.53125px;height: 96px\"><a href=\"https:\/\/aprenderespanol.org\/gramatica\/categorias-gramaticales.html\" target=\"_blank\" rel=\"noopener noreferrer\"><img loading=\"lazy\" decoding=\"async\" class=\"aligncenter wp-image-824 size-full\" src=\"https:\/\/blogsaverroes.juntadeandalucia.es\/funglishzone\/files\/2021\/11\/text2image_M8405709_20211125_83231.png\" alt=\"\" width=\"160\" height=\"150\"><\/a><\/td>\n<td style=\"width: 235.359375px;height: 96px\"><a href=\"https:\/\/aprenderespanol.org\/gramatica\/acentuacion-diptongos-hiatos.html\" target=\"_blank\" rel=\"noopener noreferrer\"><img loading=\"lazy\" decoding=\"async\" class=\"aligncenter wp-image-783 size-full\" src=\"https:\/\/blogsaverroes.juntadeandalucia.es\/funglishzone\/files\/2021\/11\/A.png\" alt=\"\" width=\"150\" height=\"150\" srcset=\"https:\/\/blogsaverroes.juntadeandalucia.es\/funglishzone\/files\/2021\/11\/A.png 150w, https:\/\/blogsaverroes.juntadeandalucia.es\/funglishzone\/files\/2021\/11\/A-80x80.png 80w\" sizes=\"(max-width: 150px) 100vw, 150px\" \/><\/a><\/td>\n<td style=\"width: 234.125px;height: 96px\">\n<p style=\"text-align: center\"><span style=\"font-size: 8pt\">PDF TEOR\u00cdA DIPTONGOS &#8211; HIATOS<\/span><\/p>\n<p style=\"text-align: center\"><span style=\"font-size: 8pt\"><a href=\"https:\/\/blogsaverroes.juntadeandalucia.es\/funglishzone\/files\/2021\/11\/DIPTONGO-TRIPTONGO-HIATO-1.pdf\">DIPTONGO &#8211; TRIPTONGO &#8211; HIATO<\/a><\/span><\/p>\n<p style=\"text-align: center\"><span style=\"font-size: 8pt\">PDF ESQUEMA B\u00c1SICO<\/span><\/p>\n<p style=\"text-align: center\"><span style=\"font-size: 8pt\"><a href=\"https:\/\/blogsaverroes.juntadeandalucia.es\/funglishzone\/files\/2021\/11\/ESQUEMA-DIPTONGO-HIATO.pdf\">ESQUEMA-DIPTONGO-HIATO<\/a><\/span><\/p>\n<\/td>\n<\/tr>\n<tr style=\"height: 24px\">\n<td style=\"width: 276.53125px;height: 24px\">\n<p style=\"text-align: center\"><span style=\"color: #ff0000\"><strong><span style=\"font-size: 8pt\">CLASES DE PALABRAS SEG\u00daN SUS MONEMAS<\/span><\/strong><\/span><\/p>\n<p style=\"text-align: center\"><span style=\"font-size: 8pt\">V\u00eddeo<\/span>:&nbsp;<a href=\"https:\/\/www.youtube.com\/watch?v=CeD0Yf9-ZhA\">https:\/\/www.youtube.com\/watch?v=CeD0Yf9-ZhA<\/a><\/p>\n<p style=\"text-align: center\"><span style=\"font-size: 8pt\">PDF EXPLICACI\u00d3N PARASINT\u00c9TICAS y ejercicios: <a href=\"https:\/\/blogsaverroes.juntadeandalucia.es\/funglishzone\/files\/2021\/11\/PARASINT\u00c9TICAS.pdf\">PARASINT\u00c9TICAS<\/a><\/span><\/p>\n<p><a href=\"http:\/\/www.materialesdelengua.org\/WEB\/hotpotatoes\/lexico\/parasintesis_indice2.htm\" target=\"_blank\" rel=\"noopener noreferrer\"><img loading=\"lazy\" decoding=\"async\" class=\"aligncenter wp-image-805 size-full\" src=\"https:\/\/blogsaverroes.juntadeandalucia.es\/funglishzone\/files\/2021\/11\/text2image_B1244778_20211116_85618.png\" alt=\"\" width=\"180\" height=\"40\"><\/a><\/td>\n<td style=\"width: 235.359375px;height: 24px\">\n<p style=\"text-align: center\"><a href=\"http:\/\/www.xtec.cat\/~jgenover\/estructura1.htm\" target=\"_blank\" rel=\"noopener noreferrer\"><img loading=\"lazy\" decoding=\"async\" class=\"alignnone wp-image-804 size-full\" src=\"https:\/\/blogsaverroes.juntadeandalucia.es\/funglishzone\/files\/2021\/11\/text2image_R9311616_20211116_85231.png\" alt=\"\" width=\"150\" height=\"150\" srcset=\"https:\/\/blogsaverroes.juntadeandalucia.es\/funglishzone\/files\/2021\/11\/text2image_R9311616_20211116_85231.png 150w, https:\/\/blogsaverroes.juntadeandalucia.es\/funglishzone\/files\/2021\/11\/text2image_R9311616_20211116_85231-80x80.png 80w\" sizes=\"(max-width: 150px) 100vw, 150px\" \/><\/a><\/p>\n<\/td>\n<td style=\"width: 234.125px;height: 24px\"><a href=\"http:\/\/www.xtec.cat\/~jgenover\/estructura2.htm\" target=\"_blank\" rel=\"noopener noreferrer\"><img loading=\"lazy\" decoding=\"async\" class=\"wp-image-803 size-full aligncenter\" src=\"https:\/\/blogsaverroes.juntadeandalucia.es\/funglishzone\/files\/2021\/11\/text2image_J9341548_20211116_85243.png\" alt=\"\" width=\"150\" height=\"150\" srcset=\"https:\/\/blogsaverroes.juntadeandalucia.es\/funglishzone\/files\/2021\/11\/text2image_J9341548_20211116_85243.png 150w, https:\/\/blogsaverroes.juntadeandalucia.es\/funglishzone\/files\/2021\/11\/text2image_J9341548_20211116_85243-80x80.png 80w\" sizes=\"(max-width: 150px) 100vw, 150px\" \/><\/a><\/td>\n<\/tr>\n<tr style=\"height: 24px\">\n<td style=\"width: 276.53125px;height: 24px\"><a href=\"https:\/\/www.ejemplos.co\/10-ejemplos-de-textos-descriptivos\/\" target=\"_blank\" rel=\"noopener noreferrer\"><img loading=\"lazy\" decoding=\"async\" class=\"aligncenter wp-image-815 size-full\" src=\"https:\/\/blogsaverroes.juntadeandalucia.es\/funglishzone\/files\/2021\/11\/text2image_V6181383_20211125_80550.png\" alt=\"\" width=\"160\" height=\"150\"><\/a><\/td>\n<td style=\"width: 235.359375px;height: 24px\"><a href=\"https:\/\/www.ejemplos.co\/20-ejemplos-de-descripcion-objetiva\/\" target=\"_blank\" rel=\"noopener noreferrer\"><img loading=\"lazy\" decoding=\"async\" class=\"aligncenter wp-image-816 size-full\" src=\"https:\/\/blogsaverroes.juntadeandalucia.es\/funglishzone\/files\/2021\/11\/text2image_J3582606_20211125_80754.png\" alt=\"\" width=\"160\" height=\"150\"><\/a><\/td>\n<td style=\"width: 234.125px;height: 24px\"><a href=\"http:\/\/delenguayliteratura.com\/el_sintagma_tipos_o_clases_estructura_interna_y_ejemplos.html\" target=\"_blank\" rel=\"noopener noreferrer\"><img loading=\"lazy\" decoding=\"async\" class=\"aligncenter wp-image-789 size-full\" src=\"https:\/\/blogsaverroes.juntadeandalucia.es\/funglishzone\/files\/2021\/11\/text2image_L4177545_20211106_203131.png\" alt=\"\" width=\"150\" height=\"150\" srcset=\"https:\/\/blogsaverroes.juntadeandalucia.es\/funglishzone\/files\/2021\/11\/text2image_L4177545_20211106_203131.png 150w, https:\/\/blogsaverroes.juntadeandalucia.es\/funglishzone\/files\/2021\/11\/text2image_L4177545_20211106_203131-80x80.png 80w\" sizes=\"(max-width: 150px) 100vw, 150px\" \/><\/a><\/td>\n<\/tr>\n<tr style=\"height: 24px\">\n<td style=\"width: 276.53125px;height: 24px\"><a href=\"https:\/\/www.ejemplos.co\/parrafos-narrativos\/\" target=\"_blank\" rel=\"noopener noreferrer\"><img loading=\"lazy\" decoding=\"async\" class=\"aligncenter wp-image-819 size-full\" src=\"https:\/\/blogsaverroes.juntadeandalucia.es\/funglishzone\/files\/2021\/11\/text2image_A1726794_20211125_81150.png\" alt=\"\" width=\"160\" height=\"150\"><\/a><\/td>\n<td style=\"width: 235.359375px;height: 24px\"><a href=\"https:\/\/www.ejemplos.co\/20-ejemplos-de-descripcion-subjetiva\/\" target=\"_blank\" rel=\"noopener noreferrer\"><img loading=\"lazy\" decoding=\"async\" class=\"aligncenter wp-image-818 size-full\" src=\"https:\/\/blogsaverroes.juntadeandalucia.es\/funglishzone\/files\/2021\/11\/text2image_F2133512_20211125_80958.png\" alt=\"\" width=\"160\" height=\"150\"><\/a><\/td>\n<td style=\"width: 234.125px;height: 24px\">\n<p style=\"text-align: center\"><span style=\"font-size: 8pt\">EJEMPLOS:<\/span><\/p>\n<ul>\n<li style=\"text-align: left\"><span style=\"font-size: 8pt\"><a href=\"https:\/\/www.ejemplos.co\/sintagma-nominal\/\">SINTAGMA NOMINAL<\/a><\/span><\/li>\n<li style=\"text-align: left\"><a href=\"https:\/\/www.ejemplos.co\/sintagma-adverbial\/\"><span style=\"font-size: 8pt\">SINTAGMA ADVERBIAL<\/span><\/a><\/li>\n<li style=\"text-align: left\"><a href=\"https:\/\/www.ejemplos.co\/sintagma-adjetival\/\"><span style=\"font-size: 8pt\">SINTAGMA ADJETIVAL<\/span><\/a><\/li>\n<li style=\"text-align: left\"><a href=\"https:\/\/www.ejemplos.co\/sintagma-verbal\/\"><span style=\"font-size: 8pt\">SINTAGMA VERBAL<\/span><\/a><\/li>\n<li style=\"text-align: left\"><a href=\"https:\/\/www.ejemplos.co\/sintagma-preposicional\/\"><span style=\"font-size: 8pt\">SINTAGMA PREPOSICIONAL<\/span><\/a><\/li>\n<\/ul>\n<\/td>\n<\/tr>\n<tr style=\"height: 24px\">\n<td style=\"width: 276.53125px;height: 24px\">\n<p style=\"text-align: left\">Pincha en el cuadro y accede a la explicaci\u00f3n y 7 juegos online (arriba a la izquierda):<a href=\"https:\/\/www.elabueloeduca.com\/aprender\/lengua\/palabras\/sustantivos.html\"><br \/>\n<img loading=\"lazy\" decoding=\"async\" class=\"aligncenter wp-image-842 size-full\" src=\"https:\/\/blogsaverroes.juntadeandalucia.es\/funglishzone\/files\/2021\/12\/text2image_D4214373_20211207_173034.png\" alt=\"\" width=\"150\" height=\"50\"><\/a><\/p>\n<\/td>\n<td style=\"width: 235.359375px;height: 24px\">\n<p style=\"text-align: center\"><strong>GU\u00cdA<\/strong> para elaborar un<\/p>\n<p style=\"text-align: center\"><a href=\"https:\/\/blogsaverroes.juntadeandalucia.es\/funglishzone\/files\/2022\/02\/TEXTO-ARGUMENTATIVO.pdf\">TEXTO ARGUMENTATIVO<\/a><\/p>\n<\/td>\n<td style=\"width: 234.125px;height: 24px\">&nbsp;<\/td>\n<\/tr>\n<\/tbody>\n<\/table>\n<p>&nbsp;<\/p>\n<p>Pincha en el contenido de <span style=\"color: #ff0000\"><strong>SINTAXIS<\/strong><\/span>&nbsp;que te interese.<\/p>\n<ul>\n<li>PDF completo sobre SINTAXIS: <a href=\"https:\/\/blogsaverroes.juntadeandalucia.es\/funglishzone\/files\/2022\/02\/RESUMEN-SINTAXIS.pdf\">RESUMEN SINTAXIS<\/a><\/li>\n<li>PDF resumen breve complementos verbales: <a href=\"https:\/\/blogsaverroes.juntadeandalucia.es\/funglishzone\/files\/2022\/02\/Complementos_verbales-FUNCIONES-SINT\u00c1CTICAS.pdf\">Complementos_verbales FUNCIONES SINT\u00c1CTICAS<\/a><\/li>\n<\/ul>\n<table style=\"border-collapse: collapse;width: 100%\">\n<tbody>\n<tr>\n<td style=\"width: 33.333333333333336%\"><a href=\"https:\/\/aprenderespanol.org\/gramatica\/oracion-texto.html\" target=\"_blank\" rel=\"noopener noreferrer\"><img loading=\"lazy\" decoding=\"async\" class=\"aligncenter wp-image-881 size-full\" src=\"https:\/\/blogsaverroes.juntadeandalucia.es\/funglishzone\/files\/2022\/01\/text2image_X5552651_20220120_80624.png\" alt=\"\" width=\"160\" height=\"150\"><\/a><\/p>\n<ul>\n<li><a href=\"http:\/\/delenguayliteratura.com\/Ejercicios_de_sintaxis_oraciones_simples_sujeto_CD_CI_CRegimen_Atributo_CPredicativo_CAgente_CC.html\">M\u00e1s ejercicios 1<\/a><\/li>\n<li><a href=\"https:\/\/lenguayliteraturafacil.com\/ejercicios-sintacticos-1\/\">M\u00e1s ejercicios 2<\/a><\/li>\n<\/ul>\n<\/td>\n<td style=\"width: 33.333333333333336%\"><a href=\"https:\/\/aprenderespanol.org\/ejercicios\/gramatica\/sintaxis\/buscar-sujeto-3\" target=\"_blank\" rel=\"noopener noreferrer\"><img loading=\"lazy\" decoding=\"async\" class=\"aligncenter wp-image-882 size-full\" src=\"https:\/\/blogsaverroes.juntadeandalucia.es\/funglishzone\/files\/2022\/01\/text2image_L1577089_20220120_80645.png\" alt=\"\" width=\"160\" height=\"150\"><\/a><\/td>\n<td style=\"width: 33.333333333333336%\"><a href=\"https:\/\/es.liveworksheets.com\/fb1888414vu\" target=\"_blank\" rel=\"noopener noreferrer\"><img loading=\"lazy\" decoding=\"async\" class=\"aligncenter wp-image-884 size-full\" src=\"https:\/\/blogsaverroes.juntadeandalucia.es\/funglishzone\/files\/2022\/01\/text2image_H5977395_20220120_81239.png\" alt=\"\" width=\"175\" height=\"150\"><\/a><\/td>\n<\/tr>\n<tr>\n<td style=\"width: 33.333333333333336%\">\n<p style=\"text-align: center\"><span style=\"color: #ff0000;font-size: 12pt\"><strong>ORACIONES COPULATIVAS<\/strong><\/span><\/p>\n<ul>\n<li><a href=\"https:\/\/aprenderespanol.org\/ejercicios\/gramatica\/sintaxis\/atributo-1\">Atributo 1<\/a><\/li>\n<li><a href=\"https:\/\/aprenderespanol.org\/ejercicios\/gramatica\/sintaxis\/atributo-2\">Atributo 2<\/a><\/li>\n<\/ul>\n<\/td>\n<td style=\"width: 33.333333333333336%\">&nbsp;<\/td>\n<td style=\"width: 33.333333333333336%\">&nbsp;<\/td>\n<\/tr>\n<\/tbody>\n<\/table>\n<p>&nbsp;<\/p>\n<p>Pincha en el contenido de <span style=\"color: #ff0000\"><strong>ORTOGRAF\u00cdA<\/strong><\/span>&nbsp;que te interese.<\/p>\n<table style=\"border-collapse: collapse;width: 100%\">\n<tbody>\n<tr>\n<td style=\"width: 33.333333333333336%\"><a href=\"https:\/\/aprenderespanol.org\/gramatica\/ortografia-B-V-W.html\" target=\"_blank\" rel=\"noopener noreferrer\"><img loading=\"lazy\" decoding=\"async\" class=\"aligncenter wp-image-885 size-full\" src=\"https:\/\/blogsaverroes.juntadeandalucia.es\/funglishzone\/files\/2022\/01\/text2image_H3430298_20220120_81833.png\" alt=\"\" width=\"160\" height=\"150\"><\/a><\/td>\n<td style=\"width: 33.333333333333336%\"><a href=\"https:\/\/aprenderespanol.org\/gramatica\/ortografia-G-J.html\" target=\"_blank\" rel=\"noopener noreferrer\"><img loading=\"lazy\" decoding=\"async\" class=\"aligncenter wp-image-886 size-full\" src=\"https:\/\/blogsaverroes.juntadeandalucia.es\/funglishzone\/files\/2022\/01\/text2image_F8196512_20220120_81802.png\" alt=\"\" width=\"160\" height=\"150\"><\/a><\/td>\n<td style=\"width: 33.333333333333336%\"><a href=\"https:\/\/aprenderespanol.org\/gramatica\/ortografia-LL-Y.html\" target=\"_blank\" rel=\"noopener noreferrer\"><img loading=\"lazy\" decoding=\"async\" class=\"aligncenter wp-image-889 size-full\" src=\"https:\/\/blogsaverroes.juntadeandalucia.es\/funglishzone\/files\/2022\/01\/text2image_J6298820_20220120_82504.png\" alt=\"\" width=\"160\" height=\"150\"><\/a><\/td>\n<\/tr>\n<tr>\n<td style=\"width: 33.333333333333336%\"><a href=\"https:\/\/aprenderespanol.org\/gramatica\/ortografia-H-Z.html\" target=\"_blank\" rel=\"noopener noreferrer\"><img loading=\"lazy\" decoding=\"async\" class=\"aligncenter wp-image-887 size-full\" src=\"https:\/\/blogsaverroes.juntadeandalucia.es\/funglishzone\/files\/2022\/01\/text2image_V8139095_20220120_82220.png\" alt=\"\" width=\"160\" height=\"150\"><\/a><\/td>\n<td style=\"width: 33.333333333333336%\"><a href=\"https:\/\/aprenderespanol.org\/gramatica\/ortografia-MB-MP-N.html\" target=\"_blank\" rel=\"noopener noreferrer\"><img loading=\"lazy\" decoding=\"async\" class=\"aligncenter wp-image-890 size-full\" src=\"https:\/\/blogsaverroes.juntadeandalucia.es\/funglishzone\/files\/2022\/01\/text2image_F5564930_20220120_82637.png\" alt=\"\" width=\"160\" height=\"150\"><\/a><\/td>\n<td style=\"width: 33.333333333333336%\"><a href=\"https:\/\/aprenderespanol.org\/gramatica\/ortografia-R-RR-S-X.html\" target=\"_blank\" rel=\"noopener noreferrer\"><img loading=\"lazy\" decoding=\"async\" class=\"aligncenter wp-image-892 size-full\" src=\"https:\/\/blogsaverroes.juntadeandalucia.es\/funglishzone\/files\/2022\/01\/text2image_W5820970_20220120_82757.png\" alt=\"\" width=\"160\" height=\"150\"><\/a><\/td>\n<\/tr>\n<tr>\n<td style=\"width: 33.333333333333336%\"><a href=\"https:\/\/aprenderespanol.org\/gramatica\/ortografia-C-Z-QU-K.html\" target=\"_blank\" rel=\"noopener noreferrer\"><img loading=\"lazy\" decoding=\"async\" class=\"aligncenter wp-image-888 size-full\" src=\"https:\/\/blogsaverroes.juntadeandalucia.es\/funglishzone\/files\/2022\/01\/text2image_Z7125404_20220120_82142.png\" alt=\"\" width=\"160\" height=\"150\"><\/a><\/td>\n<td style=\"width: 33.333333333333336%\">&nbsp;<\/td>\n<td style=\"width: 33.333333333333336%\">&nbsp;<\/td>\n<\/tr>\n<\/tbody>\n<\/table>\n<p>&nbsp;<\/p>\n<p style=\"text-align: left\">Pincha en el contenido de <span style=\"color: #ff0000\"><strong>LITERATURA<\/strong><\/span> que te interese.<\/p>\n<table style=\"border-collapse: collapse;width: 100%\">\n<tbody>\n<tr>\n<td style=\"width: 33.333333333333336%;text-align: center\"><a href=\"https:\/\/yoquieroaprobar.es\/_pdf\/38178.pdf\"><img loading=\"lazy\" decoding=\"async\" class=\"alignnone wp-image-769 size-full\" src=\"https:\/\/blogsaverroes.juntadeandalucia.es\/funglishzone\/files\/2021\/10\/text2image_B2489430_20211013_125540.png\" alt=\"\" width=\"150\" height=\"150\" srcset=\"https:\/\/blogsaverroes.juntadeandalucia.es\/funglishzone\/files\/2021\/10\/text2image_B2489430_20211013_125540.png 150w, https:\/\/blogsaverroes.juntadeandalucia.es\/funglishzone\/files\/2021\/10\/text2image_B2489430_20211013_125540-80x80.png 80w\" sizes=\"(max-width: 150px) 100vw, 150px\" \/><\/a><\/td>\n<td style=\"width: 33.333333333333336%\"><a href=\"https:\/\/www.victoriamonera.com\/versos-y-estrofas-hacer-un-analisis-metrico-ejercicios\/\" target=\"_blank\" rel=\"noopener noreferrer\"><img loading=\"lazy\" decoding=\"async\" class=\"aligncenter wp-image-821 size-full\" src=\"https:\/\/blogsaverroes.juntadeandalucia.es\/funglishzone\/files\/2021\/11\/text2image_M9804832_20211125_82122.png\" alt=\"\" width=\"160\" height=\"150\"><\/a><\/td>\n<td style=\"width: 33.333333333333336%\"><strong>CRONOLOG\u00cdA<\/strong> AUTORES hasta el S.XVII<\/p>\n<p><a href=\"https:\/\/blogsaverroes.juntadeandalucia.es\/funglishzone\/files\/2022\/02\/CRONOLOG\u00cc\u0081A-HASTA-S.XVII_.pdf\">CRONOLOG\u00cc\u0081A HASTA S.XVII<\/a><\/td>\n<\/tr>\n<\/tbody>\n<\/table>\n<p>&nbsp;<\/p>\n","protected":false},"excerpt":{"rendered":"<p>LENGUA ESPA\u00d1OLA En este apartado aparecen enlaces con distintos aspectos gramaticales de inter\u00e9s, sus explicaciones, enlaces a ejercicios online con auto-correcci\u00f3n, etc. AQU\u00cd TEN\u00c9IS UN RESUMEN COMPLETO DE GRAM\u00c1TICA: CUADERNO GRAM\u00c1TICA Tambi\u00e9n recomendamos esta&#46;&#46;&#46;<\/p>\n","protected":false},"author":8588,"featured_media":0,"parent":0,"menu_order":0,"comment_status":"closed","ping_status":"closed","template":"","meta":{"ngg_post_thumbnail":0,"footnotes":""},"aioseo_notices":[],"_links":{"self":[{"href":"https:\/\/blogsaverroes.juntadeandalucia.es\/funglishzone\/wp-json\/wp\/v2\/pages\/687"}],"collection":[{"href":"https:\/\/blogsaverroes.juntadeandalucia.es\/funglishzone\/wp-json\/wp\/v2\/pages"}],"about":[{"href":"https:\/\/blogsaverroes.juntadeandalucia.es\/funglishzone\/wp-json\/wp\/v2\/types\/page"}],"author":[{"embeddable":true,"href":"https:\/\/blogsaverroes.juntadeandalucia.es\/funglishzone\/wp-json\/wp\/v2\/users\/8588"}],"replies":[{"embeddable":true,"href":"https:\/\/blogsaverroes.juntadeandalucia.es\/funglishzone\/wp-json\/wp\/v2\/comments?post=687"}],"version-history":[{"count":54,"href":"https:\/\/blogsaverroes.juntadeandalucia.es\/funglishzone\/wp-json\/wp\/v2\/pages\/687\/revisions"}],"predecessor-version":[{"id":1343,"href":"https:\/\/blogsaverroes.juntadeandalucia.es\/funglishzone\/wp-json\/wp\/v2\/pages\/687\/revisions\/1343"}],"wp:attachment":[{"href":"https:\/\/blogsaverroes.juntadeandalucia.es\/funglishzone\/wp-json\/wp\/v2\/media?parent=687"}],"curies":[{"name":"wp","href":"https:\/\/api.w.org\/{rel}","templated":true}]}}