{"id":5,"date":"2024-11-13T19:33:54","date_gmt":"2024-11-13T18:33:54","guid":{"rendered":"https:\/\/blogsaverroes.juntadeandalucia.es\/fyqeso\/?page_id=5"},"modified":"2024-11-27T14:39:08","modified_gmt":"2024-11-27T13:39:08","slug":"quien-soy","status":"publish","type":"page","link":"https:\/\/blogsaverroes.juntadeandalucia.es\/fyqeso\/quien-soy\/","title":{"rendered":"\u00bfQui\u00e9n soy?"},"content":{"rendered":"<p dir=\"ltr\">Mi nombre es Rafael Cabrera. Soy profesor de F\u00edsica y Qu\u00edmica del IES Marqu\u00e9s de Comares (Lucena).<\/p>\n<p dir=\"ltr\">He sido profesor del Instituto de Educaci\u00f3n a Distancia de Andaluc\u00eda, teniendo la suerte de participar en la creaci\u00f3n de muchos REAs para la comunidad educativa.<\/p>\n<p dir=\"ltr\">En este curso, juntos vamos a aprender a realizar un Blog en Averroes para poder utilizarlo en el aula. Son m\u00faltiples las funciones que le podemos dar a esta herramienta (repositorio de nuestros materiales, porfolio de los trabajos de los alumnos, p\u00e1gina de proyectos y recursos, etc). Yo utilizo el m\u00edo para todas estas funciones\u00a0<a href=\"https:\/\/serendiphia.es\/\"><strong>Blog Serendiphia<\/strong><\/a>\u00a0(f\u00edsica y qu\u00edmica).\u00a0Puedes contactar conmigo a trav\u00e9s de los foros de dudas y consultas que encontrar\u00e1s en cada uno de los m\u00f3dulos, o a trav\u00e9s de la mensajer\u00eda interna del Aula Virtual. No dudes en preguntar cualquier cosa que estimes oportuna, seguro que te puedo echar una mano.<\/p>\n<p dir=\"ltr\">Para empezar a conocernos se me ocurre que, adem\u00e1s del nombre \u00a1 y poner una foto en el perfil !, la materia\/asignatura, etapa y centro de cada participante, compartamos en nuestras presentaciones:<\/p>\n<p dir=\"ltr\">\u201c\u00bfQu\u00e9 uso tienes pensado darle a tu blog?\u201d No te sientas presionado. Puedes cambiar de idea al ir avanzando en el curso.<\/p>\n<p dir=\"ltr\">Mucho \u00e1nimo y un saludo.<\/p>\n<p dir=\"ltr\"><iframe src=\"https:\/\/www.google.com\/maps\/embed?pb=!1m18!1m12!1m3!1d2681.4910624392455!2d-4.477830585208517!3d37.41091857145584!2m3!1f0!2f0!3f0!3m2!1i1024!2i768!4f13.1!3m3!1m2!1s0xd6d77336192ab19%3A0x13417153fad2ce31!2sIES%20Marqu%C3%A9s%20de%20Comares!5e1!3m2!1ses!2ses!4v1732714683573!5m2!1ses!2ses\" width=\"600\" height=\"450\"><\/iframe><\/p>\n","protected":false},"excerpt":{"rendered":"<p>Mi nombre es Rafael Cabrera. Soy profesor de F\u00edsica y Qu\u00edmica del IES Marqu\u00e9s de Comares (Lucena). He sido profesor del Instituto de Educaci\u00f3n a Distancia de Andaluc\u00eda, teniendo la suerte de participar en&#46;&#46;&#46;<\/p>\n","protected":false},"author":111,"featured_media":0,"parent":0,"menu_order":0,"comment_status":"closed","ping_status":"closed","template":"","meta":{"footnotes":""},"aioseo_notices":[],"_links":{"self":[{"href":"https:\/\/blogsaverroes.juntadeandalucia.es\/fyqeso\/wp-json\/wp\/v2\/pages\/5"}],"collection":[{"href":"https:\/\/blogsaverroes.juntadeandalucia.es\/fyqeso\/wp-json\/wp\/v2\/pages"}],"about":[{"href":"https:\/\/blogsaverroes.juntadeandalucia.es\/fyqeso\/wp-json\/wp\/v2\/types\/page"}],"author":[{"embeddable":true,"href":"https:\/\/blogsaverroes.juntadeandalucia.es\/fyqeso\/wp-json\/wp\/v2\/users\/111"}],"replies":[{"embeddable":true,"href":"https:\/\/blogsaverroes.juntadeandalucia.es\/fyqeso\/wp-json\/wp\/v2\/comments?post=5"}],"version-history":[{"count":3,"href":"https:\/\/blogsaverroes.juntadeandalucia.es\/fyqeso\/wp-json\/wp\/v2\/pages\/5\/revisions"}],"predecessor-version":[{"id":18,"href":"https:\/\/blogsaverroes.juntadeandalucia.es\/fyqeso\/wp-json\/wp\/v2\/pages\/5\/revisions\/18"}],"wp:attachment":[{"href":"https:\/\/blogsaverroes.juntadeandalucia.es\/fyqeso\/wp-json\/wp\/v2\/media?parent=5"}],"curies":[{"name":"wp","href":"https:\/\/api.w.org\/{rel}","templated":true}]}}