{"id":7,"date":"2024-10-27T13:19:46","date_gmt":"2024-10-27T12:19:46","guid":{"rendered":"https:\/\/blogsaverroes.juntadeandalucia.es\/gambitodecamas\/?page_id=7"},"modified":"2025-12-06T09:12:23","modified_gmt":"2025-12-06T08:12:23","slug":"quienes-somos","status":"publish","type":"page","link":"https:\/\/blogsaverroes.juntadeandalucia.es\/gambitodecamas\/quienes-somos\/","title":{"rendered":"\u00bfQuienes somos?"},"content":{"rendered":"<p><img loading=\"lazy\" decoding=\"async\" class=\"size-medium wp-image-40 alignleft\" src=\"https:\/\/blogsaverroes.juntadeandalucia.es\/gambitodecamas\/files\/2024\/10\/Foto-de-Jocelyne-RH-300x300.jpg\" alt=\"\" width=\"300\" height=\"300\" srcset=\"https:\/\/blogsaverroes.juntadeandalucia.es\/gambitodecamas\/files\/2024\/10\/Foto-de-Jocelyne-RH-300x300.jpg 300w, https:\/\/blogsaverroes.juntadeandalucia.es\/gambitodecamas\/files\/2024\/10\/Foto-de-Jocelyne-RH-150x150.jpg 150w, https:\/\/blogsaverroes.juntadeandalucia.es\/gambitodecamas\/files\/2024\/10\/Foto-de-Jocelyne-RH-768x768.jpg 768w, https:\/\/blogsaverroes.juntadeandalucia.es\/gambitodecamas\/files\/2024\/10\/Foto-de-Jocelyne-RH-80x80.jpg 80w, https:\/\/blogsaverroes.juntadeandalucia.es\/gambitodecamas\/files\/2024\/10\/Foto-de-Jocelyne-RH-320x320.jpg 320w, https:\/\/blogsaverroes.juntadeandalucia.es\/gambitodecamas\/files\/2024\/10\/Foto-de-Jocelyne-RH.jpg 1024w\" sizes=\"(max-width: 300px) 100vw, 300px\" \/><img loading=\"lazy\" decoding=\"async\" class=\"size-medium wp-image-154 alignleft\" src=\"https:\/\/blogsaverroes.juntadeandalucia.es\/gambitodecamas\/files\/2025\/12\/clubajedrez-300x300.jpeg\" alt=\"\" width=\"300\" height=\"300\" srcset=\"https:\/\/blogsaverroes.juntadeandalucia.es\/gambitodecamas\/files\/2025\/12\/clubajedrez-300x300.jpeg 300w, https:\/\/blogsaverroes.juntadeandalucia.es\/gambitodecamas\/files\/2025\/12\/clubajedrez-1024x1024.jpeg 1024w, https:\/\/blogsaverroes.juntadeandalucia.es\/gambitodecamas\/files\/2025\/12\/clubajedrez-150x150.jpeg 150w, https:\/\/blogsaverroes.juntadeandalucia.es\/gambitodecamas\/files\/2025\/12\/clubajedrez-768x768.jpeg 768w, https:\/\/blogsaverroes.juntadeandalucia.es\/gambitodecamas\/files\/2025\/12\/clubajedrez-1536x1536.jpeg 1536w, https:\/\/blogsaverroes.juntadeandalucia.es\/gambitodecamas\/files\/2025\/12\/clubajedrez-80x80.jpeg 80w, https:\/\/blogsaverroes.juntadeandalucia.es\/gambitodecamas\/files\/2025\/12\/clubajedrez-320x320.jpeg 320w, https:\/\/blogsaverroes.juntadeandalucia.es\/gambitodecamas\/files\/2025\/12\/clubajedrez.jpeg 2048w\" sizes=\"(max-width: 300px) 100vw, 300px\" \/><\/p>\n<p>&nbsp;<\/p>\n<p>&nbsp;<\/p>\n<p>&nbsp;<\/p>\n<p>&nbsp;<\/p>\n<p>&nbsp;<\/p>\n<p>&nbsp;<\/p>\n<p>&nbsp;<\/p>\n<p>El <span style=\"font-size: 18pt\">Club de ajedrez Castilleja de la Cuesta<\/span> es un club de ajedrez resultado de la iniciativa del profesorado del IES Pablo Neruda. Tiene sede en dicho instituto y est\u00e1 abierto a todo el alumnado del centro.<\/p>\n<p><span style=\"font-size: 18pt\">Gambito de Camas<\/span> es un club de ajedrez resultado de la iniciativa del profesorado del IES Camas Antonio Brisquet. Tiene tambi\u00e9n sede en dicho instituto y est\u00e1 abierto a todo el alumnado del centro.<\/p>\n<p>El club tiene como objetivo promover el ajedrez entre el alumnado de la ESO, ya que el ajedrez puede fomentar el desarrollo personal y acad\u00e9mico de los estudiantes.<\/p>\n<p>Sabemos que el ajedrez puede parecer un juego de cerebritos, \u00a1pero hay mucho m\u00e1s detr\u00e1s de esos 64 cuadros en blanco y negro! Aprender a jugar al ajedrez no solo te har\u00e1 pasar buenos ratos, sino que tambi\u00e9n te ayudar\u00e1 a mejorar en muchas \u00e1reas que quiz\u00e1s ni te imaginabas. Aqu\u00ed te damos algunas razones para darle una oportunidad:<\/p>\n<h3>1. <strong>Desarrollas s\u00faper habilidades mentales<\/strong><\/h3>\n<p>El ajedrez es como el gimnasio para tu cerebro. Cada partida es un reto donde tienes que planear, anticiparte a lo que har\u00e1 el otro, y buscar la mejor estrategia. Esto mejora tu <strong>memoria<\/strong>, tu capacidad de <strong>concentraci\u00f3n<\/strong> y te hace m\u00e1s <strong>creativo<\/strong> cuando necesitas resolver problemas en el colegio o en la vida diaria.<\/p>\n<h3>2. <strong>Te ense\u00f1a a pensar como un estratega<\/strong><\/h3>\n<p>\u00bfHas visto esas pelis donde el h\u00e9roe siempre tiene un plan perfecto para ganar? Bueno, en el ajedrez t\u00fa eres ese h\u00e9roe. Cada movimiento tiene que ser pensado, y eso te ayuda a aprender a tomar decisiones inteligentes, tanto en el tablero como fuera de \u00e9l.<\/p>\n<h3>3. <strong>Paciencia y autocontrol al siguiente nivel<\/strong><\/h3>\n<p>El ajedrez te obliga a mantener la calma, incluso cuando las cosas no salen como esperabas. Si logras dominar el impulso de querer hacer todo r\u00e1pido, aprender\u00e1s a pensar antes de actuar. \u00a1Y eso es clave en cualquier cosa que hagas en la vida!<\/p>\n<h3>4. <strong>Aumenta tu confianza<\/strong><\/h3>\n<p>\u00bfSabes lo bien que te sientes cuando haces jaque mate? Pues eso es solo el comienzo. Cada partida ganada (o incluso perdida) te va a hacer sentir m\u00e1s seguro de ti mismo. Ver\u00e1s c\u00f3mo mejoras y eso te dar\u00e1 confianza en otras \u00e1reas tambi\u00e9n.<\/p>\n<h3>5. <strong>Te conecta con otros<\/strong><\/h3>\n<p>Aunque el ajedrez puede parecer un juego solitario, la verdad es que puedes conocer a un mont\u00f3n de personas que comparten el mismo gusto. Desde tus compa\u00f1eros de clase hasta jugadores de todo el mundo. Adem\u00e1s, competir en torneos puede ser una experiencia emocionante.<\/p>\n<h3>6. <strong>Desarrolla el pensamiento cr\u00edtico y estrat\u00e9gico<\/strong><\/h3>\n<p>Fomentar habilidades como la <strong>planificaci\u00f3n<\/strong>, el an\u00e1lisis de problemas y la toma de decisiones, que son esenciales tanto en el ajedrez como en la vida cotidiana.<\/p>\n<h3>7. <strong>Fomentar el respeto y la deportividad<\/strong><\/h3>\n<p>Te ense\u00f1ar a respetar a tus oponentes, a <strong>ganar con humildad<\/strong> y a <strong>perder con dignidad<\/strong>, promoviendo valores de \u00e9tica y respeto.<\/p>\n<h3>8. <strong>Promueve la igualdad de g\u00e9nero<\/strong><\/h3>\n<p>Fomenta la <strong>participaci\u00f3n inclusiva<\/strong>, asegurando que tanto ni\u00f1as como ni\u00f1os tengan las mismas oportunidades para aprender y competir en un ambiente equitativo.<\/p>\n<p>&nbsp;<\/p>\n<h2><span style=\"font-size: 18pt\">Participantes<\/span><\/h2>\n<p>Actualmente participamos en la direcci\u00f3n y gesti\u00f3n del club:<\/p>\n<ul>\n<li>Jocelyne Raso (Franc\u00e9s)<\/li>\n<li>Roberto P\u00e9rez (Tecnolog\u00eda).<\/li>\n<li>Monserrat Borrueco (Econom\u00eda)<\/li>\n<li>Juan Pablo Dominguez Mayo (Inform\u00e1tica)<\/li>\n<li>Jose Luis Herrera (Lengua)<\/li>\n<li>Carlos Velasco (Electricidad)<\/li>\n<li>Jes\u00fas Costas Santos (Inform\u00e1tica)<\/li>\n<\/ul>\n<p>&nbsp;<\/p>\n<h2><span style=\"font-size: 18pt\"><b>L\u00edneas de actuaci\u00f3n<\/b><\/span><\/h2>\n<p>El club de ajedrez tiene lugar <b>a la hora del recreo en la sala de juegos o ludoteca. <\/b>Los profesores se van turnando para trabajar con los alumnos en los recreos.<\/p>\n<p>Adem\u00e1s se organizar\u00e1 un torneo en el centro y se intentar\u00e1 asistir a torneos de otros centros de la zona.<\/p>\n<table style=\"height: 1248px;width: 100%;background-color: #f2f4f7;border-color: #d42a2a;border-style: solid\" cellpadding=\"6\">\n<tbody>\n<tr style=\"height: 56px\">\n<td style=\"height: 56px;width: 15.5388%\">Profesor<\/td>\n<td style=\"height: 56px;width: 24.3108%\">Curso<\/td>\n<td style=\"height: 56px;width: 36.5915%\">Actividad<\/td>\n<td style=\"height: 56px;width: 22.0551%\">Temporalizaci\u00f3n<\/td>\n<\/tr>\n<tr style=\"height: 218px\">\n<td style=\"height: 218px;width: 15.5388%\">Montserrat Borrueco<\/td>\n<td style=\"height: 218px;width: 24.3108%\">Todo el alumnado apuntado al club del centro.<\/td>\n<td style=\"height: 218px;width: 36.5915%;border-style: double;border-color: #f70238;background-color: #faf7f7\">Supervisi\u00f3n de partidas. Organizaci\u00f3n de torneos.<\/p>\n<p>B\u00fasqueda de material did\u00e1ctico.<\/p>\n<p>Lecturas sobre ajedrez.<\/p>\n<p>Proyecto o trabajo en el que se relacione la econom\u00eda y el ajedrez.<\/td>\n<td style=\"height: 218px;width: 22.0551%\">Recreos durante todo el curso.<\/td>\n<\/tr>\n<tr style=\"height: 104px\">\n<td style=\"height: 104px;width: 15.5388%\">Jes\u00fas Costas<\/td>\n<td style=\"height: 104px;width: 24.3108%\">Todo el alumnado apuntado al club del centro.<\/td>\n<td style=\"height: 104px;width: 36.5915%\">Supervisi\u00f3n de partidas. Organizaci\u00f3n de torneos.<\/p>\n<p>B\u00fasqueda de material did\u00e1ctico<\/td>\n<td style=\"height: 104px;width: 22.0551%\">Recreos durante todo el curso.<\/td>\n<\/tr>\n<tr style=\"height: 117px\">\n<td style=\"height: 117px;width: 15.5388%\">Juan Pablo Dominguez<\/td>\n<td style=\"height: 117px;width: 24.3108%\">Todo el alumnado apuntado al club del centro.<\/td>\n<td style=\"height: 117px;width: 36.5915%;border-style: ridge;border-color: #1d00f5;background-color: #faf7f7\">Supervisi\u00f3n de partidas. Organizaci\u00f3n de torneos.<\/p>\n<p>B\u00fasqueda de material did\u00e1ctico.<\/p>\n<p>Clases de iniciaci\u00f3n, perfeccionamiento y t\u00e9cnicas de ajedrez.<\/td>\n<td style=\"height: 117px;width: 22.0551%\">Recreos durante todo el curso.<\/td>\n<\/tr>\n<tr style=\"height: 200px\">\n<td style=\"height: 200px;width: 15.5388%\">Jose Luis Herrera<\/td>\n<td style=\"height: 200px;width: 24.3108%\">Todo el alumnado apuntado al club del centro.<\/td>\n<td style=\"height: 200px;width: 36.5915%\">Supervisi\u00f3n de partidas. Organizaci\u00f3n de torneos.<\/p>\n<p>B\u00fasqueda de material did\u00e1ctico.<\/p>\n<p>Clases de iniciaci\u00f3n, perfeccionamiento y t\u00e9cnicas de ajedrez.<\/td>\n<td style=\"height: 200px;width: 22.0551%\">Recreos durante todo el curso.<\/td>\n<\/tr>\n<tr style=\"height: 249px\">\n<td style=\"height: 249px;width: 15.5388%\">Roberto P\u00e9rez<\/td>\n<td style=\"height: 249px;width: 24.3108%\">Todo el alumnado apuntado al club del centro<\/td>\n<td style=\"height: 249px;width: 36.5915%;border-style: outset;border-color: #fff703;background-color: #f7f5f5\">Supervisi\u00f3n de partidas. Organizaci\u00f3n de torneos.<\/p>\n<p>B\u00fasqueda de material did\u00e1ctico.<\/p>\n<p>Clases de iniciaci\u00f3n, perfeccionamiento y t\u00e9cnicas de ajedrez.<\/p>\n<p>Elaboraci\u00f3n de un blog del club<\/td>\n<td style=\"height: 249px;width: 22.0551%\">Recreos durante todo el curso.<\/p>\n<p>&nbsp;<\/td>\n<\/tr>\n<tr style=\"height: 200px\">\n<td style=\"height: 200px;width: 15.5388%\">Jocelyne Raso<\/td>\n<td style=\"height: 200px;width: 24.3108%\">Todo el alumnado apuntado al club del centro.<\/td>\n<td style=\"height: 200px;width: 36.5915%\">Supervisi\u00f3n de partidas. Organizaci\u00f3n de torneos.<\/p>\n<p>B\u00fasqueda de material did\u00e1ctico.<\/p>\n<p>Tareas de inscripci\u00f3n de alumnado, difusi\u00f3n y dinamizaci\u00f3n&nbsp; del club.<\/td>\n<td style=\"height: 200px;width: 22.0551%\">Recreos durante todo el curso.<\/td>\n<\/tr>\n<tr style=\"height: 104px\">\n<td style=\"height: 104px;width: 15.5388%\">Carlos Velasco<\/td>\n<td style=\"height: 104px;width: 24.3108%\">Todo el alumnado apuntado al club del centro.<\/td>\n<td style=\"height: 104px;width: 36.5915%;border-style: groove;border-color: #05f7df;background-color: #fcfcfc\">Supervisi\u00f3n de partidas. Organizaci\u00f3n de torneos.<\/p>\n<p>B\u00fasqueda de material did\u00e1ctico<\/td>\n<td style=\"height: 104px;width: 22.0551%\">Recreos durante todo el curso.<\/td>\n<\/tr>\n<\/tbody>\n<\/table>\n<p>&nbsp;<\/p>\n","protected":false},"excerpt":{"rendered":"<p>&nbsp; &nbsp; &nbsp; &nbsp; &nbsp; &nbsp; &nbsp; El Club de ajedrez Castilleja de la Cuesta es un club de ajedrez resultado de la iniciativa del profesorado del IES Pablo Neruda. Tiene sede en dicho&#46;&#46;&#46;<\/p>\n","protected":false},"author":20063,"featured_media":40,"parent":0,"menu_order":0,"comment_status":"closed","ping_status":"closed","template":"","meta":{"ngg_post_thumbnail":0,"footnotes":""},"aioseo_notices":[],"_links":{"self":[{"href":"https:\/\/blogsaverroes.juntadeandalucia.es\/gambitodecamas\/wp-json\/wp\/v2\/pages\/7"}],"collection":[{"href":"https:\/\/blogsaverroes.juntadeandalucia.es\/gambitodecamas\/wp-json\/wp\/v2\/pages"}],"about":[{"href":"https:\/\/blogsaverroes.juntadeandalucia.es\/gambitodecamas\/wp-json\/wp\/v2\/types\/page"}],"author":[{"embeddable":true,"href":"https:\/\/blogsaverroes.juntadeandalucia.es\/gambitodecamas\/wp-json\/wp\/v2\/users\/20063"}],"replies":[{"embeddable":true,"href":"https:\/\/blogsaverroes.juntadeandalucia.es\/gambitodecamas\/wp-json\/wp\/v2\/comments?post=7"}],"version-history":[{"count":6,"href":"https:\/\/blogsaverroes.juntadeandalucia.es\/gambitodecamas\/wp-json\/wp\/v2\/pages\/7\/revisions"}],"predecessor-version":[{"id":155,"href":"https:\/\/blogsaverroes.juntadeandalucia.es\/gambitodecamas\/wp-json\/wp\/v2\/pages\/7\/revisions\/155"}],"wp:featuredmedia":[{"embeddable":true,"href":"https:\/\/blogsaverroes.juntadeandalucia.es\/gambitodecamas\/wp-json\/wp\/v2\/media\/40"}],"wp:attachment":[{"href":"https:\/\/blogsaverroes.juntadeandalucia.es\/gambitodecamas\/wp-json\/wp\/v2\/media?parent=7"}],"curies":[{"name":"wp","href":"https:\/\/api.w.org\/{rel}","templated":true}]}}