{"id":104,"date":"2022-02-16T07:19:57","date_gmt":"2022-02-16T07:19:57","guid":{"rendered":"https:\/\/blogsaverroes.juntadeandalucia.es\/ganivetcomercioymarketing\/?page_id=104"},"modified":"2022-02-16T07:30:55","modified_gmt":"2022-02-16T07:30:55","slug":"oferta-ciclos-formativos","status":"publish","type":"page","link":"https:\/\/blogsaverroes.juntadeandalucia.es\/ganivetcomercioymarketing\/oferta-ciclos-formativos\/","title":{"rendered":"Oferta Ciclos Formativos"},"content":{"rendered":"<p>En el IES \u00c1ngel Ganivet tenemos en oferta los siguientes ciclos de la familia profesional de Comercio y Marketing:<\/p>\n<p>En el IES \u00c1ngel Ganivet tenemos una enorme oferta de ciclos, m\u00f3dulos y cualificaciones profesionales de la familia de Comercio y Marketing:<\/p>\n<ul>\n<li><a href=\"https:\/\/blogsaverroes.juntadeandalucia.es\/ganivetcomercioymarketing\/marketing-y-publicidad\/\"><strong>T\u00e9cnico Superior en Marketing y Publicidad<\/strong><\/a>, con grupos de ma\u00f1ana, tarde, semipresencial y disponible en <a href=\"https:\/\/blogsaverroes.juntadeandalucia.es\/ganivetcomercioymarketing\/oferta-dual\/\">modalidad dual<\/a> en el turno de ma\u00f1ana.<\/li>\n<li><a href=\"https:\/\/blogsaverroes.juntadeandalucia.es\/ganivetcomercioymarketing\/gestion-de-ventas\/\"><strong>T\u00e9cnico Superior en Gesti\u00f3n de Ventas y Espacios Comerciales<\/strong><\/a>, en turno de tarde y <a href=\"https:\/\/blogsaverroes.juntadeandalucia.es\/ganivetcomercioymarketing\/oferta-dual\/\">modalidad dual<\/a>.<\/li>\n<li><a href=\"https:\/\/blogsaverroes.juntadeandalucia.es\/ganivetcomercioymarketing\/transporte-y-logistica\/\"><strong>T\u00e9cnico Superior en Transporte y Log\u00edstica<\/strong><\/a>, en turno de tarde y en <a href=\"https:\/\/blogsaverroes.juntadeandalucia.es\/ganivetcomercioymarketing\/oferta-dual\/\">modalidad dua<\/a>l a partir del pr\u00f3ximo curso 2022\/23.<\/li>\n<li><a href=\"https:\/\/blogsaverroes.juntadeandalucia.es\/ganivetcomercioymarketing\/actividades-comerciales\/\"><strong>T\u00e9cnico de Grado Medio en Comercio<\/strong><\/a>, en turno de ma\u00f1ana, <a href=\"https:\/\/blogsaverroes.juntadeandalucia.es\/ganivetcomercioymarketing\/oferta-dual\/\">modalidad tambi\u00e9n dual<\/a>.<\/li>\n<\/ul>\n<p>Una complet\u00edsima oferta en uno de los sectores m\u00e1s din\u00e1micos y con mayor creaci\u00f3n de empleo. En todos nuestros m\u00f3dulos hacemos un uso intensivo de las nuevas tecnolog\u00edas y contamos con la colaboraci\u00f3n de la plataforma <a href=\"https:\/\/edu.google.com\/intl\/ALL_es\/\" target=\"_blank\" rel=\"noopener noreferrer\">Google for Education<\/a>.<\/p>\n","protected":false},"excerpt":{"rendered":"<p>En el IES \u00c1ngel Ganivet tenemos en oferta los siguientes ciclos de la familia profesional de Comercio y Marketing: En el IES \u00c1ngel Ganivet tenemos una enorme oferta de ciclos, m\u00f3dulos y cualificaciones profesionales&#46;&#46;&#46;<\/p>\n","protected":false},"author":2055,"featured_media":0,"parent":0,"menu_order":0,"comment_status":"closed","ping_status":"closed","template":"","meta":{"ngg_post_thumbnail":0,"footnotes":""},"aioseo_notices":[],"_links":{"self":[{"href":"https:\/\/blogsaverroes.juntadeandalucia.es\/ganivetcomercioymarketing\/wp-json\/wp\/v2\/pages\/104"}],"collection":[{"href":"https:\/\/blogsaverroes.juntadeandalucia.es\/ganivetcomercioymarketing\/wp-json\/wp\/v2\/pages"}],"about":[{"href":"https:\/\/blogsaverroes.juntadeandalucia.es\/ganivetcomercioymarketing\/wp-json\/wp\/v2\/types\/page"}],"author":[{"embeddable":true,"href":"https:\/\/blogsaverroes.juntadeandalucia.es\/ganivetcomercioymarketing\/wp-json\/wp\/v2\/users\/2055"}],"replies":[{"embeddable":true,"href":"https:\/\/blogsaverroes.juntadeandalucia.es\/ganivetcomercioymarketing\/wp-json\/wp\/v2\/comments?post=104"}],"version-history":[{"count":3,"href":"https:\/\/blogsaverroes.juntadeandalucia.es\/ganivetcomercioymarketing\/wp-json\/wp\/v2\/pages\/104\/revisions"}],"predecessor-version":[{"id":109,"href":"https:\/\/blogsaverroes.juntadeandalucia.es\/ganivetcomercioymarketing\/wp-json\/wp\/v2\/pages\/104\/revisions\/109"}],"wp:attachment":[{"href":"https:\/\/blogsaverroes.juntadeandalucia.es\/ganivetcomercioymarketing\/wp-json\/wp\/v2\/media?parent=104"}],"curies":[{"name":"wp","href":"https:\/\/api.w.org\/{rel}","templated":true}]}}