{"id":106,"date":"2022-02-16T07:29:06","date_gmt":"2022-02-16T07:29:06","guid":{"rendered":"https:\/\/blogsaverroes.juntadeandalucia.es\/ganivetcomercioymarketing\/?page_id=106"},"modified":"2022-02-16T08:11:07","modified_gmt":"2022-02-16T08:11:07","slug":"oferta-dual","status":"publish","type":"page","link":"https:\/\/blogsaverroes.juntadeandalucia.es\/ganivetcomercioymarketing\/oferta-dual\/","title":{"rendered":"Oferta Dual"},"content":{"rendered":"<p>La Formaci\u00f3n Profesional en Alternancia o Dual es una nueva modalidad ya implantada en pr\u00e1cticamente todos nuestros ciclos formativos de la familia profesional de Comercio y Marketing. En nuestro centro hemos optado por la oferta parcial, de forma que el alumnado que no desee o no pueda realizar la alternancia con empresas ,pueda continuar sus estudios en el centro en la forma habitual. Solo el alumnado voluntario y seleccionado participa en la formaci\u00f3n en alternancia.<\/p>\n<p>En nuestro centro disponemos de los siguientes ciclos en dual:<\/p>\n<ul>\n<li><a href=\"https:\/\/blogsaverroes.juntadeandalucia.es\/ganivetcomercioymarketing\/marketing-y-publicidad\/\"><strong>T\u00e9cnico Superior en Marketing y Publicidad<\/strong><\/a>,&nbsp; disponible en modalidad dual en el turno de ma\u00f1ana.<\/li>\n<li><a href=\"https:\/\/blogsaverroes.juntadeandalucia.es\/ganivetcomercioymarketing\/gestion-de-ventas\/\"><strong>T\u00e9cnico Superior en Gesti\u00f3n de Ventas y Espacios Comerciales<\/strong><\/a>, en turno de tarde y modalidad dual.<\/li>\n<li><a href=\"https:\/\/blogsaverroes.juntadeandalucia.es\/ganivetcomercioymarketing\/transporte-y-logistica\/\"><strong>T\u00e9cnico Superior en Transporte y Log\u00edstica<\/strong><\/a>, en turno de tarde y en modalidad dual a partir del pr\u00f3ximo curso 2022\/23.<\/li>\n<li><a href=\"https:\/\/blogsaverroes.juntadeandalucia.es\/ganivetcomercioymarketing\/actividades-comerciales\/\"><strong>T\u00e9cnico de Grado Medio en Comercio<\/strong><\/a>, en turno de ma\u00f1ana, modalidad tambi\u00e9n dual.<\/li>\n<\/ul>\n<p>En esta modalidad el alumnado&nbsp; va alternando su formaci\u00f3n en nuestro instituto con distintos per\u00edodos de formaci\u00f3n en empresas. El programa normal incluye una formaci\u00f3n inicial a tiempo completo en nuestro instituto durante el primer trimestre del primer curso, m\u00e1s una estancia en alternancia con la empresa durante el segundo trimestre de unos tres d\u00edas por semana. Durante la mayor\u00eda del tercer trimestre el alumnado vuelve al centro a tiempo completo.<\/p>\n<p>En el segundo curso, tras un corto per\u00edodo en el centro, pasan casi todo el primer trimestre en alternancia con la empresa, volviendo a tiempo completo al instituto durante casi todo el segundo trimestre.<\/p>\n<p>El \u00faltimo trimestre del segundo curso se dedica a tiempo completo a la Formaci\u00f3n en el Centro de Trabajo con la empresa en la que han estado alternando su formaci\u00f3n y a realizar su Proyecto Integrado, en el caso de los ciclos de grado superior.<\/p>\n","protected":false},"excerpt":{"rendered":"<p>La Formaci\u00f3n Profesional en Alternancia o Dual es una nueva modalidad ya implantada en pr\u00e1cticamente todos nuestros ciclos formativos de la familia profesional de Comercio y Marketing. En nuestro centro hemos optado por la&#46;&#46;&#46;<\/p>\n","protected":false},"author":2055,"featured_media":0,"parent":0,"menu_order":0,"comment_status":"closed","ping_status":"closed","template":"","meta":{"ngg_post_thumbnail":0,"footnotes":""},"aioseo_notices":[],"_links":{"self":[{"href":"https:\/\/blogsaverroes.juntadeandalucia.es\/ganivetcomercioymarketing\/wp-json\/wp\/v2\/pages\/106"}],"collection":[{"href":"https:\/\/blogsaverroes.juntadeandalucia.es\/ganivetcomercioymarketing\/wp-json\/wp\/v2\/pages"}],"about":[{"href":"https:\/\/blogsaverroes.juntadeandalucia.es\/ganivetcomercioymarketing\/wp-json\/wp\/v2\/types\/page"}],"author":[{"embeddable":true,"href":"https:\/\/blogsaverroes.juntadeandalucia.es\/ganivetcomercioymarketing\/wp-json\/wp\/v2\/users\/2055"}],"replies":[{"embeddable":true,"href":"https:\/\/blogsaverroes.juntadeandalucia.es\/ganivetcomercioymarketing\/wp-json\/wp\/v2\/comments?post=106"}],"version-history":[{"count":3,"href":"https:\/\/blogsaverroes.juntadeandalucia.es\/ganivetcomercioymarketing\/wp-json\/wp\/v2\/pages\/106\/revisions"}],"predecessor-version":[{"id":129,"href":"https:\/\/blogsaverroes.juntadeandalucia.es\/ganivetcomercioymarketing\/wp-json\/wp\/v2\/pages\/106\/revisions\/129"}],"wp:attachment":[{"href":"https:\/\/blogsaverroes.juntadeandalucia.es\/ganivetcomercioymarketing\/wp-json\/wp\/v2\/media?parent=106"}],"curies":[{"name":"wp","href":"https:\/\/api.w.org\/{rel}","templated":true}]}}