{"id":132,"date":"2022-02-24T16:04:01","date_gmt":"2022-02-24T16:04:01","guid":{"rendered":"https:\/\/blogsaverroes.juntadeandalucia.es\/ganivetcomercioymarketing\/?page_id=132"},"modified":"2022-06-03T15:40:15","modified_gmt":"2022-06-03T15:40:15","slug":"inscripcion","status":"publish","type":"page","link":"https:\/\/blogsaverroes.juntadeandalucia.es\/ganivetcomercioymarketing\/inscripcion\/","title":{"rendered":"Inscripci\u00f3n"},"content":{"rendered":"<p>Por regla general, el <strong>per\u00edodo de presentaci\u00f3n de solicitudes para la matriculaci\u00f3n en oferta completa presencial es durante la segunda quincena de junio<\/strong>, public\u00e1ndose sucesivamente durante julio la relaci\u00f3n provisional de solicitantes, abriendo un per\u00edodo de alegaciones, publicando la relaci\u00f3n definitiva de solicitantes y la adjudicaci\u00f3n de plazas a mediados de mes; a finales de julio se abre un per\u00edodo de seis d\u00edas para matricularse. Aqu\u00ed tienes un adelanto provisional del calendario de escolarizaci\u00f3n para el curso 2022\/23:<\/p>\n<p style=\"text-align: center\"><img loading=\"lazy\" decoding=\"async\" class=\"alignnone wp-image-172\" src=\"https:\/\/blogsaverroes.juntadeandalucia.es\/ganivetcomercioymarketing\/files\/2022\/06\/ESCOLARIZACION-FP-2022-23-300x232.png\" alt=\"\" width=\"805\" height=\"623\" srcset=\"https:\/\/blogsaverroes.juntadeandalucia.es\/ganivetcomercioymarketing\/files\/2022\/06\/ESCOLARIZACION-FP-2022-23-300x232.png 300w, https:\/\/blogsaverroes.juntadeandalucia.es\/ganivetcomercioymarketing\/files\/2022\/06\/ESCOLARIZACION-FP-2022-23-1024x792.png 1024w, https:\/\/blogsaverroes.juntadeandalucia.es\/ganivetcomercioymarketing\/files\/2022\/06\/ESCOLARIZACION-FP-2022-23-768x594.png 768w, https:\/\/blogsaverroes.juntadeandalucia.es\/ganivetcomercioymarketing\/files\/2022\/06\/ESCOLARIZACION-FP-2022-23-1536x1187.png 1536w, https:\/\/blogsaverroes.juntadeandalucia.es\/ganivetcomercioymarketing\/files\/2022\/06\/ESCOLARIZACION-FP-2022-23.png 2048w\" sizes=\"(max-width: 805px) 100vw, 805px\" \/><\/p>\n<p>Como esper\u00e1bamos, del 15 al 30 de junio para ciclos formativos en oferta completa presencial y del 10 al 27 de junio para semipresencial y a distancia. Para m\u00e1s informaci\u00f3n puedes acceder a las webs del <a href=\"https:\/\/www.juntadeandalucia.es\/educacion\/portals\/web\/formacion-profesional-andaluza\" target=\"_blank\" rel=\"noopener noreferrer\">Portal de Formaci\u00f3n Profesional Andaluza<\/a>&nbsp;y la&nbsp;<a href=\"https:\/\/www.juntadeandalucia.es\/educacion\/secretariavirtual\/\" target=\"_blank\" rel=\"noopener noreferrer\">Secretar\u00eda Virtual de Centros<\/a>.<\/p>\n<p>A finales de julio se publican las plazas que han quedado vacantes en el proceso ordinario y se abre nuevo per\u00edodo de solicitud durante los primeros d\u00edas de septiembre, pudi\u00e9ndose matricularse, en su caso, justo antes del inicio de curso.<\/p>\n<p>Quedar\u00e1 entonces a\u00fan una oportunidad para el alumnado en lista de espera hasta mediados de octubre.<\/p>\n<p>Para conseguir un t\u00edtulo de formaci\u00f3n profesional existen varias v\u00edas:<\/p>\n<ol>\n<li>Accediendo a un &nbsp;ciclo formativo&nbsp;de grado medio o superior cuando no cumpla con los requisitos de acceso.<\/li>\n<li>Tambi\u00e9n puede ser que tenga formaci\u00f3n o experiencia laboral suficiente. En ese caso podr\u00e9 presentarme a una prueba para&nbsp;obtener determinados m\u00f3dulos&nbsp;formativos<strong>,<\/strong> las llamadas&nbsp;Pruebas de Obtenci\u00f3n de T\u00edtulos, o bien puedo presentarme al llamado&nbsp;Procedimiento de <a href=\"https:\/\/blogsaverroes.juntadeandalucia.es\/ganivetcomercioymarketing\/cualificaciones-profesionales\/\">Acreditaci\u00f3n de Competencias<\/a> y&nbsp;acreditar mi experiencia profesional.<\/li>\n<\/ol>\n<p>Los ciclos formativos de Formaci\u00f3n Profesional (FP) tienen una duraci\u00f3n de&nbsp;<strong>2000 horas<\/strong> y se ofertan en diferentes modalidades con dos tipos de matr\u00edcula: completa y parcial. En la&nbsp;<strong>oferta completa<\/strong>, los ciclos formativos se estructuran en dos cursos (1\u00b0 y 2\u00b0) de unas 1000 horas cada uno. En las modalidades de&nbsp;<strong>ense\u00f1anza destinadas a las personas adultas<\/strong> (semipresencial, distancia y pruebas de obtenci\u00f3n de t\u00edtulo o pruebas libres) la matr\u00edcula es siempre parcial, para que el alumnado se matricule de los m\u00f3dulos profesionales que desee.&nbsp;<\/p>\n<p>Las pruebas de acceso a los ciclos formativos de formaci\u00f3n profesional est\u00e1n destinadas a todas aquellas personas que desean cursar un ciclo formativo y no poseen el requisito acad\u00e9mico necesario.<\/p>\n<p>Si&nbsp;<strong>desea acceder a un ciclo formativo de grado medio<\/strong> y no posee el t\u00edtulo de Graduado en Educaci\u00f3n Secundaria Obligatoria u <a href=\"http:\/\/www.juntadeandalucia.es\/educacion\/portals\/web\/formacion-profesional-andaluza\/quiero-formarme\/ensenanzas\/fp-grado-medio\/requisitos\" target=\"_blank\" rel=\"noopener noreferrer\">otra de las condiciones acad\u00e9micas de acceso<\/a>, la superaci\u00f3n de la <a href=\"https:\/\/www.juntadeandalucia.es\/educacion\/portals\/web\/formacion-profesional-andaluza\/9\/-\/normativas\/detalle\/resolucion-de-25-de-marzo-de-2021-de-la-direccion-general-de-formacion-profesional-por-la-que-se-convocan-las-pruebas\" target=\"_blank\" rel=\"noopener noreferrer\">prueba de acceso<\/a> a los ciclos formativos de grado medio le permite continuar su formaci\u00f3n acreditando que posee los conocimientos y habilidades suficientes para cursar estas ense\u00f1anzas.<\/p>\n<p>Por otro lado, si&nbsp;<strong>desea acceder a un ciclo de grado superior<\/strong> y no posee el t\u00edtulo de Bachiller ni <a href=\"http:\/\/www.juntadeandalucia.es\/educacion\/portals\/web\/formacion-profesional-andaluza\/quiero-formarme\/ensenanzas\/fp-grado-superior\/requisitos\" target=\"_blank\" rel=\"noopener noreferrer\">otra de las condiciones acad\u00e9micas de acceso<\/a>, la superaci\u00f3n de la <a href=\"https:\/\/www.juntadeandalucia.es\/educacion\/portals\/web\/formacion-profesional-andaluza\/9\/-\/normativas\/detalle\/resolucion-de-25-de-marzo-de-2021-de-la-direccion-general-de-formacion-profesional-por-la-que-se-convocan-las-pruebas\" target=\"_blank\" rel=\"noopener noreferrer\">prueba de acceso<\/a> a los ciclos formativos de grado superior le permite continuar su formaci\u00f3n acreditando que posee la madurez en relaci\u00f3n con los objetivos de Bachillerato y sus capacidades referentes al campo profesional de que se trate.<\/p>\n<p>&nbsp;<\/p>\n","protected":false},"excerpt":{"rendered":"<p>Por regla general, el per\u00edodo de presentaci\u00f3n de solicitudes para la matriculaci\u00f3n en oferta completa presencial es durante la segunda quincena de junio, public\u00e1ndose sucesivamente durante julio la relaci\u00f3n provisional de solicitantes, abriendo un&#46;&#46;&#46;<\/p>\n","protected":false},"author":2055,"featured_media":0,"parent":0,"menu_order":0,"comment_status":"closed","ping_status":"closed","template":"","meta":{"ngg_post_thumbnail":0,"footnotes":""},"aioseo_notices":[],"_links":{"self":[{"href":"https:\/\/blogsaverroes.juntadeandalucia.es\/ganivetcomercioymarketing\/wp-json\/wp\/v2\/pages\/132"}],"collection":[{"href":"https:\/\/blogsaverroes.juntadeandalucia.es\/ganivetcomercioymarketing\/wp-json\/wp\/v2\/pages"}],"about":[{"href":"https:\/\/blogsaverroes.juntadeandalucia.es\/ganivetcomercioymarketing\/wp-json\/wp\/v2\/types\/page"}],"author":[{"embeddable":true,"href":"https:\/\/blogsaverroes.juntadeandalucia.es\/ganivetcomercioymarketing\/wp-json\/wp\/v2\/users\/2055"}],"replies":[{"embeddable":true,"href":"https:\/\/blogsaverroes.juntadeandalucia.es\/ganivetcomercioymarketing\/wp-json\/wp\/v2\/comments?post=132"}],"version-history":[{"count":11,"href":"https:\/\/blogsaverroes.juntadeandalucia.es\/ganivetcomercioymarketing\/wp-json\/wp\/v2\/pages\/132\/revisions"}],"predecessor-version":[{"id":175,"href":"https:\/\/blogsaverroes.juntadeandalucia.es\/ganivetcomercioymarketing\/wp-json\/wp\/v2\/pages\/132\/revisions\/175"}],"wp:attachment":[{"href":"https:\/\/blogsaverroes.juntadeandalucia.es\/ganivetcomercioymarketing\/wp-json\/wp\/v2\/media?parent=132"}],"curies":[{"name":"wp","href":"https:\/\/api.w.org\/{rel}","templated":true}]}}