{"id":15,"date":"2022-02-02T09:21:15","date_gmt":"2022-02-02T09:21:15","guid":{"rendered":"https:\/\/blogsaverroes.juntadeandalucia.es\/ganivetcomercioymarketing\/?page_id=15"},"modified":"2022-05-12T16:33:42","modified_gmt":"2022-05-12T16:33:42","slug":"inicio","status":"publish","type":"page","link":"https:\/\/blogsaverroes.juntadeandalucia.es\/ganivetcomercioymarketing\/","title":{"rendered":"Inicio"},"content":{"rendered":"<p>En el IES \u00c1ngel Ganivet tenemos una enorme oferta de ciclos, m\u00f3dulos y cualificaciones profesionales de la familia de Comercio y Marketing, la mayor\u00eda de ellos en <a href=\"https:\/\/blogsaverroes.juntadeandalucia.es\/ganivetcomercioymarketing\/oferta-dual\/\">modalidad dual<\/a>:<\/p>\n<ul>\n<li><a href=\"https:\/\/blogsaverroes.juntadeandalucia.es\/ganivetcomercioymarketing\/marketing-y-publicidad\/\"><strong>T\u00e9cnico Superior en Marketing y Publicidad<\/strong><\/a>, con grupos de ma\u00f1ana, tarde, semipresencial y disponible en modalidad dual en el turno de ma\u00f1ana.<\/li>\n<li><a href=\"https:\/\/blogsaverroes.juntadeandalucia.es\/ganivetcomercioymarketing\/gestion-de-ventas\/\"><strong>T\u00e9cnico Superior en Gesti\u00f3n de Ventas y Espacios Comerciales<\/strong><\/a>, en turno de tarde y modalidad dual.<\/li>\n<li><a href=\"https:\/\/blogsaverroes.juntadeandalucia.es\/ganivetcomercioymarketing\/transporte-y-logistica\/\"><strong>T\u00e9cnico Superior en Transporte y Log\u00edstica<\/strong><\/a>, en turno de tarde y en modalidad dual a partir del pr\u00f3ximo curso 2022\/23.<\/li>\n<li><a href=\"https:\/\/blogsaverroes.juntadeandalucia.es\/ganivetcomercioymarketing\/actividades-comerciales\/\"><strong>T\u00e9cnico de Grado Medio en Comercio<\/strong><\/a>, en turno de ma\u00f1ana, modalidad tambi\u00e9n dual.<\/li>\n<\/ul>\n<p>Adem\u00e1s somos centro de referencia en el programa de <strong><a href=\"https:\/\/blogsaverroes.juntadeandalucia.es\/ganivetcomercioymarketing\/acredita\/\">Acreditaciones de Competencias Profesionales<\/a> <\/strong>y podemos ofertar tambi\u00e9n m\u00f3dulos de oferta parcial en este sistema<\/p>\n<p>Una complet\u00edsima oferta en uno de los sectores m\u00e1s din\u00e1micos y con mayor creaci\u00f3n de empleo. En todos nuestros m\u00f3dulos hacemos un uso intensivo de las nuevas tecnolog\u00edas y contamos con la colaboraci\u00f3n de la plataforma <a href=\"https:\/\/edu.google.com\/intl\/ALL_es\/\" target=\"_blank\" rel=\"noopener noreferrer\">Google for Education<\/a>.<\/p>\n","protected":false},"excerpt":{"rendered":"<p>En el IES \u00c1ngel Ganivet tenemos una enorme oferta de ciclos, m\u00f3dulos y cualificaciones profesionales de la familia de Comercio y Marketing, la mayor\u00eda de ellos en modalidad dual: T\u00e9cnico Superior en Marketing y&#46;&#46;&#46;<\/p>\n","protected":false},"author":2055,"featured_media":0,"parent":0,"menu_order":0,"comment_status":"closed","ping_status":"closed","template":"","meta":{"ngg_post_thumbnail":0,"footnotes":""},"aioseo_notices":[],"_links":{"self":[{"href":"https:\/\/blogsaverroes.juntadeandalucia.es\/ganivetcomercioymarketing\/wp-json\/wp\/v2\/pages\/15"}],"collection":[{"href":"https:\/\/blogsaverroes.juntadeandalucia.es\/ganivetcomercioymarketing\/wp-json\/wp\/v2\/pages"}],"about":[{"href":"https:\/\/blogsaverroes.juntadeandalucia.es\/ganivetcomercioymarketing\/wp-json\/wp\/v2\/types\/page"}],"author":[{"embeddable":true,"href":"https:\/\/blogsaverroes.juntadeandalucia.es\/ganivetcomercioymarketing\/wp-json\/wp\/v2\/users\/2055"}],"replies":[{"embeddable":true,"href":"https:\/\/blogsaverroes.juntadeandalucia.es\/ganivetcomercioymarketing\/wp-json\/wp\/v2\/comments?post=15"}],"version-history":[{"count":6,"href":"https:\/\/blogsaverroes.juntadeandalucia.es\/ganivetcomercioymarketing\/wp-json\/wp\/v2\/pages\/15\/revisions"}],"predecessor-version":[{"id":149,"href":"https:\/\/blogsaverroes.juntadeandalucia.es\/ganivetcomercioymarketing\/wp-json\/wp\/v2\/pages\/15\/revisions\/149"}],"wp:attachment":[{"href":"https:\/\/blogsaverroes.juntadeandalucia.es\/ganivetcomercioymarketing\/wp-json\/wp\/v2\/media?parent=15"}],"curies":[{"name":"wp","href":"https:\/\/api.w.org\/{rel}","templated":true}]}}