{"id":23,"date":"2022-02-02T09:23:08","date_gmt":"2022-02-02T09:23:08","guid":{"rendered":"https:\/\/blogsaverroes.juntadeandalucia.es\/ganivetcomercioymarketing\/?page_id=23"},"modified":"2022-02-16T07:33:51","modified_gmt":"2022-02-16T07:33:51","slug":"transporte-y-logistica","status":"publish","type":"page","link":"https:\/\/blogsaverroes.juntadeandalucia.es\/ganivetcomercioymarketing\/transporte-y-logistica\/","title":{"rendered":"Transporte y Log\u00edstica"},"content":{"rendered":"<p>El ciclo formativo de grado superior de Transporte y Log\u00edstica tiene una duraci\u00f3n de 2.000 horas repartidas en 2 cursos. Ofertamos este ciclo en el siguiente horario\/modalidad:<\/p>\n<ul>\n<li>Turno de tarde, de 15:45 a 22:00 de lunes a viernes, <a href=\"https:\/\/blogsaverroes.juntadeandalucia.es\/ganivetcomercioymarketing\/oferta-dual\/\">modalidad dual<\/a> a partir de 2022\/23.<\/li>\n<\/ul>\n<p>En primer curso puedes estudiar los siguientes m\u00f3dulos:<\/p>\n<ol>\n<li>Gesti\u00f3n econ\u00f3mica y financiera de la empresa.<\/li>\n<li>Gesti\u00f3n administrativa del transporte y la log\u00edstica.<\/li>\n<li>Log\u00edstica de almacenamiento.<\/li>\n<li>Organizaci\u00f3n del transporte de viajeros.<\/li>\n<li>Organizaci\u00f3n del transporte de mercanc\u00edas.<\/li>\n<li>Ingl\u00e9s.<\/li>\n<li>Formaci\u00f3n y orientaci\u00f3n laboral.<\/li>\n<\/ol>\n<p>En segundo curso estudiar\u00e1s estos otros m\u00f3dulos:<\/p>\n<ol>\n<li>Transporte internacional de mercanc\u00edas.<\/li>\n<li>Comercializaci\u00f3n del transporte y la log\u00edstica.<\/li>\n<li>Gesti\u00f3n administrativa del comercio internacional.<\/li>\n<li>Log\u00edstica de aprovisionamiento.<\/li>\n<\/ol>\n<p>Y terminar\u00e1s con el \u00faltimo trimestre del segundo curso, de marzo a junio, con tu Formaci\u00f3n en Centros de Trabajo y tu Proyecto integrado.<\/p>\n<p>En todos nuestros m\u00f3dulos hacemos un uso intensivo de las nuevas tecnolog\u00edas y contamos con la colaboraci\u00f3n de la plataforma <a href=\"https:\/\/edu.google.com\/intl\/ALL_es\/\" target=\"_blank\" rel=\"noopener noreferrer\">Google for Education<\/a>.<\/p>\n","protected":false},"excerpt":{"rendered":"<p>El ciclo formativo de grado superior de Transporte y Log\u00edstica tiene una duraci\u00f3n de 2.000 horas repartidas en 2 cursos. Ofertamos este ciclo en el siguiente horario\/modalidad: Turno de tarde, de 15:45 a 22:00&#46;&#46;&#46;<\/p>\n","protected":false},"author":2055,"featured_media":0,"parent":0,"menu_order":0,"comment_status":"closed","ping_status":"closed","template":"","meta":{"ngg_post_thumbnail":0,"footnotes":""},"aioseo_notices":[],"_links":{"self":[{"href":"https:\/\/blogsaverroes.juntadeandalucia.es\/ganivetcomercioymarketing\/wp-json\/wp\/v2\/pages\/23"}],"collection":[{"href":"https:\/\/blogsaverroes.juntadeandalucia.es\/ganivetcomercioymarketing\/wp-json\/wp\/v2\/pages"}],"about":[{"href":"https:\/\/blogsaverroes.juntadeandalucia.es\/ganivetcomercioymarketing\/wp-json\/wp\/v2\/types\/page"}],"author":[{"embeddable":true,"href":"https:\/\/blogsaverroes.juntadeandalucia.es\/ganivetcomercioymarketing\/wp-json\/wp\/v2\/users\/2055"}],"replies":[{"embeddable":true,"href":"https:\/\/blogsaverroes.juntadeandalucia.es\/ganivetcomercioymarketing\/wp-json\/wp\/v2\/comments?post=23"}],"version-history":[{"count":6,"href":"https:\/\/blogsaverroes.juntadeandalucia.es\/ganivetcomercioymarketing\/wp-json\/wp\/v2\/pages\/23\/revisions"}],"predecessor-version":[{"id":113,"href":"https:\/\/blogsaverroes.juntadeandalucia.es\/ganivetcomercioymarketing\/wp-json\/wp\/v2\/pages\/23\/revisions\/113"}],"wp:attachment":[{"href":"https:\/\/blogsaverroes.juntadeandalucia.es\/ganivetcomercioymarketing\/wp-json\/wp\/v2\/media?parent=23"}],"curies":[{"name":"wp","href":"https:\/\/api.w.org\/{rel}","templated":true}]}}