{"id":85,"date":"2015-08-25T19:07:56","date_gmt":"2015-08-25T19:07:56","guid":{"rendered":"http:\/\/blogsaverroes.juntadeandalucia.es\/garcialorcalgeciras\/?page_id=85"},"modified":"2022-11-25T18:16:19","modified_gmt":"2022-11-25T18:16:19","slug":"bienvenidos","status":"publish","type":"page","link":"https:\/\/blogsaverroes.juntadeandalucia.es\/garcialorcalgeciras\/","title":{"rendered":"BIENVENID@S"},"content":{"rendered":"<p>&nbsp;<\/p>\n<p>&nbsp;<\/p>\n<p>&nbsp;<\/p>\n<p><a href=\"https:\/\/blogsaverroes.juntadeandalucia.es\/garcialorcalgeciras\/files\/2018\/04\/logo-mediano.jpg\"><img loading=\"lazy\" decoding=\"async\" class=\"aligncenter size-medium wp-image-1094\" src=\"https:\/\/blogsaverroes.juntadeandalucia.es\/garcialorcalgeciras\/files\/2018\/04\/logo-mediano-300x300.jpg\" alt=\"\" width=\"300\" height=\"300\" srcset=\"https:\/\/blogsaverroes.juntadeandalucia.es\/garcialorcalgeciras\/files\/2018\/04\/logo-mediano-300x300.jpg 300w, https:\/\/blogsaverroes.juntadeandalucia.es\/garcialorcalgeciras\/files\/2018\/04\/logo-mediano-150x150.jpg 150w, https:\/\/blogsaverroes.juntadeandalucia.es\/garcialorcalgeciras\/files\/2018\/04\/logo-mediano-100x100.jpg 100w, https:\/\/blogsaverroes.juntadeandalucia.es\/garcialorcalgeciras\/files\/2018\/04\/logo-mediano-24x24.jpg 24w, https:\/\/blogsaverroes.juntadeandalucia.es\/garcialorcalgeciras\/files\/2018\/04\/logo-mediano-36x36.jpg 36w, https:\/\/blogsaverroes.juntadeandalucia.es\/garcialorcalgeciras\/files\/2018\/04\/logo-mediano-48x48.jpg 48w, https:\/\/blogsaverroes.juntadeandalucia.es\/garcialorcalgeciras\/files\/2018\/04\/logo-mediano.jpg 354w\" sizes=\"(max-width: 300px) 100vw, 300px\" \/><\/a><\/p>\n<p style=\"text-align: center\"><span style=\"font-size: 12pt\"><strong>Bienvenidos a la p\u00e1gina de nuestro centro, el IES Federico Garc\u00eda Lorca de Algeciras.<\/strong><\/span><\/p>\n<h3 style=\"text-align: center\"><span style=\"font-size: 12pt\"><strong>Aqu\u00ed podr\u00e1n encontrar toda la informaci\u00f3n referente a nuestro instituto as\u00ed como la forma de contactar con nosotros.<\/strong><\/span><\/h3>\n<p>&nbsp;<\/p>\n","protected":false},"excerpt":{"rendered":"<p>&nbsp; &nbsp; &nbsp; Bienvenidos a la p\u00e1gina de nuestro centro, el IES Federico Garc\u00eda Lorca de Algeciras. Aqu\u00ed podr\u00e1n encontrar toda la informaci\u00f3n referente a nuestro instituto as\u00ed como la forma de contactar con&#46;&#46;&#46;<\/p>\n","protected":false},"author":1841,"featured_media":0,"parent":0,"menu_order":0,"comment_status":"closed","ping_status":"closed","template":"","meta":{"ngg_post_thumbnail":0,"footnotes":""},"aioseo_notices":[],"_links":{"self":[{"href":"https:\/\/blogsaverroes.juntadeandalucia.es\/garcialorcalgeciras\/wp-json\/wp\/v2\/pages\/85"}],"collection":[{"href":"https:\/\/blogsaverroes.juntadeandalucia.es\/garcialorcalgeciras\/wp-json\/wp\/v2\/pages"}],"about":[{"href":"https:\/\/blogsaverroes.juntadeandalucia.es\/garcialorcalgeciras\/wp-json\/wp\/v2\/types\/page"}],"author":[{"embeddable":true,"href":"https:\/\/blogsaverroes.juntadeandalucia.es\/garcialorcalgeciras\/wp-json\/wp\/v2\/users\/1841"}],"replies":[{"embeddable":true,"href":"https:\/\/blogsaverroes.juntadeandalucia.es\/garcialorcalgeciras\/wp-json\/wp\/v2\/comments?post=85"}],"version-history":[{"count":12,"href":"https:\/\/blogsaverroes.juntadeandalucia.es\/garcialorcalgeciras\/wp-json\/wp\/v2\/pages\/85\/revisions"}],"predecessor-version":[{"id":1200,"href":"https:\/\/blogsaverroes.juntadeandalucia.es\/garcialorcalgeciras\/wp-json\/wp\/v2\/pages\/85\/revisions\/1200"}],"wp:attachment":[{"href":"https:\/\/blogsaverroes.juntadeandalucia.es\/garcialorcalgeciras\/wp-json\/wp\/v2\/media?parent=85"}],"curies":[{"name":"wp","href":"https:\/\/api.w.org\/{rel}","templated":true}]}}