{"id":10741,"date":"2022-03-30T07:25:46","date_gmt":"2022-03-30T05:25:46","guid":{"rendered":"https:\/\/blogsaverroes.juntadeandalucia.es\/gbellasartesmalaga\/?page_id=10741"},"modified":"2022-03-30T07:25:46","modified_gmt":"2022-03-30T05:25:46","slug":"casa-de-la-cabra-malaguena-actividades-para-escolares-y-familias","status":"publish","type":"page","link":"https:\/\/blogsaverroes.juntadeandalucia.es\/gbellasartesmalaga\/casa-de-la-cabra-malaguena-actividades-para-escolares-y-familias\/","title":{"rendered":"Casa de la Cabra Malague\u00f1a: actividades para escolares y familias."},"content":{"rendered":"<p><img loading=\"lazy\" decoding=\"async\" class=\"size-full wp-image-10389 aligncenter\" src=\"https:\/\/blogsaverroes.juntadeandalucia.es\/gbellasartesmalaga\/files\/2022\/01\/HJHHH.png\" alt=\"\" width=\"886\" height=\"828\" srcset=\"https:\/\/blogsaverroes.juntadeandalucia.es\/gbellasartesmalaga\/files\/2022\/01\/HJHHH.png 886w, https:\/\/blogsaverroes.juntadeandalucia.es\/gbellasartesmalaga\/files\/2022\/01\/HJHHH-300x280.png 300w, https:\/\/blogsaverroes.juntadeandalucia.es\/gbellasartesmalaga\/files\/2022\/01\/HJHHH-150x140.png 150w, https:\/\/blogsaverroes.juntadeandalucia.es\/gbellasartesmalaga\/files\/2022\/01\/HJHHH-768x718.png 768w\" sizes=\"(max-width: 886px) 100vw, 886px\" \/><\/p>\n<p>La <strong>Cabra Malague\u00f1a<\/strong> es una raza aut\u00f3ctona espa\u00f1ola que se encuentra entre las <strong>razas m\u00e1s lecheras del mundo. <\/strong>Tan s\u00f3lo en la provincia de M\u00e1laga hay m\u00e1s de&nbsp;1.500 ganader\u00edas de ganado caprino<strong>.<\/strong> Es la mayor concentraci\u00f3n de este ganado en Europa. Por lo tanto es uno&nbsp;&nbsp;de los&nbsp;sectores productivos m\u00e1s importantes&nbsp;en nuestro medio rural, ya que facilita el empleo y la&nbsp;fijaci\u00f3n de la poblaci\u00f3n en este entorno. Adem\u00e1s, la cabra malague\u00f1a tiene un importante papel medioambiental: es generadora de paisaje y permite el aprovechamiento de restos de cultivos y de zonas marginales no pastoreables por otro tipo de ganado.&nbsp;<\/p>\n<p>Los ganaderos de cabra malague\u00f1a realizan importantes labores medioambientales acordes con el desarrollo sostenible. Hacen un uso racional de los recursos locales, previenen los incendios al limpiar los bosques y pastizales de malezas, evitan el empobrecimiento del suelo y la erosi\u00f3n del mismo, diseminan las semillas generando mayor biodiversidad, conservando as\u00ed nuestros ecosistemas.<\/p>\n<h1 id=\"cc-m-header-12345234987\">Casa de la Cabra Malague\u00f1a de Casabermeja<\/h1>\n<p>El Centro de Interpretaci\u00f3n de la Cabra Malague\u00f1a denominado <strong>\u201cCasa de la Cabra Malague\u00f1a\u201d<\/strong>, &nbsp;est\u00e1 ubicado en la antigua Casa del Alguacil, en la calle Corral\u00f3n de Casabermeja (M\u00e1laga).<\/p>\n<p>Este Centro de Interpretaci\u00f3n de la Cabra Malague\u00f1a sirve para continuar trabajando en el conocimiento de la cabra malague\u00f1a y la puesta&nbsp;en valor de sus productos, un proyecto que se ha hecho realidad gracias a la colaboraci\u00f3n de distintas instituciones como la Junta de Andaluc\u00eda, la Diputaci\u00f3n Provincial de M\u00e1laga, el Ayuntamiento de Casabermeja y la Fundaci\u00f3n Daniel &amp; Nina Carasso.<\/p>\n<p>Este centro es la base de operaciones de las actividades tur\u00edsticas y promocionales que desarrolla la Asociaci\u00f3n Cabra Malague\u00f1a para diversificar la fuente de ingresos de ganaderos socios y de queser\u00edas del entorno. En el centro se pueden ver paneles informativos, utensilios ganaderos y material audiovisual y la visita se complementa con diversas actividades programadas: talleres de elaboraci\u00f3n de quesos, catas de productos, visitas a ganader\u00edas, men\u00fas degustaci\u00f3n de los productos de la Cabra Malague\u00f1a en restaurantes de la localidad\u2026 para mostrar de una forma din\u00e1mica y divertida la cr\u00eda caprina y sus productos y conseguir generar experiencias atractivas para los visitantes, m\u00e1s all\u00e1 de la mera observaci\u00f3n.<\/p>\n<p>La \u201cCasa de la Cabra Malague\u00f1a\u201d es un edificio reformado que consta de 4 salas distribuidas en dos plantas, un patio interior y una sala de nueva construcci\u00f3n equipada para llevar a cabo los talleres y catas de productos.<\/p>\n<h3><strong>CABRAMA te ofrece actividades divertidas y educativas dirigidas a toda la familia y escolares en Casabermeja (M\u00e1laga).<\/strong><\/h3>\n<p>CABRAMA presenta su calendario de actividades para el <strong>primer semestre de 2022.<\/strong><\/p>\n<p>Entre las novedades de las actividades programadas para 2022 est\u00e1n la \u201cCata\/maridaje campestre de quesos y vino\u201d, toda una experiencia en pleno campo o la inclusi\u00f3n de la actividad \u201c\u00a1Dale el biber\u00f3n a un chivo!\u201d con una visita a una ganader\u00eda.<\/p>\n<p>Todas las actividades incluyen una visita guiada a la Casa de la Cabra Malague\u00f1a, para conocer en profundidad esta raza en su Centro de Interpretaci\u00f3n.&nbsp;<\/p>\n<p>CABRAMA ofrece actividades relacionadas con la Cabra Malague\u00f1a y el Queso de M\u00e1laga, donde podr\u00e1s aprender a catar el Queso de M\u00e1laga en sus diferentes variedades: fresco, semicurado, curado, curado de leche cruda, etc. poniendo a prueba tus sentidos, o bien convertirte en un aut\u00e9ntico maestro quesero, con un taller artesanal de este producto. Tambi\u00e9n podr\u00e1s acompa\u00f1ar a un pastor de la zona mientras sale a pastorear con su reba\u00f1o de Cabras Malague\u00f1as. Adem\u00e1s puedes complementar la visita con un men\u00fa especial con entrantes y postres de Productos de la Cabra Malague\u00f1a en un restaurante de Casabermeja (M\u00e1laga).&nbsp;<\/p>\n<p>Los paisajes del Paraje Natural del Torcal de Antequera (Patrimonio Mundial de la Humanidad) y el Parque Natural Montes de M\u00e1laga son el entorno de estas actividades que se complementan con la visita guiada a la Casa de la Cabra Malague\u00f1a, centro de interpretaci\u00f3n de este animal ubicado en la antigua casa del alguacil de Casabermeja.<\/p>\n<h2>DOSSIER DE ACTIVIDADES PARA ESCOLARES:<\/h2>\n<p><a href=\"https:\/\/blogsaverroes.juntadeandalucia.es\/gbellasartesmalaga\/files\/2022\/01\/dossier-colegios-2019def.pdf\">dossier colegios 2019def<\/a><\/p>\n<p><strong>Reserva tu plaza en el correo: <a href=\"mailto:turismo@cabrama.com\">turismo@cabrama.com<\/a> o en el tel\u00e9fono: 619 46 25 25<\/strong><\/p>\n<p><strong>Si quieres formar tu propio grupo consulta fecha y precios.<\/strong><\/p>\n<p><img loading=\"lazy\" decoding=\"async\" class=\"size-large wp-image-10392 aligncenter\" src=\"https:\/\/blogsaverroes.juntadeandalucia.es\/gbellasartesmalaga\/files\/2022\/01\/PRIMER-SEMESTRE-2022-2-724x1024.jpg\" alt=\"\" width=\"724\" height=\"1024\" srcset=\"https:\/\/blogsaverroes.juntadeandalucia.es\/gbellasartesmalaga\/files\/2022\/01\/PRIMER-SEMESTRE-2022-2-724x1024.jpg 724w, https:\/\/blogsaverroes.juntadeandalucia.es\/gbellasartesmalaga\/files\/2022\/01\/PRIMER-SEMESTRE-2022-2-212x300.jpg 212w, https:\/\/blogsaverroes.juntadeandalucia.es\/gbellasartesmalaga\/files\/2022\/01\/PRIMER-SEMESTRE-2022-2-106x150.jpg 106w, https:\/\/blogsaverroes.juntadeandalucia.es\/gbellasartesmalaga\/files\/2022\/01\/PRIMER-SEMESTRE-2022-2-768x1086.jpg 768w, https:\/\/blogsaverroes.juntadeandalucia.es\/gbellasartesmalaga\/files\/2022\/01\/PRIMER-SEMESTRE-2022-2-1086x1536.jpg 1086w, https:\/\/blogsaverroes.juntadeandalucia.es\/gbellasartesmalaga\/files\/2022\/01\/PRIMER-SEMESTRE-2022-2-1448x2048.jpg 1448w, https:\/\/blogsaverroes.juntadeandalucia.es\/gbellasartesmalaga\/files\/2022\/01\/PRIMER-SEMESTRE-2022-2.jpg 1754w\" sizes=\"(max-width: 724px) 100vw, 724px\" \/><\/p>\n<h2>ACTIVIDADES:<\/h2>\n<h3>Dale biber\u00f3n al chivito<\/h3>\n<p class=\"selectionShareable\"><strong>Incluye<\/strong>: Visita guiada a la Casa de la Cabra Malague\u00f1a. Demostraci\u00f3n elaboraci\u00f3n queso fresco con pleita y entremijo. Visita a una ganader\u00eda y Taller \u00a1Dale el biber\u00f3n a un chivo!<\/p>\n<p class=\"selectionShareable\"><strong>Fechas<\/strong>: Todos los s\u00e1bados y domingos desde el 29 de enero hasta el 27 de febrero. Lunes 28 de febrero. Y todos los s\u00e1bados y domingos del 9 al 24 de abril.<\/p>\n<p class=\"selectionShareable\"><strong>Precios<\/strong>: Adultos 16\u20ac y ni\u00f1os 14\u20ac.<\/p>\n<h3>Cabrero quesero<\/h3>\n<p class=\"selectionShareable\"><strong>Incluye<\/strong>: Visita guiada a la Casa de la Cabra Malague\u00f1a. Taller de queso + Degustaci\u00f3n de queso. Pastoreo o visita guiada a una ganader\u00eda.<\/p>\n<p class=\"selectionShareable\"><strong>Fechas<\/strong>: 15, 16, 22 y 23 de enero. 3, 13, 19, 20, 26 y 27 de marzo. 2, 7, 14, 15, 21, 22 y 28 de mayo. 5, 12, 18 y 19 de junio.<\/p>\n<p class=\"selectionShareable\"><strong>Precios<\/strong>: Adultos 16\u20ac y ni\u00f1os 14\u20ac.<\/p>\n<h3>Rutas especiales para conocimiento de fauna, flora e historia del entorno rural y natural<\/h3>\n<p class=\"selectionShareable\"><strong>Ruta de los Burritos<\/strong> (5 marzo y 2 de abril) Precio: Adultos 15\u20ac y ni\u00f1os 12\u20ac.<\/p>\n<p class=\"selectionShareable\"><strong>Interpretaci\u00f3n de fauna, flora, rastros y taller de huellas<\/strong> (12 de marzo) Precio: Adultos 15\u20ac y ni\u00f1os 12\u20ac.<\/p>\n<p class=\"selectionShareable\"><strong>Plantas medicinales de los Montes de M\u00e1laga<\/strong> (30 de abril) Precio: Adultos 25\u20ac y ni\u00f1os 15\u20ac.<\/p>\n<p class=\"selectionShareable\"><strong>Curso de iniciaci\u00f3n a la fitoterapia<\/strong> (1 de mayo) Precio: Adultos 45\u20ac.<\/p>\n<h3>Cata\/ Maridaje de quesos y vinos de M\u00e1laga<\/h3>\n<p class=\"selectionShareable\"><strong>Incluye<\/strong>: Visita guiada a la Casa de la Cabra Malague\u00f1a. Cata guiada de 4 quesos de Cabra<br \/>\nMalague\u00f1a + Vino D.O. M\u00e1laga-Sierras de M\u00e1laga. Pastoreo o visita guiada a una ganader\u00eda.<\/p>\n<p class=\"selectionShareable\"><strong>Fechas<\/strong>: 6 de marzo. 8 y 29 de mayo.<\/p>\n<p class=\"selectionShareable\"><strong>Precios<\/strong>: Adultos 16\u20ac y ni\u00f1os 14\u20ac.<\/p>\n<h3>Cata\/ Maridaje campestre de quesos y vino<\/h3>\n<p class=\"selectionShareable\"><strong>Incluye<\/strong>: Visita a una Ganader\u00eda. Pastoreo. Cata guiada campestre de 4 quesos de cabra + 2<br \/>\ncopas de vino D.O. M\u00e1laga-Sierras de M\u00e1laga.<\/p>\n<p class=\"selectionShareable\"><strong>Fechas<\/strong>: 3 de abril.<\/p>\n<p class=\"selectionShareable\"><strong>Precio<\/strong>: Adultos 35\u20ac y ni\u00f1os 20\u20ac.<\/p>\n","protected":false},"excerpt":{"rendered":"<p>La Cabra Malague\u00f1a es una raza aut\u00f3ctona espa\u00f1ola que se encuentra entre las razas m\u00e1s lecheras del mundo. Tan s\u00f3lo en la provincia de M\u00e1laga hay m\u00e1s de&nbsp;1.500 ganader\u00edas de ganado caprino. Es la&#46;&#46;&#46;<\/p>\n","protected":false},"author":8061,"featured_media":0,"parent":0,"menu_order":0,"comment_status":"closed","ping_status":"closed","template":"","meta":{"ngg_post_thumbnail":0,"footnotes":""},"aioseo_notices":[],"_links":{"self":[{"href":"https:\/\/blogsaverroes.juntadeandalucia.es\/gbellasartesmalaga\/wp-json\/wp\/v2\/pages\/10741"}],"collection":[{"href":"https:\/\/blogsaverroes.juntadeandalucia.es\/gbellasartesmalaga\/wp-json\/wp\/v2\/pages"}],"about":[{"href":"https:\/\/blogsaverroes.juntadeandalucia.es\/gbellasartesmalaga\/wp-json\/wp\/v2\/types\/page"}],"author":[{"embeddable":true,"href":"https:\/\/blogsaverroes.juntadeandalucia.es\/gbellasartesmalaga\/wp-json\/wp\/v2\/users\/8061"}],"replies":[{"embeddable":true,"href":"https:\/\/blogsaverroes.juntadeandalucia.es\/gbellasartesmalaga\/wp-json\/wp\/v2\/comments?post=10741"}],"version-history":[{"count":1,"href":"https:\/\/blogsaverroes.juntadeandalucia.es\/gbellasartesmalaga\/wp-json\/wp\/v2\/pages\/10741\/revisions"}],"predecessor-version":[{"id":10742,"href":"https:\/\/blogsaverroes.juntadeandalucia.es\/gbellasartesmalaga\/wp-json\/wp\/v2\/pages\/10741\/revisions\/10742"}],"wp:attachment":[{"href":"https:\/\/blogsaverroes.juntadeandalucia.es\/gbellasartesmalaga\/wp-json\/wp\/v2\/media?parent=10741"}],"curies":[{"name":"wp","href":"https:\/\/api.w.org\/{rel}","templated":true}]}}