{"id":124,"date":"2017-09-11T09:56:38","date_gmt":"2017-09-11T09:56:38","guid":{"rendered":"http:\/\/www.educacionenmalaga.es\/gbellasartes\/?page_id=124"},"modified":"2024-06-14T13:40:41","modified_gmt":"2024-06-14T11:40:41","slug":"formacion","status":"publish","type":"page","link":"https:\/\/blogsaverroes.juntadeandalucia.es\/gbellasartesmalaga\/formacion\/","title":{"rendered":"RECURSOS ANTIGUO GABINETE BELLAS ARTES"},"content":{"rendered":"<p>Desplegando el men\u00fa RECURSOS accederemos&nbsp; enlaces y materiales de \u00e1mbito cultural que podemos usar en el aula.<\/p>\n<ul>\n<li>Vivir y sentir el patrimonio<\/li>\n<li>Proyectos de centros patrimonio<\/li>\n<li>M\u00e1laga<\/li>\n<li>Antequera<\/li>\n<li>Axarquia<\/li>\n<li>Costa Occidental<\/li>\n<li>Ronda<\/li>\n<li>Valle del Guadalhorce<\/li>\n<li>Picasso<\/li>\n<li>Did\u00e1ctica de exposiciones<\/li>\n<li>Webs de inter\u00e9s<\/li>\n<\/ul>\n","protected":false},"excerpt":{"rendered":"<p>Desplegando el men\u00fa RECURSOS accederemos&nbsp; enlaces y materiales de \u00e1mbito cultural que podemos usar en el aula. Vivir y sentir el patrimonio Proyectos de centros patrimonio M\u00e1laga Antequera Axarquia Costa Occidental Ronda Valle del&#46;&#46;&#46;<\/p>\n","protected":false},"author":8061,"featured_media":0,"parent":0,"menu_order":0,"comment_status":"closed","ping_status":"closed","template":"","meta":{"ngg_post_thumbnail":0,"footnotes":""},"aioseo_notices":[],"_links":{"self":[{"href":"https:\/\/blogsaverroes.juntadeandalucia.es\/gbellasartesmalaga\/wp-json\/wp\/v2\/pages\/124"}],"collection":[{"href":"https:\/\/blogsaverroes.juntadeandalucia.es\/gbellasartesmalaga\/wp-json\/wp\/v2\/pages"}],"about":[{"href":"https:\/\/blogsaverroes.juntadeandalucia.es\/gbellasartesmalaga\/wp-json\/wp\/v2\/types\/page"}],"author":[{"embeddable":true,"href":"https:\/\/blogsaverroes.juntadeandalucia.es\/gbellasartesmalaga\/wp-json\/wp\/v2\/users\/8061"}],"replies":[{"embeddable":true,"href":"https:\/\/blogsaverroes.juntadeandalucia.es\/gbellasartesmalaga\/wp-json\/wp\/v2\/comments?post=124"}],"version-history":[{"count":2,"href":"https:\/\/blogsaverroes.juntadeandalucia.es\/gbellasartesmalaga\/wp-json\/wp\/v2\/pages\/124\/revisions"}],"predecessor-version":[{"id":13181,"href":"https:\/\/blogsaverroes.juntadeandalucia.es\/gbellasartesmalaga\/wp-json\/wp\/v2\/pages\/124\/revisions\/13181"}],"wp:attachment":[{"href":"https:\/\/blogsaverroes.juntadeandalucia.es\/gbellasartesmalaga\/wp-json\/wp\/v2\/media?parent=124"}],"curies":[{"name":"wp","href":"https:\/\/api.w.org\/{rel}","templated":true}]}}