{"id":129,"date":"2017-09-11T09:56:38","date_gmt":"2017-09-11T09:56:38","guid":{"rendered":"http:\/\/www.educacionenmalaga.es\/gbellasartes\/?page_id=129"},"modified":"2020-03-25T08:58:38","modified_gmt":"2020-03-25T07:58:38","slug":"museos-monumentos","status":"publish","type":"page","link":"https:\/\/blogsaverroes.juntadeandalucia.es\/gbellasartesmalaga\/museos-monumentos\/","title":{"rendered":"Museos-Monumentos"},"content":{"rendered":"<p>Desplegando el men\u00fa SITIOS Y MONUMENTOS accederemos a enlaces de p\u00e1ginas de museos y monumentos de la provincia de M\u00e1laga as\u00ed como visitas virtuales.&nbsp;<\/p>\n","protected":false},"excerpt":{"rendered":"<p>Desplegando el men\u00fa SITIOS Y MONUMENTOS accederemos a enlaces de p\u00e1ginas de museos y monumentos de la provincia de M\u00e1laga as\u00ed como visitas virtuales.&nbsp;<\/p>\n","protected":false},"author":8061,"featured_media":0,"parent":0,"menu_order":0,"comment_status":"closed","ping_status":"closed","template":"","meta":{"ngg_post_thumbnail":0,"footnotes":""},"aioseo_notices":[],"_links":{"self":[{"href":"https:\/\/blogsaverroes.juntadeandalucia.es\/gbellasartesmalaga\/wp-json\/wp\/v2\/pages\/129"}],"collection":[{"href":"https:\/\/blogsaverroes.juntadeandalucia.es\/gbellasartesmalaga\/wp-json\/wp\/v2\/pages"}],"about":[{"href":"https:\/\/blogsaverroes.juntadeandalucia.es\/gbellasartesmalaga\/wp-json\/wp\/v2\/types\/page"}],"author":[{"embeddable":true,"href":"https:\/\/blogsaverroes.juntadeandalucia.es\/gbellasartesmalaga\/wp-json\/wp\/v2\/users\/8061"}],"replies":[{"embeddable":true,"href":"https:\/\/blogsaverroes.juntadeandalucia.es\/gbellasartesmalaga\/wp-json\/wp\/v2\/comments?post=129"}],"version-history":[{"count":1,"href":"https:\/\/blogsaverroes.juntadeandalucia.es\/gbellasartesmalaga\/wp-json\/wp\/v2\/pages\/129\/revisions"}],"predecessor-version":[{"id":7202,"href":"https:\/\/blogsaverroes.juntadeandalucia.es\/gbellasartesmalaga\/wp-json\/wp\/v2\/pages\/129\/revisions\/7202"}],"wp:attachment":[{"href":"https:\/\/blogsaverroes.juntadeandalucia.es\/gbellasartesmalaga\/wp-json\/wp\/v2\/media?parent=129"}],"curies":[{"name":"wp","href":"https:\/\/api.w.org\/{rel}","templated":true}]}}