{"id":13165,"date":"2024-06-14T13:25:20","date_gmt":"2024-06-14T11:25:20","guid":{"rendered":"https:\/\/blogsaverroes.juntadeandalucia.es\/gbellasartesmalaga\/?page_id=13165"},"modified":"2024-06-27T13:19:36","modified_gmt":"2024-06-27T11:19:36","slug":"medio-ambiente","status":"publish","type":"page","link":"https:\/\/blogsaverroes.juntadeandalucia.es\/gbellasartesmalaga\/medio-ambiente\/","title":{"rendered":"MEDIO AMBIENTE"},"content":{"rendered":"<h1><strong><img loading=\"lazy\" decoding=\"async\" class=\"alignleft size-large wp-image-13167\" src=\"https:\/\/blogsaverroes.juntadeandalucia.es\/gbellasartesmalaga\/files\/2024\/06\/About-World-Heritage-Day8-1-1024x256.png\" alt=\"\" width=\"1024\" height=\"256\" srcset=\"https:\/\/blogsaverroes.juntadeandalucia.es\/gbellasartesmalaga\/files\/2024\/06\/About-World-Heritage-Day8-1-1024x256.png 1024w, https:\/\/blogsaverroes.juntadeandalucia.es\/gbellasartesmalaga\/files\/2024\/06\/About-World-Heritage-Day8-1-300x75.png 300w, https:\/\/blogsaverroes.juntadeandalucia.es\/gbellasartesmalaga\/files\/2024\/06\/About-World-Heritage-Day8-1-150x37.png 150w, https:\/\/blogsaverroes.juntadeandalucia.es\/gbellasartesmalaga\/files\/2024\/06\/About-World-Heritage-Day8-1-768x192.png 768w, https:\/\/blogsaverroes.juntadeandalucia.es\/gbellasartesmalaga\/files\/2024\/06\/About-World-Heritage-Day8-1-1536x384.png 1536w, https:\/\/blogsaverroes.juntadeandalucia.es\/gbellasartesmalaga\/files\/2024\/06\/About-World-Heritage-Day8-1-2048x512.png 2048w\" sizes=\"(max-width: 1024px) 100vw, 1024px\" \/>MEDIO AMBIENTE:<\/strong><\/h1>\n<blockquote class=\"wp-embedded-content\" data-secret=\"w37XRIDYKH\"><p><a href=\"https:\/\/blogsaverroes.juntadeandalucia.es\/gbellasartesmalaga\/2024\/06\/26\/parque-nacional-de-la-sierra-de-las-nieves-patrimonio-natural-cultural-e-historico-de-nuestra-provincia\/\">Parque Nacional de la Sierra de las Nieves. Patrimonio natural, cultural e hist\u00f3rico de nuestra provincia.<\/a><\/p><\/blockquote>\n<p><iframe class=\"wp-embedded-content\" sandbox=\"allow-scripts\" security=\"restricted\" style=\"position: absolute; clip: rect(1px, 1px, 1px, 1px);\" title=\"\u00abParque Nacional de la Sierra de las Nieves. Patrimonio natural, cultural e hist\u00f3rico de nuestra provincia.\u00bb \u2014 Gabinete de Bellas Artes de M\u00e1laga\" src=\"https:\/\/blogsaverroes.juntadeandalucia.es\/gbellasartesmalaga\/2024\/06\/26\/parque-nacional-de-la-sierra-de-las-nieves-patrimonio-natural-cultural-e-historico-de-nuestra-provincia\/embed\/#?secret=Oa4BvwyjMM#?secret=w37XRIDYKH\" data-secret=\"w37XRIDYKH\" width=\"500\" height=\"282\" frameborder=\"0\" marginwidth=\"0\" marginheight=\"0\" scrolling=\"no\"><\/iframe><\/p>\n<blockquote class=\"wp-embedded-content\" data-secret=\"6ZOngimFtz\"><p><a href=\"https:\/\/blogsaverroes.juntadeandalucia.es\/gbellasartesmalaga\/2024\/03\/19\/instrucciones-para-la-celebracion-del-dia-mundial-del-agua-en-los-centros-educativos-22-de-marzo\/\">Instrucciones para la celebraci\u00f3n del D\u00eda Mundial del Agua en los centros educativos (22 de marzo)<\/a><\/p><\/blockquote>\n<p><iframe class=\"wp-embedded-content\" sandbox=\"allow-scripts\" security=\"restricted\" style=\"position: absolute; clip: rect(1px, 1px, 1px, 1px);\" title=\"\u00abInstrucciones para la celebraci\u00f3n del D\u00eda Mundial del Agua en los centros educativos (22 de marzo)\u00bb \u2014 Gabinete de Bellas Artes de M\u00e1laga\" src=\"https:\/\/blogsaverroes.juntadeandalucia.es\/gbellasartesmalaga\/2024\/03\/19\/instrucciones-para-la-celebracion-del-dia-mundial-del-agua-en-los-centros-educativos-22-de-marzo\/embed\/#?secret=ktFjgbnxqW#?secret=6ZOngimFtz\" data-secret=\"6ZOngimFtz\" width=\"500\" height=\"282\" frameborder=\"0\" marginwidth=\"0\" marginheight=\"0\" scrolling=\"no\"><\/iframe><\/p>\n<blockquote class=\"wp-embedded-content\" data-secret=\"tWnRp5Q9sC\"><p><a href=\"https:\/\/blogsaverroes.juntadeandalucia.es\/gbellasartesmalaga\/2024\/02\/16\/programa-de-ahorro-energetico-endesa-educa-digital\/\">Programa de ahorro energ\u00e9tico Endesa Educa Digital<\/a><\/p><\/blockquote>\n<p><iframe class=\"wp-embedded-content\" sandbox=\"allow-scripts\" security=\"restricted\" style=\"position: absolute; clip: rect(1px, 1px, 1px, 1px);\" title=\"\u00abPrograma de ahorro energ\u00e9tico Endesa Educa Digital\u00bb \u2014 Gabinete de Bellas Artes de M\u00e1laga\" src=\"https:\/\/blogsaverroes.juntadeandalucia.es\/gbellasartesmalaga\/2024\/02\/16\/programa-de-ahorro-energetico-endesa-educa-digital\/embed\/#?secret=52W8JO6AWn#?secret=tWnRp5Q9sC\" data-secret=\"tWnRp5Q9sC\" width=\"500\" height=\"282\" frameborder=\"0\" marginwidth=\"0\" marginheight=\"0\" scrolling=\"no\"><\/iframe><\/p>\n<p class=\"post-title entry-title\">&nbsp;<\/p>\n","protected":false},"excerpt":{"rendered":"<p>MEDIO AMBIENTE: Parque Nacional de la Sierra de las Nieves. Patrimonio natural, cultural e hist\u00f3rico de nuestra provincia. Instrucciones para la celebraci\u00f3n del D\u00eda Mundial del Agua en los centros educativos (22 de marzo)&#46;&#46;&#46;<\/p>\n","protected":false},"author":8061,"featured_media":0,"parent":0,"menu_order":0,"comment_status":"closed","ping_status":"closed","template":"","meta":{"ngg_post_thumbnail":0,"footnotes":""},"aioseo_notices":[],"_links":{"self":[{"href":"https:\/\/blogsaverroes.juntadeandalucia.es\/gbellasartesmalaga\/wp-json\/wp\/v2\/pages\/13165"}],"collection":[{"href":"https:\/\/blogsaverroes.juntadeandalucia.es\/gbellasartesmalaga\/wp-json\/wp\/v2\/pages"}],"about":[{"href":"https:\/\/blogsaverroes.juntadeandalucia.es\/gbellasartesmalaga\/wp-json\/wp\/v2\/types\/page"}],"author":[{"embeddable":true,"href":"https:\/\/blogsaverroes.juntadeandalucia.es\/gbellasartesmalaga\/wp-json\/wp\/v2\/users\/8061"}],"replies":[{"embeddable":true,"href":"https:\/\/blogsaverroes.juntadeandalucia.es\/gbellasartesmalaga\/wp-json\/wp\/v2\/comments?post=13165"}],"version-history":[{"count":3,"href":"https:\/\/blogsaverroes.juntadeandalucia.es\/gbellasartesmalaga\/wp-json\/wp\/v2\/pages\/13165\/revisions"}],"predecessor-version":[{"id":13229,"href":"https:\/\/blogsaverroes.juntadeandalucia.es\/gbellasartesmalaga\/wp-json\/wp\/v2\/pages\/13165\/revisions\/13229"}],"wp:attachment":[{"href":"https:\/\/blogsaverroes.juntadeandalucia.es\/gbellasartesmalaga\/wp-json\/wp\/v2\/media?parent=13165"}],"curies":[{"name":"wp","href":"https:\/\/api.w.org\/{rel}","templated":true}]}}