{"id":231,"date":"2017-09-12T06:47:25","date_gmt":"2017-09-12T06:47:25","guid":{"rendered":"http:\/\/www.educacionenmalaga.es\/gbellasartes\/?page_id=231"},"modified":"2020-03-25T08:59:02","modified_gmt":"2020-03-25T07:59:02","slug":"valle-del-guadalhorce","status":"publish","type":"page","link":"https:\/\/blogsaverroes.juntadeandalucia.es\/gbellasartesmalaga\/valle-del-guadalhorce\/","title":{"rendered":"Valle del Guadalhorce"},"content":{"rendered":"<hr \/>\n<ul>\n<li>\n<h3><a href=\"https:\/\/drive.google.com\/open?id=0B-Kwkt6ufx-gcFlLSGl2SElCLUU\" target=\"_blank\" rel=\"noopener noreferrer\">Rutas Did\u00e1cticas de la Provincia de M\u00e1laga. Valle del Guadalhorce.<\/a><\/h3>\n<\/li>\n<li>\n<h3>Bobastro.<\/h3>\n<ul>\n<li><a href=\"https:\/\/drive.google.com\/open?id=0B-Kwkt6ufx-geDdFY0JTNzFpX0U\" target=\"_blank\" rel=\"noopener noreferrer\">Cuaderno del Alumnado<\/a><\/li>\n<\/ul>\n<\/li>\n<li>\n<h3>Patrimonio de Sierra de las Nieves<\/h3>\n<ul>\n<li><a href=\"http:\/\/agrega.juntadeandalucia.es\/\/repositorio\/22042016\/c5\/es-an_2016042212_9115414\/valle_guadalhorce\/sierrap.pdf\" target=\"_blank\" rel=\"noopener noreferrer\">Orientaciones Did\u00e1cticas<\/a><\/li>\n<li><a href=\"http:\/\/agrega.juntadeandalucia.es\/\/repositorio\/22042016\/c5\/es-an_2016042212_9115414\/valle_guadalhorce\/sierra.pdf\" target=\"_blank\" rel=\"noopener noreferrer\">Gu\u00eda<\/a><\/li>\n<\/ul>\n<\/li>\n<\/ul>\n","protected":false},"excerpt":{"rendered":"<p>Rutas Did\u00e1cticas de la Provincia de M\u00e1laga. Valle del Guadalhorce. Bobastro. Cuaderno del Alumnado Patrimonio de Sierra de las Nieves Orientaciones Did\u00e1cticas Gu\u00eda<\/p>\n","protected":false},"author":8061,"featured_media":0,"parent":0,"menu_order":0,"comment_status":"closed","ping_status":"closed","template":"","meta":{"ngg_post_thumbnail":0,"footnotes":""},"aioseo_notices":[],"_links":{"self":[{"href":"https:\/\/blogsaverroes.juntadeandalucia.es\/gbellasartesmalaga\/wp-json\/wp\/v2\/pages\/231"}],"collection":[{"href":"https:\/\/blogsaverroes.juntadeandalucia.es\/gbellasartesmalaga\/wp-json\/wp\/v2\/pages"}],"about":[{"href":"https:\/\/blogsaverroes.juntadeandalucia.es\/gbellasartesmalaga\/wp-json\/wp\/v2\/types\/page"}],"author":[{"embeddable":true,"href":"https:\/\/blogsaverroes.juntadeandalucia.es\/gbellasartesmalaga\/wp-json\/wp\/v2\/users\/8061"}],"replies":[{"embeddable":true,"href":"https:\/\/blogsaverroes.juntadeandalucia.es\/gbellasartesmalaga\/wp-json\/wp\/v2\/comments?post=231"}],"version-history":[{"count":1,"href":"https:\/\/blogsaverroes.juntadeandalucia.es\/gbellasartesmalaga\/wp-json\/wp\/v2\/pages\/231\/revisions"}],"predecessor-version":[{"id":7221,"href":"https:\/\/blogsaverroes.juntadeandalucia.es\/gbellasartesmalaga\/wp-json\/wp\/v2\/pages\/231\/revisions\/7221"}],"wp:attachment":[{"href":"https:\/\/blogsaverroes.juntadeandalucia.es\/gbellasartesmalaga\/wp-json\/wp\/v2\/media?parent=231"}],"curies":[{"name":"wp","href":"https:\/\/api.w.org\/{rel}","templated":true}]}}